{"id":537,"date":"2020-12-18T14:42:47","date_gmt":"2020-12-18T14:42:47","guid":{"rendered":"https:\/\/tokajhetszolo.com\/?post_type=product&#038;p=537"},"modified":"2024-04-25T08:48:47","modified_gmt":"2024-04-25T08:48:47","slug":"aszu-5-puttonyos-1er-cru-nagyszolo","status":"publish","type":"product","link":"https:\/\/tokajhetszolo.com\/hu\/termek\/aszu-5-puttonyos-1er-cru-nagyszolo\/","title":{"rendered":"Asz\u00fa 5 Puttonyos 1er Cru Nagysz\u0151l\u0151 2013"},"content":{"rendered":"<p>Light golden color, with rich, oily texture. Fresh complex nose with tropical fruits, apricots, citrus. Rich, full bodied palate with dried tropical fruit flavors and citrus.<\/p>","protected":false},"excerpt":{"rendered":"<p>Light golden color, with rich, oily texture. Fresh complex nose with tropical fruits, apricots, citrus. Rich, full bodied palate with dried tropical fruit flavors and&#8230;<\/p>","protected":false},"featured_media":1526,"template":"","meta":[],"product_brand":[],"product_cat":[18],"product_tag":[],"event_cat":[],"class_list":{"0":"post-537","1":"product","2":"type-product","3":"status-publish","4":"has-post-thumbnail","6":"product_cat-botrytised-sweet","8":"first","9":"instock","10":"taxable","11":"shipping-taxable","12":"purchasable","13":"product-type-simple"},"acf":[],"yoast_head":"<!-- This site is optimized with the Yoast SEO plugin v27.3 - https:\/\/yoast.com\/product\/yoast-seo-wordpress\/ -->\n<title>Asz\u00fa 5 Puttonyos 1er Cru Nagysz\u0151l\u0151 2013 - Tokaj<\/title>\n<meta name=\"robots\" content=\"index, follow, max-snippet:-1, max-image-preview:large, max-video-preview:-1\" \/>\n<link rel=\"canonical\" href=\"https:\/\/tokajhetszolo.com\/hu\/termek\/aszu-5-puttonyos-1er-cru-nagyszolo\/\" \/>\n<meta property=\"og:locale\" content=\"hu_HU\" \/>\n<meta property=\"og:type\" content=\"article\" \/>\n<meta property=\"og:title\" content=\"Asz\u00fa 5 Puttonyos 1er Cru Nagysz\u0151l\u0151 2013 - Tokaj\" \/>\n<meta property=\"og:description\" content=\"Light golden color, with rich, oily texture. Fresh complex nose with tropical fruits, apricots, citrus. Rich, full bodied palate with dried tropical fruit flavors and...\" \/>\n<meta property=\"og:url\" content=\"https:\/\/tokajhetszolo.com\/hu\/termek\/aszu-5-puttonyos-1er-cru-nagyszolo\/\" \/>\n<meta property=\"og:site_name\" content=\"Tokaj\" \/>\n<meta property=\"article:modified_time\" content=\"2024-04-25T08:48:47+00:00\" \/>\n<meta property=\"og:image\" content=\"https:\/\/tokajhetszolo.com\/wp-content\/uploads\/2020\/12\/2013-6p-aszu-nagyszolo-sv-tokaj-hetszolo.png\" \/>\n\t<meta property=\"og:image:width\" content=\"651\" \/>\n\t<meta property=\"og:image:height\" content=\"2000\" \/>\n\t<meta property=\"og:image:type\" content=\"image\/png\" \/>\n<meta name=\"twitter:card\" content=\"summary_large_image\" \/>\n<meta name=\"twitter:label1\" content=\"Becs\u00fclt olvas\u00e1si id\u0151\" \/>\n\t<meta name=\"twitter:data1\" content=\"1 perc\" \/>\n<script type=\"application\/ld+json\" class=\"yoast-schema-graph\">{\"@context\":\"https:\\\/\\\/schema.org\",\"@graph\":[{\"@type\":\"WebPage\",\"@id\":\"https:\\\/\\\/tokajhetszolo.com\\\/product\\\/aszu-5-puttonyos-1er-cru-nagyszolo\\\/\",\"url\":\"https:\\\/\\\/tokajhetszolo.com\\\/product\\\/aszu-5-puttonyos-1er-cru-nagyszolo\\\/\",\"name\":\"Asz\u00fa 5 Puttonyos 1er Cru Nagysz\u0151l\u0151 2013 - Tokaj\",\"isPartOf\":{\"@id\":\"https:\\\/\\\/tokajhetszolo.com\\\/#website\"},\"primaryImageOfPage\":{\"@id\":\"https:\\\/\\\/tokajhetszolo.com\\\/product\\\/aszu-5-puttonyos-1er-cru-nagyszolo\\\/#primaryimage\"},\"image\":{\"@id\":\"https:\\\/\\\/tokajhetszolo.com\\\/product\\\/aszu-5-puttonyos-1er-cru-nagyszolo\\\/#primaryimage\"},\"thumbnailUrl\":\"https:\\\/\\\/tokajhetszolo.com\\\/wp-content\\\/uploads\\\/2020\\\/12\\\/2013-6p-aszu-nagyszolo-sv-tokaj-hetszolo.png\",\"datePublished\":\"2020-12-18T14:42:47+00:00\",\"dateModified\":\"2024-04-25T08:48:47+00:00\",\"breadcrumb\":{\"@id\":\"https:\\\/\\\/tokajhetszolo.com\\\/product\\\/aszu-5-puttonyos-1er-cru-nagyszolo\\\/#breadcrumb\"},\"inLanguage\":\"hu\",\"potentialAction\":[{\"@type\":\"ReadAction\",\"target\":[\"https:\\\/\\\/tokajhetszolo.com\\\/product\\\/aszu-5-puttonyos-1er-cru-nagyszolo\\\/\"]}]},{\"@type\":\"ImageObject\",\"inLanguage\":\"hu\",\"@id\":\"https:\\\/\\\/tokajhetszolo.com\\\/product\\\/aszu-5-puttonyos-1er-cru-nagyszolo\\\/#primaryimage\",\"url\":\"https:\\\/\\\/tokajhetszolo.com\\\/wp-content\\\/uploads\\\/2020\\\/12\\\/2013-6p-aszu-nagyszolo-sv-tokaj-hetszolo.png\",\"contentUrl\":\"https:\\\/\\\/tokajhetszolo.com\\\/wp-content\\\/uploads\\\/2020\\\/12\\\/2013-6p-aszu-nagyszolo-sv-tokaj-hetszolo.png\",\"width\":651,\"height\":2000},{\"@type\":\"BreadcrumbList\",\"@id\":\"https:\\\/\\\/tokajhetszolo.com\\\/product\\\/aszu-5-puttonyos-1er-cru-nagyszolo\\\/#breadcrumb\",\"itemListElement\":[{\"@type\":\"ListItem\",\"position\":1,\"name\":\"Home\",\"item\":\"https:\\\/\\\/tokajhetszolo.com\\\/\"},{\"@type\":\"ListItem\",\"position\":2,\"name\":\"Wine shop\",\"item\":\"https:\\\/\\\/tokajhetszolo.com\\\/wine-shop\\\/\"},{\"@type\":\"ListItem\",\"position\":3,\"name\":\"Asz\u00fa 5 Puttonyos 1er Cru Nagysz\u0151l\u0151 2013\"}]},{\"@type\":\"WebSite\",\"@id\":\"https:\\\/\\\/tokajhetszolo.com\\\/#website\",\"url\":\"https:\\\/\\\/tokajhetszolo.com\\\/\",\"name\":\"Tokaj\",\"description\":\"A Taste full of Secrets\",\"publisher\":{\"@id\":\"https:\\\/\\\/tokajhetszolo.com\\\/#organization\"},\"potentialAction\":[{\"@type\":\"SearchAction\",\"target\":{\"@type\":\"EntryPoint\",\"urlTemplate\":\"https:\\\/\\\/tokajhetszolo.com\\\/?s={search_term_string}\"},\"query-input\":{\"@type\":\"PropertyValueSpecification\",\"valueRequired\":true,\"valueName\":\"search_term_string\"}}],\"inLanguage\":\"hu\"},{\"@type\":\"Organization\",\"@id\":\"https:\\\/\\\/tokajhetszolo.com\\\/#organization\",\"name\":\"Tokaj\",\"url\":\"https:\\\/\\\/tokajhetszolo.com\\\/\",\"logo\":{\"@type\":\"ImageObject\",\"inLanguage\":\"hu\",\"@id\":\"https:\\\/\\\/tokajhetszolo.com\\\/#\\\/schema\\\/logo\\\/image\\\/\",\"url\":\"https:\\\/\\\/tokajhetszolo.com\\\/wp-content\\\/uploads\\\/2020\\\/12\\\/Logo-Hetszolo_Organic_White-2.png\",\"contentUrl\":\"https:\\\/\\\/tokajhetszolo.com\\\/wp-content\\\/uploads\\\/2020\\\/12\\\/Logo-Hetszolo_Organic_White-2.png\",\"width\":600,\"height\":371,\"caption\":\"Tokaj\"},\"image\":{\"@id\":\"https:\\\/\\\/tokajhetszolo.com\\\/#\\\/schema\\\/logo\\\/image\\\/\"}}]}<\/script>\n<!-- \/ Yoast SEO plugin. -->","yoast_head_json":{"title":"Asz\u00fa 5 Puttonyos 1er Cru Nagysz\u0151l\u0151 2013 - Tokaj","robots":{"index":"index","follow":"follow","max-snippet":"max-snippet:-1","max-image-preview":"max-image-preview:large","max-video-preview":"max-video-preview:-1"},"canonical":"https:\/\/tokajhetszolo.com\/hu\/termek\/aszu-5-puttonyos-1er-cru-nagyszolo\/","og_locale":"hu_HU","og_type":"article","og_title":"Asz\u00fa 5 Puttonyos 1er Cru Nagysz\u0151l\u0151 2013 - Tokaj","og_description":"Light golden color, with rich, oily texture. Fresh complex nose with tropical fruits, apricots, citrus. Rich, full bodied palate with dried tropical fruit flavors and...","og_url":"https:\/\/tokajhetszolo.com\/hu\/termek\/aszu-5-puttonyos-1er-cru-nagyszolo\/","og_site_name":"Tokaj","article_modified_time":"2024-04-25T08:48:47+00:00","og_image":[{"width":651,"height":2000,"url":"https:\/\/tokajhetszolo.com\/wp-content\/uploads\/2020\/12\/2013-6p-aszu-nagyszolo-sv-tokaj-hetszolo.png","type":"image\/png"}],"twitter_card":"summary_large_image","twitter_misc":{"Becs\u00fclt olvas\u00e1si id\u0151":"1 perc"},"schema":{"@context":"https:\/\/schema.org","@graph":[{"@type":"WebPage","@id":"https:\/\/tokajhetszolo.com\/product\/aszu-5-puttonyos-1er-cru-nagyszolo\/","url":"https:\/\/tokajhetszolo.com\/product\/aszu-5-puttonyos-1er-cru-nagyszolo\/","name":"Asz\u00fa 5 Puttonyos 1er Cru Nagysz\u0151l\u0151 2013 - Tokaj","isPartOf":{"@id":"https:\/\/tokajhetszolo.com\/#website"},"primaryImageOfPage":{"@id":"https:\/\/tokajhetszolo.com\/product\/aszu-5-puttonyos-1er-cru-nagyszolo\/#primaryimage"},"image":{"@id":"https:\/\/tokajhetszolo.com\/product\/aszu-5-puttonyos-1er-cru-nagyszolo\/#primaryimage"},"thumbnailUrl":"https:\/\/tokajhetszolo.com\/wp-content\/uploads\/2020\/12\/2013-6p-aszu-nagyszolo-sv-tokaj-hetszolo.png","datePublished":"2020-12-18T14:42:47+00:00","dateModified":"2024-04-25T08:48:47+00:00","breadcrumb":{"@id":"https:\/\/tokajhetszolo.com\/product\/aszu-5-puttonyos-1er-cru-nagyszolo\/#breadcrumb"},"inLanguage":"hu","potentialAction":[{"@type":"ReadAction","target":["https:\/\/tokajhetszolo.com\/product\/aszu-5-puttonyos-1er-cru-nagyszolo\/"]}]},{"@type":"ImageObject","inLanguage":"hu","@id":"https:\/\/tokajhetszolo.com\/product\/aszu-5-puttonyos-1er-cru-nagyszolo\/#primaryimage","url":"https:\/\/tokajhetszolo.com\/wp-content\/uploads\/2020\/12\/2013-6p-aszu-nagyszolo-sv-tokaj-hetszolo.png","contentUrl":"https:\/\/tokajhetszolo.com\/wp-content\/uploads\/2020\/12\/2013-6p-aszu-nagyszolo-sv-tokaj-hetszolo.png","width":651,"height":2000},{"@type":"BreadcrumbList","@id":"https:\/\/tokajhetszolo.com\/product\/aszu-5-puttonyos-1er-cru-nagyszolo\/#breadcrumb","itemListElement":[{"@type":"ListItem","position":1,"name":"Home","item":"https:\/\/tokajhetszolo.com\/"},{"@type":"ListItem","position":2,"name":"Wine shop","item":"https:\/\/tokajhetszolo.com\/wine-shop\/"},{"@type":"ListItem","position":3,"name":"Asz\u00fa 5 Puttonyos 1er Cru Nagysz\u0151l\u0151 2013"}]},{"@type":"WebSite","@id":"https:\/\/tokajhetszolo.com\/#website","url":"https:\/\/tokajhetszolo.com\/","name":"Tokaj","description":"A Taste full of Secrets","publisher":{"@id":"https:\/\/tokajhetszolo.com\/#organization"},"potentialAction":[{"@type":"SearchAction","target":{"@type":"EntryPoint","urlTemplate":"https:\/\/tokajhetszolo.com\/?s={search_term_string}"},"query-input":{"@type":"PropertyValueSpecification","valueRequired":true,"valueName":"search_term_string"}}],"inLanguage":"hu"},{"@type":"Organization","@id":"https:\/\/tokajhetszolo.com\/#organization","name":"Tokaj","url":"https:\/\/tokajhetszolo.com\/","logo":{"@type":"ImageObject","inLanguage":"hu","@id":"https:\/\/tokajhetszolo.com\/#\/schema\/logo\/image\/","url":"https:\/\/tokajhetszolo.com\/wp-content\/uploads\/2020\/12\/Logo-Hetszolo_Organic_White-2.png","contentUrl":"https:\/\/tokajhetszolo.com\/wp-content\/uploads\/2020\/12\/Logo-Hetszolo_Organic_White-2.png","width":600,"height":371,"caption":"Tokaj"},"image":{"@id":"https:\/\/tokajhetszolo.com\/#\/schema\/logo\/image\/"}}]}},"_links":{"self":[{"href":"https:\/\/tokajhetszolo.com\/hu\/wp-json\/wp\/v2\/product\/537","targetHints":{"allow":["GET"]}}],"collection":[{"href":"https:\/\/tokajhetszolo.com\/hu\/wp-json\/wp\/v2\/product"}],"about":[{"href":"https:\/\/tokajhetszolo.com\/hu\/wp-json\/wp\/v2\/types\/product"}],"wp:featuredmedia":[{"embeddable":true,"href":"https:\/\/tokajhetszolo.com\/hu\/wp-json\/wp\/v2\/media\/1526"}],"wp:attachment":[{"href":"https:\/\/tokajhetszolo.com\/hu\/wp-json\/wp\/v2\/media?parent=537"}],"wp:term":[{"taxonomy":"product_brand","embeddable":true,"href":"https:\/\/tokajhetszolo.com\/hu\/wp-json\/wp\/v2\/product_brand?post=537"},{"taxonomy":"product_cat","embeddable":true,"href":"https:\/\/tokajhetszolo.com\/hu\/wp-json\/wp\/v2\/product_cat?post=537"},{"taxonomy":"product_tag","embeddable":true,"href":"https:\/\/tokajhetszolo.com\/hu\/wp-json\/wp\/v2\/product_tag?post=537"},{"taxonomy":"event_cat","embeddable":true,"href":"https:\/\/tokajhetszolo.com\/hu\/wp-json\/wp\/v2\/event_cat?post=537"}],"curies":[{"name":"wp","href":"https:\/\/api.w.org\/{rel}","templated":true}]}}