{"id":718,"date":"2021-01-19T14:19:20","date_gmt":"2021-01-19T14:19:20","guid":{"rendered":"https:\/\/tokajhetszolo.com\/?page_id=718"},"modified":"2022-07-21T14:16:00","modified_gmt":"2022-07-21T14:16:00","slug":"legal-notice","status":"publish","type":"page","link":"https:\/\/tokajhetszolo.com\/hu\/legal-notice\/","title":{"rendered":"General Terms and Conditions"},"content":{"rendered":"<div class=\"p-0\">\n     <div class=\"banner has-ovrlay bg-image-4 bg-center h-500 bg-fixed\" style=\"background-image: url(https:\/\/tokajhetszolo.com\/wp-content\/uploads\/2021\/10\/Single-Vineyards-et-Tokaj-Hetszolo-Organic-Vineyards.jpeg);\">\n       <div class=\"caption pto65\" >\n         <div class=\"title-group\">\n                      <h1 class=\"f-70\">Premier Cru since 1772 <\/h1>\n         \n         <p class=\"line-mix line-single star-group white\">\n         <\/p>\n\n                    <\/div>\n       <\/div>\n     <\/div>\n   <\/div>\n\n\n <section class=\"section-page\">\r\n\r\n   <div class=\"container container-page mt-40\">\r\n     <div class=\"row mt-40 justify-content-center\">\r\n        <div class=\"col-xs-12 col-sm-10\">\r\n            <p><span style=\"font-weight: 400;\">Az ilyen kiv\u00e9teles borok titka nem maradhatott sok\u00e1ig rejtve\u2026 A Tokaj-H\u00e9tsz\u0151l\u0151 Sz\u0151l\u0151birtok d\u0171l\u0151it m\u00e1r 1772-ben Tokaj els\u0151 oszt\u00e1ly\u00fa (\u201e1er Cru\u201d) ter\u00fcletei k\u00f6z\u00e9 sorolt\u00e1k, amikor a birtok m\u00e9g az Osztr\u00e1k\u2013Magyar Monarchia fennhat\u00f3s\u00e1ga al\u00e1 tartozott. Ez az elismer\u00e9s a terroir egyed\u00fcl\u00e1ll\u00f3 adotts\u00e1gainak \u00e9s k\u00fcl\u00f6nleges karakter\u00e9nek \u00e1ll\u00edt eml\u00e9ket.<\/span><\/p>\n<p>&nbsp;<\/p>\n<p>B\u00e1r a term\u00e9szet sosem fedi fel minden titk\u00e1t, a birtok kiv\u00e9teles adotts\u00e1gai r\u00e9szben magyar\u00e1zhat\u00f3k az 55 hekt\u00e1ros ter\u00fclet k\u00fcl\u00f6nleges fekv\u00e9s\u00e9vel. Az itt tal\u00e1lhat\u00f3 vulkanikus k\u0151zetet rendk\u00edv\u00fcl vastag l\u00f6szr\u00e9teg bor\u00edtja, m\u00edg a k\u00f6zvetlen\u00fcl d\u00e9li fekv\u00e9s\u0171 domboldal optim\u00e1lis naps\u00fct\u00e9st biztos\u00edt a sz\u0151l\u0151 sz\u00e1m\u00e1ra.\n\nA d\u0171l\u0151k a Tisza \u00e9s a Bodrog tal\u00e1lkoz\u00e1s\u00e1n\u00e1l kialakul\u00f3 p\u00e1r\u00e1s vid\u00e9kre tekintenek, amely t\u00f6k\u00e9letes mikrokl\u00edm\u00e1t teremt a Botrytis cinerea, azaz a nemes pen\u00e9sz kialakul\u00e1s\u00e1hoz \u2014 ennek k\u00f6sz\u00f6nhet\u0151 a vil\u00e1gh\u00edr\u0171 asz\u00fasod\u00e1s.<\/p>\n        <\/div>\r\n\r\n \t\t\t\t\t<\/div>\r\n   <\/div>\r\n <\/section>\r\n\n\n\n<div class=\"wp-block-media-text alignwide is-stacked-on-mobile\"><figure class=\"wp-block-media-text__media\"><img fetchpriority=\"high\" decoding=\"async\" width=\"557\" height=\"603\" src=\"https:\/\/tokajhetszolo.com\/wp-content\/uploads\/2022\/07\/Map-of-the-Domain-Tokaj-Hetszolo-and-its-single-vineyards-1-1.jpg\" alt=\"\" class=\"wp-image-2300 size-full\" srcset=\"https:\/\/tokajhetszolo.com\/wp-content\/uploads\/2022\/07\/Map-of-the-Domain-Tokaj-Hetszolo-and-its-single-vineyards-1-1.jpg 557w, https:\/\/tokajhetszolo.com\/wp-content\/uploads\/2022\/07\/Map-of-the-Domain-Tokaj-Hetszolo-and-its-single-vineyards-1-1-277x300.jpg 277w, https:\/\/tokajhetszolo.com\/wp-content\/uploads\/2022\/07\/Map-of-the-Domain-Tokaj-Hetszolo-and-its-single-vineyards-1-1-300x325.jpg 300w\" sizes=\"(max-width: 557px) 100vw, 557px\" \/><\/figure><div class=\"wp-block-media-text__content\">\n<p class=\"gutenberg-paragraph\"><br>Nowhere outside Tokaj do so many favourable conditions come together in one place &#8211; a gift from Nature that gives Tokaj-H\u00e9tsz\u0151l\u0151 its outstanding character. As a gesture of thanks to Nature for its generosity, a tradition has evolved of passing down the exceptional know-how of Hungarian winemaking from generation to generation.<\/p>\n\n\n\n<p class=\"gutenberg-paragraph\">1er Cru single vineyard &#8211; H\u00e9tsz\u0151l\u0151 1502 <br><a href=\"http:\/\/www.winesofa.eu\/articles\/hetszolo\">http:\/\/www.winesofa.eu\/articles\/hetszolo<\/a><\/p>\n\n\n\n<p class=\"gutenberg-paragraph\">1er Cru single vineyard &#8211; Nagysz\u0151l\u0151 1567<br><a href=\"http:\/\/www.winesofa.eu\/articles\/nagyszolo\">http:\/\/www.winesofa.eu\/articles\/nagyszolo<\/a><\/p>\n<\/div><\/div>\n\n\n\n<p class=\"gutenberg-paragraph\"><\/p>","protected":false},"excerpt":{"rendered":"<p>Nowhere outside Tokaj do so many favourable conditions come together in one place &#8211; a gift from Nature that gives Tokaj-H\u00e9tsz\u0151l\u0151 its outstanding character. As&#8230;<\/p>","protected":false},"author":1,"featured_media":0,"parent":0,"menu_order":0,"comment_status":"closed","ping_status":"closed","template":"","meta":{"footnotes":""},"class_list":["post-718","page","type-page","status-publish"],"acf":[],"yoast_head":"<!-- This site is optimized with the Yoast SEO plugin v27.5 - https:\/\/yoast.com\/product\/yoast-seo-wordpress\/ -->\n<title>General Terms and Conditions - Tokaj<\/title>\n<meta name=\"robots\" content=\"index, follow, max-snippet:-1, max-image-preview:large, max-video-preview:-1\" \/>\n<link rel=\"canonical\" href=\"https:\/\/tokajhetszolo.com\/hu\/legal-notice\/\" \/>\n<meta property=\"og:locale\" content=\"hu_HU\" \/>\n<meta property=\"og:type\" content=\"article\" \/>\n<meta property=\"og:title\" content=\"General Terms and Conditions - Tokaj\" \/>\n<meta property=\"og:description\" content=\"Nowhere outside Tokaj do so many favourable conditions come together in one place &#8211; a gift from Nature that gives Tokaj-H\u00e9tsz\u0151l\u0151 its outstanding character. As...\" \/>\n<meta property=\"og:url\" content=\"https:\/\/tokajhetszolo.com\/hu\/legal-notice\/\" \/>\n<meta property=\"og:site_name\" content=\"Tokaj\" \/>\n<meta property=\"article:modified_time\" content=\"2022-07-21T14:16:00+00:00\" \/>\n<meta property=\"og:image\" content=\"https:\/\/tokajhetszolo.com\/wp-content\/uploads\/2022\/07\/Map-of-the-Domain-Tokaj-Hetszolo-and-its-single-vineyards-1-1.jpg\" \/>\n<meta name=\"twitter:card\" content=\"summary_large_image\" \/>\n<script type=\"application\/ld+json\" class=\"yoast-schema-graph\">{\"@context\":\"https:\\\/\\\/schema.org\",\"@graph\":[{\"@type\":\"WebPage\",\"@id\":\"https:\\\/\\\/tokajhetszolo.com\\\/legal-notice\\\/\",\"url\":\"https:\\\/\\\/tokajhetszolo.com\\\/legal-notice\\\/\",\"name\":\"General Terms and Conditions - Tokaj\",\"isPartOf\":{\"@id\":\"https:\\\/\\\/tokajhetszolo.com\\\/#website\"},\"primaryImageOfPage\":{\"@id\":\"https:\\\/\\\/tokajhetszolo.com\\\/legal-notice\\\/#primaryimage\"},\"image\":{\"@id\":\"https:\\\/\\\/tokajhetszolo.com\\\/legal-notice\\\/#primaryimage\"},\"thumbnailUrl\":\"https:\\\/\\\/tokajhetszolo.com\\\/wp-content\\\/uploads\\\/2022\\\/07\\\/Map-of-the-Domain-Tokaj-Hetszolo-and-its-single-vineyards-1-1.jpg\",\"datePublished\":\"2021-01-19T14:19:20+00:00\",\"dateModified\":\"2022-07-21T14:16:00+00:00\",\"breadcrumb\":{\"@id\":\"https:\\\/\\\/tokajhetszolo.com\\\/legal-notice\\\/#breadcrumb\"},\"inLanguage\":\"hu\",\"potentialAction\":[{\"@type\":\"ReadAction\",\"target\":[\"https:\\\/\\\/tokajhetszolo.com\\\/legal-notice\\\/\"]}]},{\"@type\":\"ImageObject\",\"inLanguage\":\"hu\",\"@id\":\"https:\\\/\\\/tokajhetszolo.com\\\/legal-notice\\\/#primaryimage\",\"url\":\"https:\\\/\\\/tokajhetszolo.com\\\/wp-content\\\/uploads\\\/2022\\\/07\\\/Map-of-the-Domain-Tokaj-Hetszolo-and-its-single-vineyards-1-1.jpg\",\"contentUrl\":\"https:\\\/\\\/tokajhetszolo.com\\\/wp-content\\\/uploads\\\/2022\\\/07\\\/Map-of-the-Domain-Tokaj-Hetszolo-and-its-single-vineyards-1-1.jpg\"},{\"@type\":\"BreadcrumbList\",\"@id\":\"https:\\\/\\\/tokajhetszolo.com\\\/legal-notice\\\/#breadcrumb\",\"itemListElement\":[{\"@type\":\"ListItem\",\"position\":1,\"name\":\"Home\",\"item\":\"https:\\\/\\\/tokajhetszolo.com\\\/\"},{\"@type\":\"ListItem\",\"position\":2,\"name\":\"General Terms and Conditions\"}]},{\"@type\":\"WebSite\",\"@id\":\"https:\\\/\\\/tokajhetszolo.com\\\/#website\",\"url\":\"https:\\\/\\\/tokajhetszolo.com\\\/\",\"name\":\"Tokaj\",\"description\":\"A Taste full of Secrets\",\"publisher\":{\"@id\":\"https:\\\/\\\/tokajhetszolo.com\\\/#organization\"},\"potentialAction\":[{\"@type\":\"SearchAction\",\"target\":{\"@type\":\"EntryPoint\",\"urlTemplate\":\"https:\\\/\\\/tokajhetszolo.com\\\/?s={search_term_string}\"},\"query-input\":{\"@type\":\"PropertyValueSpecification\",\"valueRequired\":true,\"valueName\":\"search_term_string\"}}],\"inLanguage\":\"hu\"},{\"@type\":\"Organization\",\"@id\":\"https:\\\/\\\/tokajhetszolo.com\\\/#organization\",\"name\":\"Tokaj\",\"url\":\"https:\\\/\\\/tokajhetszolo.com\\\/\",\"logo\":{\"@type\":\"ImageObject\",\"inLanguage\":\"hu\",\"@id\":\"https:\\\/\\\/tokajhetszolo.com\\\/#\\\/schema\\\/logo\\\/image\\\/\",\"url\":\"https:\\\/\\\/tokajhetszolo.com\\\/wp-content\\\/uploads\\\/2020\\\/12\\\/Logo-Hetszolo_Organic_White-2.png\",\"contentUrl\":\"https:\\\/\\\/tokajhetszolo.com\\\/wp-content\\\/uploads\\\/2020\\\/12\\\/Logo-Hetszolo_Organic_White-2.png\",\"width\":600,\"height\":371,\"caption\":\"Tokaj\"},\"image\":{\"@id\":\"https:\\\/\\\/tokajhetszolo.com\\\/#\\\/schema\\\/logo\\\/image\\\/\"}}]}<\/script>\n<!-- \/ Yoast SEO plugin. -->","yoast_head_json":{"title":"General Terms and Conditions - Tokaj","robots":{"index":"index","follow":"follow","max-snippet":"max-snippet:-1","max-image-preview":"max-image-preview:large","max-video-preview":"max-video-preview:-1"},"canonical":"https:\/\/tokajhetszolo.com\/hu\/legal-notice\/","og_locale":"hu_HU","og_type":"article","og_title":"General Terms and Conditions - Tokaj","og_description":"Nowhere outside Tokaj do so many favourable conditions come together in one place &#8211; a gift from Nature that gives Tokaj-H\u00e9tsz\u0151l\u0151 its outstanding character. As...","og_url":"https:\/\/tokajhetszolo.com\/hu\/legal-notice\/","og_site_name":"Tokaj","article_modified_time":"2022-07-21T14:16:00+00:00","og_image":[{"url":"https:\/\/tokajhetszolo.com\/wp-content\/uploads\/2022\/07\/Map-of-the-Domain-Tokaj-Hetszolo-and-its-single-vineyards-1-1.jpg","type":"","width":"","height":""}],"twitter_card":"summary_large_image","schema":{"@context":"https:\/\/schema.org","@graph":[{"@type":"WebPage","@id":"https:\/\/tokajhetszolo.com\/legal-notice\/","url":"https:\/\/tokajhetszolo.com\/legal-notice\/","name":"General Terms and Conditions - Tokaj","isPartOf":{"@id":"https:\/\/tokajhetszolo.com\/#website"},"primaryImageOfPage":{"@id":"https:\/\/tokajhetszolo.com\/legal-notice\/#primaryimage"},"image":{"@id":"https:\/\/tokajhetszolo.com\/legal-notice\/#primaryimage"},"thumbnailUrl":"https:\/\/tokajhetszolo.com\/wp-content\/uploads\/2022\/07\/Map-of-the-Domain-Tokaj-Hetszolo-and-its-single-vineyards-1-1.jpg","datePublished":"2021-01-19T14:19:20+00:00","dateModified":"2022-07-21T14:16:00+00:00","breadcrumb":{"@id":"https:\/\/tokajhetszolo.com\/legal-notice\/#breadcrumb"},"inLanguage":"hu","potentialAction":[{"@type":"ReadAction","target":["https:\/\/tokajhetszolo.com\/legal-notice\/"]}]},{"@type":"ImageObject","inLanguage":"hu","@id":"https:\/\/tokajhetszolo.com\/legal-notice\/#primaryimage","url":"https:\/\/tokajhetszolo.com\/wp-content\/uploads\/2022\/07\/Map-of-the-Domain-Tokaj-Hetszolo-and-its-single-vineyards-1-1.jpg","contentUrl":"https:\/\/tokajhetszolo.com\/wp-content\/uploads\/2022\/07\/Map-of-the-Domain-Tokaj-Hetszolo-and-its-single-vineyards-1-1.jpg"},{"@type":"BreadcrumbList","@id":"https:\/\/tokajhetszolo.com\/legal-notice\/#breadcrumb","itemListElement":[{"@type":"ListItem","position":1,"name":"Home","item":"https:\/\/tokajhetszolo.com\/"},{"@type":"ListItem","position":2,"name":"General Terms and Conditions"}]},{"@type":"WebSite","@id":"https:\/\/tokajhetszolo.com\/#website","url":"https:\/\/tokajhetszolo.com\/","name":"Tokaj","description":"A Taste full of Secrets","publisher":{"@id":"https:\/\/tokajhetszolo.com\/#organization"},"potentialAction":[{"@type":"SearchAction","target":{"@type":"EntryPoint","urlTemplate":"https:\/\/tokajhetszolo.com\/?s={search_term_string}"},"query-input":{"@type":"PropertyValueSpecification","valueRequired":true,"valueName":"search_term_string"}}],"inLanguage":"hu"},{"@type":"Organization","@id":"https:\/\/tokajhetszolo.com\/#organization","name":"Tokaj","url":"https:\/\/tokajhetszolo.com\/","logo":{"@type":"ImageObject","inLanguage":"hu","@id":"https:\/\/tokajhetszolo.com\/#\/schema\/logo\/image\/","url":"https:\/\/tokajhetszolo.com\/wp-content\/uploads\/2020\/12\/Logo-Hetszolo_Organic_White-2.png","contentUrl":"https:\/\/tokajhetszolo.com\/wp-content\/uploads\/2020\/12\/Logo-Hetszolo_Organic_White-2.png","width":600,"height":371,"caption":"Tokaj"},"image":{"@id":"https:\/\/tokajhetszolo.com\/#\/schema\/logo\/image\/"}}]}},"_links":{"self":[{"href":"https:\/\/tokajhetszolo.com\/hu\/wp-json\/wp\/v2\/pages\/718","targetHints":{"allow":["GET"]}}],"collection":[{"href":"https:\/\/tokajhetszolo.com\/hu\/wp-json\/wp\/v2\/pages"}],"about":[{"href":"https:\/\/tokajhetszolo.com\/hu\/wp-json\/wp\/v2\/types\/page"}],"author":[{"embeddable":true,"href":"https:\/\/tokajhetszolo.com\/hu\/wp-json\/wp\/v2\/users\/1"}],"replies":[{"embeddable":true,"href":"https:\/\/tokajhetszolo.com\/hu\/wp-json\/wp\/v2\/comments?post=718"}],"version-history":[{"count":13,"href":"https:\/\/tokajhetszolo.com\/hu\/wp-json\/wp\/v2\/pages\/718\/revisions"}],"predecessor-version":[{"id":2302,"href":"https:\/\/tokajhetszolo.com\/hu\/wp-json\/wp\/v2\/pages\/718\/revisions\/2302"}],"wp:attachment":[{"href":"https:\/\/tokajhetszolo.com\/hu\/wp-json\/wp\/v2\/media?parent=718"}],"curies":[{"name":"wp","href":"https:\/\/api.w.org\/{rel}","templated":true}]}}