{"id":2971,"date":"2023-11-29T17:37:44","date_gmt":"2023-11-29T17:37:44","guid":{"rendered":"https:\/\/tokajhetszolo.com\/?page_id=2971"},"modified":"2026-03-30T16:12:08","modified_gmt":"2026-03-30T16:12:08","slug":"palyazat","status":"publish","type":"page","link":"https:\/\/tokajhetszolo.com\/hu\/palyazat\/","title":{"rendered":"P\u00e1ly\u00e1zat"},"content":{"rendered":"<div data-elementor-type=\"wp-page\" data-elementor-id=\"2971\" class=\"elementor elementor-2971\" data-elementor-post-type=\"page\">\n\t\t\t\t\t\t<section class=\"elementor-section elementor-top-section elementor-element elementor-element-12e4f21e elementor-section-height-min-height elementor-section-boxed elementor-section-height-default elementor-section-items-middle\" data-id=\"12e4f21e\" data-element_type=\"section\" data-e-type=\"section\" data-settings=\"{&quot;background_background&quot;:&quot;classic&quot;}\">\n\t\t\t\t\t\t<div class=\"elementor-container elementor-column-gap-default\">\n\t\t\t\t\t<div class=\"elementor-column elementor-col-100 elementor-top-column elementor-element elementor-element-4c3795fa\" data-id=\"4c3795fa\" data-element_type=\"column\" data-e-type=\"column\">\n\t\t\t<div class=\"elementor-widget-wrap elementor-element-populated\">\n\t\t\t\t\t\t<div class=\"elementor-element elementor-element-a0d3eb4 elementor-widget elementor-widget-heading\" data-id=\"a0d3eb4\" data-element_type=\"widget\" data-e-type=\"widget\" data-widget_type=\"heading.default\">\n\t\t\t\t<div class=\"elementor-widget-container\">\n\t\t\t\t\t<h2 class=\"elementor-heading-title elementor-size-default\">P\u00e1ly\u00e1zat<\/h2>\t\t\t\t<\/div>\n\t\t\t\t<\/div>\n\t\t\t\t\t<\/div>\n\t\t<\/div>\n\t\t\t\t\t<\/div>\n\t\t<\/section>\n\t\t\t\t<section class=\"elementor-section elementor-top-section elementor-element elementor-element-1214e1e elementor-section-boxed elementor-section-height-default elementor-section-height-default\" data-id=\"1214e1e\" data-element_type=\"section\" data-e-type=\"section\">\n\t\t\t\t\t\t<div class=\"elementor-container elementor-column-gap-default\">\n\t\t\t\t\t<div class=\"elementor-column elementor-col-100 elementor-top-column elementor-element elementor-element-72cad6f\" data-id=\"72cad6f\" data-element_type=\"column\" data-e-type=\"column\">\n\t\t\t<div class=\"elementor-widget-wrap elementor-element-populated\">\n\t\t\t\t\t\t<div class=\"elementor-element elementor-element-808378d elementor-widget elementor-widget-image\" data-id=\"808378d\" data-element_type=\"widget\" data-e-type=\"widget\" data-widget_type=\"image.default\">\n\t\t\t\t<div class=\"elementor-widget-container\">\n\t\t\t\t\t\t\t\t\t\t\t\t\t\t\t<img fetchpriority=\"high\" decoding=\"async\" width=\"1792\" height=\"400\" src=\"https:\/\/tokajhetszolo.com\/wp-content\/uploads\/2026\/03\/kisfaludy_banner-1792x400-1.png\" class=\"attachment-full size-full wp-image-3286\" alt=\"\" srcset=\"https:\/\/tokajhetszolo.com\/wp-content\/uploads\/2026\/03\/kisfaludy_banner-1792x400-1.png 1792w, https:\/\/tokajhetszolo.com\/wp-content\/uploads\/2026\/03\/kisfaludy_banner-1792x400-1-300x67.png 300w, https:\/\/tokajhetszolo.com\/wp-content\/uploads\/2026\/03\/kisfaludy_banner-1792x400-1-1024x229.png 1024w, https:\/\/tokajhetszolo.com\/wp-content\/uploads\/2026\/03\/kisfaludy_banner-1792x400-1-768x171.png 768w, https:\/\/tokajhetszolo.com\/wp-content\/uploads\/2026\/03\/kisfaludy_banner-1792x400-1-1536x343.png 1536w, https:\/\/tokajhetszolo.com\/wp-content\/uploads\/2026\/03\/kisfaludy_banner-1792x400-1-18x4.png 18w\" sizes=\"(max-width: 1792px) 100vw, 1792px\" \/>\t\t\t\t\t\t\t\t\t\t\t\t\t\t\t<\/div>\n\t\t\t\t<\/div>\n\t\t\t\t<section class=\"elementor-section elementor-inner-section elementor-element elementor-element-5712f9b elementor-section-boxed elementor-section-height-default elementor-section-height-default\" data-id=\"5712f9b\" data-element_type=\"section\" data-e-type=\"section\">\n\t\t\t\t\t\t<div class=\"elementor-container elementor-column-gap-default\">\n\t\t\t\t\t<div class=\"elementor-column elementor-col-100 elementor-inner-column elementor-element elementor-element-e932ded\" data-id=\"e932ded\" data-element_type=\"column\" data-e-type=\"column\">\n\t\t\t<div class=\"elementor-widget-wrap elementor-element-populated\">\n\t\t\t\t\t\t<div class=\"elementor-element elementor-element-97e64bd elementor-widget elementor-widget-text-editor\" data-id=\"97e64bd\" data-element_type=\"widget\" data-e-type=\"widget\" data-widget_type=\"text-editor.default\">\n\t\t\t\t<div class=\"elementor-widget-container\">\n\t\t\t\t\t\t\t\t\t<p><strong>Kedvezm\u00e9nyezett neve: <\/strong>R\u00e1k\u00f3czi-pince \u00e9s Udvarh\u00e1z Kft.<\/p><p><strong>T\u00e1mogatott projekt c\u00edme: <\/strong>A R\u00e1k\u00f3czi-pince meg\u00fajul\u00e1sa<\/p><p><strong>P\u00e1ly\u00e1zat azonos\u00edt\u00f3 sz\u00e1ma: <\/strong>ET-2024-02-016<\/p><p><strong>Szerz\u0151d\u00f6tt t\u00e1mogat\u00e1s \u00f6sszege: <\/strong>134 536 500,- Ft<\/p><p><strong>T\u00e1mogat\u00e1s m\u00e9rt\u00e9ke: <\/strong>70%<\/p><p>\u00a0<\/p><p><strong>T\u00e1mogatott projekt tartalm\u00e1nak r\u00f6vid bemutat\u00e1sa:<\/strong><\/p><p>A projekt keret\u00e9ben egy korszer\u0171, t\u00f6bbfunkci\u00f3s kultur\u00e1lis \u00e9s turisztikai k\u00f6zpont ker\u00fcl kialak\u00edt\u00e1sra, amely magas sz\u00ednvonal\u00fa programok, rendezv\u00e9nyek \u00e9s bork\u00f3stol\u00f3k helysz\u00edne lesz. A fejleszt\u00e9s sor\u00e1n nemcsak a turizmushoz kapcsol\u00f3d\u00f3 fizikai infrastrukt\u00fara \u00fajul meg, hanem a szolg\u00e1ltat\u00e1sok sz\u00ednvonala is jelent\u0151sen b\u0151v\u00fcl. A pince \u00faj szolg\u00e1ltat\u00e1sai k\u00f6z\u00e9 tartozik a bor\u00e1szati bemutat\u00f3k, bork\u00f3stol\u00f3k, valamint gasztron\u00f3miai programok szervez\u00e9se, amelyek r\u00e9v\u00e9n a l\u00e1togat\u00f3k m\u00e9lyebben megismerkedhetnek a tokaji borvid\u00e9k hagyom\u00e1nyaival \u00e9s kult\u00far\u00e1j\u00e1val.<\/p><p>\u00a0<\/p><p><strong>Projektelemek:<\/strong><\/p><ul><li>Pincehelys\u00e9gek fel\u00faj\u00edt\u00e1sa (padl\u00f3burkolatok cser\u00e9je, \u00faj vil\u00e1g\u00edt\u00e1stechnikai megold\u00e1sok be\u00e9p\u00edt\u00e9se, szell\u0151z\u0151rendszer korszer\u0171s\u00edt\u00e9se, hord\u00f3k alatti kavicster\u00edt\u00e9s, \u00faj asztalok \u00e9s sz\u00e9kek beszerz\u00e9se, k\u0151falak \u00fajrafug\u00e1z\u00e1sa, a kov\u00e1csoltvas kapuk \u00e9s t\u00f6lgyfaajt\u00f3k fel\u00faj\u00edt\u00e1sa)<\/li><li>Lovagterem meg\u00faj\u00edt\u00e1sa (padl\u00f3burkolatok cser\u00e9je, sz\u00ednpad megn\u00f6vel\u00e9se, \u00faj b\u00fatorok beszerz\u00e9se, hangulatvil\u00e1g\u00edt\u00e1s \u00e9s interakt\u00edv makett kialak\u00edt\u00e1sa, homlokzat-fel\u00faj\u00edt\u00e1s, k\u0151 t\u00e1mfal \u00e9s ablakny\u00edl\u00e1sok fel\u00faj\u00edt\u00e1sa)<\/li><li>Feh\u00e9r terem meg\u00faj\u00edt\u00e1sa (vakolatcsere, fest\u00e9s, k\u00fcls\u0151 \u00e9s bels\u0151 ny\u00edl\u00e1sz\u00e1r\u00f3csere, klimatiz\u00e1l\u00e1s, b\u00fatorzatcsere)<\/li><li>Bortrezor moderniz\u00e1l\u00e1sa (polcrendszer csere)<\/li><li>Bor\u00fczlet moderniz\u00e1l\u00e1sa (pult, polcrendszer, ny\u00edl\u00e1sz\u00e1r\u00f3k meg\u00faj\u00edt\u00e1sa, interakt\u00edv l\u00e1tv\u00e1nyelemek telep\u00edt\u00e9se)<\/li><li>K\u00fclt\u00e9ri fejleszt\u00e9sek (borterasz \u00fajraburkol\u00e1sa \u00e9s b\u00fatorkorszer\u0171s\u00edt\u00e9se, \u00faj bioklimatikus pergola telep\u00edt\u00e9se, k\u00fcls\u0151 homlokzatok \u00e9s udvar fel\u00faj\u00edt\u00e1sa)<\/li><\/ul><p><strong>T\u00e1mogatott projekt befejez\u00e9si d\u00e1tuma: <\/strong>2026. m\u00e1rcius 31.<\/p><p>\u00a0<\/p><p><strong>A t\u00e1mogatott projekt a Kisfaludy Turisztikai Fejleszt\u00e9si Program keret\u00e9ben val\u00f3sul meg.<\/strong><\/p>\t\t\t\t\t\t\t\t<\/div>\n\t\t\t\t<\/div>\n\t\t\t\t\t<\/div>\n\t\t<\/div>\n\t\t\t\t\t<\/div>\n\t\t<\/section>\n\t\t\t\t\t<\/div>\n\t\t<\/div>\n\t\t\t\t\t<\/div>\n\t\t<\/section>\n\t\t\t\t<section class=\"elementor-section elementor-top-section elementor-element elementor-element-a067c6e elementor-section-boxed elementor-section-height-default elementor-section-height-default\" data-id=\"a067c6e\" data-element_type=\"section\" data-e-type=\"section\">\n\t\t\t\t\t\t<div class=\"elementor-container elementor-column-gap-default\">\n\t\t\t\t\t<div class=\"elementor-column elementor-col-100 elementor-top-column elementor-element elementor-element-d4f4d29\" data-id=\"d4f4d29\" data-element_type=\"column\" data-e-type=\"column\">\n\t\t\t<div class=\"elementor-widget-wrap elementor-element-populated\">\n\t\t\t\t\t\t<div class=\"elementor-element elementor-element-4316361 elementor-widget elementor-widget-image\" data-id=\"4316361\" data-element_type=\"widget\" data-e-type=\"widget\" data-widget_type=\"image.default\">\n\t\t\t\t<div class=\"elementor-widget-container\">\n\t\t\t\t\t\t\t\t\t\t\t\t\t\t\t<img decoding=\"async\" width=\"641\" height=\"904\" src=\"https:\/\/tokajhetszolo.com\/wp-content\/uploads\/2023\/11\/palyazat.png\" class=\"attachment-full size-full wp-image-2980\" alt=\"\" srcset=\"https:\/\/tokajhetszolo.com\/wp-content\/uploads\/2023\/11\/palyazat.png 641w, https:\/\/tokajhetszolo.com\/wp-content\/uploads\/2023\/11\/palyazat-213x300.png 213w, https:\/\/tokajhetszolo.com\/wp-content\/uploads\/2023\/11\/palyazat-9x12.png 9w, https:\/\/tokajhetszolo.com\/wp-content\/uploads\/2023\/11\/palyazat-300x423.png 300w\" sizes=\"(max-width: 641px) 100vw, 641px\" \/>\t\t\t\t\t\t\t\t\t\t\t\t\t\t\t<\/div>\n\t\t\t\t<\/div>\n\t\t\t\t\t<\/div>\n\t\t<\/div>\n\t\t\t\t\t<\/div>\n\t\t<\/section>\n\t\t\t\t<\/div>","protected":false},"excerpt":{"rendered":"<p>P\u00e1ly\u00e1zat Kedvezm\u00e9nyezett neve: R\u00e1k\u00f3czi-pince \u00e9s Udvarh\u00e1z Kft. T\u00e1mogatott projekt c\u00edme: A R\u00e1k\u00f3czi-pince meg\u00fajul\u00e1sa P\u00e1ly\u00e1zat azonos\u00edt\u00f3 sz\u00e1ma: ET-2024-02-016 Szerz\u0151d\u00f6tt t\u00e1mogat\u00e1s \u00f6sszege: 134 536 500,- Ft T\u00e1mogat\u00e1s&#8230;<\/p>","protected":false},"author":1,"featured_media":0,"parent":0,"menu_order":0,"comment_status":"closed","ping_status":"closed","template":"","meta":{"footnotes":""},"class_list":["post-2971","page","type-page","status-publish"],"acf":[],"yoast_head":"<!-- This site is optimized with the Yoast SEO plugin v27.3 - https:\/\/yoast.com\/product\/yoast-seo-wordpress\/ -->\n<title>P\u00e1ly\u00e1zat - Tokaj<\/title>\n<meta name=\"robots\" content=\"index, follow, max-snippet:-1, max-image-preview:large, max-video-preview:-1\" \/>\n<link rel=\"canonical\" href=\"https:\/\/tokajhetszolo.com\/hu\/palyazat\/\" \/>\n<meta property=\"og:locale\" content=\"hu_HU\" \/>\n<meta property=\"og:type\" content=\"article\" \/>\n<meta property=\"og:title\" content=\"P\u00e1ly\u00e1zat - Tokaj\" \/>\n<meta property=\"og:description\" content=\"P\u00e1ly\u00e1zat Kedvezm\u00e9nyezett neve: R\u00e1k\u00f3czi-pince \u00e9s Udvarh\u00e1z Kft. T\u00e1mogatott projekt c\u00edme: A R\u00e1k\u00f3czi-pince meg\u00fajul\u00e1sa P\u00e1ly\u00e1zat azonos\u00edt\u00f3 sz\u00e1ma: ET-2024-02-016 Szerz\u0151d\u00f6tt t\u00e1mogat\u00e1s \u00f6sszege: 134 536 500,- Ft T\u00e1mogat\u00e1s...\" \/>\n<meta property=\"og:url\" content=\"https:\/\/tokajhetszolo.com\/hu\/palyazat\/\" \/>\n<meta property=\"og:site_name\" content=\"Tokaj\" \/>\n<meta property=\"article:modified_time\" content=\"2026-03-30T16:12:08+00:00\" \/>\n<meta property=\"og:image\" content=\"https:\/\/tokajhetszolo.com\/wp-content\/uploads\/2026\/03\/kisfaludy_banner-1792x400-1.png\" \/>\n\t<meta property=\"og:image:width\" content=\"1792\" \/>\n\t<meta property=\"og:image:height\" content=\"400\" \/>\n\t<meta property=\"og:image:type\" content=\"image\/png\" \/>\n<meta name=\"twitter:card\" content=\"summary_large_image\" \/>\n<meta name=\"twitter:label1\" content=\"Becs\u00fclt olvas\u00e1si id\u0151\" \/>\n\t<meta name=\"twitter:data1\" content=\"2 perc\" \/>\n<script type=\"application\/ld+json\" class=\"yoast-schema-graph\">{\"@context\":\"https:\\\/\\\/schema.org\",\"@graph\":[{\"@type\":\"WebPage\",\"@id\":\"https:\\\/\\\/tokajhetszolo.com\\\/palyazat\\\/\",\"url\":\"https:\\\/\\\/tokajhetszolo.com\\\/palyazat\\\/\",\"name\":\"P\u00e1ly\u00e1zat - Tokaj\",\"isPartOf\":{\"@id\":\"https:\\\/\\\/tokajhetszolo.com\\\/#website\"},\"primaryImageOfPage\":{\"@id\":\"https:\\\/\\\/tokajhetszolo.com\\\/palyazat\\\/#primaryimage\"},\"image\":{\"@id\":\"https:\\\/\\\/tokajhetszolo.com\\\/palyazat\\\/#primaryimage\"},\"thumbnailUrl\":\"https:\\\/\\\/tokajhetszolo.com\\\/wp-content\\\/uploads\\\/2026\\\/03\\\/kisfaludy_banner-1792x400-1.png\",\"datePublished\":\"2023-11-29T17:37:44+00:00\",\"dateModified\":\"2026-03-30T16:12:08+00:00\",\"breadcrumb\":{\"@id\":\"https:\\\/\\\/tokajhetszolo.com\\\/palyazat\\\/#breadcrumb\"},\"inLanguage\":\"hu\",\"potentialAction\":[{\"@type\":\"ReadAction\",\"target\":[\"https:\\\/\\\/tokajhetszolo.com\\\/palyazat\\\/\"]}]},{\"@type\":\"ImageObject\",\"inLanguage\":\"hu\",\"@id\":\"https:\\\/\\\/tokajhetszolo.com\\\/palyazat\\\/#primaryimage\",\"url\":\"https:\\\/\\\/tokajhetszolo.com\\\/wp-content\\\/uploads\\\/2026\\\/03\\\/kisfaludy_banner-1792x400-1.png\",\"contentUrl\":\"https:\\\/\\\/tokajhetszolo.com\\\/wp-content\\\/uploads\\\/2026\\\/03\\\/kisfaludy_banner-1792x400-1.png\"},{\"@type\":\"BreadcrumbList\",\"@id\":\"https:\\\/\\\/tokajhetszolo.com\\\/palyazat\\\/#breadcrumb\",\"itemListElement\":[{\"@type\":\"ListItem\",\"position\":1,\"name\":\"Home\",\"item\":\"https:\\\/\\\/tokajhetszolo.com\\\/\"},{\"@type\":\"ListItem\",\"position\":2,\"name\":\"P\u00e1ly\u00e1zat\"}]},{\"@type\":\"WebSite\",\"@id\":\"https:\\\/\\\/tokajhetszolo.com\\\/#website\",\"url\":\"https:\\\/\\\/tokajhetszolo.com\\\/\",\"name\":\"Tokaj\",\"description\":\"A Taste full of Secrets\",\"publisher\":{\"@id\":\"https:\\\/\\\/tokajhetszolo.com\\\/#organization\"},\"potentialAction\":[{\"@type\":\"SearchAction\",\"target\":{\"@type\":\"EntryPoint\",\"urlTemplate\":\"https:\\\/\\\/tokajhetszolo.com\\\/?s={search_term_string}\"},\"query-input\":{\"@type\":\"PropertyValueSpecification\",\"valueRequired\":true,\"valueName\":\"search_term_string\"}}],\"inLanguage\":\"hu\"},{\"@type\":\"Organization\",\"@id\":\"https:\\\/\\\/tokajhetszolo.com\\\/#organization\",\"name\":\"Tokaj\",\"url\":\"https:\\\/\\\/tokajhetszolo.com\\\/\",\"logo\":{\"@type\":\"ImageObject\",\"inLanguage\":\"hu\",\"@id\":\"https:\\\/\\\/tokajhetszolo.com\\\/#\\\/schema\\\/logo\\\/image\\\/\",\"url\":\"https:\\\/\\\/tokajhetszolo.com\\\/wp-content\\\/uploads\\\/2020\\\/12\\\/Logo-Hetszolo_Organic_White-2.png\",\"contentUrl\":\"https:\\\/\\\/tokajhetszolo.com\\\/wp-content\\\/uploads\\\/2020\\\/12\\\/Logo-Hetszolo_Organic_White-2.png\",\"width\":600,\"height\":371,\"caption\":\"Tokaj\"},\"image\":{\"@id\":\"https:\\\/\\\/tokajhetszolo.com\\\/#\\\/schema\\\/logo\\\/image\\\/\"}}]}<\/script>\n<!-- \/ Yoast SEO plugin. -->","yoast_head_json":{"title":"P\u00e1ly\u00e1zat - Tokaj","robots":{"index":"index","follow":"follow","max-snippet":"max-snippet:-1","max-image-preview":"max-image-preview:large","max-video-preview":"max-video-preview:-1"},"canonical":"https:\/\/tokajhetszolo.com\/hu\/palyazat\/","og_locale":"hu_HU","og_type":"article","og_title":"P\u00e1ly\u00e1zat - Tokaj","og_description":"P\u00e1ly\u00e1zat Kedvezm\u00e9nyezett neve: R\u00e1k\u00f3czi-pince \u00e9s Udvarh\u00e1z Kft. T\u00e1mogatott projekt c\u00edme: A R\u00e1k\u00f3czi-pince meg\u00fajul\u00e1sa P\u00e1ly\u00e1zat azonos\u00edt\u00f3 sz\u00e1ma: ET-2024-02-016 Szerz\u0151d\u00f6tt t\u00e1mogat\u00e1s \u00f6sszege: 134 536 500,- Ft T\u00e1mogat\u00e1s...","og_url":"https:\/\/tokajhetszolo.com\/hu\/palyazat\/","og_site_name":"Tokaj","article_modified_time":"2026-03-30T16:12:08+00:00","og_image":[{"width":1792,"height":400,"url":"https:\/\/tokajhetszolo.com\/wp-content\/uploads\/2026\/03\/kisfaludy_banner-1792x400-1.png","type":"image\/png"}],"twitter_card":"summary_large_image","twitter_misc":{"Becs\u00fclt olvas\u00e1si id\u0151":"2 perc"},"schema":{"@context":"https:\/\/schema.org","@graph":[{"@type":"WebPage","@id":"https:\/\/tokajhetszolo.com\/palyazat\/","url":"https:\/\/tokajhetszolo.com\/palyazat\/","name":"P\u00e1ly\u00e1zat - Tokaj","isPartOf":{"@id":"https:\/\/tokajhetszolo.com\/#website"},"primaryImageOfPage":{"@id":"https:\/\/tokajhetszolo.com\/palyazat\/#primaryimage"},"image":{"@id":"https:\/\/tokajhetszolo.com\/palyazat\/#primaryimage"},"thumbnailUrl":"https:\/\/tokajhetszolo.com\/wp-content\/uploads\/2026\/03\/kisfaludy_banner-1792x400-1.png","datePublished":"2023-11-29T17:37:44+00:00","dateModified":"2026-03-30T16:12:08+00:00","breadcrumb":{"@id":"https:\/\/tokajhetszolo.com\/palyazat\/#breadcrumb"},"inLanguage":"hu","potentialAction":[{"@type":"ReadAction","target":["https:\/\/tokajhetszolo.com\/palyazat\/"]}]},{"@type":"ImageObject","inLanguage":"hu","@id":"https:\/\/tokajhetszolo.com\/palyazat\/#primaryimage","url":"https:\/\/tokajhetszolo.com\/wp-content\/uploads\/2026\/03\/kisfaludy_banner-1792x400-1.png","contentUrl":"https:\/\/tokajhetszolo.com\/wp-content\/uploads\/2026\/03\/kisfaludy_banner-1792x400-1.png"},{"@type":"BreadcrumbList","@id":"https:\/\/tokajhetszolo.com\/palyazat\/#breadcrumb","itemListElement":[{"@type":"ListItem","position":1,"name":"Home","item":"https:\/\/tokajhetszolo.com\/"},{"@type":"ListItem","position":2,"name":"P\u00e1ly\u00e1zat"}]},{"@type":"WebSite","@id":"https:\/\/tokajhetszolo.com\/#website","url":"https:\/\/tokajhetszolo.com\/","name":"Tokaj","description":"A Taste full of Secrets","publisher":{"@id":"https:\/\/tokajhetszolo.com\/#organization"},"potentialAction":[{"@type":"SearchAction","target":{"@type":"EntryPoint","urlTemplate":"https:\/\/tokajhetszolo.com\/?s={search_term_string}"},"query-input":{"@type":"PropertyValueSpecification","valueRequired":true,"valueName":"search_term_string"}}],"inLanguage":"hu"},{"@type":"Organization","@id":"https:\/\/tokajhetszolo.com\/#organization","name":"Tokaj","url":"https:\/\/tokajhetszolo.com\/","logo":{"@type":"ImageObject","inLanguage":"hu","@id":"https:\/\/tokajhetszolo.com\/#\/schema\/logo\/image\/","url":"https:\/\/tokajhetszolo.com\/wp-content\/uploads\/2020\/12\/Logo-Hetszolo_Organic_White-2.png","contentUrl":"https:\/\/tokajhetszolo.com\/wp-content\/uploads\/2020\/12\/Logo-Hetszolo_Organic_White-2.png","width":600,"height":371,"caption":"Tokaj"},"image":{"@id":"https:\/\/tokajhetszolo.com\/#\/schema\/logo\/image\/"}}]}},"_links":{"self":[{"href":"https:\/\/tokajhetszolo.com\/hu\/wp-json\/wp\/v2\/pages\/2971","targetHints":{"allow":["GET"]}}],"collection":[{"href":"https:\/\/tokajhetszolo.com\/hu\/wp-json\/wp\/v2\/pages"}],"about":[{"href":"https:\/\/tokajhetszolo.com\/hu\/wp-json\/wp\/v2\/types\/page"}],"author":[{"embeddable":true,"href":"https:\/\/tokajhetszolo.com\/hu\/wp-json\/wp\/v2\/users\/1"}],"replies":[{"embeddable":true,"href":"https:\/\/tokajhetszolo.com\/hu\/wp-json\/wp\/v2\/comments?post=2971"}],"version-history":[{"count":38,"href":"https:\/\/tokajhetszolo.com\/hu\/wp-json\/wp\/v2\/pages\/2971\/revisions"}],"predecessor-version":[{"id":3310,"href":"https:\/\/tokajhetszolo.com\/hu\/wp-json\/wp\/v2\/pages\/2971\/revisions\/3310"}],"wp:attachment":[{"href":"https:\/\/tokajhetszolo.com\/hu\/wp-json\/wp\/v2\/media?parent=2971"}],"curies":[{"name":"wp","href":"https:\/\/api.w.org\/{rel}","templated":true}]}}