{"id":2877,"date":"2023-07-13T08:38:02","date_gmt":"2023-07-13T08:38:02","guid":{"rendered":"https:\/\/tokajhetszolo.com\/?page_id=2877"},"modified":"2025-09-09T09:37:24","modified_gmt":"2025-09-09T09:37:24","slug":"commitments","status":"publish","type":"page","link":"https:\/\/tokajhetszolo.com\/hu\/commitments\/","title":{"rendered":"Fenntarthat\u00f3s\u00e1g"},"content":{"rendered":"<div data-elementor-type=\"wp-page\" data-elementor-id=\"2877\" class=\"elementor elementor-2877\" data-elementor-post-type=\"page\">\n\t\t\t\t\t\t<section class=\"elementor-section elementor-top-section elementor-element elementor-element-1a36b02 elementor-section-height-min-height elementor-section-boxed elementor-section-height-default elementor-section-items-middle\" data-id=\"1a36b02\" data-element_type=\"section\" data-e-type=\"section\" data-settings=\"{&quot;background_background&quot;:&quot;classic&quot;}\">\n\t\t\t\t\t\t<div class=\"elementor-container elementor-column-gap-default\">\n\t\t\t\t\t<div class=\"elementor-column elementor-col-100 elementor-top-column elementor-element elementor-element-daffc83\" data-id=\"daffc83\" data-element_type=\"column\" data-e-type=\"column\">\n\t\t\t<div class=\"elementor-widget-wrap elementor-element-populated\">\n\t\t\t\t\t\t<div class=\"elementor-element elementor-element-de205cc elementor-widget elementor-widget-heading\" data-id=\"de205cc\" data-element_type=\"widget\" data-e-type=\"widget\" data-widget_type=\"heading.default\">\n\t\t\t\t<div class=\"elementor-widget-container\">\n\t\t\t\t\t<h2 class=\"elementor-heading-title elementor-size-default\">Fenntarthat\u00f3s\u00e1g<\/h2>\t\t\t\t<\/div>\n\t\t\t\t<\/div>\n\t\t\t\t\t<\/div>\n\t\t<\/div>\n\t\t\t\t\t<\/div>\n\t\t<\/section>\n\t\t\t\t<section class=\"elementor-section elementor-top-section elementor-element elementor-element-13c267a elementor-section-boxed elementor-section-height-default elementor-section-height-default\" data-id=\"13c267a\" data-element_type=\"section\" data-e-type=\"section\" data-settings=\"{&quot;background_background&quot;:&quot;gradient&quot;}\">\n\t\t\t\t\t\t<div class=\"elementor-container elementor-column-gap-default\">\n\t\t\t\t\t<div class=\"elementor-column elementor-col-100 elementor-top-column elementor-element elementor-element-4b2324e\" data-id=\"4b2324e\" data-element_type=\"column\" data-e-type=\"column\">\n\t\t\t<div class=\"elementor-widget-wrap elementor-element-populated\">\n\t\t\t\t\t\t<div class=\"elementor-element elementor-element-530314d elementor-widget elementor-widget-heading\" data-id=\"530314d\" data-element_type=\"widget\" data-e-type=\"widget\" data-widget_type=\"heading.default\">\n\t\t\t\t<div class=\"elementor-widget-container\">\n\t\t\t\t\t<h2 class=\"elementor-heading-title elementor-size-default\">Tokaj-H\u00e9tsz\u0151l\u0151 k\u00f6rnyezetv\u00e9delmi \u00e9s fenntarthat\u00f3s\u00e1gi elk\u00f6telezetts\u00e9ge<\/h2>\t\t\t\t<\/div>\n\t\t\t\t<\/div>\n\t\t\t\t<div class=\"elementor-element elementor-element-bdb1efb elementor-widget elementor-widget-text-editor\" data-id=\"bdb1efb\" data-element_type=\"widget\" data-e-type=\"widget\" data-widget_type=\"text-editor.default\">\n\t\t\t\t<div class=\"elementor-widget-container\">\n\t\t\t\t\t\t\t\t\t<p>A 1502-ben alap\u00edtott Tokaj-H\u00e9tsz\u0151l\u0151 birtok kiv\u00e9teles borokat k\u00e9sz\u00edt egy csod\u00e1latos t\u00e1jba \u00e1gyazott sz\u0151l\u0151\u00fcltetv\u00e9nyen. K\u00fcldet\u00e9s\u00fcnk meg\u0151rizni ezt a f\u00f6ldet a j\u00f6v\u0151 gener\u00e1ci\u00f3i sz\u00e1m\u00e1ra, hogy \u0151k is \u00e9lvezhess\u00e9k a kiv\u00e1l\u00f3 min\u0151s\u00e9g\u0171 tokaji borokat, ahogyan \u0151seink tett\u00e9k \u00e9vsz\u00e1zadokkal ezel\u0151tt.<\/p><p>\u00a0<\/p><p><strong>Elk\u00f6telezetts\u00e9g\u00fcnk a sz\u0151l\u0151m\u0171vel\u00e9sben<\/strong><\/p><p>A birtok teljes, 55 hekt\u00e1ros ter\u00fclete 2013 \u00f3ta organikus min\u0151s\u00edt\u00e9ssel rendelkezik. A sz\u0151l\u0151birtok k\u00f6rnyezet\u00e9nek, munkat\u00e1rsaink \u00e9letmin\u0151s\u00e9g\u00e9nek \u00e9s k\u00f6z\u00f6ss\u00e9g\u00fcnk j\u00f6v\u0151j\u00e9nek v\u00e9delme \u00e9rdek\u00e9ben c\u00e9lul t\u0171zt\u00fck ki a r\u00e9zhaszn\u00e1lat fokozatos megsz\u00fcntet\u00e9s\u00e9t a k\u00f6vetkez\u0151 \u00e9vekben, amely jelenleg is rendk\u00edv\u00fcl alacsony, \u00e9vi 2,5 kg\/hekt\u00e1r alatti szinten mozog.\n\nKiemelt figyelmet ford\u00edtunk a sz\u00e9n-dioxid-kibocs\u00e1t\u00e1s minimaliz\u00e1l\u00e1s\u00e1ra olyan g\u00e9pek beszerz\u00e9s\u00e9vel, amelyek megfelelnek a legszigor\u00fabb k\u00f6rnyezetv\u00e9delmi el\u0151\u00edr\u00e1soknak. Emellett takar\u00f3n\u00f6v\u00e9nyek alkalmaz\u00e1s\u00e1val, valamint a helyi n\u00f6v\u00e9ny- \u00e9s \u00e1llatvil\u00e1g sz\u00e1m\u00e1ra kialak\u00edtott \u00f6kol\u00f3giai szigetek l\u00e9trehoz\u00e1s\u00e1val folyamatosan n\u00f6velj\u00fck a birtok biodiverzit\u00e1s\u00e1t.<\/p><p>\u00a0<\/p><p><strong>Fenntarthat\u00f3s\u00e1g a bor\u00e1szatban<\/strong><\/p><p>Az organikus min\u0151s\u00edt\u00e9s\u0171 bork\u00e9sz\u00edt\u00e9si folyamatok biztos\u00edtj\u00e1k a term\u00e9szetes, fenntarthat\u00f3 technol\u00f3gi\u00e1k \u00e9s alapanyagok alkalmaz\u00e1s\u00e1t. Bevezett\u00fcnk egy folyamatos sz\u00e9nl\u00e1bnyom-monitoring rendszert, valamint kiz\u00e1r\u00f3lag olyan partnerekt\u0151l szerz\u00fcnk be alapanyagokat, akik elk\u00f6telezettek a k\u00f6rnyezetv\u00e9delem mellett \u00e9s megb\u00edzhat\u00f3 fenntarthat\u00f3s\u00e1gi tan\u00fas\u00edtv\u00e1nyokkal rendelkeznek (p\u00e9ld\u00e1ul FSC min\u0151s\u00edt\u00e9s, illetve fenntarthat\u00f3s\u00e1gi jelent\u00e9sek a dug\u00f3k, hord\u00f3k \u00e9s csomagol\u00f3anyagok besz\u00e1ll\u00edt\u00f3it\u00f3l).\n\nKiemelt figyelmet ford\u00edtunk tov\u00e1bb\u00e1 a palackok s\u00faly\u00e1nak cs\u00f6kkent\u00e9s\u00e9re is, ezzel m\u00e9rs\u00e9kelve k\u00f6rnyezeti terhel\u00e9s\u00fcnket.<\/p><ul><li><strong style=\"background-color: transparent;\">Energia-, hullad\u00e9k- \u00e9s v\u00edzgazd\u00e1lkod\u00e1s<\/strong><\/li><\/ul><p>Filoz\u00f3fi\u00e1nk alapja, hogy kiz\u00e1r\u00f3lag annyit haszn\u00e1ljunk fel, amennyi val\u00f3ban sz\u00fcks\u00e9ges, mik\u00f6zben a 4R elvet k\u00f6vetj\u00fck:<\/p><ul><li>\u00dajrahaszn\u00e1lat: minden \u00fajrahaszn\u00e1lhat\u00f3 anyag ism\u00e9telt felhaszn\u00e1l\u00e1sa (csomagol\u00f3anyagok, raklapok, kartondobozok stb.)<\/li><li>\u00dajrahasznos\u00edt\u00e1s: a karton, pap\u00edr \u00e9s m\u0171anyag hullad\u00e9k szelekt\u00edv kezel\u00e9se \u00e9s \u00fajrahasznos\u00edt\u00e1sa szerz\u0151d\u00f6tt partnereink seg\u00edts\u00e9g\u00e9vel<\/li><li>Elutas\u00edt\u00e1s: a felesleges nyersanyaghaszn\u00e1lat ker\u00fcl\u00e9se annak \u00e9rdek\u00e9ben, hogy min\u00e9l kevesebb hullad\u00e9k keletkezzen<\/li><li>Cs\u00f6kkent\u00e9s: a hullad\u00e9k mennyis\u00e9g\u00e9nek \u00e9s t\u00e9rfogat\u00e1nak m\u00e9rs\u00e9kl\u00e9se korszer\u0171 technol\u00f3gi\u00e1k \u00e9s tiszta gy\u00e1rt\u00e1si gyakorlatok alkalmaz\u00e1s\u00e1val<\/li><\/ul><p>\u00a0<\/p><p>Minden nem \u00fajrahasznos\u00edthat\u00f3 vesz\u00e9lyes \u00e9s nem vesz\u00e9lyes hullad\u00e9kunk kezel\u00e9s\u00e9t speci\u00e1lis hullad\u00e9kgazd\u00e1lkod\u00e1si partnereink v\u00e9gzik, az eur\u00f3pai uni\u00f3s \u00e9s hazai el\u0151\u00edr\u00e1sok teljes k\u00f6r\u0171 betart\u00e1s\u00e1val.\u00a0<span style=\"background-color: transparent;\">A v\u00edz alapvet\u0151 fontoss\u00e1g\u00fa er\u0151forr\u00e1s, amely jelent\u0151s k\u00f6rnyezeti hat\u00e1ssal b\u00edr, \u00e9s amelyet minden bor\u00e1szat k\u00fcl\u00f6nb\u00f6z\u0151 munkafolyamatai sor\u00e1n haszn\u00e1l, k\u00fcl\u00f6n\u00f6sen a tiszt\u00edt\u00e1si folyamatok eset\u00e9ben.<\/span><\/p><p>\u00a0<\/p><p>V\u00edzfelhaszn\u00e1l\u00e1sunk cs\u00f6kkent\u00e9s\u00e9re tett int\u00e9zked\u00e9seink:<\/p><ul><li>\u00c9p\u00fcleteink tet\u0151szerkezeteir\u0151l \u00f6sszegy\u0171jtj\u00fck a csapad\u00e9kvizet, amelyet tiszt\u00edt\u00e1si munk\u00e1khoz \u00e9s n\u00f6v\u00e9nyv\u00e9delmi kezel\u00e9sekhez haszn\u00e1lunk fel.<\/li><li>A v\u00edzh\u00e1l\u00f3zat folyamatos ellen\u0151rz\u00e9se a sziv\u00e1rg\u00e1sokb\u00f3l ered\u0151 v\u00edzvesztes\u00e9g elker\u00fcl\u00e9se \u00e9rdek\u00e9ben.<\/li><li>Nagy nyom\u00e1s\u00fa tiszt\u00edt\u00f3rendszerek alkalmaz\u00e1sa a v\u00edzfogyaszt\u00e1s cs\u00f6kkent\u00e9se \u00e9rdek\u00e9ben.<\/li><li>Minden szennyvizet a birtok k\u00f6zel\u00e9ben tal\u00e1lhat\u00f3 helyi szennyv\u00edzkezel\u0151 telep dolgoz fel.<\/li><\/ul><p>Sz\u00e9nl\u00e1bnyomunk cs\u00f6kkent\u00e9se \u00e9rdek\u00e9ben a bork\u00e9sz\u00edt\u00e9si folyamat sor\u00e1n kiz\u00e1r\u00f3lag elektromos energi\u00e1t haszn\u00e1lunk. A k\u00f6zelj\u00f6v\u0151ben napelemek telep\u00edt\u00e9s\u00e9t is tervezz\u00fck, emellett vil\u00e1g\u00edt\u00e1si rendszer\u00fcnket nemr\u00e9g teljes eg\u00e9sz\u00e9ben energiatakar\u00e9kos LED technol\u00f3gi\u00e1ra cser\u00e9lt\u00fck.<\/p><p><strong>\u00c1ltal\u00e1nos fenntarthat\u00f3s\u00e1gi gyakorlatok birtokunkon<\/strong><\/p><ul><li>Szab\u00e1lyoz\u00e1sok a pap\u00edrfelhaszn\u00e1l\u00e1s cs\u00f6kkent\u00e9s\u00e9re az irodai \u00e9s kommunik\u00e1ci\u00f3s tev\u00e9kenys\u00e9gek sor\u00e1n.<\/li><li>Kiz\u00e1r\u00f3lag \u00fajrahasznos\u00edtott vagy FSC min\u0151s\u00edt\u00e9s\u0171 pap\u00edr \u00e9s karton haszn\u00e1lata.<\/li><li>A sz\u00e9nl\u00e1bnyom \u00e9rt\u00e9kel\u00e9se az \u00fczleti utak sor\u00e1n.<\/li><li><em>Elk\u00f6telezetts\u00e9g a k\u00f6z\u00f6ss\u00e9g t\u00e1rsadalmi, gazdas\u00e1gi \u00e9s k\u00f6rnyezeti j\u00f3l\u00e9t\u00e9nek folyamatos fejleszt\u00e9se ir\u00e1nt.<\/em><\/li><li><em>A sz\u00e1ll\u00edt\u00e1sb\u00f3l ered\u0151 sz\u00e9nl\u00e1bnyom cs\u00f6kkent\u00e9se \u00e9rdek\u00e9ben el\u0151nyben r\u00e9szes\u00edtj\u00fck a helyi besz\u00e1ll\u00edt\u00f3kat \u00e9s er\u0151forr\u00e1sokat.<\/em><\/li><li><em>A fenntarthat\u00f3s\u00e1gi c\u00e9lkit\u0171z\u00e9sek t\u00e1mogat\u00e1sa t\u00e1rsadalmunkban<\/em><\/li><li><em>Az eg\u00e9szs\u00e9ges \u00e9s m\u00e9lt\u00e1nyos foglalkoztat\u00e1s fenntart\u00e1sa.<\/em><\/li><\/ul><p><em>Gergely MAKAI<\/em><\/p><p><em>\u00dcgyvezet\u0151 igazgat\u00f3 \u00e9s f\u0151bor\u00e1sz<\/em><\/p>\t\t\t\t\t\t\t\t<\/div>\n\t\t\t\t<\/div>\n\t\t\t\t\t<\/div>\n\t\t<\/div>\n\t\t\t\t\t<\/div>\n\t\t<\/section>\n\t\t\t\t<\/div>","protected":false},"excerpt":{"rendered":"<p>Commitments Environment and sustainability commitment of Tokaj-H\u00e9tsz\u0151l\u0151 Tokaj-H\u00e9tsz\u0151l\u0151 Estate, founded in 1502, produces outstanding wines on a vineyard embeded in a marvelous landscape. It is&#8230;<\/p>","protected":false},"author":1,"featured_media":0,"parent":0,"menu_order":0,"comment_status":"closed","ping_status":"closed","template":"","meta":{"footnotes":""},"class_list":["post-2877","page","type-page","status-publish"],"acf":[],"yoast_head":"<!-- This site is optimized with the Yoast SEO plugin v27.6 - https:\/\/yoast.com\/product\/yoast-seo-wordpress\/ -->\n<title>Commitments - Tokaj<\/title>\n<meta name=\"robots\" content=\"index, follow, max-snippet:-1, max-image-preview:large, max-video-preview:-1\" \/>\n<link rel=\"canonical\" href=\"https:\/\/tokajhetszolo.com\/hu\/commitments\/\" \/>\n<meta property=\"og:locale\" content=\"hu_HU\" \/>\n<meta property=\"og:type\" content=\"article\" \/>\n<meta property=\"og:title\" content=\"Commitments - Tokaj\" \/>\n<meta property=\"og:description\" content=\"Commitments Environment and sustainability commitment of Tokaj-H\u00e9tsz\u0151l\u0151 Tokaj-H\u00e9tsz\u0151l\u0151 Estate, founded in 1502, produces outstanding wines on a vineyard embeded in a marvelous landscape. It is...\" \/>\n<meta property=\"og:url\" content=\"https:\/\/tokajhetszolo.com\/hu\/commitments\/\" \/>\n<meta property=\"og:site_name\" content=\"Tokaj\" \/>\n<meta property=\"article:modified_time\" content=\"2025-09-09T09:37:24+00:00\" \/>\n<meta name=\"twitter:card\" content=\"summary_large_image\" \/>\n<meta name=\"twitter:label1\" content=\"Becs\u00fclt olvas\u00e1si id\u0151\" \/>\n\t<meta name=\"twitter:data1\" content=\"2 perc\" \/>\n<script type=\"application\/ld+json\" class=\"yoast-schema-graph\">{\"@context\":\"https:\\\/\\\/schema.org\",\"@graph\":[{\"@type\":\"WebPage\",\"@id\":\"https:\\\/\\\/tokajhetszolo.com\\\/commitments\\\/\",\"url\":\"https:\\\/\\\/tokajhetszolo.com\\\/commitments\\\/\",\"name\":\"Commitments - Tokaj\",\"isPartOf\":{\"@id\":\"https:\\\/\\\/tokajhetszolo.com\\\/#website\"},\"datePublished\":\"2023-07-13T08:38:02+00:00\",\"dateModified\":\"2025-09-09T09:37:24+00:00\",\"breadcrumb\":{\"@id\":\"https:\\\/\\\/tokajhetszolo.com\\\/commitments\\\/#breadcrumb\"},\"inLanguage\":\"hu\",\"potentialAction\":[{\"@type\":\"ReadAction\",\"target\":[\"https:\\\/\\\/tokajhetszolo.com\\\/commitments\\\/\"]}]},{\"@type\":\"BreadcrumbList\",\"@id\":\"https:\\\/\\\/tokajhetszolo.com\\\/commitments\\\/#breadcrumb\",\"itemListElement\":[{\"@type\":\"ListItem\",\"position\":1,\"name\":\"Home\",\"item\":\"https:\\\/\\\/tokajhetszolo.com\\\/\"},{\"@type\":\"ListItem\",\"position\":2,\"name\":\"Commitments\"}]},{\"@type\":\"WebSite\",\"@id\":\"https:\\\/\\\/tokajhetszolo.com\\\/#website\",\"url\":\"https:\\\/\\\/tokajhetszolo.com\\\/\",\"name\":\"Tokaj\",\"description\":\"A Taste full of Secrets\",\"publisher\":{\"@id\":\"https:\\\/\\\/tokajhetszolo.com\\\/#organization\"},\"potentialAction\":[{\"@type\":\"SearchAction\",\"target\":{\"@type\":\"EntryPoint\",\"urlTemplate\":\"https:\\\/\\\/tokajhetszolo.com\\\/?s={search_term_string}\"},\"query-input\":{\"@type\":\"PropertyValueSpecification\",\"valueRequired\":true,\"valueName\":\"search_term_string\"}}],\"inLanguage\":\"hu\"},{\"@type\":\"Organization\",\"@id\":\"https:\\\/\\\/tokajhetszolo.com\\\/#organization\",\"name\":\"Tokaj\",\"url\":\"https:\\\/\\\/tokajhetszolo.com\\\/\",\"logo\":{\"@type\":\"ImageObject\",\"inLanguage\":\"hu\",\"@id\":\"https:\\\/\\\/tokajhetszolo.com\\\/#\\\/schema\\\/logo\\\/image\\\/\",\"url\":\"https:\\\/\\\/tokajhetszolo.com\\\/wp-content\\\/uploads\\\/2020\\\/12\\\/Logo-Hetszolo_Organic_White-2.png\",\"contentUrl\":\"https:\\\/\\\/tokajhetszolo.com\\\/wp-content\\\/uploads\\\/2020\\\/12\\\/Logo-Hetszolo_Organic_White-2.png\",\"width\":600,\"height\":371,\"caption\":\"Tokaj\"},\"image\":{\"@id\":\"https:\\\/\\\/tokajhetszolo.com\\\/#\\\/schema\\\/logo\\\/image\\\/\"}}]}<\/script>\n<!-- \/ Yoast SEO plugin. -->","yoast_head_json":{"title":"Commitments - Tokaj","robots":{"index":"index","follow":"follow","max-snippet":"max-snippet:-1","max-image-preview":"max-image-preview:large","max-video-preview":"max-video-preview:-1"},"canonical":"https:\/\/tokajhetszolo.com\/hu\/commitments\/","og_locale":"hu_HU","og_type":"article","og_title":"Commitments - Tokaj","og_description":"Commitments Environment and sustainability commitment of Tokaj-H\u00e9tsz\u0151l\u0151 Tokaj-H\u00e9tsz\u0151l\u0151 Estate, founded in 1502, produces outstanding wines on a vineyard embeded in a marvelous landscape. It is...","og_url":"https:\/\/tokajhetszolo.com\/hu\/commitments\/","og_site_name":"Tokaj","article_modified_time":"2025-09-09T09:37:24+00:00","twitter_card":"summary_large_image","twitter_misc":{"Becs\u00fclt olvas\u00e1si id\u0151":"2 perc"},"schema":{"@context":"https:\/\/schema.org","@graph":[{"@type":"WebPage","@id":"https:\/\/tokajhetszolo.com\/commitments\/","url":"https:\/\/tokajhetszolo.com\/commitments\/","name":"Commitments - Tokaj","isPartOf":{"@id":"https:\/\/tokajhetszolo.com\/#website"},"datePublished":"2023-07-13T08:38:02+00:00","dateModified":"2025-09-09T09:37:24+00:00","breadcrumb":{"@id":"https:\/\/tokajhetszolo.com\/commitments\/#breadcrumb"},"inLanguage":"hu","potentialAction":[{"@type":"ReadAction","target":["https:\/\/tokajhetszolo.com\/commitments\/"]}]},{"@type":"BreadcrumbList","@id":"https:\/\/tokajhetszolo.com\/commitments\/#breadcrumb","itemListElement":[{"@type":"ListItem","position":1,"name":"Home","item":"https:\/\/tokajhetszolo.com\/"},{"@type":"ListItem","position":2,"name":"Commitments"}]},{"@type":"WebSite","@id":"https:\/\/tokajhetszolo.com\/#website","url":"https:\/\/tokajhetszolo.com\/","name":"Tokaj","description":"A Taste full of Secrets","publisher":{"@id":"https:\/\/tokajhetszolo.com\/#organization"},"potentialAction":[{"@type":"SearchAction","target":{"@type":"EntryPoint","urlTemplate":"https:\/\/tokajhetszolo.com\/?s={search_term_string}"},"query-input":{"@type":"PropertyValueSpecification","valueRequired":true,"valueName":"search_term_string"}}],"inLanguage":"hu"},{"@type":"Organization","@id":"https:\/\/tokajhetszolo.com\/#organization","name":"Tokaj","url":"https:\/\/tokajhetszolo.com\/","logo":{"@type":"ImageObject","inLanguage":"hu","@id":"https:\/\/tokajhetszolo.com\/#\/schema\/logo\/image\/","url":"https:\/\/tokajhetszolo.com\/wp-content\/uploads\/2020\/12\/Logo-Hetszolo_Organic_White-2.png","contentUrl":"https:\/\/tokajhetszolo.com\/wp-content\/uploads\/2020\/12\/Logo-Hetszolo_Organic_White-2.png","width":600,"height":371,"caption":"Tokaj"},"image":{"@id":"https:\/\/tokajhetszolo.com\/#\/schema\/logo\/image\/"}}]}},"_links":{"self":[{"href":"https:\/\/tokajhetszolo.com\/hu\/wp-json\/wp\/v2\/pages\/2877","targetHints":{"allow":["GET"]}}],"collection":[{"href":"https:\/\/tokajhetszolo.com\/hu\/wp-json\/wp\/v2\/pages"}],"about":[{"href":"https:\/\/tokajhetszolo.com\/hu\/wp-json\/wp\/v2\/types\/page"}],"author":[{"embeddable":true,"href":"https:\/\/tokajhetszolo.com\/hu\/wp-json\/wp\/v2\/users\/1"}],"replies":[{"embeddable":true,"href":"https:\/\/tokajhetszolo.com\/hu\/wp-json\/wp\/v2\/comments?post=2877"}],"version-history":[{"count":17,"href":"https:\/\/tokajhetszolo.com\/hu\/wp-json\/wp\/v2\/pages\/2877\/revisions"}],"predecessor-version":[{"id":3120,"href":"https:\/\/tokajhetszolo.com\/hu\/wp-json\/wp\/v2\/pages\/2877\/revisions\/3120"}],"wp:attachment":[{"href":"https:\/\/tokajhetszolo.com\/hu\/wp-json\/wp\/v2\/media?parent=2877"}],"curies":[{"name":"wp","href":"https:\/\/api.w.org\/{rel}","templated":true}]}}