{"id":271,"date":"2020-12-13T12:09:56","date_gmt":"2020-12-13T12:09:56","guid":{"rendered":"https:\/\/tokajhetszolo.com\/?page_id=271"},"modified":"2022-07-21T16:38:02","modified_gmt":"2022-07-21T16:38:02","slug":"people-behind-the-wine","status":"publish","type":"page","link":"https:\/\/tokajhetszolo.com\/hu\/people-behind-the-wine\/","title":{"rendered":"Emberek a bor m\u00f6g\u00f6tt"},"content":{"rendered":"<div class=\"p-0\">\n     <div class=\"banner has-ovrlay bg-image-4 bg-center h-500 bg-fixed\" style=\"background-image: url();\">\n       <div class=\"caption pto65\" >\n         <div class=\"title-group\">\n                      <h1 class=\"f-70\">K\u00e9p &amp; Vide\u00f3gal\u00e9ria <\/h1>\n         \n         <p class=\"line-mix line-single star-group white\">\n         <\/p>\n\n                    <\/div>\n       <\/div>\n     <\/div>\n   <\/div>\n\n\n <section class=\"section-history\">\r\n   <div class=\"container\">\r\n     <div class=\"row\">\r\n       <div class=\"col-xs-12\">\r\n            <div class=\"title-group m-b-0\" data-aos=\"fade-up\">\r\n                    <h2 class=\"color-4b4b4b\">Emberek a bor m\u00f6g\u00f6tt<\/h2>\r\n                   <p class=\"line-mix star-group line-mix-f line-single\">\r\n\r\n                   <\/p>\r\n\r\n          <\/div>\r\n\r\n     <\/div>\r\n\r\n<div class=\"grid-container\">\r\n    <div data-aos=\"fade-up\">\r\n\r\n    <a href=\"https:\/\/tokajhetszolo.com\/wp-content\/uploads\/2022\/07\/Management-of-Tokaj-Hetszolo-June-2021-left-to-right_Tamas-Oroszlan-Commercial-Director-Raphael-Reybier-Owner-Gergely-Makai-General-Manager-Chief-Winemaker-scaled.jpg\" data-fancybox=\"images\">\r\n<img class='grid-item grid-item-0' src='https:\/\/tokajhetszolo.com\/wp-content\/uploads\/2022\/07\/Management-of-Tokaj-Hetszolo-June-2021-left-to-right_Tamas-Oroszlan-Commercial-Director-Raphael-Reybier-Owner-Gergely-Makai-General-Manager-Chief-Winemaker-scaled.jpg' alt=''>\r\n<\/a>\r\n  <\/div>\r\n    <div data-aos=\"fade-up\">\r\n\r\n    <a href=\"https:\/\/tokajhetszolo.com\/wp-content\/uploads\/2022\/07\/Gergely-Makai-General-Manager-Tamas-Oroszlan-Commercial-Director-of-Tokaj-Hetszolo-Organic-Vineyards.jpg\" data-fancybox=\"images\">\r\n<img class='grid-item grid-item-0' src='https:\/\/tokajhetszolo.com\/wp-content\/uploads\/2022\/07\/Gergely-Makai-General-Manager-Tamas-Oroszlan-Commercial-Director-of-Tokaj-Hetszolo-Organic-Vineyards.jpg' alt=''>\r\n<\/a>\r\n  <\/div>\r\n    <div data-aos=\"fade-up\">\r\n\r\n    <a href=\"https:\/\/tokajhetszolo.com\/wp-content\/uploads\/2022\/07\/TOKAJHETSZOLO_MakaiGergely_2022_MG7159_AdobeRGB_dpi300_FULL-scaled.jpg\" data-fancybox=\"images\">\r\n<img class='grid-item grid-item-0' src='https:\/\/tokajhetszolo.com\/wp-content\/uploads\/2022\/07\/TOKAJHETSZOLO_MakaiGergely_2022_MG7159_AdobeRGB_dpi300_FULL-scaled.jpg' alt=''>\r\n<\/a>\r\n  <\/div>\r\n    <div data-aos=\"fade-up\">\r\n\r\n    <a href=\"https:\/\/tokajhetszolo.com\/wp-content\/uploads\/2020\/12\/1-188.jpg\" data-fancybox=\"images\">\r\n<img class='grid-item grid-item-0' src='https:\/\/tokajhetszolo.com\/wp-content\/uploads\/2020\/12\/1-188.jpg' alt=''>\r\n<\/a>\r\n  <\/div>\r\n    <div data-aos=\"fade-up\">\r\n\r\n    <a href=\"https:\/\/tokajhetszolo.com\/wp-content\/uploads\/2022\/07\/michelreybie-portrait.jpg\" data-fancybox=\"images\">\r\n<img class='grid-item grid-item-0' src='https:\/\/tokajhetszolo.com\/wp-content\/uploads\/2022\/07\/michelreybie-portrait.jpg' alt=''>\r\n<\/a>\r\n  <\/div>\r\n    <div data-aos=\"fade-up\">\r\n\r\n    <a href=\"https:\/\/tokajhetszolo.com\/wp-content\/uploads\/2020\/12\/1-182.jpg\" data-fancybox=\"images\">\r\n<img class='grid-item grid-item-0' src='https:\/\/tokajhetszolo.com\/wp-content\/uploads\/2020\/12\/1-182.jpg' alt=''>\r\n<\/a>\r\n  <\/div>\r\n    <div data-aos=\"fade-up\">\r\n\r\n    <a href=\"\" data-fancybox=\"images\">\r\n<img class='grid-item grid-item-0' src='' alt=''>\r\n<\/a>\r\n  <\/div>\r\n    <div data-aos=\"fade-up\">\r\n\r\n    <a href=\"\" data-fancybox=\"images\">\r\n<img class='grid-item grid-item-0' src='' alt=''>\r\n<\/a>\r\n  <\/div>\r\n    <div data-aos=\"fade-up\">\r\n\r\n    <a href=\"\" data-fancybox=\"images\">\r\n<img class='grid-item grid-item-0' src='' alt=''>\r\n<\/a>\r\n  <\/div>\r\n    <div data-aos=\"fade-up\">\r\n\r\n    <a href=\"\" data-fancybox=\"images\">\r\n<img class='grid-item grid-item-0' src='' alt=''>\r\n<\/a>\r\n  <\/div>\r\n    <div data-aos=\"fade-up\">\r\n\r\n    <a href=\"\" data-fancybox=\"images\">\r\n<img class='grid-item grid-item-0' src='' alt=''>\r\n<\/a>\r\n  <\/div>\r\n    <div data-aos=\"fade-up\">\r\n\r\n    <a href=\"\" data-fancybox=\"images\">\r\n<img class='grid-item grid-item-0' src='' alt=''>\r\n<\/a>\r\n  <\/div>\r\n    <div data-aos=\"fade-up\">\r\n\r\n    <a href=\"\" data-fancybox=\"images\">\r\n<img class='grid-item grid-item-0' src='' alt=''>\r\n<\/a>\r\n  <\/div>\r\n    <div data-aos=\"fade-up\">\r\n\r\n    <a href=\"\" data-fancybox=\"images\">\r\n<img class='grid-item grid-item-0' src='' alt=''>\r\n<\/a>\r\n  <\/div>\r\n    <div data-aos=\"fade-up\">\r\n\r\n    <a href=\"\" data-fancybox=\"images\">\r\n<img class='grid-item grid-item-0' src='' alt=''>\r\n<\/a>\r\n  <\/div>\r\n    <div data-aos=\"fade-up\">\r\n\r\n    <a href=\"https:\/\/tokajhetszolo.com\/wp-content\/uploads\/2020\/12\/1-77.jpg\" data-fancybox=\"images\">\r\n<img class='grid-item grid-item-0' src='https:\/\/tokajhetszolo.com\/wp-content\/uploads\/2020\/12\/1-77.jpg' alt=''>\r\n<\/a>\r\n  <\/div>\r\n    <div data-aos=\"fade-up\">\r\n\r\n    <a href=\"https:\/\/tokajhetszolo.com\/wp-content\/uploads\/2020\/12\/1-52.jpg\" data-fancybox=\"images\">\r\n<img class='grid-item grid-item-0' src='https:\/\/tokajhetszolo.com\/wp-content\/uploads\/2020\/12\/1-52.jpg' alt=''>\r\n<\/a>\r\n  <\/div>\r\n    <div data-aos=\"fade-up\">\r\n\r\n    <a href=\"https:\/\/tokajhetszolo.com\/wp-content\/uploads\/2020\/12\/1-35.jpg\" data-fancybox=\"images\">\r\n<img class='grid-item grid-item-0' src='https:\/\/tokajhetszolo.com\/wp-content\/uploads\/2020\/12\/1-35.jpg' alt=''>\r\n<\/a>\r\n  <\/div>\r\n    <div data-aos=\"fade-up\">\r\n\r\n    <a href=\"\" data-fancybox=\"images\">\r\n<img class='grid-item grid-item-0' src='' alt=''>\r\n<\/a>\r\n  <\/div>\r\n    <div data-aos=\"fade-up\">\r\n\r\n    <a href=\"https:\/\/tokajhetszolo.com\/wp-content\/uploads\/2020\/12\/1-21-1.jpg\" data-fancybox=\"images\">\r\n<img class='grid-item grid-item-0' src='https:\/\/tokajhetszolo.com\/wp-content\/uploads\/2020\/12\/1-21-1.jpg' alt=''>\r\n<\/a>\r\n  <\/div>\r\n    <div data-aos=\"fade-up\">\r\n\r\n    <a href=\"https:\/\/tokajhetszolo.com\/wp-content\/uploads\/2022\/07\/matyi-falon.jpg\" data-fancybox=\"images\">\r\n<img class='grid-item grid-item-0' src='https:\/\/tokajhetszolo.com\/wp-content\/uploads\/2022\/07\/matyi-falon.jpg' alt=''>\r\n<\/a>\r\n  <\/div>\r\n    <div data-aos=\"fade-up\">\r\n\r\n    <a href=\"\" data-fancybox=\"images\">\r\n<img class='grid-item grid-item-0' src='' alt=''>\r\n<\/a>\r\n  <\/div>\r\n    <div data-aos=\"fade-up\">\r\n\r\n    <a href=\"\" data-fancybox=\"images\">\r\n<img class='grid-item grid-item-0' src='' alt=''>\r\n<\/a>\r\n  <\/div>\r\n    <div data-aos=\"fade-up\">\r\n\r\n    <a href=\"\" data-fancybox=\"images\">\r\n<img class='grid-item grid-item-0' src='' alt=''>\r\n<\/a>\r\n  <\/div>\r\n    <div data-aos=\"fade-up\">\r\n\r\n    <a href=\"\" data-fancybox=\"images\">\r\n<img class='grid-item grid-item-0' src='' alt=''>\r\n<\/a>\r\n  <\/div>\r\n    <div data-aos=\"fade-up\">\r\n\r\n    <a href=\"\" data-fancybox=\"images\">\r\n<img class='grid-item grid-item-0' src='' alt=''>\r\n<\/a>\r\n  <\/div>\r\n  \r\n<\/div>\r\n   <\/div>\r\n <\/div>\r\n <\/section>","protected":false},"excerpt":{"rendered":"","protected":false},"author":1,"featured_media":0,"parent":0,"menu_order":0,"comment_status":"closed","ping_status":"closed","template":"","meta":{"footnotes":""},"class_list":["post-271","page","type-page","status-publish"],"acf":[],"yoast_head":"<!-- This site is optimized with the Yoast SEO plugin v27.4 - https:\/\/yoast.com\/product\/yoast-seo-wordpress\/ -->\n<title>People behind the wine - Tokaj<\/title>\n<meta name=\"robots\" content=\"index, follow, max-snippet:-1, max-image-preview:large, max-video-preview:-1\" \/>\n<link rel=\"canonical\" href=\"https:\/\/tokajhetszolo.com\/hu\/people-behind-the-wine\/\" \/>\n<meta property=\"og:locale\" content=\"hu_HU\" \/>\n<meta property=\"og:type\" content=\"article\" \/>\n<meta property=\"og:title\" content=\"People behind the wine - Tokaj\" \/>\n<meta property=\"og:url\" content=\"https:\/\/tokajhetszolo.com\/hu\/people-behind-the-wine\/\" \/>\n<meta property=\"og:site_name\" content=\"Tokaj\" \/>\n<meta property=\"article:modified_time\" content=\"2022-07-21T16:38:02+00:00\" \/>\n<meta name=\"twitter:card\" content=\"summary_large_image\" \/>\n<script type=\"application\/ld+json\" class=\"yoast-schema-graph\">{\"@context\":\"https:\\\/\\\/schema.org\",\"@graph\":[{\"@type\":\"WebPage\",\"@id\":\"https:\\\/\\\/tokajhetszolo.com\\\/people-behind-the-wine\\\/\",\"url\":\"https:\\\/\\\/tokajhetszolo.com\\\/people-behind-the-wine\\\/\",\"name\":\"People behind the wine - Tokaj\",\"isPartOf\":{\"@id\":\"https:\\\/\\\/tokajhetszolo.com\\\/#website\"},\"datePublished\":\"2020-12-13T12:09:56+00:00\",\"dateModified\":\"2022-07-21T16:38:02+00:00\",\"breadcrumb\":{\"@id\":\"https:\\\/\\\/tokajhetszolo.com\\\/people-behind-the-wine\\\/#breadcrumb\"},\"inLanguage\":\"hu\",\"potentialAction\":[{\"@type\":\"ReadAction\",\"target\":[\"https:\\\/\\\/tokajhetszolo.com\\\/people-behind-the-wine\\\/\"]}]},{\"@type\":\"BreadcrumbList\",\"@id\":\"https:\\\/\\\/tokajhetszolo.com\\\/people-behind-the-wine\\\/#breadcrumb\",\"itemListElement\":[{\"@type\":\"ListItem\",\"position\":1,\"name\":\"Home\",\"item\":\"https:\\\/\\\/tokajhetszolo.com\\\/\"},{\"@type\":\"ListItem\",\"position\":2,\"name\":\"People behind the wine\"}]},{\"@type\":\"WebSite\",\"@id\":\"https:\\\/\\\/tokajhetszolo.com\\\/#website\",\"url\":\"https:\\\/\\\/tokajhetszolo.com\\\/\",\"name\":\"Tokaj\",\"description\":\"A Taste full of Secrets\",\"publisher\":{\"@id\":\"https:\\\/\\\/tokajhetszolo.com\\\/#organization\"},\"potentialAction\":[{\"@type\":\"SearchAction\",\"target\":{\"@type\":\"EntryPoint\",\"urlTemplate\":\"https:\\\/\\\/tokajhetszolo.com\\\/?s={search_term_string}\"},\"query-input\":{\"@type\":\"PropertyValueSpecification\",\"valueRequired\":true,\"valueName\":\"search_term_string\"}}],\"inLanguage\":\"hu\"},{\"@type\":\"Organization\",\"@id\":\"https:\\\/\\\/tokajhetszolo.com\\\/#organization\",\"name\":\"Tokaj\",\"url\":\"https:\\\/\\\/tokajhetszolo.com\\\/\",\"logo\":{\"@type\":\"ImageObject\",\"inLanguage\":\"hu\",\"@id\":\"https:\\\/\\\/tokajhetszolo.com\\\/#\\\/schema\\\/logo\\\/image\\\/\",\"url\":\"https:\\\/\\\/tokajhetszolo.com\\\/wp-content\\\/uploads\\\/2020\\\/12\\\/Logo-Hetszolo_Organic_White-2.png\",\"contentUrl\":\"https:\\\/\\\/tokajhetszolo.com\\\/wp-content\\\/uploads\\\/2020\\\/12\\\/Logo-Hetszolo_Organic_White-2.png\",\"width\":600,\"height\":371,\"caption\":\"Tokaj\"},\"image\":{\"@id\":\"https:\\\/\\\/tokajhetszolo.com\\\/#\\\/schema\\\/logo\\\/image\\\/\"}}]}<\/script>\n<!-- \/ Yoast SEO plugin. -->","yoast_head_json":{"title":"People behind the wine - Tokaj","robots":{"index":"index","follow":"follow","max-snippet":"max-snippet:-1","max-image-preview":"max-image-preview:large","max-video-preview":"max-video-preview:-1"},"canonical":"https:\/\/tokajhetszolo.com\/hu\/people-behind-the-wine\/","og_locale":"hu_HU","og_type":"article","og_title":"People behind the wine - Tokaj","og_url":"https:\/\/tokajhetszolo.com\/hu\/people-behind-the-wine\/","og_site_name":"Tokaj","article_modified_time":"2022-07-21T16:38:02+00:00","twitter_card":"summary_large_image","schema":{"@context":"https:\/\/schema.org","@graph":[{"@type":"WebPage","@id":"https:\/\/tokajhetszolo.com\/people-behind-the-wine\/","url":"https:\/\/tokajhetszolo.com\/people-behind-the-wine\/","name":"People behind the wine - Tokaj","isPartOf":{"@id":"https:\/\/tokajhetszolo.com\/#website"},"datePublished":"2020-12-13T12:09:56+00:00","dateModified":"2022-07-21T16:38:02+00:00","breadcrumb":{"@id":"https:\/\/tokajhetszolo.com\/people-behind-the-wine\/#breadcrumb"},"inLanguage":"hu","potentialAction":[{"@type":"ReadAction","target":["https:\/\/tokajhetszolo.com\/people-behind-the-wine\/"]}]},{"@type":"BreadcrumbList","@id":"https:\/\/tokajhetszolo.com\/people-behind-the-wine\/#breadcrumb","itemListElement":[{"@type":"ListItem","position":1,"name":"Home","item":"https:\/\/tokajhetszolo.com\/"},{"@type":"ListItem","position":2,"name":"People behind the wine"}]},{"@type":"WebSite","@id":"https:\/\/tokajhetszolo.com\/#website","url":"https:\/\/tokajhetszolo.com\/","name":"Tokaj","description":"A Taste full of Secrets","publisher":{"@id":"https:\/\/tokajhetszolo.com\/#organization"},"potentialAction":[{"@type":"SearchAction","target":{"@type":"EntryPoint","urlTemplate":"https:\/\/tokajhetszolo.com\/?s={search_term_string}"},"query-input":{"@type":"PropertyValueSpecification","valueRequired":true,"valueName":"search_term_string"}}],"inLanguage":"hu"},{"@type":"Organization","@id":"https:\/\/tokajhetszolo.com\/#organization","name":"Tokaj","url":"https:\/\/tokajhetszolo.com\/","logo":{"@type":"ImageObject","inLanguage":"hu","@id":"https:\/\/tokajhetszolo.com\/#\/schema\/logo\/image\/","url":"https:\/\/tokajhetszolo.com\/wp-content\/uploads\/2020\/12\/Logo-Hetszolo_Organic_White-2.png","contentUrl":"https:\/\/tokajhetszolo.com\/wp-content\/uploads\/2020\/12\/Logo-Hetszolo_Organic_White-2.png","width":600,"height":371,"caption":"Tokaj"},"image":{"@id":"https:\/\/tokajhetszolo.com\/#\/schema\/logo\/image\/"}}]}},"_links":{"self":[{"href":"https:\/\/tokajhetszolo.com\/hu\/wp-json\/wp\/v2\/pages\/271","targetHints":{"allow":["GET"]}}],"collection":[{"href":"https:\/\/tokajhetszolo.com\/hu\/wp-json\/wp\/v2\/pages"}],"about":[{"href":"https:\/\/tokajhetszolo.com\/hu\/wp-json\/wp\/v2\/types\/page"}],"author":[{"embeddable":true,"href":"https:\/\/tokajhetszolo.com\/hu\/wp-json\/wp\/v2\/users\/1"}],"replies":[{"embeddable":true,"href":"https:\/\/tokajhetszolo.com\/hu\/wp-json\/wp\/v2\/comments?post=271"}],"version-history":[{"count":11,"href":"https:\/\/tokajhetszolo.com\/hu\/wp-json\/wp\/v2\/pages\/271\/revisions"}],"predecessor-version":[{"id":2367,"href":"https:\/\/tokajhetszolo.com\/hu\/wp-json\/wp\/v2\/pages\/271\/revisions\/2367"}],"wp:attachment":[{"href":"https:\/\/tokajhetszolo.com\/hu\/wp-json\/wp\/v2\/media?parent=271"}],"curies":[{"name":"wp","href":"https:\/\/api.w.org\/{rel}","templated":true}]}}