{"id":2685,"date":"2022-08-11T14:16:05","date_gmt":"2022-08-11T14:16:05","guid":{"rendered":"https:\/\/tokajhetszolo.com\/?page_id=2685"},"modified":"2022-08-11T14:17:13","modified_gmt":"2022-08-11T14:17:13","slug":"history-of-the-rakoczi-cellar","status":"publish","type":"page","link":"https:\/\/tokajhetszolo.com\/hu\/history-of-the-rakoczi-cellar\/","title":{"rendered":"A R\u00e1k\u00f3czi Pince t\u00f6rt\u00e9nete"},"content":{"rendered":"<div data-elementor-type=\"wp-page\" data-elementor-id=\"2685\" class=\"elementor elementor-2685\" data-elementor-post-type=\"page\">\n\t\t\t\t\t\t<section class=\"elementor-section elementor-top-section elementor-element elementor-element-3a88c309 elementor-section-height-min-height elementor-section-boxed elementor-section-height-default elementor-section-items-middle\" data-id=\"3a88c309\" data-element_type=\"section\" data-e-type=\"section\" data-settings=\"{&quot;background_background&quot;:&quot;classic&quot;}\">\n\t\t\t\t\t\t\t<div class=\"elementor-background-overlay\"><\/div>\n\t\t\t\t\t\t\t<div class=\"elementor-container elementor-column-gap-default\">\n\t\t\t\t\t<div class=\"elementor-column elementor-col-100 elementor-top-column elementor-element elementor-element-603f10e0\" data-id=\"603f10e0\" data-element_type=\"column\" data-e-type=\"column\">\n\t\t\t<div class=\"elementor-widget-wrap elementor-element-populated\">\n\t\t\t\t\t\t<div class=\"elementor-element elementor-element-553152af elementor-widget elementor-widget-heading\" data-id=\"553152af\" data-element_type=\"widget\" data-e-type=\"widget\" data-widget_type=\"heading.default\">\n\t\t\t\t<div class=\"elementor-widget-container\">\n\t\t\t\t\t<h2 class=\"elementor-heading-title elementor-size-default\">A R\u00e1k\u00f3czi Pince t\u00f6rt\u00e9nete<\/h2>\t\t\t\t<\/div>\n\t\t\t\t<\/div>\n\t\t\t\t\t<\/div>\n\t\t<\/div>\n\t\t\t\t\t<\/div>\n\t\t<\/section>\n\t\t\t\t<section class=\"elementor-section elementor-top-section elementor-element elementor-element-1aa44eb elementor-section-boxed elementor-section-height-default elementor-section-height-default\" data-id=\"1aa44eb\" data-element_type=\"section\" data-e-type=\"section\" data-settings=\"{&quot;background_background&quot;:&quot;classic&quot;}\">\n\t\t\t\t\t\t<div class=\"elementor-container elementor-column-gap-default\">\n\t\t\t\t\t<div class=\"elementor-column elementor-col-100 elementor-top-column elementor-element elementor-element-01eeb73\" data-id=\"01eeb73\" data-element_type=\"column\" data-e-type=\"column\">\n\t\t\t<div class=\"elementor-widget-wrap elementor-element-populated\">\n\t\t\t\t\t\t<div class=\"elementor-element elementor-element-6505243 elementor-widget elementor-widget-text-editor\" data-id=\"6505243\" data-element_type=\"widget\" data-e-type=\"widget\" data-widget_type=\"text-editor.default\">\n\t\t\t\t<div class=\"elementor-widget-container\">\n\t\t\t\t\t\t\t\t\t<p>\u201eVinum Regum \u2013 Rex Vinorum\u201d, azaz \u201eA kir\u00e1lyok bora \u2013 a borok kir\u00e1lya!\u201d XIV. Lajos francia kir\u00e1ly, a Napkir\u00e1ly r\u00e9v\u00e9n vil\u00e1gh\u00edr\u0171v\u00e9 v\u00e1lt mondat bizony\u00e1ra t\u00f6bb sz\u00e1z alkalommal hangzott el Tokaj-Hegyalja legismertebb borospinc\u00e9j\u00e9ben, a R\u00e1k\u00f3czi Pinc\u00e9ben. Hossz\u00fa \u00e9s dics\u0151s\u00e9ges t\u00f6rt\u00e9nelme sor\u00e1n a pince Magyarorsz\u00e1g legnemesebb bor\u00e1val, a Tokaji Asz\u00faval szolg\u00e1lta ki a fejedelmi R\u00e1k\u00f3czi-csal\u00e1d f\u00e9rfi tagjait, magyar kir\u00e1lyokat, erd\u00e9lyi fejedelmeket \u00e9s azok el\u0151kel\u0151 vend\u00e9geit.<\/p><p>\u00a0<\/p><p>pince a R\u00e1k\u00f3czi csal\u00e1dr\u00f3l kapta nev\u00e9t, eml\u00e9ket \u00e1ll\u00edtva annak a 17. sz\u00e1zadi id\u0151szaknak, amikor Tokaj v\u00e1rosa a csal\u00e1d birtok\u00e1ban \u00e1llt, \u00e9s amikor a pince els\u0151 \u00edr\u00e1sos eml\u00edt\u00e9se is megsz\u00fcletett. A korabeli forr\u00e1sokban \u201ePalotak\u00e9nt\u201d emlegetett \u00e9p\u00fcletegy\u00fcttes h\u00e1rom utc\u00e1val hat\u00e1rolt, j\u00f3l v\u00e9dhet\u0151 \u00e9s kiv\u00e1l\u00f3an m\u0171k\u00f6dtethet\u0151 gazdas\u00e1gi \u00e9s igazgat\u00e1si k\u00f6zpontot alkotott a k\u00f6z\u00e9pkori v\u00e1rosmag sz\u00edv\u00e9ben, k\u00f6zvetlen\u00fcl a f\u0151t\u00e9r mellett. N\u00e9h\u00e1ny l\u00e9p\u00e9sre tal\u00e1lhat\u00f3 az \u00c1rp\u00e1d-kori templom is, amelyet el\u0151bb g\u00f3tikus elemekkel b\u0151v\u00edtettek, majd 1910-ben neorom\u00e1n st\u00edlusban \u00e9p\u00edtettek \u00fajj\u00e1.\n\nA pince \u00e9s a f\u00f6l\u00f6tte \u00e1ll\u00f3 k\u00faria a 16\u201317. sz\u00e1zadban Tokaj borkereskedelm\u00e9nek k\u00f6zpontjak\u00e9nt m\u0171k\u00f6d\u00f6tt, amit sz\u00e1mos oklev\u00e9l \u00e9s korabeli m\u0171alkot\u00e1s is igazol. Nem v\u00e9letlen teh\u00e1t, hogy itt tal\u00e1lhat\u00f3 Tokaj-Hegyalja legnagyobb f\u00f6ld alatti lovagterme. A harminc m\u00e9ter hossz\u00fa, t\u00edz m\u00e9ter sz\u00e9les \u00e9s \u00f6t m\u00e9ter magas terem er\u0151teljesen id\u00e9zi a k\u00f6z\u00e9pkor hangulat\u00e1t. Ahogy bel\u00e9p\u00fcnk, szinte megelevenedik a m\u00falt, \u00e9s a bolt\u00edvek alatt \u00fajra hallani v\u00e9lj\u00fck a legend\u00e1s kir\u00e1lyok, fejedelmek \u00e9s nemesek magasba emelt aranykup\u00e1inak cseng\u00e9s\u00e9t.<\/p><p>\u00a0<\/p><p>A pince \u00e9s a k\u00faria t\u00f6rt\u00e9nete val\u00f3j\u00e1ban j\u00f3val kor\u00e1bbra ny\u00falik vissza, mint a R\u00e1k\u00f3cziak uralma. Mivel a k\u00f6zeli r\u00f3mai katolikus templom a 13. sz\u00e1zadban \u00e9p\u00fclt, felt\u00e9telezhet\u0151, hogy maga a pince \u00e9s a k\u00faria is k\u00f6z\u00e9pkori eredet\u0171, k\u00fcl\u00f6n\u00f6sen a r\u00e9gebbi, keskenyebb \u00e9s m\u00e9lyebben fut\u00f3 pincej\u00e1ratok eset\u00e9ben. A t\u00f6rt\u00e9neti kutat\u00e1sok szerint p\u00e9ld\u00e1ul Hunyadi M\u00e1ty\u00e1s innen ind\u00edtotta sereg\u00e9t a huszit\u00e1k ellen Tokaj alatt, \u00e9s itt ki\u00e1ltott\u00e1k kir\u00e1lly\u00e1 Szapolyai J\u00e1nost is \u2014 amely esem\u00e9nyt bizony\u00e1ra Hegyalja legnagyobb borospinc\u00e9j\u00e9ben \u00fcnnepelt\u00e9k meg.\n\nA pinc\u00e9ben tal\u00e1lt\u00e1k meg tov\u00e1bb\u00e1 Tokaj-Hegyalja els\u0151 hitelesen a 17. sz\u00e1zadra dat\u00e1lt sz\u0151l\u0151magjait is. A r\u00e9g\u00e9szeti felt\u00e1r\u00e1sok kimutatt\u00e1k, hogy a k\u00f6z\u00e9pkori \u00e9s \u00c1rp\u00e1d-kori r\u00e9tegek vastags\u00e1ga el\u00e9ri a m\u00e1sf\u00e9l m\u00e9tert, ami arra utal, hogy a R\u00e1k\u00f3czi Pince \u00e9s a k\u00faria ter\u00fclete legal\u00e1bb ezer \u00e9ve Tokaj egyik legfontosabb k\u00f6zpontja. Itt int\u00e9zt\u00e9k a legjelent\u0151sebb \u00fcgyeket, \u00e9s itt \u0151rizt\u00e9k a legnagyobb \u00e9rt\u00e9keket. Tokaj-Hegyalj\u00e1n pedig nincs nagyobb \u00e9rt\u00e9k a born\u00e1l \u00e9s a borkereskedelemn\u00e9l.<\/p><p>\u00a0<\/p><p>Tokaj aranyl\u00f3 kincseit \u00e9vsz\u00e1zadokon \u00e1t ebben a pinc\u00e9ben \u0151rizt\u00e9k. Azok a szerencs\u00e9sek, akiknek megadatik, hogy itt k\u00f3stolj\u00e1k meg a bort, val\u00f3ban kir\u00e1lyok, fejedelmek \u00e9s f\u0151nemesek nyomdokaiban j\u00e1rnak. \u00c9s mik\u00f6zben a Tokaji Asz\u00fat \u00edzlelik, bizony\u00e1ra maguk is \u00edgy ki\u00e1ltanak fel: \u201eEz val\u00f3ban a kir\u00e1lyok bora \u2014 a borok kir\u00e1lya!\u201d\n\n(Makoldi Mikl\u00f3s r\u00e9g\u00e9sz \u00edr\u00e1sa alapj\u00e1n)<\/p>\t\t\t\t\t\t\t\t<\/div>\n\t\t\t\t<\/div>\n\t\t\t\t\t<\/div>\n\t\t<\/div>\n\t\t\t\t\t<\/div>\n\t\t<\/section>\n\t\t\t\t<\/div>","protected":false},"excerpt":{"rendered":"<p>History of the R\u00e1k\u00f3czi Cellar Vinum Regum \u2013 Rex Vinorum; or the Wine of Kings \u2013 the King of Wines! Catapulted to world fame by&#8230;<\/p>","protected":false},"author":1,"featured_media":0,"parent":0,"menu_order":0,"comment_status":"closed","ping_status":"closed","template":"","meta":{"footnotes":""},"class_list":["post-2685","page","type-page","status-publish"],"acf":[],"yoast_head":"<!-- This site is optimized with the Yoast SEO plugin v27.5 - https:\/\/yoast.com\/product\/yoast-seo-wordpress\/ -->\n<title>History of the R\u00e1k\u00f3czi Cellar - Tokaj<\/title>\n<meta name=\"robots\" content=\"index, follow, max-snippet:-1, max-image-preview:large, max-video-preview:-1\" \/>\n<link rel=\"canonical\" href=\"https:\/\/tokajhetszolo.com\/hu\/history-of-the-rakoczi-cellar\/\" \/>\n<meta property=\"og:locale\" content=\"hu_HU\" \/>\n<meta property=\"og:type\" content=\"article\" \/>\n<meta property=\"og:title\" content=\"History of the R\u00e1k\u00f3czi Cellar - Tokaj\" \/>\n<meta property=\"og:description\" content=\"History of the R\u00e1k\u00f3czi Cellar Vinum Regum \u2013 Rex Vinorum; or the Wine of Kings \u2013 the King of Wines! Catapulted to world fame by...\" \/>\n<meta property=\"og:url\" content=\"https:\/\/tokajhetszolo.com\/hu\/history-of-the-rakoczi-cellar\/\" \/>\n<meta property=\"og:site_name\" content=\"Tokaj\" \/>\n<meta property=\"article:modified_time\" content=\"2022-08-11T14:17:13+00:00\" \/>\n<meta name=\"twitter:card\" content=\"summary_large_image\" \/>\n<script type=\"application\/ld+json\" class=\"yoast-schema-graph\">{\"@context\":\"https:\\\/\\\/schema.org\",\"@graph\":[{\"@type\":\"WebPage\",\"@id\":\"https:\\\/\\\/tokajhetszolo.com\\\/history-of-the-rakoczi-cellar\\\/\",\"url\":\"https:\\\/\\\/tokajhetszolo.com\\\/history-of-the-rakoczi-cellar\\\/\",\"name\":\"History of the R\u00e1k\u00f3czi Cellar - Tokaj\",\"isPartOf\":{\"@id\":\"https:\\\/\\\/tokajhetszolo.com\\\/#website\"},\"datePublished\":\"2022-08-11T14:16:05+00:00\",\"dateModified\":\"2022-08-11T14:17:13+00:00\",\"breadcrumb\":{\"@id\":\"https:\\\/\\\/tokajhetszolo.com\\\/history-of-the-rakoczi-cellar\\\/#breadcrumb\"},\"inLanguage\":\"hu\",\"potentialAction\":[{\"@type\":\"ReadAction\",\"target\":[\"https:\\\/\\\/tokajhetszolo.com\\\/history-of-the-rakoczi-cellar\\\/\"]}]},{\"@type\":\"BreadcrumbList\",\"@id\":\"https:\\\/\\\/tokajhetszolo.com\\\/history-of-the-rakoczi-cellar\\\/#breadcrumb\",\"itemListElement\":[{\"@type\":\"ListItem\",\"position\":1,\"name\":\"Home\",\"item\":\"https:\\\/\\\/tokajhetszolo.com\\\/\"},{\"@type\":\"ListItem\",\"position\":2,\"name\":\"History of the R\u00e1k\u00f3czi Cellar\"}]},{\"@type\":\"WebSite\",\"@id\":\"https:\\\/\\\/tokajhetszolo.com\\\/#website\",\"url\":\"https:\\\/\\\/tokajhetszolo.com\\\/\",\"name\":\"Tokaj\",\"description\":\"A Taste full of Secrets\",\"publisher\":{\"@id\":\"https:\\\/\\\/tokajhetszolo.com\\\/#organization\"},\"potentialAction\":[{\"@type\":\"SearchAction\",\"target\":{\"@type\":\"EntryPoint\",\"urlTemplate\":\"https:\\\/\\\/tokajhetszolo.com\\\/?s={search_term_string}\"},\"query-input\":{\"@type\":\"PropertyValueSpecification\",\"valueRequired\":true,\"valueName\":\"search_term_string\"}}],\"inLanguage\":\"hu\"},{\"@type\":\"Organization\",\"@id\":\"https:\\\/\\\/tokajhetszolo.com\\\/#organization\",\"name\":\"Tokaj\",\"url\":\"https:\\\/\\\/tokajhetszolo.com\\\/\",\"logo\":{\"@type\":\"ImageObject\",\"inLanguage\":\"hu\",\"@id\":\"https:\\\/\\\/tokajhetszolo.com\\\/#\\\/schema\\\/logo\\\/image\\\/\",\"url\":\"https:\\\/\\\/tokajhetszolo.com\\\/wp-content\\\/uploads\\\/2020\\\/12\\\/Logo-Hetszolo_Organic_White-2.png\",\"contentUrl\":\"https:\\\/\\\/tokajhetszolo.com\\\/wp-content\\\/uploads\\\/2020\\\/12\\\/Logo-Hetszolo_Organic_White-2.png\",\"width\":600,\"height\":371,\"caption\":\"Tokaj\"},\"image\":{\"@id\":\"https:\\\/\\\/tokajhetszolo.com\\\/#\\\/schema\\\/logo\\\/image\\\/\"}}]}<\/script>\n<!-- \/ Yoast SEO plugin. -->","yoast_head_json":{"title":"History of the R\u00e1k\u00f3czi Cellar - Tokaj","robots":{"index":"index","follow":"follow","max-snippet":"max-snippet:-1","max-image-preview":"max-image-preview:large","max-video-preview":"max-video-preview:-1"},"canonical":"https:\/\/tokajhetszolo.com\/hu\/history-of-the-rakoczi-cellar\/","og_locale":"hu_HU","og_type":"article","og_title":"History of the R\u00e1k\u00f3czi Cellar - Tokaj","og_description":"History of the R\u00e1k\u00f3czi Cellar Vinum Regum \u2013 Rex Vinorum; or the Wine of Kings \u2013 the King of Wines! Catapulted to world fame by...","og_url":"https:\/\/tokajhetszolo.com\/hu\/history-of-the-rakoczi-cellar\/","og_site_name":"Tokaj","article_modified_time":"2022-08-11T14:17:13+00:00","twitter_card":"summary_large_image","schema":{"@context":"https:\/\/schema.org","@graph":[{"@type":"WebPage","@id":"https:\/\/tokajhetszolo.com\/history-of-the-rakoczi-cellar\/","url":"https:\/\/tokajhetszolo.com\/history-of-the-rakoczi-cellar\/","name":"History of the R\u00e1k\u00f3czi Cellar - Tokaj","isPartOf":{"@id":"https:\/\/tokajhetszolo.com\/#website"},"datePublished":"2022-08-11T14:16:05+00:00","dateModified":"2022-08-11T14:17:13+00:00","breadcrumb":{"@id":"https:\/\/tokajhetszolo.com\/history-of-the-rakoczi-cellar\/#breadcrumb"},"inLanguage":"hu","potentialAction":[{"@type":"ReadAction","target":["https:\/\/tokajhetszolo.com\/history-of-the-rakoczi-cellar\/"]}]},{"@type":"BreadcrumbList","@id":"https:\/\/tokajhetszolo.com\/history-of-the-rakoczi-cellar\/#breadcrumb","itemListElement":[{"@type":"ListItem","position":1,"name":"Home","item":"https:\/\/tokajhetszolo.com\/"},{"@type":"ListItem","position":2,"name":"History of the R\u00e1k\u00f3czi Cellar"}]},{"@type":"WebSite","@id":"https:\/\/tokajhetszolo.com\/#website","url":"https:\/\/tokajhetszolo.com\/","name":"Tokaj","description":"A Taste full of Secrets","publisher":{"@id":"https:\/\/tokajhetszolo.com\/#organization"},"potentialAction":[{"@type":"SearchAction","target":{"@type":"EntryPoint","urlTemplate":"https:\/\/tokajhetszolo.com\/?s={search_term_string}"},"query-input":{"@type":"PropertyValueSpecification","valueRequired":true,"valueName":"search_term_string"}}],"inLanguage":"hu"},{"@type":"Organization","@id":"https:\/\/tokajhetszolo.com\/#organization","name":"Tokaj","url":"https:\/\/tokajhetszolo.com\/","logo":{"@type":"ImageObject","inLanguage":"hu","@id":"https:\/\/tokajhetszolo.com\/#\/schema\/logo\/image\/","url":"https:\/\/tokajhetszolo.com\/wp-content\/uploads\/2020\/12\/Logo-Hetszolo_Organic_White-2.png","contentUrl":"https:\/\/tokajhetszolo.com\/wp-content\/uploads\/2020\/12\/Logo-Hetszolo_Organic_White-2.png","width":600,"height":371,"caption":"Tokaj"},"image":{"@id":"https:\/\/tokajhetszolo.com\/#\/schema\/logo\/image\/"}}]}},"_links":{"self":[{"href":"https:\/\/tokajhetszolo.com\/hu\/wp-json\/wp\/v2\/pages\/2685","targetHints":{"allow":["GET"]}}],"collection":[{"href":"https:\/\/tokajhetszolo.com\/hu\/wp-json\/wp\/v2\/pages"}],"about":[{"href":"https:\/\/tokajhetszolo.com\/hu\/wp-json\/wp\/v2\/types\/page"}],"author":[{"embeddable":true,"href":"https:\/\/tokajhetszolo.com\/hu\/wp-json\/wp\/v2\/users\/1"}],"replies":[{"embeddable":true,"href":"https:\/\/tokajhetszolo.com\/hu\/wp-json\/wp\/v2\/comments?post=2685"}],"version-history":[{"count":7,"href":"https:\/\/tokajhetszolo.com\/hu\/wp-json\/wp\/v2\/pages\/2685\/revisions"}],"predecessor-version":[{"id":2692,"href":"https:\/\/tokajhetszolo.com\/hu\/wp-json\/wp\/v2\/pages\/2685\/revisions\/2692"}],"wp:attachment":[{"href":"https:\/\/tokajhetszolo.com\/hu\/wp-json\/wp\/v2\/media?parent=2685"}],"curies":[{"name":"wp","href":"https:\/\/api.w.org\/{rel}","templated":true}]}}