{"id":2669,"date":"2022-08-11T14:11:19","date_gmt":"2022-08-11T14:11:19","guid":{"rendered":"https:\/\/tokajhetszolo.com\/?page_id=2669"},"modified":"2026-05-07T10:55:09","modified_gmt":"2026-05-07T10:55:09","slug":"weddings","status":"publish","type":"page","link":"https:\/\/tokajhetszolo.com\/hu\/weddings\/","title":{"rendered":"Esk\u00fcv\u0151k"},"content":{"rendered":"<div data-elementor-type=\"wp-page\" data-elementor-id=\"2669\" class=\"elementor elementor-2669\" data-elementor-post-type=\"page\">\n\t\t\t\t\t\t<section class=\"elementor-section elementor-top-section elementor-element elementor-element-3a88c309 elementor-section-height-min-height elementor-section-boxed elementor-section-height-default elementor-section-items-middle\" data-id=\"3a88c309\" data-element_type=\"section\" data-e-type=\"section\" data-settings=\"{&quot;background_background&quot;:&quot;classic&quot;}\">\n\t\t\t\t\t\t\t<div class=\"elementor-background-overlay\"><\/div>\n\t\t\t\t\t\t\t<div class=\"elementor-container elementor-column-gap-default\">\n\t\t\t\t\t<div class=\"elementor-column elementor-col-100 elementor-top-column elementor-element elementor-element-603f10e0\" data-id=\"603f10e0\" data-element_type=\"column\" data-e-type=\"column\">\n\t\t\t<div class=\"elementor-widget-wrap elementor-element-populated\">\n\t\t\t\t\t\t<div class=\"elementor-element elementor-element-553152af elementor-widget elementor-widget-heading\" data-id=\"553152af\" data-element_type=\"widget\" data-e-type=\"widget\" data-widget_type=\"heading.default\">\n\t\t\t\t<div class=\"elementor-widget-container\">\n\t\t\t\t\t<h2 class=\"elementor-heading-title elementor-size-default\">Esk\u00fcv\u0151k<\/h2>\t\t\t\t<\/div>\n\t\t\t\t<\/div>\n\t\t\t\t\t<\/div>\n\t\t<\/div>\n\t\t\t\t\t<\/div>\n\t\t<\/section>\n\t\t\t\t<section class=\"elementor-section elementor-top-section elementor-element elementor-element-1aa44eb elementor-section-boxed elementor-section-height-default elementor-section-height-default\" data-id=\"1aa44eb\" data-element_type=\"section\" data-e-type=\"section\" data-settings=\"{&quot;background_background&quot;:&quot;classic&quot;}\">\n\t\t\t\t\t\t<div class=\"elementor-container elementor-column-gap-default\">\n\t\t\t\t\t<div class=\"elementor-column elementor-col-100 elementor-top-column elementor-element elementor-element-01eeb73\" data-id=\"01eeb73\" data-element_type=\"column\" data-e-type=\"column\">\n\t\t\t<div class=\"elementor-widget-wrap elementor-element-populated\">\n\t\t\t\t\t\t<div class=\"elementor-element elementor-element-6505243 elementor-widget elementor-widget-text-editor\" data-id=\"6505243\" data-element_type=\"widget\" data-e-type=\"widget\" data-widget_type=\"text-editor.default\">\n\t\t\t\t<div class=\"elementor-widget-container\">\n\t\t\t\t\t\t\t\t\t<p>A R\u00e1k\u00f3czi Pince \u00e9s a K\u00faria termeinek m\u00e9ret\u00e9b\u0151l ad\u00f3d\u00f3an els\u0151sorban kisebb l\u00e9tsz\u00e1m\u00fa esk\u00fcv\u0151k lebonyol\u00edt\u00e1s\u00e1ra ide\u00e1lis helysz\u00edn. A k\u00f6zeli templom \u00e9s a v\u00e1rosh\u00e1za tov\u00e1bb emeli az esem\u00e9ny k\u00fcl\u00f6nleges hangulat\u00e1t, \u00edgy m\u00e9lt\u00f3 k\u00f6rnyezetet biztos\u00edt ehhez a nemes \u00e9s eml\u00e9kezetes alkalomhoz.<\/p><p>\u00a0<\/p><p>K\u00e9rj\u00fck, tekintse meg Rendezv\u00e9nyek oldalunkat, ahol megismerheti helysz\u00edneinket \u00e9s rendezv\u00e9nytereinket.<\/p><p>\u00a0<\/p><p>Fontos megjegyezni, hogy jelenleg csapatunk nem v\u00e1llalja az esk\u00fcv\u0151k teljes k\u00f6r\u0171 megszervez\u00e9s\u00e9t, azonban \u00f6r\u00f6mmel m\u0171k\u00f6d\u00fcnk egy\u00fctt \u00d6nnel vagy esk\u00fcv\u0151szervez\u0151j\u00e9vel a helysz\u00ednnel, italokkal \u00e9s cateringgel kapcsolatos r\u00e9szletek egyeztet\u00e9s\u00e9ben. Amennyiben helyi esk\u00fcv\u0151szervez\u0151t vagy rendezv\u00e9nyszervez\u0151 c\u00e9get keresnek, sz\u00edvesen aj\u00e1nlunk megb\u00edzhat\u00f3 partnereket, \u00e9s \u00f6r\u00f6mmel dolgozunk egy\u00fctt vel\u00fck<\/p><p>\u00a0<\/p><p>Amennyiben megosztja vel\u00fcnk rendezv\u00e9ny\u00e9nek r\u00e9szleteit, \u00f6r\u00f6mmel seg\u00edt\u00fcnk k\u00fcl\u00f6nleges esem\u00e9nye megtervez\u00e9s\u00e9ben. K\u00e9rj\u00fck, k\u00fcldje el megkeres\u00e9s\u00e9t az al\u00e1bbi el\u00e9rhet\u0151s\u00e9gre:\u00a0 <a href=\"mailto:info@rakoczipince.hu\"><b>info@rakoczipince.hu<\/b><\/a><b>\u00a0 +36-30-218-4267<\/b><\/p>\t\t\t\t\t\t\t\t<\/div>\n\t\t\t\t<\/div>\n\t\t\t\t<div class=\"elementor-element elementor-element-eb27095 elementor-widget elementor-widget-gallery\" data-id=\"eb27095\" data-element_type=\"widget\" data-e-type=\"widget\" data-settings=\"{&quot;gallery_layout&quot;:&quot;justified&quot;,&quot;background_overlay_hover_animation&quot;:&quot;enter-zoom-out&quot;,&quot;lazyload&quot;:&quot;yes&quot;,&quot;ideal_row_height&quot;:{&quot;unit&quot;:&quot;px&quot;,&quot;size&quot;:200,&quot;sizes&quot;:[]},&quot;ideal_row_height_tablet&quot;:{&quot;unit&quot;:&quot;px&quot;,&quot;size&quot;:150,&quot;sizes&quot;:[]},&quot;ideal_row_height_mobile&quot;:{&quot;unit&quot;:&quot;px&quot;,&quot;size&quot;:150,&quot;sizes&quot;:[]},&quot;gap&quot;:{&quot;unit&quot;:&quot;px&quot;,&quot;size&quot;:10,&quot;sizes&quot;:[]},&quot;gap_tablet&quot;:{&quot;unit&quot;:&quot;px&quot;,&quot;size&quot;:10,&quot;sizes&quot;:[]},&quot;gap_mobile&quot;:{&quot;unit&quot;:&quot;px&quot;,&quot;size&quot;:10,&quot;sizes&quot;:[]},&quot;link_to&quot;:&quot;file&quot;,&quot;overlay_background&quot;:&quot;yes&quot;,&quot;content_hover_animation&quot;:&quot;fade-in&quot;}\" data-widget_type=\"gallery.default\">\n\t\t\t\t<div class=\"elementor-widget-container\">\n\t\t\t\t\t\t\t<div class=\"elementor-gallery__container\">\n\t\t\t\t\t\t\t<a class=\"e-gallery-item elementor-gallery-item elementor-animated-content\" href=\"https:\/\/tokajhetszolo.com\/wp-content\/uploads\/2026\/05\/F54A7750-scaled.jpg\" data-elementor-open-lightbox=\"yes\" data-elementor-lightbox-slideshow=\"eb27095\" data-elementor-lightbox-title=\"F54A7750\" data-e-action-hash=\"#elementor-action%3Aaction%3Dlightbox%26settings%3DeyJpZCI6MzM1NCwidXJsIjoiaHR0cHM6XC9cL3Rva2FqaGV0c3pvbG8uY29tXC93cC1jb250ZW50XC91cGxvYWRzXC8yMDI2XC8wNVwvRjU0QTc3NTAtc2NhbGVkLmpwZyIsInNsaWRlc2hvdyI6ImViMjcwOTUifQ%3D%3D\">\n\t\t\t\t\t<div class=\"e-gallery-image elementor-gallery-item__image\" data-thumbnail=\"https:\/\/tokajhetszolo.com\/wp-content\/uploads\/2026\/05\/F54A7750-1024x683.jpg\" data-width=\"640\" data-height=\"427\" aria-label=\"\" role=\"img\" ><\/div>\n\t\t\t\t\t\t\t\t\t\t\t<div class=\"elementor-gallery-item__overlay\"><\/div>\n\t\t\t\t\t\t\t\t\t\t\t\t\t\t<\/a>\n\t\t\t\t\t\t\t<a class=\"e-gallery-item elementor-gallery-item elementor-animated-content\" href=\"https:\/\/tokajhetszolo.com\/wp-content\/uploads\/2026\/05\/Front-scaled.jpg\" data-elementor-open-lightbox=\"yes\" data-elementor-lightbox-slideshow=\"eb27095\" data-elementor-lightbox-title=\"Front\" data-e-action-hash=\"#elementor-action%3Aaction%3Dlightbox%26settings%3DeyJpZCI6MzM1NSwidXJsIjoiaHR0cHM6XC9cL3Rva2FqaGV0c3pvbG8uY29tXC93cC1jb250ZW50XC91cGxvYWRzXC8yMDI2XC8wNVwvRnJvbnQtc2NhbGVkLmpwZyIsInNsaWRlc2hvdyI6ImViMjcwOTUifQ%3D%3D\">\n\t\t\t\t\t<div class=\"e-gallery-image elementor-gallery-item__image\" data-thumbnail=\"https:\/\/tokajhetszolo.com\/wp-content\/uploads\/2026\/05\/Front-1024x621.jpg\" data-width=\"640\" data-height=\"388\" aria-label=\"\" role=\"img\" ><\/div>\n\t\t\t\t\t\t\t\t\t\t\t<div class=\"elementor-gallery-item__overlay\"><\/div>\n\t\t\t\t\t\t\t\t\t\t\t\t\t\t<\/a>\n\t\t\t\t\t\t\t<a class=\"e-gallery-item elementor-gallery-item elementor-animated-content\" href=\"https:\/\/tokajhetszolo.com\/wp-content\/uploads\/2026\/03\/1P9A0895.jpg\" data-elementor-open-lightbox=\"yes\" data-elementor-lightbox-slideshow=\"eb27095\" data-elementor-lightbox-title=\"1P9A0895\" data-e-action-hash=\"#elementor-action%3Aaction%3Dlightbox%26settings%3DeyJpZCI6MzI0NSwidXJsIjoiaHR0cHM6XC9cL3Rva2FqaGV0c3pvbG8uY29tXC93cC1jb250ZW50XC91cGxvYWRzXC8yMDI2XC8wM1wvMVA5QTA4OTUuanBnIiwic2xpZGVzaG93IjoiZWIyNzA5NSJ9\">\n\t\t\t\t\t<div class=\"e-gallery-image elementor-gallery-item__image\" data-thumbnail=\"https:\/\/tokajhetszolo.com\/wp-content\/uploads\/2026\/03\/1P9A0895-1024x683.jpg\" data-width=\"640\" data-height=\"427\" aria-label=\"\" role=\"img\" ><\/div>\n\t\t\t\t\t\t\t\t\t\t\t<div class=\"elementor-gallery-item__overlay\"><\/div>\n\t\t\t\t\t\t\t\t\t\t\t\t\t\t<\/a>\n\t\t\t\t\t\t\t<a class=\"e-gallery-item elementor-gallery-item elementor-animated-content\" href=\"https:\/\/tokajhetszolo.com\/wp-content\/uploads\/2026\/03\/1P9A0935.jpg\" data-elementor-open-lightbox=\"yes\" data-elementor-lightbox-slideshow=\"eb27095\" data-elementor-lightbox-title=\"1P9A0935\" data-e-action-hash=\"#elementor-action%3Aaction%3Dlightbox%26settings%3DeyJpZCI6MzI0NiwidXJsIjoiaHR0cHM6XC9cL3Rva2FqaGV0c3pvbG8uY29tXC93cC1jb250ZW50XC91cGxvYWRzXC8yMDI2XC8wM1wvMVA5QTA5MzUuanBnIiwic2xpZGVzaG93IjoiZWIyNzA5NSJ9\">\n\t\t\t\t\t<div class=\"e-gallery-image elementor-gallery-item__image\" data-thumbnail=\"https:\/\/tokajhetszolo.com\/wp-content\/uploads\/2026\/03\/1P9A0935-1024x683.jpg\" data-width=\"640\" data-height=\"427\" aria-label=\"\" role=\"img\" ><\/div>\n\t\t\t\t\t\t\t\t\t\t\t<div class=\"elementor-gallery-item__overlay\"><\/div>\n\t\t\t\t\t\t\t\t\t\t\t\t\t\t<\/a>\n\t\t\t\t\t\t\t<a class=\"e-gallery-item elementor-gallery-item elementor-animated-content\" href=\"https:\/\/tokajhetszolo.com\/wp-content\/uploads\/2026\/03\/DSC_2907.jpg\" data-elementor-open-lightbox=\"yes\" data-elementor-lightbox-slideshow=\"eb27095\" data-elementor-lightbox-title=\"DSC_2907\" data-e-action-hash=\"#elementor-action%3Aaction%3Dlightbox%26settings%3DeyJpZCI6MzIzNCwidXJsIjoiaHR0cHM6XC9cL3Rva2FqaGV0c3pvbG8uY29tXC93cC1jb250ZW50XC91cGxvYWRzXC8yMDI2XC8wM1wvRFNDXzI5MDcuanBnIiwic2xpZGVzaG93IjoiZWIyNzA5NSJ9\">\n\t\t\t\t\t<div class=\"e-gallery-image elementor-gallery-item__image\" data-thumbnail=\"https:\/\/tokajhetszolo.com\/wp-content\/uploads\/2026\/03\/DSC_2907-1024x731.jpg\" data-width=\"640\" data-height=\"457\" aria-label=\"\" role=\"img\" ><\/div>\n\t\t\t\t\t\t\t\t\t\t\t<div class=\"elementor-gallery-item__overlay\"><\/div>\n\t\t\t\t\t\t\t\t\t\t\t\t\t\t<\/a>\n\t\t\t\t\t\t\t<a class=\"e-gallery-item elementor-gallery-item elementor-animated-content\" href=\"https:\/\/tokajhetszolo.com\/wp-content\/uploads\/2026\/03\/DSC_2886.jpg\" data-elementor-open-lightbox=\"yes\" data-elementor-lightbox-slideshow=\"eb27095\" data-elementor-lightbox-title=\"DSC_2886\" data-e-action-hash=\"#elementor-action%3Aaction%3Dlightbox%26settings%3DeyJpZCI6MzIyOCwidXJsIjoiaHR0cHM6XC9cL3Rva2FqaGV0c3pvbG8uY29tXC93cC1jb250ZW50XC91cGxvYWRzXC8yMDI2XC8wM1wvRFNDXzI4ODYuanBnIiwic2xpZGVzaG93IjoiZWIyNzA5NSJ9\">\n\t\t\t\t\t<div class=\"e-gallery-image elementor-gallery-item__image\" data-thumbnail=\"https:\/\/tokajhetszolo.com\/wp-content\/uploads\/2026\/03\/DSC_2886-1024x731.jpg\" data-width=\"640\" data-height=\"457\" aria-label=\"\" role=\"img\" ><\/div>\n\t\t\t\t\t\t\t\t\t\t\t<div class=\"elementor-gallery-item__overlay\"><\/div>\n\t\t\t\t\t\t\t\t\t\t\t\t\t\t<\/a>\n\t\t\t\t\t\t\t<a class=\"e-gallery-item elementor-gallery-item elementor-animated-content\" href=\"https:\/\/tokajhetszolo.com\/wp-content\/uploads\/2026\/03\/DSC_2858.jpg\" data-elementor-open-lightbox=\"yes\" data-elementor-lightbox-slideshow=\"eb27095\" data-elementor-lightbox-title=\"DSC_2858\" data-e-action-hash=\"#elementor-action%3Aaction%3Dlightbox%26settings%3DeyJpZCI6MzIyMCwidXJsIjoiaHR0cHM6XC9cL3Rva2FqaGV0c3pvbG8uY29tXC93cC1jb250ZW50XC91cGxvYWRzXC8yMDI2XC8wM1wvRFNDXzI4NTguanBnIiwic2xpZGVzaG93IjoiZWIyNzA5NSJ9\">\n\t\t\t\t\t<div class=\"e-gallery-image elementor-gallery-item__image\" data-thumbnail=\"https:\/\/tokajhetszolo.com\/wp-content\/uploads\/2026\/03\/DSC_2858-1024x731.jpg\" data-width=\"640\" data-height=\"457\" aria-label=\"\" role=\"img\" ><\/div>\n\t\t\t\t\t\t\t\t\t\t\t<div class=\"elementor-gallery-item__overlay\"><\/div>\n\t\t\t\t\t\t\t\t\t\t\t\t\t\t<\/a>\n\t\t\t\t\t<\/div>\n\t\t\t\t\t<\/div>\n\t\t\t\t<\/div>\n\t\t\t\t\t<\/div>\n\t\t<\/div>\n\t\t\t\t\t<\/div>\n\t\t<\/section>\n\t\t\t\t<\/div>","protected":false},"excerpt":{"rendered":"<p>Weddings Due to the size of the halls of the R\u00e1k\u00f3czi Cellar and Manor House, it is suitable for smaller weddings. The proximity of the&#8230;<\/p>","protected":false},"author":1,"featured_media":0,"parent":0,"menu_order":0,"comment_status":"closed","ping_status":"closed","template":"","meta":{"footnotes":""},"class_list":["post-2669","page","type-page","status-publish"],"acf":[],"yoast_head":"<!-- This site is optimized with the Yoast SEO plugin v27.5 - https:\/\/yoast.com\/product\/yoast-seo-wordpress\/ -->\n<title>Weddings - Tokaj<\/title>\n<meta name=\"robots\" content=\"index, follow, max-snippet:-1, max-image-preview:large, max-video-preview:-1\" \/>\n<link rel=\"canonical\" href=\"https:\/\/tokajhetszolo.com\/hu\/weddings\/\" \/>\n<meta property=\"og:locale\" content=\"hu_HU\" \/>\n<meta property=\"og:type\" content=\"article\" \/>\n<meta property=\"og:title\" content=\"Weddings - Tokaj\" \/>\n<meta property=\"og:description\" content=\"Weddings Due to the size of the halls of the R\u00e1k\u00f3czi Cellar and Manor House, it is suitable for smaller weddings. The proximity of the...\" \/>\n<meta property=\"og:url\" content=\"https:\/\/tokajhetszolo.com\/hu\/weddings\/\" \/>\n<meta property=\"og:site_name\" content=\"Tokaj\" \/>\n<meta property=\"article:modified_time\" content=\"2026-05-07T10:55:09+00:00\" \/>\n<meta name=\"twitter:card\" content=\"summary_large_image\" \/>\n<script type=\"application\/ld+json\" class=\"yoast-schema-graph\">{\"@context\":\"https:\\\/\\\/schema.org\",\"@graph\":[{\"@type\":\"WebPage\",\"@id\":\"https:\\\/\\\/tokajhetszolo.com\\\/weddings\\\/\",\"url\":\"https:\\\/\\\/tokajhetszolo.com\\\/weddings\\\/\",\"name\":\"Weddings - Tokaj\",\"isPartOf\":{\"@id\":\"https:\\\/\\\/tokajhetszolo.com\\\/#website\"},\"datePublished\":\"2022-08-11T14:11:19+00:00\",\"dateModified\":\"2026-05-07T10:55:09+00:00\",\"breadcrumb\":{\"@id\":\"https:\\\/\\\/tokajhetszolo.com\\\/weddings\\\/#breadcrumb\"},\"inLanguage\":\"hu\",\"potentialAction\":[{\"@type\":\"ReadAction\",\"target\":[\"https:\\\/\\\/tokajhetszolo.com\\\/weddings\\\/\"]}]},{\"@type\":\"BreadcrumbList\",\"@id\":\"https:\\\/\\\/tokajhetszolo.com\\\/weddings\\\/#breadcrumb\",\"itemListElement\":[{\"@type\":\"ListItem\",\"position\":1,\"name\":\"Home\",\"item\":\"https:\\\/\\\/tokajhetszolo.com\\\/\"},{\"@type\":\"ListItem\",\"position\":2,\"name\":\"Weddings\"}]},{\"@type\":\"WebSite\",\"@id\":\"https:\\\/\\\/tokajhetszolo.com\\\/#website\",\"url\":\"https:\\\/\\\/tokajhetszolo.com\\\/\",\"name\":\"Tokaj\",\"description\":\"A Taste full of Secrets\",\"publisher\":{\"@id\":\"https:\\\/\\\/tokajhetszolo.com\\\/#organization\"},\"potentialAction\":[{\"@type\":\"SearchAction\",\"target\":{\"@type\":\"EntryPoint\",\"urlTemplate\":\"https:\\\/\\\/tokajhetszolo.com\\\/?s={search_term_string}\"},\"query-input\":{\"@type\":\"PropertyValueSpecification\",\"valueRequired\":true,\"valueName\":\"search_term_string\"}}],\"inLanguage\":\"hu\"},{\"@type\":\"Organization\",\"@id\":\"https:\\\/\\\/tokajhetszolo.com\\\/#organization\",\"name\":\"Tokaj\",\"url\":\"https:\\\/\\\/tokajhetszolo.com\\\/\",\"logo\":{\"@type\":\"ImageObject\",\"inLanguage\":\"hu\",\"@id\":\"https:\\\/\\\/tokajhetszolo.com\\\/#\\\/schema\\\/logo\\\/image\\\/\",\"url\":\"https:\\\/\\\/tokajhetszolo.com\\\/wp-content\\\/uploads\\\/2020\\\/12\\\/Logo-Hetszolo_Organic_White-2.png\",\"contentUrl\":\"https:\\\/\\\/tokajhetszolo.com\\\/wp-content\\\/uploads\\\/2020\\\/12\\\/Logo-Hetszolo_Organic_White-2.png\",\"width\":600,\"height\":371,\"caption\":\"Tokaj\"},\"image\":{\"@id\":\"https:\\\/\\\/tokajhetszolo.com\\\/#\\\/schema\\\/logo\\\/image\\\/\"}}]}<\/script>\n<!-- \/ Yoast SEO plugin. -->","yoast_head_json":{"title":"Weddings - Tokaj","robots":{"index":"index","follow":"follow","max-snippet":"max-snippet:-1","max-image-preview":"max-image-preview:large","max-video-preview":"max-video-preview:-1"},"canonical":"https:\/\/tokajhetszolo.com\/hu\/weddings\/","og_locale":"hu_HU","og_type":"article","og_title":"Weddings - Tokaj","og_description":"Weddings Due to the size of the halls of the R\u00e1k\u00f3czi Cellar and Manor House, it is suitable for smaller weddings. The proximity of the...","og_url":"https:\/\/tokajhetszolo.com\/hu\/weddings\/","og_site_name":"Tokaj","article_modified_time":"2026-05-07T10:55:09+00:00","twitter_card":"summary_large_image","schema":{"@context":"https:\/\/schema.org","@graph":[{"@type":"WebPage","@id":"https:\/\/tokajhetszolo.com\/weddings\/","url":"https:\/\/tokajhetszolo.com\/weddings\/","name":"Weddings - Tokaj","isPartOf":{"@id":"https:\/\/tokajhetszolo.com\/#website"},"datePublished":"2022-08-11T14:11:19+00:00","dateModified":"2026-05-07T10:55:09+00:00","breadcrumb":{"@id":"https:\/\/tokajhetszolo.com\/weddings\/#breadcrumb"},"inLanguage":"hu","potentialAction":[{"@type":"ReadAction","target":["https:\/\/tokajhetszolo.com\/weddings\/"]}]},{"@type":"BreadcrumbList","@id":"https:\/\/tokajhetszolo.com\/weddings\/#breadcrumb","itemListElement":[{"@type":"ListItem","position":1,"name":"Home","item":"https:\/\/tokajhetszolo.com\/"},{"@type":"ListItem","position":2,"name":"Weddings"}]},{"@type":"WebSite","@id":"https:\/\/tokajhetszolo.com\/#website","url":"https:\/\/tokajhetszolo.com\/","name":"Tokaj","description":"A Taste full of Secrets","publisher":{"@id":"https:\/\/tokajhetszolo.com\/#organization"},"potentialAction":[{"@type":"SearchAction","target":{"@type":"EntryPoint","urlTemplate":"https:\/\/tokajhetszolo.com\/?s={search_term_string}"},"query-input":{"@type":"PropertyValueSpecification","valueRequired":true,"valueName":"search_term_string"}}],"inLanguage":"hu"},{"@type":"Organization","@id":"https:\/\/tokajhetszolo.com\/#organization","name":"Tokaj","url":"https:\/\/tokajhetszolo.com\/","logo":{"@type":"ImageObject","inLanguage":"hu","@id":"https:\/\/tokajhetszolo.com\/#\/schema\/logo\/image\/","url":"https:\/\/tokajhetszolo.com\/wp-content\/uploads\/2020\/12\/Logo-Hetszolo_Organic_White-2.png","contentUrl":"https:\/\/tokajhetszolo.com\/wp-content\/uploads\/2020\/12\/Logo-Hetszolo_Organic_White-2.png","width":600,"height":371,"caption":"Tokaj"},"image":{"@id":"https:\/\/tokajhetszolo.com\/#\/schema\/logo\/image\/"}}]}},"_links":{"self":[{"href":"https:\/\/tokajhetszolo.com\/hu\/wp-json\/wp\/v2\/pages\/2669","targetHints":{"allow":["GET"]}}],"collection":[{"href":"https:\/\/tokajhetszolo.com\/hu\/wp-json\/wp\/v2\/pages"}],"about":[{"href":"https:\/\/tokajhetszolo.com\/hu\/wp-json\/wp\/v2\/types\/page"}],"author":[{"embeddable":true,"href":"https:\/\/tokajhetszolo.com\/hu\/wp-json\/wp\/v2\/users\/1"}],"replies":[{"embeddable":true,"href":"https:\/\/tokajhetszolo.com\/hu\/wp-json\/wp\/v2\/comments?post=2669"}],"version-history":[{"count":25,"href":"https:\/\/tokajhetszolo.com\/hu\/wp-json\/wp\/v2\/pages\/2669\/revisions"}],"predecessor-version":[{"id":3367,"href":"https:\/\/tokajhetszolo.com\/hu\/wp-json\/wp\/v2\/pages\/2669\/revisions\/3367"}],"wp:attachment":[{"href":"https:\/\/tokajhetszolo.com\/hu\/wp-json\/wp\/v2\/media?parent=2669"}],"curies":[{"name":"wp","href":"https:\/\/api.w.org\/{rel}","templated":true}]}}