{"id":2664,"date":"2022-08-11T14:09:26","date_gmt":"2022-08-11T14:09:26","guid":{"rendered":"https:\/\/tokajhetszolo.com\/?page_id=2664"},"modified":"2024-05-06T15:48:13","modified_gmt":"2024-05-06T15:48:13","slug":"vineyard-tour","status":"publish","type":"page","link":"https:\/\/tokajhetszolo.com\/hu\/vineyard-tour\/","title":{"rendered":"Vineyard Tour"},"content":{"rendered":"<div data-elementor-type=\"wp-page\" data-elementor-id=\"2664\" class=\"elementor elementor-2664\" data-elementor-post-type=\"page\">\n\t\t\t\t\t\t<section class=\"elementor-section elementor-top-section elementor-element elementor-element-3a88c309 elementor-section-height-min-height elementor-section-boxed elementor-section-height-default elementor-section-items-middle\" data-id=\"3a88c309\" data-element_type=\"section\" data-e-type=\"section\" data-settings=\"{&quot;background_background&quot;:&quot;classic&quot;}\">\n\t\t\t\t\t\t\t<div class=\"elementor-background-overlay\"><\/div>\n\t\t\t\t\t\t\t<div class=\"elementor-container elementor-column-gap-default\">\n\t\t\t\t\t<div class=\"elementor-column elementor-col-100 elementor-top-column elementor-element elementor-element-603f10e0\" data-id=\"603f10e0\" data-element_type=\"column\" data-e-type=\"column\">\n\t\t\t<div class=\"elementor-widget-wrap elementor-element-populated\">\n\t\t\t\t\t\t<div class=\"elementor-element elementor-element-553152af elementor-widget elementor-widget-heading\" data-id=\"553152af\" data-element_type=\"widget\" data-e-type=\"widget\" data-widget_type=\"heading.default\">\n\t\t\t\t<div class=\"elementor-widget-container\">\n\t\t\t\t\t<h2 class=\"elementor-heading-title elementor-size-default\">Vineyard Tour<\/h2>\t\t\t\t<\/div>\n\t\t\t\t<\/div>\n\t\t\t\t\t<\/div>\n\t\t<\/div>\n\t\t\t\t\t<\/div>\n\t\t<\/section>\n\t\t\t\t<section class=\"elementor-section elementor-top-section elementor-element elementor-element-1aa44eb elementor-section-boxed elementor-section-height-default elementor-section-height-default\" data-id=\"1aa44eb\" data-element_type=\"section\" data-e-type=\"section\" data-settings=\"{&quot;background_background&quot;:&quot;classic&quot;}\">\n\t\t\t\t\t\t<div class=\"elementor-container elementor-column-gap-default\">\n\t\t\t\t\t<div class=\"elementor-column elementor-col-100 elementor-top-column elementor-element elementor-element-01eeb73\" data-id=\"01eeb73\" data-element_type=\"column\" data-e-type=\"column\">\n\t\t\t<div class=\"elementor-widget-wrap elementor-element-populated\">\n\t\t\t\t\t\t<div class=\"elementor-element elementor-element-6505243 elementor-widget elementor-widget-text-editor\" data-id=\"6505243\" data-element_type=\"widget\" data-e-type=\"widget\" data-widget_type=\"text-editor.default\">\n\t\t\t\t<div class=\"elementor-widget-container\">\n\t\t\t\t\t\t\t\t\t<p>The world-class vineyards of the Tokaj-H\u00e9tsz\u0151l\u0151 Estate are located on the southern slopes of Tokaj.&nbsp; The 55-hectare vineyard dates back to 1502 when the Garai family merged seven vineyards into one.<\/p>\n<p><\/p>\n<p>The wines of the estate are infused with the silky, elegant freshness of the loose soil volcanic soil.&nbsp; This elegance and refinement ensure the distinctive value of the H\u00e9tsz\u0151l\u0151 wines for centuries<\/p>\n<p><\/p>\n<p>Upon request, you can also visit the VINEYARD, where our guests can get to know our BIO estate, vineyards, viticultural operations in more detail, all under the professional guidance of our winemaker colleague.&nbsp; Please kindly inform us at least one week in advance of your desired visit.&nbsp; Located in the main square of Tokaj, the R\u00e1k\u00f3czi Cellar is a 7-minute drive to the H\u00e9tsz\u0151l\u0151 estate. By foot, it is 25-30 minutes away.<\/p>\n<p><\/p>\n<p>The program can only be requested together with the wine tasting in the R\u00e1k\u00f3czi Cellar. The price of the visit does not include wines other than the wine tasting of the R\u00e1k\u00f3czi Cellar.<\/p>\n<p><\/p>\n<p>The Tokaj-H\u00e9tsz\u0151l\u0151 Vineyard is one of the most beautiful vineyards in Hungary today, based on the natural conditions and the detail taken to provide quality viticulture.<\/p>\n<p><\/p>\n<p>The VINE TRAIL at the vineyard serves the purpose of allowing the visitors of the vineyard to familiarize themselves, without any professional guidance, with the most important vine varieties in Tokaj.&nbsp; The exceptional location of the Tokaj-H\u00e9tsz\u0151l\u0151 Vineyard, its easy access, the marked paths on the estate, and the extraordinary care of vineyards provide an opportunity for everyone to discover the daily life of an historic estate.<\/p>\n<p><\/p>\n<p><strong>For more details, please contact:&nbsp;<\/strong><\/p>\n<p><span style=\"color: var( --e-global-color-primary );\">H-3910 Tokaj, Kossuth Square 15.<\/span><\/p>\n<p><span style=\"color: var( --e-global-color-primary );\">info@rakoczipince.h<\/span><\/p>\n<p><span style=\"color: var( --e-global-color-primary );\">+ 36-30-436-5767<\/span><\/p>\n<p><\/p>\t\t\t\t\t\t\t\t<\/div>\n\t\t\t\t<\/div>\n\t\t\t\t\t<\/div>\n\t\t<\/div>\n\t\t\t\t\t<\/div>\n\t\t<\/section>\n\t\t\t\t<\/div>","protected":false},"excerpt":{"rendered":"<p>Vineyard Tour The world-class vineyards of the Tokaj-H\u00e9tsz\u0151l\u0151 Estate are located on the southern slopes of Tokaj.&nbsp; The 55-hectare vineyard dates back to 1502 when&#8230;<\/p>","protected":false},"author":1,"featured_media":0,"parent":0,"menu_order":0,"comment_status":"closed","ping_status":"closed","template":"","meta":{"footnotes":""},"class_list":["post-2664","page","type-page","status-publish"],"acf":[],"yoast_head":"<!-- This site is optimized with the Yoast SEO plugin v27.4 - https:\/\/yoast.com\/product\/yoast-seo-wordpress\/ -->\n<title>Vineyard Tour - Tokaj<\/title>\n<meta name=\"robots\" content=\"index, follow, max-snippet:-1, max-image-preview:large, max-video-preview:-1\" \/>\n<link rel=\"canonical\" href=\"https:\/\/tokajhetszolo.com\/hu\/vineyard-tour\/\" \/>\n<meta property=\"og:locale\" content=\"hu_HU\" \/>\n<meta property=\"og:type\" content=\"article\" \/>\n<meta property=\"og:title\" content=\"Vineyard Tour - Tokaj\" \/>\n<meta property=\"og:description\" content=\"Vineyard Tour The world-class vineyards of the Tokaj-H\u00e9tsz\u0151l\u0151 Estate are located on the southern slopes of Tokaj.&nbsp; The 55-hectare vineyard dates back to 1502 when...\" \/>\n<meta property=\"og:url\" content=\"https:\/\/tokajhetszolo.com\/hu\/vineyard-tour\/\" \/>\n<meta property=\"og:site_name\" content=\"Tokaj\" \/>\n<meta property=\"article:modified_time\" content=\"2024-05-06T15:48:13+00:00\" \/>\n<meta name=\"twitter:card\" content=\"summary_large_image\" \/>\n<script type=\"application\/ld+json\" class=\"yoast-schema-graph\">{\"@context\":\"https:\\\/\\\/schema.org\",\"@graph\":[{\"@type\":\"WebPage\",\"@id\":\"https:\\\/\\\/tokajhetszolo.com\\\/vineyard-tour\\\/\",\"url\":\"https:\\\/\\\/tokajhetszolo.com\\\/vineyard-tour\\\/\",\"name\":\"Vineyard Tour - Tokaj\",\"isPartOf\":{\"@id\":\"https:\\\/\\\/tokajhetszolo.com\\\/#website\"},\"datePublished\":\"2022-08-11T14:09:26+00:00\",\"dateModified\":\"2024-05-06T15:48:13+00:00\",\"breadcrumb\":{\"@id\":\"https:\\\/\\\/tokajhetszolo.com\\\/vineyard-tour\\\/#breadcrumb\"},\"inLanguage\":\"hu\",\"potentialAction\":[{\"@type\":\"ReadAction\",\"target\":[\"https:\\\/\\\/tokajhetszolo.com\\\/vineyard-tour\\\/\"]}]},{\"@type\":\"BreadcrumbList\",\"@id\":\"https:\\\/\\\/tokajhetszolo.com\\\/vineyard-tour\\\/#breadcrumb\",\"itemListElement\":[{\"@type\":\"ListItem\",\"position\":1,\"name\":\"Home\",\"item\":\"https:\\\/\\\/tokajhetszolo.com\\\/\"},{\"@type\":\"ListItem\",\"position\":2,\"name\":\"Vineyard Tour\"}]},{\"@type\":\"WebSite\",\"@id\":\"https:\\\/\\\/tokajhetszolo.com\\\/#website\",\"url\":\"https:\\\/\\\/tokajhetszolo.com\\\/\",\"name\":\"Tokaj\",\"description\":\"A Taste full of Secrets\",\"publisher\":{\"@id\":\"https:\\\/\\\/tokajhetszolo.com\\\/#organization\"},\"potentialAction\":[{\"@type\":\"SearchAction\",\"target\":{\"@type\":\"EntryPoint\",\"urlTemplate\":\"https:\\\/\\\/tokajhetszolo.com\\\/?s={search_term_string}\"},\"query-input\":{\"@type\":\"PropertyValueSpecification\",\"valueRequired\":true,\"valueName\":\"search_term_string\"}}],\"inLanguage\":\"hu\"},{\"@type\":\"Organization\",\"@id\":\"https:\\\/\\\/tokajhetszolo.com\\\/#organization\",\"name\":\"Tokaj\",\"url\":\"https:\\\/\\\/tokajhetszolo.com\\\/\",\"logo\":{\"@type\":\"ImageObject\",\"inLanguage\":\"hu\",\"@id\":\"https:\\\/\\\/tokajhetszolo.com\\\/#\\\/schema\\\/logo\\\/image\\\/\",\"url\":\"https:\\\/\\\/tokajhetszolo.com\\\/wp-content\\\/uploads\\\/2020\\\/12\\\/Logo-Hetszolo_Organic_White-2.png\",\"contentUrl\":\"https:\\\/\\\/tokajhetszolo.com\\\/wp-content\\\/uploads\\\/2020\\\/12\\\/Logo-Hetszolo_Organic_White-2.png\",\"width\":600,\"height\":371,\"caption\":\"Tokaj\"},\"image\":{\"@id\":\"https:\\\/\\\/tokajhetszolo.com\\\/#\\\/schema\\\/logo\\\/image\\\/\"}}]}<\/script>\n<!-- \/ Yoast SEO plugin. -->","yoast_head_json":{"title":"Vineyard Tour - Tokaj","robots":{"index":"index","follow":"follow","max-snippet":"max-snippet:-1","max-image-preview":"max-image-preview:large","max-video-preview":"max-video-preview:-1"},"canonical":"https:\/\/tokajhetszolo.com\/hu\/vineyard-tour\/","og_locale":"hu_HU","og_type":"article","og_title":"Vineyard Tour - Tokaj","og_description":"Vineyard Tour The world-class vineyards of the Tokaj-H\u00e9tsz\u0151l\u0151 Estate are located on the southern slopes of Tokaj.&nbsp; The 55-hectare vineyard dates back to 1502 when...","og_url":"https:\/\/tokajhetszolo.com\/hu\/vineyard-tour\/","og_site_name":"Tokaj","article_modified_time":"2024-05-06T15:48:13+00:00","twitter_card":"summary_large_image","schema":{"@context":"https:\/\/schema.org","@graph":[{"@type":"WebPage","@id":"https:\/\/tokajhetszolo.com\/vineyard-tour\/","url":"https:\/\/tokajhetszolo.com\/vineyard-tour\/","name":"Vineyard Tour - Tokaj","isPartOf":{"@id":"https:\/\/tokajhetszolo.com\/#website"},"datePublished":"2022-08-11T14:09:26+00:00","dateModified":"2024-05-06T15:48:13+00:00","breadcrumb":{"@id":"https:\/\/tokajhetszolo.com\/vineyard-tour\/#breadcrumb"},"inLanguage":"hu","potentialAction":[{"@type":"ReadAction","target":["https:\/\/tokajhetszolo.com\/vineyard-tour\/"]}]},{"@type":"BreadcrumbList","@id":"https:\/\/tokajhetszolo.com\/vineyard-tour\/#breadcrumb","itemListElement":[{"@type":"ListItem","position":1,"name":"Home","item":"https:\/\/tokajhetszolo.com\/"},{"@type":"ListItem","position":2,"name":"Vineyard Tour"}]},{"@type":"WebSite","@id":"https:\/\/tokajhetszolo.com\/#website","url":"https:\/\/tokajhetszolo.com\/","name":"Tokaj","description":"A Taste full of Secrets","publisher":{"@id":"https:\/\/tokajhetszolo.com\/#organization"},"potentialAction":[{"@type":"SearchAction","target":{"@type":"EntryPoint","urlTemplate":"https:\/\/tokajhetszolo.com\/?s={search_term_string}"},"query-input":{"@type":"PropertyValueSpecification","valueRequired":true,"valueName":"search_term_string"}}],"inLanguage":"hu"},{"@type":"Organization","@id":"https:\/\/tokajhetszolo.com\/#organization","name":"Tokaj","url":"https:\/\/tokajhetszolo.com\/","logo":{"@type":"ImageObject","inLanguage":"hu","@id":"https:\/\/tokajhetszolo.com\/#\/schema\/logo\/image\/","url":"https:\/\/tokajhetszolo.com\/wp-content\/uploads\/2020\/12\/Logo-Hetszolo_Organic_White-2.png","contentUrl":"https:\/\/tokajhetszolo.com\/wp-content\/uploads\/2020\/12\/Logo-Hetszolo_Organic_White-2.png","width":600,"height":371,"caption":"Tokaj"},"image":{"@id":"https:\/\/tokajhetszolo.com\/#\/schema\/logo\/image\/"}}]}},"_links":{"self":[{"href":"https:\/\/tokajhetszolo.com\/hu\/wp-json\/wp\/v2\/pages\/2664","targetHints":{"allow":["GET"]}}],"collection":[{"href":"https:\/\/tokajhetszolo.com\/hu\/wp-json\/wp\/v2\/pages"}],"about":[{"href":"https:\/\/tokajhetszolo.com\/hu\/wp-json\/wp\/v2\/types\/page"}],"author":[{"embeddable":true,"href":"https:\/\/tokajhetszolo.com\/hu\/wp-json\/wp\/v2\/users\/1"}],"replies":[{"embeddable":true,"href":"https:\/\/tokajhetszolo.com\/hu\/wp-json\/wp\/v2\/comments?post=2664"}],"version-history":[{"count":13,"href":"https:\/\/tokajhetszolo.com\/hu\/wp-json\/wp\/v2\/pages\/2664\/revisions"}],"predecessor-version":[{"id":3003,"href":"https:\/\/tokajhetszolo.com\/hu\/wp-json\/wp\/v2\/pages\/2664\/revisions\/3003"}],"wp:attachment":[{"href":"https:\/\/tokajhetszolo.com\/hu\/wp-json\/wp\/v2\/media?parent=2664"}],"curies":[{"name":"wp","href":"https:\/\/api.w.org\/{rel}","templated":true}]}}