{"id":266,"date":"2020-12-13T12:07:06","date_gmt":"2020-12-13T12:07:06","guid":{"rendered":"https:\/\/tokajhetszolo.com\/?page_id=266"},"modified":"2022-08-10T11:30:14","modified_gmt":"2022-08-10T11:30:14","slug":"vineyards","status":"publish","type":"page","link":"https:\/\/tokajhetszolo.com\/hu\/vineyards\/","title":{"rendered":"Sz\u0151l\u0151birtokunk"},"content":{"rendered":"<div class=\"p-0\">\n     <div class=\"banner has-ovrlay bg-image-4 bg-center h-500 bg-fixed\" style=\"background-image: url();\">\n       <div class=\"caption pto65\" >\n         <div class=\"title-group\">\n                      <h1 class=\"f-70\">K\u00e9p &amp; Vide\u00f3gal\u00e9ria <\/h1>\n         \n         <p class=\"line-mix line-single star-group white\">\n         <\/p>\n\n                    <\/div>\n       <\/div>\n     <\/div>\n   <\/div>\n\n\n <section class=\"section-history\">\r\n   <div class=\"container\">\r\n     <div class=\"row\">\r\n       <div class=\"col-xs-12\">\r\n            <div class=\"title-group m-b-0\" data-aos=\"fade-up\">\r\n                    <h2 class=\"color-4b4b4b\">Sz\u0151l\u0151birtokunk<\/h2>\r\n                   <p class=\"line-mix star-group line-mix-f line-single\">\r\n\r\n                   <\/p>\r\n\r\n          <\/div>\r\n\r\n     <\/div>\r\n\r\n<div class=\"grid-container\">\r\n    <div data-aos=\"fade-up\">\r\n\r\n    <a href=\"https:\/\/tokajhetszolo.com\/wp-content\/uploads\/2022\/07\/Hetszolo-wall-and-vines-scaled.jpg\" data-fancybox=\"images\">\r\n<img class='grid-item grid-item-0' src='https:\/\/tokajhetszolo.com\/wp-content\/uploads\/2022\/07\/Hetszolo-wall-and-vines-scaled.jpg' alt=''>\r\n<\/a>\r\n  <\/div>\r\n    <div data-aos=\"fade-up\">\r\n\r\n    <a href=\"https:\/\/tokajhetszolo.com\/wp-content\/uploads\/2022\/07\/Hetszolo-LencsesDulo-scaled.jpg\" data-fancybox=\"images\">\r\n<img class='grid-item grid-item-0' src='https:\/\/tokajhetszolo.com\/wp-content\/uploads\/2022\/07\/Hetszolo-LencsesDulo-scaled.jpg' alt=''>\r\n<\/a>\r\n  <\/div>\r\n    <div data-aos=\"fade-up\">\r\n\r\n    <a href=\"https:\/\/tokajhetszolo.com\/wp-content\/uploads\/2022\/07\/DSC_3894.jpg\" data-fancybox=\"images\">\r\n<img class='grid-item grid-item-0' src='https:\/\/tokajhetszolo.com\/wp-content\/uploads\/2022\/07\/DSC_3894.jpg' alt=''>\r\n<\/a>\r\n  <\/div>\r\n    <div data-aos=\"fade-up\">\r\n\r\n    <a href=\"https:\/\/tokajhetszolo.com\/wp-content\/uploads\/2022\/07\/7sz-120-scaled.jpg\" data-fancybox=\"images\">\r\n<img class='grid-item grid-item-0' src='https:\/\/tokajhetszolo.com\/wp-content\/uploads\/2022\/07\/7sz-120-scaled.jpg' alt=''>\r\n<\/a>\r\n  <\/div>\r\n    <div data-aos=\"fade-up\">\r\n\r\n    <a href=\"https:\/\/tokajhetszolo.com\/wp-content\/uploads\/2022\/07\/Tokaj-Hetszolo-feeleing-scaled-e1658422911314.jpg\" data-fancybox=\"images\">\r\n<img class='grid-item grid-item-0' src='https:\/\/tokajhetszolo.com\/wp-content\/uploads\/2022\/07\/Tokaj-Hetszolo-feeleing-scaled-e1658422911314.jpg' alt=''>\r\n<\/a>\r\n  <\/div>\r\n    <div data-aos=\"fade-up\">\r\n\r\n    <a href=\"https:\/\/tokajhetszolo.com\/wp-content\/uploads\/2021\/04\/Birtok-HetszoloFelirat-web.jpg\" data-fancybox=\"images\">\r\n<img class='grid-item grid-item-0' src='https:\/\/tokajhetszolo.com\/wp-content\/uploads\/2021\/04\/Birtok-HetszoloFelirat-web.jpg' alt=''>\r\n<\/a>\r\n  <\/div>\r\n    <div data-aos=\"fade-up\">\r\n\r\n    <a href=\"https:\/\/tokajhetszolo.com\/wp-content\/uploads\/2021\/04\/DJI_0058.jpg\" data-fancybox=\"images\">\r\n<img class='grid-item grid-item-0' src='https:\/\/tokajhetszolo.com\/wp-content\/uploads\/2021\/04\/DJI_0058.jpg' alt=''>\r\n<\/a>\r\n  <\/div>\r\n    <div data-aos=\"fade-up\">\r\n\r\n    <a href=\"https:\/\/tokajhetszolo.com\/wp-content\/uploads\/2022\/07\/Dron-photo-Tokaj-Hetszolo-4-scaled.jpg\" data-fancybox=\"images\">\r\n<img class='grid-item grid-item-0' src='https:\/\/tokajhetszolo.com\/wp-content\/uploads\/2022\/07\/Dron-photo-Tokaj-Hetszolo-4-scaled.jpg' alt=''>\r\n<\/a>\r\n  <\/div>\r\n    <div data-aos=\"fade-up\">\r\n\r\n    <a href=\"https:\/\/tokajhetszolo.com\/wp-content\/uploads\/2022\/07\/Tokaj-Hetszolo-feeleing-scaled-e1658422911314.jpg\" data-fancybox=\"images\">\r\n<img class='grid-item grid-item-0' src='https:\/\/tokajhetszolo.com\/wp-content\/uploads\/2022\/07\/Tokaj-Hetszolo-feeleing-scaled-e1658422911314.jpg' alt=''>\r\n<\/a>\r\n  <\/div>\r\n    <div data-aos=\"fade-up\">\r\n\r\n    <a href=\"https:\/\/tokajhetszolo.com\/wp-content\/uploads\/2022\/07\/Aszu-berries-picked-by-hand-one-by-one-Tokaj-Hetszolo-Organic-Vineyard.png\" data-fancybox=\"images\">\r\n<img class='grid-item grid-item-0' src='https:\/\/tokajhetszolo.com\/wp-content\/uploads\/2022\/07\/Aszu-berries-picked-by-hand-one-by-one-Tokaj-Hetszolo-Organic-Vineyard.png' alt=''>\r\n<\/a>\r\n  <\/div>\r\n    <div data-aos=\"fade-up\">\r\n\r\n    <a href=\"https:\/\/tokajhetszolo.com\/wp-content\/uploads\/2022\/07\/Aszu-berry-harvest-at-Tokaj-Hetszolo-Organic-Vineyard.png\" data-fancybox=\"images\">\r\n<img class='grid-item grid-item-0' src='https:\/\/tokajhetszolo.com\/wp-content\/uploads\/2022\/07\/Aszu-berry-harvest-at-Tokaj-Hetszolo-Organic-Vineyard.png' alt=''>\r\n<\/a>\r\n  <\/div>\r\n    <div data-aos=\"fade-up\">\r\n\r\n    <a href=\"https:\/\/tokajhetszolo.com\/wp-content\/uploads\/2021\/04\/DSC_6886-LEGI-TOKAJ.jpg\" data-fancybox=\"images\">\r\n<img class='grid-item grid-item-0' src='https:\/\/tokajhetszolo.com\/wp-content\/uploads\/2021\/04\/DSC_6886-LEGI-TOKAJ.jpg' alt=''>\r\n<\/a>\r\n  <\/div>\r\n    <div data-aos=\"fade-up\">\r\n\r\n    <a href=\"https:\/\/tokajhetszolo.com\/wp-content\/uploads\/2022\/07\/Aszu-berry-harvest-boxes-at-Tokaj-Hetszolo-Organic-Vineyard.png\" data-fancybox=\"images\">\r\n<img class='grid-item grid-item-0' src='https:\/\/tokajhetszolo.com\/wp-content\/uploads\/2022\/07\/Aszu-berry-harvest-boxes-at-Tokaj-Hetszolo-Organic-Vineyard.png' alt=''>\r\n<\/a>\r\n  <\/div>\r\n    <div data-aos=\"fade-up\">\r\n\r\n    <a href=\"https:\/\/tokajhetszolo.com\/wp-content\/uploads\/2021\/10\/Hetszolo-Birtok-Panorama-szukebb.jpeg\" data-fancybox=\"images\">\r\n<img class='grid-item grid-item-0' src='https:\/\/tokajhetszolo.com\/wp-content\/uploads\/2021\/10\/Hetszolo-Birtok-Panorama-szukebb.jpeg' alt=''>\r\n<\/a>\r\n  <\/div>\r\n    <div data-aos=\"fade-up\">\r\n\r\n    <a href=\"https:\/\/tokajhetszolo.com\/wp-content\/uploads\/2022\/07\/Aszu-berry-harvest-at-Tokaj-Hetszolo-Organic-Vineyard.png\" data-fancybox=\"images\">\r\n<img class='grid-item grid-item-0' src='https:\/\/tokajhetszolo.com\/wp-content\/uploads\/2022\/07\/Aszu-berry-harvest-at-Tokaj-Hetszolo-Organic-Vineyard.png' alt=''>\r\n<\/a>\r\n  <\/div>\r\n    <div data-aos=\"fade-up\">\r\n\r\n    <a href=\"https:\/\/tokajhetszolo.com\/wp-content\/uploads\/2022\/07\/DJI00062-scaled.jpg\" data-fancybox=\"images\">\r\n<img class='grid-item grid-item-0' src='https:\/\/tokajhetszolo.com\/wp-content\/uploads\/2022\/07\/DJI00062-scaled.jpg' alt=''>\r\n<\/a>\r\n  <\/div>\r\n    <div data-aos=\"fade-up\">\r\n\r\n    <a href=\"https:\/\/tokajhetszolo.com\/wp-content\/uploads\/2022\/07\/Rakoczi-Dessewffy-Kastely-Vendeghaz-Tokaj-1-scaled.jpg\" data-fancybox=\"images\">\r\n<img class='grid-item grid-item-0' src='https:\/\/tokajhetszolo.com\/wp-content\/uploads\/2022\/07\/Rakoczi-Dessewffy-Kastely-Vendeghaz-Tokaj-1-scaled.jpg' alt=''>\r\n<\/a>\r\n  <\/div>\r\n    <div data-aos=\"fade-up\">\r\n\r\n    <a href=\"https:\/\/tokajhetszolo.com\/wp-content\/uploads\/2021\/10\/Hetszolo-LencsesDulo.jpeg\" data-fancybox=\"images\">\r\n<img class='grid-item grid-item-0' src='https:\/\/tokajhetszolo.com\/wp-content\/uploads\/2021\/10\/Hetszolo-LencsesDulo.jpeg' alt=''>\r\n<\/a>\r\n  <\/div>\r\n    <div data-aos=\"fade-up\">\r\n\r\n    <a href=\"https:\/\/tokajhetszolo.com\/wp-content\/uploads\/2021\/10\/Hetszolo-Vineyard-old-photo.jpeg\" data-fancybox=\"images\">\r\n<img class='grid-item grid-item-0' src='https:\/\/tokajhetszolo.com\/wp-content\/uploads\/2021\/10\/Hetszolo-Vineyard-old-photo.jpeg' alt=''>\r\n<\/a>\r\n  <\/div>\r\n    <div data-aos=\"fade-up\">\r\n\r\n    <a href=\"\" data-fancybox=\"images\">\r\n<img class='grid-item grid-item-0' src='' alt=''>\r\n<\/a>\r\n  <\/div>\r\n    <div data-aos=\"fade-up\">\r\n\r\n    <a href=\"https:\/\/tokajhetszolo.com\/wp-content\/uploads\/2021\/10\/Hordok-6.jpeg\" data-fancybox=\"images\">\r\n<img class='grid-item grid-item-0' src='https:\/\/tokajhetszolo.com\/wp-content\/uploads\/2021\/10\/Hordok-6.jpeg' alt=''>\r\n<\/a>\r\n  <\/div>\r\n    <div data-aos=\"fade-up\">\r\n\r\n    <a href=\"https:\/\/tokajhetszolo.com\/wp-content\/uploads\/2021\/10\/Hordok-7.jpeg\" data-fancybox=\"images\">\r\n<img class='grid-item grid-item-0' src='https:\/\/tokajhetszolo.com\/wp-content\/uploads\/2021\/10\/Hordok-7.jpeg' alt=''>\r\n<\/a>\r\n  <\/div>\r\n    <div data-aos=\"fade-up\">\r\n\r\n    <a href=\"https:\/\/tokajhetszolo.com\/wp-content\/uploads\/2021\/04\/IM000011.jpg\" data-fancybox=\"images\">\r\n<img class='grid-item grid-item-0' src='https:\/\/tokajhetszolo.com\/wp-content\/uploads\/2021\/04\/IM000011.jpg' alt=''>\r\n<\/a>\r\n  <\/div>\r\n    <div data-aos=\"fade-up\">\r\n\r\n    <a href=\"https:\/\/tokajhetszolo.com\/wp-content\/uploads\/2021\/04\/IM000471.jpg\" data-fancybox=\"images\">\r\n<img class='grid-item grid-item-0' src='https:\/\/tokajhetszolo.com\/wp-content\/uploads\/2021\/04\/IM000471.jpg' alt=''>\r\n<\/a>\r\n  <\/div>\r\n    <div data-aos=\"fade-up\">\r\n\r\n    <a href=\"\" data-fancybox=\"images\">\r\n<img class='grid-item grid-item-0' src='' alt=''>\r\n<\/a>\r\n  <\/div>\r\n    <div data-aos=\"fade-up\">\r\n\r\n    <a href=\"https:\/\/tokajhetszolo.com\/wp-content\/uploads\/2021\/10\/Pince-ag-hordokkal-Tokaj-Hetszolo.jpeg\" data-fancybox=\"images\">\r\n<img class='grid-item grid-item-0' src='https:\/\/tokajhetszolo.com\/wp-content\/uploads\/2021\/10\/Pince-ag-hordokkal-Tokaj-Hetszolo.jpeg' alt=''>\r\n<\/a>\r\n  <\/div>\r\n    <div data-aos=\"fade-up\">\r\n\r\n    <a href=\"https:\/\/tokajhetszolo.com\/wp-content\/uploads\/2021\/10\/Single-Vineyards-et-Tokaj-Hetszolo-Organic-Vineyards.jpeg\" data-fancybox=\"images\">\r\n<img class='grid-item grid-item-0' src='https:\/\/tokajhetszolo.com\/wp-content\/uploads\/2021\/10\/Single-Vineyards-et-Tokaj-Hetszolo-Organic-Vineyards.jpeg' alt=''>\r\n<\/a>\r\n  <\/div>\r\n    <div data-aos=\"fade-up\">\r\n\r\n    <a href=\"https:\/\/tokajhetszolo.com\/wp-content\/uploads\/2021\/10\/Tartalyok-1.jpeg\" data-fancybox=\"images\">\r\n<img class='grid-item grid-item-0' src='https:\/\/tokajhetszolo.com\/wp-content\/uploads\/2021\/10\/Tartalyok-1.jpeg' alt=''>\r\n<\/a>\r\n  <\/div>\r\n    <div data-aos=\"fade-up\">\r\n\r\n    <a href=\"https:\/\/tokajhetszolo.com\/wp-content\/uploads\/2021\/10\/Tartalyok-2.jpeg\" data-fancybox=\"images\">\r\n<img class='grid-item grid-item-0' src='https:\/\/tokajhetszolo.com\/wp-content\/uploads\/2021\/10\/Tartalyok-2.jpeg' alt=''>\r\n<\/a>\r\n  <\/div>\r\n    <div data-aos=\"fade-up\">\r\n\r\n    <a href=\"\" data-fancybox=\"images\">\r\n<img class='grid-item grid-item-0' src='' alt=''>\r\n<\/a>\r\n  <\/div>\r\n    <div data-aos=\"fade-up\">\r\n\r\n    <a href=\"\" data-fancybox=\"images\">\r\n<img class='grid-item grid-item-0' src='' alt=''>\r\n<\/a>\r\n  <\/div>\r\n  \r\n<\/div>\r\n   <\/div>\r\n <\/div>\r\n <\/section>","protected":false},"excerpt":{"rendered":"","protected":false},"author":1,"featured_media":0,"parent":0,"menu_order":0,"comment_status":"closed","ping_status":"closed","template":"","meta":{"footnotes":""},"class_list":["post-266","page","type-page","status-publish"],"acf":[],"yoast_head":"<!-- This site is optimized with the Yoast SEO plugin v27.3 - https:\/\/yoast.com\/product\/yoast-seo-wordpress\/ -->\n<title>Vineyards - Tokaj<\/title>\n<meta name=\"robots\" content=\"index, follow, max-snippet:-1, max-image-preview:large, max-video-preview:-1\" \/>\n<link rel=\"canonical\" href=\"https:\/\/tokajhetszolo.com\/hu\/vineyards\/\" \/>\n<meta property=\"og:locale\" content=\"hu_HU\" \/>\n<meta property=\"og:type\" content=\"article\" \/>\n<meta property=\"og:title\" content=\"Vineyards - Tokaj\" \/>\n<meta property=\"og:url\" content=\"https:\/\/tokajhetszolo.com\/hu\/vineyards\/\" \/>\n<meta property=\"og:site_name\" content=\"Tokaj\" \/>\n<meta property=\"article:modified_time\" content=\"2022-08-10T11:30:14+00:00\" \/>\n<meta name=\"twitter:card\" content=\"summary_large_image\" \/>\n<script type=\"application\/ld+json\" class=\"yoast-schema-graph\">{\"@context\":\"https:\\\/\\\/schema.org\",\"@graph\":[{\"@type\":\"WebPage\",\"@id\":\"https:\\\/\\\/tokajhetszolo.com\\\/vineyards\\\/\",\"url\":\"https:\\\/\\\/tokajhetszolo.com\\\/vineyards\\\/\",\"name\":\"Vineyards - Tokaj\",\"isPartOf\":{\"@id\":\"https:\\\/\\\/tokajhetszolo.com\\\/#website\"},\"datePublished\":\"2020-12-13T12:07:06+00:00\",\"dateModified\":\"2022-08-10T11:30:14+00:00\",\"breadcrumb\":{\"@id\":\"https:\\\/\\\/tokajhetszolo.com\\\/vineyards\\\/#breadcrumb\"},\"inLanguage\":\"hu\",\"potentialAction\":[{\"@type\":\"ReadAction\",\"target\":[\"https:\\\/\\\/tokajhetszolo.com\\\/vineyards\\\/\"]}]},{\"@type\":\"BreadcrumbList\",\"@id\":\"https:\\\/\\\/tokajhetszolo.com\\\/vineyards\\\/#breadcrumb\",\"itemListElement\":[{\"@type\":\"ListItem\",\"position\":1,\"name\":\"Home\",\"item\":\"https:\\\/\\\/tokajhetszolo.com\\\/\"},{\"@type\":\"ListItem\",\"position\":2,\"name\":\"Vineyards\"}]},{\"@type\":\"WebSite\",\"@id\":\"https:\\\/\\\/tokajhetszolo.com\\\/#website\",\"url\":\"https:\\\/\\\/tokajhetszolo.com\\\/\",\"name\":\"Tokaj\",\"description\":\"A Taste full of Secrets\",\"publisher\":{\"@id\":\"https:\\\/\\\/tokajhetszolo.com\\\/#organization\"},\"potentialAction\":[{\"@type\":\"SearchAction\",\"target\":{\"@type\":\"EntryPoint\",\"urlTemplate\":\"https:\\\/\\\/tokajhetszolo.com\\\/?s={search_term_string}\"},\"query-input\":{\"@type\":\"PropertyValueSpecification\",\"valueRequired\":true,\"valueName\":\"search_term_string\"}}],\"inLanguage\":\"hu\"},{\"@type\":\"Organization\",\"@id\":\"https:\\\/\\\/tokajhetszolo.com\\\/#organization\",\"name\":\"Tokaj\",\"url\":\"https:\\\/\\\/tokajhetszolo.com\\\/\",\"logo\":{\"@type\":\"ImageObject\",\"inLanguage\":\"hu\",\"@id\":\"https:\\\/\\\/tokajhetszolo.com\\\/#\\\/schema\\\/logo\\\/image\\\/\",\"url\":\"https:\\\/\\\/tokajhetszolo.com\\\/wp-content\\\/uploads\\\/2020\\\/12\\\/Logo-Hetszolo_Organic_White-2.png\",\"contentUrl\":\"https:\\\/\\\/tokajhetszolo.com\\\/wp-content\\\/uploads\\\/2020\\\/12\\\/Logo-Hetszolo_Organic_White-2.png\",\"width\":600,\"height\":371,\"caption\":\"Tokaj\"},\"image\":{\"@id\":\"https:\\\/\\\/tokajhetszolo.com\\\/#\\\/schema\\\/logo\\\/image\\\/\"}}]}<\/script>\n<!-- \/ Yoast SEO plugin. -->","yoast_head_json":{"title":"Vineyards - Tokaj","robots":{"index":"index","follow":"follow","max-snippet":"max-snippet:-1","max-image-preview":"max-image-preview:large","max-video-preview":"max-video-preview:-1"},"canonical":"https:\/\/tokajhetszolo.com\/hu\/vineyards\/","og_locale":"hu_HU","og_type":"article","og_title":"Vineyards - Tokaj","og_url":"https:\/\/tokajhetszolo.com\/hu\/vineyards\/","og_site_name":"Tokaj","article_modified_time":"2022-08-10T11:30:14+00:00","twitter_card":"summary_large_image","schema":{"@context":"https:\/\/schema.org","@graph":[{"@type":"WebPage","@id":"https:\/\/tokajhetszolo.com\/vineyards\/","url":"https:\/\/tokajhetszolo.com\/vineyards\/","name":"Vineyards - Tokaj","isPartOf":{"@id":"https:\/\/tokajhetszolo.com\/#website"},"datePublished":"2020-12-13T12:07:06+00:00","dateModified":"2022-08-10T11:30:14+00:00","breadcrumb":{"@id":"https:\/\/tokajhetszolo.com\/vineyards\/#breadcrumb"},"inLanguage":"hu","potentialAction":[{"@type":"ReadAction","target":["https:\/\/tokajhetszolo.com\/vineyards\/"]}]},{"@type":"BreadcrumbList","@id":"https:\/\/tokajhetszolo.com\/vineyards\/#breadcrumb","itemListElement":[{"@type":"ListItem","position":1,"name":"Home","item":"https:\/\/tokajhetszolo.com\/"},{"@type":"ListItem","position":2,"name":"Vineyards"}]},{"@type":"WebSite","@id":"https:\/\/tokajhetszolo.com\/#website","url":"https:\/\/tokajhetszolo.com\/","name":"Tokaj","description":"A Taste full of Secrets","publisher":{"@id":"https:\/\/tokajhetszolo.com\/#organization"},"potentialAction":[{"@type":"SearchAction","target":{"@type":"EntryPoint","urlTemplate":"https:\/\/tokajhetszolo.com\/?s={search_term_string}"},"query-input":{"@type":"PropertyValueSpecification","valueRequired":true,"valueName":"search_term_string"}}],"inLanguage":"hu"},{"@type":"Organization","@id":"https:\/\/tokajhetszolo.com\/#organization","name":"Tokaj","url":"https:\/\/tokajhetszolo.com\/","logo":{"@type":"ImageObject","inLanguage":"hu","@id":"https:\/\/tokajhetszolo.com\/#\/schema\/logo\/image\/","url":"https:\/\/tokajhetszolo.com\/wp-content\/uploads\/2020\/12\/Logo-Hetszolo_Organic_White-2.png","contentUrl":"https:\/\/tokajhetszolo.com\/wp-content\/uploads\/2020\/12\/Logo-Hetszolo_Organic_White-2.png","width":600,"height":371,"caption":"Tokaj"},"image":{"@id":"https:\/\/tokajhetszolo.com\/#\/schema\/logo\/image\/"}}]}},"_links":{"self":[{"href":"https:\/\/tokajhetszolo.com\/hu\/wp-json\/wp\/v2\/pages\/266","targetHints":{"allow":["GET"]}}],"collection":[{"href":"https:\/\/tokajhetszolo.com\/hu\/wp-json\/wp\/v2\/pages"}],"about":[{"href":"https:\/\/tokajhetszolo.com\/hu\/wp-json\/wp\/v2\/types\/page"}],"author":[{"embeddable":true,"href":"https:\/\/tokajhetszolo.com\/hu\/wp-json\/wp\/v2\/users\/1"}],"replies":[{"embeddable":true,"href":"https:\/\/tokajhetszolo.com\/hu\/wp-json\/wp\/v2\/comments?post=266"}],"version-history":[{"count":14,"href":"https:\/\/tokajhetszolo.com\/hu\/wp-json\/wp\/v2\/pages\/266\/revisions"}],"predecessor-version":[{"id":2356,"href":"https:\/\/tokajhetszolo.com\/hu\/wp-json\/wp\/v2\/pages\/266\/revisions\/2356"}],"wp:attachment":[{"href":"https:\/\/tokajhetszolo.com\/hu\/wp-json\/wp\/v2\/media?parent=266"}],"curies":[{"name":"wp","href":"https:\/\/api.w.org\/{rel}","templated":true}]}}