{"id":2659,"date":"2022-08-11T14:06:36","date_gmt":"2022-08-11T14:06:36","guid":{"rendered":"https:\/\/tokajhetszolo.com\/?page_id=2659"},"modified":"2022-08-11T21:50:21","modified_gmt":"2022-08-11T21:50:21","slug":"team-building","status":"publish","type":"page","link":"https:\/\/tokajhetszolo.com\/hu\/team-building\/","title":{"rendered":"Csapat\u00e9p\u00edt\u0151k"},"content":{"rendered":"<div data-elementor-type=\"wp-page\" data-elementor-id=\"2659\" class=\"elementor elementor-2659\" data-elementor-post-type=\"page\">\n\t\t\t\t\t\t<section class=\"elementor-section elementor-top-section elementor-element elementor-element-3a88c309 elementor-section-height-min-height elementor-section-boxed elementor-section-height-default elementor-section-items-middle\" data-id=\"3a88c309\" data-element_type=\"section\" data-e-type=\"section\" data-settings=\"{&quot;background_background&quot;:&quot;classic&quot;}\">\n\t\t\t\t\t\t\t<div class=\"elementor-background-overlay\"><\/div>\n\t\t\t\t\t\t\t<div class=\"elementor-container elementor-column-gap-default\">\n\t\t\t\t\t<div class=\"elementor-column elementor-col-100 elementor-top-column elementor-element elementor-element-603f10e0\" data-id=\"603f10e0\" data-element_type=\"column\" data-e-type=\"column\">\n\t\t\t<div class=\"elementor-widget-wrap elementor-element-populated\">\n\t\t\t\t\t\t<div class=\"elementor-element elementor-element-553152af elementor-widget elementor-widget-heading\" data-id=\"553152af\" data-element_type=\"widget\" data-e-type=\"widget\" data-widget_type=\"heading.default\">\n\t\t\t\t<div class=\"elementor-widget-container\">\n\t\t\t\t\t<h2 class=\"elementor-heading-title elementor-size-default\">Csapat\u00e9p\u00edt\u0151k<\/h2>\t\t\t\t<\/div>\n\t\t\t\t<\/div>\n\t\t\t\t\t<\/div>\n\t\t<\/div>\n\t\t\t\t\t<\/div>\n\t\t<\/section>\n\t\t\t\t<section class=\"elementor-section elementor-top-section elementor-element elementor-element-1aa44eb elementor-section-boxed elementor-section-height-default elementor-section-height-default\" data-id=\"1aa44eb\" data-element_type=\"section\" data-e-type=\"section\" data-settings=\"{&quot;background_background&quot;:&quot;classic&quot;}\">\n\t\t\t\t\t\t<div class=\"elementor-container elementor-column-gap-default\">\n\t\t\t\t\t<div class=\"elementor-column elementor-col-100 elementor-top-column elementor-element elementor-element-01eeb73\" data-id=\"01eeb73\" data-element_type=\"column\" data-e-type=\"column\">\n\t\t\t<div class=\"elementor-widget-wrap elementor-element-populated\">\n\t\t\t\t\t\t<div class=\"elementor-element elementor-element-6505243 elementor-widget elementor-widget-text-editor\" data-id=\"6505243\" data-element_type=\"widget\" data-e-type=\"widget\" data-widget_type=\"text-editor.default\">\n\t\t\t\t<div class=\"elementor-widget-container\">\n\t\t\t\t\t\t\t\t\t<p>Csapat\u00e9p\u00edt\u0151 programokhoz kiv\u00e1l\u00f3 helysz\u00ednt biztos\u00edt a R\u00e1k\u00f3czi Pince \u00e9s annak hangulatos udvara. Bor\u00e1szathoz, sz\u0151l\u00e9szethez \u00e9s bork\u00e9sz\u00edt\u00e9shez kapcsol\u00f3d\u00f3 csapat\u00e9p\u00edt\u0151 feladatok sz\u00e9les v\u00e1laszt\u00e9k\u00e1val k\u00e9sz\u00fcl\u00fcnk. Ezek k\u00f6nnyed, sz\u00f3rakoztat\u00f3 programok, amelyek lehet\u0151s\u00e9get adnak arra, hogy a r\u00e9sztvev\u0151k megismerj\u00e9k a tokaji borkult\u00far\u00e1t, mik\u00f6zben er\u0151s\u00f6dik a csapatszellem is.\u00a0<\/p><p>\u00a0<\/p><p>A csapat\u00e9p\u00edt\u0151 programokat, bork\u00f3stol\u00f3t \u00e9s birtokt\u00far\u00e1t k\u00f6vet\u0151en vend\u00e9geink a borb\u00e1rban pihenhetnek meg egy poh\u00e1r friss\u00edt\u0151 Furmint t\u00e1rsas\u00e1g\u00e1ban, mik\u00f6zben \u00edzletes fog\u00e1sokat szolg\u00e1lunk fel. Ig\u00e9ny eset\u00e9n az est ak\u00e1r egy hangulatos partyval is z\u00e1rhat\u00f3 borb\u00e1runkban, amelyhez sz\u00edvesen aj\u00e1nljuk tokaji DJ partner\u00fcnket.<\/p><p>\u00a0<\/p><p>A csapat\u00e9p\u00edt\u0151 programokkal \u00e9s tov\u00e1bbi r\u00e9szletekkel kapcsolatban k\u00e9rj\u00fck, vegye fel a kapcsolatot az al\u00e1bbi el\u00e9rhet\u0151s\u00e9gek egyik\u00e9n:<\/p><p><a href=\"mailto:info@rakoczipince.hu\"><b>info@rakoczipince.hu<\/b><\/a><b> | 36-30-218-4267<\/b><\/p>\t\t\t\t\t\t\t\t<\/div>\n\t\t\t\t<\/div>\n\t\t\t\t\t<\/div>\n\t\t<\/div>\n\t\t\t\t\t<\/div>\n\t\t<\/section>\n\t\t\t\t<\/div>","protected":false},"excerpt":{"rendered":"<p>Team Building We recommend our R\u00e1k\u00f3czi Cellar and its courtyard as a venue for corporate team building programs. We are preparing a number of team&#8230;<\/p>","protected":false},"author":1,"featured_media":0,"parent":0,"menu_order":0,"comment_status":"closed","ping_status":"closed","template":"","meta":{"footnotes":""},"class_list":["post-2659","page","type-page","status-publish"],"acf":[],"yoast_head":"<!-- This site is optimized with the Yoast SEO plugin v27.5 - https:\/\/yoast.com\/product\/yoast-seo-wordpress\/ -->\n<title>Team Building - Tokaj<\/title>\n<meta name=\"robots\" content=\"index, follow, max-snippet:-1, max-image-preview:large, max-video-preview:-1\" \/>\n<link rel=\"canonical\" href=\"https:\/\/tokajhetszolo.com\/hu\/team-building\/\" \/>\n<meta property=\"og:locale\" content=\"hu_HU\" \/>\n<meta property=\"og:type\" content=\"article\" \/>\n<meta property=\"og:title\" content=\"Team Building - Tokaj\" \/>\n<meta property=\"og:description\" content=\"Team Building We recommend our R\u00e1k\u00f3czi Cellar and its courtyard as a venue for corporate team building programs. We are preparing a number of team...\" \/>\n<meta property=\"og:url\" content=\"https:\/\/tokajhetszolo.com\/hu\/team-building\/\" \/>\n<meta property=\"og:site_name\" content=\"Tokaj\" \/>\n<meta property=\"article:modified_time\" content=\"2022-08-11T21:50:21+00:00\" \/>\n<meta name=\"twitter:card\" content=\"summary_large_image\" \/>\n<script type=\"application\/ld+json\" class=\"yoast-schema-graph\">{\"@context\":\"https:\\\/\\\/schema.org\",\"@graph\":[{\"@type\":\"WebPage\",\"@id\":\"https:\\\/\\\/tokajhetszolo.com\\\/team-building\\\/\",\"url\":\"https:\\\/\\\/tokajhetszolo.com\\\/team-building\\\/\",\"name\":\"Team Building - Tokaj\",\"isPartOf\":{\"@id\":\"https:\\\/\\\/tokajhetszolo.com\\\/#website\"},\"datePublished\":\"2022-08-11T14:06:36+00:00\",\"dateModified\":\"2022-08-11T21:50:21+00:00\",\"breadcrumb\":{\"@id\":\"https:\\\/\\\/tokajhetszolo.com\\\/team-building\\\/#breadcrumb\"},\"inLanguage\":\"hu\",\"potentialAction\":[{\"@type\":\"ReadAction\",\"target\":[\"https:\\\/\\\/tokajhetszolo.com\\\/team-building\\\/\"]}]},{\"@type\":\"BreadcrumbList\",\"@id\":\"https:\\\/\\\/tokajhetszolo.com\\\/team-building\\\/#breadcrumb\",\"itemListElement\":[{\"@type\":\"ListItem\",\"position\":1,\"name\":\"Home\",\"item\":\"https:\\\/\\\/tokajhetszolo.com\\\/\"},{\"@type\":\"ListItem\",\"position\":2,\"name\":\"Team Building\"}]},{\"@type\":\"WebSite\",\"@id\":\"https:\\\/\\\/tokajhetszolo.com\\\/#website\",\"url\":\"https:\\\/\\\/tokajhetszolo.com\\\/\",\"name\":\"Tokaj\",\"description\":\"A Taste full of Secrets\",\"publisher\":{\"@id\":\"https:\\\/\\\/tokajhetszolo.com\\\/#organization\"},\"potentialAction\":[{\"@type\":\"SearchAction\",\"target\":{\"@type\":\"EntryPoint\",\"urlTemplate\":\"https:\\\/\\\/tokajhetszolo.com\\\/?s={search_term_string}\"},\"query-input\":{\"@type\":\"PropertyValueSpecification\",\"valueRequired\":true,\"valueName\":\"search_term_string\"}}],\"inLanguage\":\"hu\"},{\"@type\":\"Organization\",\"@id\":\"https:\\\/\\\/tokajhetszolo.com\\\/#organization\",\"name\":\"Tokaj\",\"url\":\"https:\\\/\\\/tokajhetszolo.com\\\/\",\"logo\":{\"@type\":\"ImageObject\",\"inLanguage\":\"hu\",\"@id\":\"https:\\\/\\\/tokajhetszolo.com\\\/#\\\/schema\\\/logo\\\/image\\\/\",\"url\":\"https:\\\/\\\/tokajhetszolo.com\\\/wp-content\\\/uploads\\\/2020\\\/12\\\/Logo-Hetszolo_Organic_White-2.png\",\"contentUrl\":\"https:\\\/\\\/tokajhetszolo.com\\\/wp-content\\\/uploads\\\/2020\\\/12\\\/Logo-Hetszolo_Organic_White-2.png\",\"width\":600,\"height\":371,\"caption\":\"Tokaj\"},\"image\":{\"@id\":\"https:\\\/\\\/tokajhetszolo.com\\\/#\\\/schema\\\/logo\\\/image\\\/\"}}]}<\/script>\n<!-- \/ Yoast SEO plugin. -->","yoast_head_json":{"title":"Team Building - Tokaj","robots":{"index":"index","follow":"follow","max-snippet":"max-snippet:-1","max-image-preview":"max-image-preview:large","max-video-preview":"max-video-preview:-1"},"canonical":"https:\/\/tokajhetszolo.com\/hu\/team-building\/","og_locale":"hu_HU","og_type":"article","og_title":"Team Building - Tokaj","og_description":"Team Building We recommend our R\u00e1k\u00f3czi Cellar and its courtyard as a venue for corporate team building programs. We are preparing a number of team...","og_url":"https:\/\/tokajhetszolo.com\/hu\/team-building\/","og_site_name":"Tokaj","article_modified_time":"2022-08-11T21:50:21+00:00","twitter_card":"summary_large_image","schema":{"@context":"https:\/\/schema.org","@graph":[{"@type":"WebPage","@id":"https:\/\/tokajhetszolo.com\/team-building\/","url":"https:\/\/tokajhetszolo.com\/team-building\/","name":"Team Building - Tokaj","isPartOf":{"@id":"https:\/\/tokajhetszolo.com\/#website"},"datePublished":"2022-08-11T14:06:36+00:00","dateModified":"2022-08-11T21:50:21+00:00","breadcrumb":{"@id":"https:\/\/tokajhetszolo.com\/team-building\/#breadcrumb"},"inLanguage":"hu","potentialAction":[{"@type":"ReadAction","target":["https:\/\/tokajhetszolo.com\/team-building\/"]}]},{"@type":"BreadcrumbList","@id":"https:\/\/tokajhetszolo.com\/team-building\/#breadcrumb","itemListElement":[{"@type":"ListItem","position":1,"name":"Home","item":"https:\/\/tokajhetszolo.com\/"},{"@type":"ListItem","position":2,"name":"Team Building"}]},{"@type":"WebSite","@id":"https:\/\/tokajhetszolo.com\/#website","url":"https:\/\/tokajhetszolo.com\/","name":"Tokaj","description":"A Taste full of Secrets","publisher":{"@id":"https:\/\/tokajhetszolo.com\/#organization"},"potentialAction":[{"@type":"SearchAction","target":{"@type":"EntryPoint","urlTemplate":"https:\/\/tokajhetszolo.com\/?s={search_term_string}"},"query-input":{"@type":"PropertyValueSpecification","valueRequired":true,"valueName":"search_term_string"}}],"inLanguage":"hu"},{"@type":"Organization","@id":"https:\/\/tokajhetszolo.com\/#organization","name":"Tokaj","url":"https:\/\/tokajhetszolo.com\/","logo":{"@type":"ImageObject","inLanguage":"hu","@id":"https:\/\/tokajhetszolo.com\/#\/schema\/logo\/image\/","url":"https:\/\/tokajhetszolo.com\/wp-content\/uploads\/2020\/12\/Logo-Hetszolo_Organic_White-2.png","contentUrl":"https:\/\/tokajhetszolo.com\/wp-content\/uploads\/2020\/12\/Logo-Hetszolo_Organic_White-2.png","width":600,"height":371,"caption":"Tokaj"},"image":{"@id":"https:\/\/tokajhetszolo.com\/#\/schema\/logo\/image\/"}}]}},"_links":{"self":[{"href":"https:\/\/tokajhetszolo.com\/hu\/wp-json\/wp\/v2\/pages\/2659","targetHints":{"allow":["GET"]}}],"collection":[{"href":"https:\/\/tokajhetszolo.com\/hu\/wp-json\/wp\/v2\/pages"}],"about":[{"href":"https:\/\/tokajhetszolo.com\/hu\/wp-json\/wp\/v2\/types\/page"}],"author":[{"embeddable":true,"href":"https:\/\/tokajhetszolo.com\/hu\/wp-json\/wp\/v2\/users\/1"}],"replies":[{"embeddable":true,"href":"https:\/\/tokajhetszolo.com\/hu\/wp-json\/wp\/v2\/comments?post=2659"}],"version-history":[{"count":7,"href":"https:\/\/tokajhetszolo.com\/hu\/wp-json\/wp\/v2\/pages\/2659\/revisions"}],"predecessor-version":[{"id":2793,"href":"https:\/\/tokajhetszolo.com\/hu\/wp-json\/wp\/v2\/pages\/2659\/revisions\/2793"}],"wp:attachment":[{"href":"https:\/\/tokajhetszolo.com\/hu\/wp-json\/wp\/v2\/media?parent=2659"}],"curies":[{"name":"wp","href":"https:\/\/api.w.org\/{rel}","templated":true}]}}