{"id":2654,"date":"2022-08-11T14:02:04","date_gmt":"2022-08-11T14:02:04","guid":{"rendered":"https:\/\/tokajhetszolo.com\/?page_id=2654"},"modified":"2022-08-11T14:05:48","modified_gmt":"2022-08-11T14:05:48","slug":"private-wine-storage","status":"publish","type":"page","link":"https:\/\/tokajhetszolo.com\/hu\/private-wine-storage\/","title":{"rendered":"Priv\u00e1t bort\u00e1rol\u00e1s"},"content":{"rendered":"<div data-elementor-type=\"wp-page\" data-elementor-id=\"2654\" class=\"elementor elementor-2654\" data-elementor-post-type=\"page\">\n\t\t\t\t\t\t<section class=\"elementor-section elementor-top-section elementor-element elementor-element-3a88c309 elementor-section-height-min-height elementor-section-boxed elementor-section-height-default elementor-section-items-middle\" data-id=\"3a88c309\" data-element_type=\"section\" data-e-type=\"section\" data-settings=\"{&quot;background_background&quot;:&quot;classic&quot;}\">\n\t\t\t\t\t\t\t<div class=\"elementor-background-overlay\"><\/div>\n\t\t\t\t\t\t\t<div class=\"elementor-container elementor-column-gap-default\">\n\t\t\t\t\t<div class=\"elementor-column elementor-col-100 elementor-top-column elementor-element elementor-element-603f10e0\" data-id=\"603f10e0\" data-element_type=\"column\" data-e-type=\"column\">\n\t\t\t<div class=\"elementor-widget-wrap elementor-element-populated\">\n\t\t\t\t\t\t<div class=\"elementor-element elementor-element-553152af elementor-widget elementor-widget-heading\" data-id=\"553152af\" data-element_type=\"widget\" data-e-type=\"widget\" data-widget_type=\"heading.default\">\n\t\t\t\t<div class=\"elementor-widget-container\">\n\t\t\t\t\t<h2 class=\"elementor-heading-title elementor-size-default\">Priv\u00e1t bort\u00e1rol\u00e1s<\/h2>\t\t\t\t<\/div>\n\t\t\t\t<\/div>\n\t\t\t\t\t<\/div>\n\t\t<\/div>\n\t\t\t\t\t<\/div>\n\t\t<\/section>\n\t\t\t\t<section class=\"elementor-section elementor-top-section elementor-element elementor-element-1aa44eb elementor-section-boxed elementor-section-height-default elementor-section-height-default\" data-id=\"1aa44eb\" data-element_type=\"section\" data-e-type=\"section\" data-settings=\"{&quot;background_background&quot;:&quot;classic&quot;}\">\n\t\t\t\t\t\t<div class=\"elementor-container elementor-column-gap-default\">\n\t\t\t\t\t<div class=\"elementor-column elementor-col-100 elementor-top-column elementor-element elementor-element-01eeb73\" data-id=\"01eeb73\" data-element_type=\"column\" data-e-type=\"column\">\n\t\t\t<div class=\"elementor-widget-wrap elementor-element-populated\">\n\t\t\t\t\t\t<div class=\"elementor-element elementor-element-6505243 elementor-widget elementor-widget-text-editor\" data-id=\"6505243\" data-element_type=\"widget\" data-e-type=\"widget\" data-widget_type=\"text-editor.default\">\n\t\t\t\t<div class=\"elementor-widget-container\">\n\t\t\t\t\t\t\t\t\t<p>T\u00f6bb mint 600 \u00e9ves, hagyom\u00e1nyos bolt\u00edves pinc\u00e9nk ide\u00e1lis k\u00f6rnyezetet biztos\u00edt a borok \u00e9rlel\u00e9s\u00e9hez. Azoknak a vend\u00e9geinknek, akik H\u00e9tsz\u0151l\u0151 boraikat t\u00f6k\u00e9letes k\u00f6r\u00fclm\u00e9nyek k\u00f6z\u00f6tt szeretn\u00e9k \u00e9rlelni, az al\u00e1bbi programot k\u00edn\u00e1ljuk d\u00edjmentesen:<\/p><p>\u00a0<\/p><ul><li aria-level=\"1\">V\u00e1s\u00e1roljon legal\u00e1bb 12 palack Tokaj-H\u00e9tsz\u0151l\u0151 Asz\u00fat (2 karton vagy 2 vegyes karton). Amennyiben k\u00fclf\u00f6ld\u00f6n tart\u00f3zkodik, e-mailben is jelezheti v\u00e1s\u00e1rl\u00e1si \u00e9s t\u00e1rol\u00e1si sz\u00e1nd\u00e9k\u00e1t az al\u00e1bbi el\u00e9rhet\u0151s\u00e9gen: <a href=\"mailto:info@rakoczipince.hu\">info@rakoczipince.hu<\/a>.<\/li><\/ul><ul><li aria-level=\"1\">A foglal\u00f3 befizet\u00e9s\u00e9t k\u00f6vet\u0151en elk\u00fcldj\u00fck \u00d6nnek szerz\u0151d\u00e9s\u00fcnket al\u00e1\u00edr\u00e1sra. Miut\u00e1n borait elhelyezt\u00fck pinc\u00e9nkben, f\u00e9nyk\u00e9pet k\u00e9sz\u00edt\u00fcnk a t\u00e1rolt palackokr\u00f3l az \u00d6n n\u00e9vk\u00e1rty\u00e1j\u00e1val egy\u00fc<\/li><li aria-level=\"1\">A t\u00e1rol\u00e1si program 10 \u00e9ves id\u0151tartamra d\u00edjmentesen vehet\u0151 ig\u00e9nybe.<\/li><\/ul><ul><li aria-level=\"1\">Borait 10 \u00e9v eltelt\u00e9vel szem\u00e9lyesen is \u00e1tveheti, vagy ig\u00e9ny eset\u00e9n seg\u00edts\u00e9get ny\u00fajtunk a kisz\u00e1ll\u00edt\u00e1s megszervez\u00e9s\u00e9ben. Amennyiben a k\u00f6rny\u00e9ken j\u00e1r, \u00e9s szeretn\u00e9 \u201emegl\u00e1togatni\u201d borait, el\u0151zetes id\u0151pont-egyeztet\u00e9s sz\u00fcks\u00e9ges.<\/li><\/ul><p>\u00a0<\/p><p>Ha tov\u00e1bbi r\u00e9szletekre lenne sz\u00fcks\u00e9ge a priv\u00e1t borsz\u00e1ll\u00edt\u00e1ssal kapcsolatban, sz\u00edvesen seg\u00edt\u00fcnk. K\u00e9rj\u00fck, vegye fel vel\u00fcnk a kapcsolatot az al\u00e1bbi el\u00e9rhet\u0151s\u00e9gek egyik\u00e9n: <\/p><p>\u00a0<\/p><p>\u00a0<\/p><p><a href=\"mailto:info@rakoczipince.hu\"><b>info@rakoczipince.hu<\/b><\/a><b> | 36-30-218-4267<\/b><\/p><p>\u00a0<\/p>\t\t\t\t\t\t\t\t<\/div>\n\t\t\t\t<\/div>\n\t\t\t\t\t<\/div>\n\t\t<\/div>\n\t\t\t\t\t<\/div>\n\t\t<\/section>\n\t\t\t\t<\/div>","protected":false},"excerpt":{"rendered":"<p>Private Wine Storage Our 600-year old traditional vaulted cellar is ideal for aging wines.\u00a0 For our guests wishing to age their H\u00e9tsz\u0151l\u0151 wine in an&#8230;<\/p>","protected":false},"author":1,"featured_media":0,"parent":0,"menu_order":0,"comment_status":"closed","ping_status":"closed","template":"","meta":{"footnotes":""},"class_list":["post-2654","page","type-page","status-publish"],"acf":[],"yoast_head":"<!-- This site is optimized with the Yoast SEO plugin v27.5 - https:\/\/yoast.com\/product\/yoast-seo-wordpress\/ -->\n<title>Private Wine Storage - Tokaj<\/title>\n<meta name=\"robots\" content=\"index, follow, max-snippet:-1, max-image-preview:large, max-video-preview:-1\" \/>\n<link rel=\"canonical\" href=\"https:\/\/tokajhetszolo.com\/hu\/private-wine-storage\/\" \/>\n<meta property=\"og:locale\" content=\"hu_HU\" \/>\n<meta property=\"og:type\" content=\"article\" \/>\n<meta property=\"og:title\" content=\"Private Wine Storage - Tokaj\" \/>\n<meta property=\"og:description\" content=\"Private Wine Storage Our 600-year old traditional vaulted cellar is ideal for aging wines.\u00a0 For our guests wishing to age their H\u00e9tsz\u0151l\u0151 wine in an...\" \/>\n<meta property=\"og:url\" content=\"https:\/\/tokajhetszolo.com\/hu\/private-wine-storage\/\" \/>\n<meta property=\"og:site_name\" content=\"Tokaj\" \/>\n<meta property=\"article:modified_time\" content=\"2022-08-11T14:05:48+00:00\" \/>\n<meta name=\"twitter:card\" content=\"summary_large_image\" \/>\n<script type=\"application\/ld+json\" class=\"yoast-schema-graph\">{\"@context\":\"https:\\\/\\\/schema.org\",\"@graph\":[{\"@type\":\"WebPage\",\"@id\":\"https:\\\/\\\/tokajhetszolo.com\\\/private-wine-storage\\\/\",\"url\":\"https:\\\/\\\/tokajhetszolo.com\\\/private-wine-storage\\\/\",\"name\":\"Private Wine Storage - Tokaj\",\"isPartOf\":{\"@id\":\"https:\\\/\\\/tokajhetszolo.com\\\/#website\"},\"datePublished\":\"2022-08-11T14:02:04+00:00\",\"dateModified\":\"2022-08-11T14:05:48+00:00\",\"breadcrumb\":{\"@id\":\"https:\\\/\\\/tokajhetszolo.com\\\/private-wine-storage\\\/#breadcrumb\"},\"inLanguage\":\"hu\",\"potentialAction\":[{\"@type\":\"ReadAction\",\"target\":[\"https:\\\/\\\/tokajhetszolo.com\\\/private-wine-storage\\\/\"]}]},{\"@type\":\"BreadcrumbList\",\"@id\":\"https:\\\/\\\/tokajhetszolo.com\\\/private-wine-storage\\\/#breadcrumb\",\"itemListElement\":[{\"@type\":\"ListItem\",\"position\":1,\"name\":\"Home\",\"item\":\"https:\\\/\\\/tokajhetszolo.com\\\/\"},{\"@type\":\"ListItem\",\"position\":2,\"name\":\"Private Wine Storage\"}]},{\"@type\":\"WebSite\",\"@id\":\"https:\\\/\\\/tokajhetszolo.com\\\/#website\",\"url\":\"https:\\\/\\\/tokajhetszolo.com\\\/\",\"name\":\"Tokaj\",\"description\":\"A Taste full of Secrets\",\"publisher\":{\"@id\":\"https:\\\/\\\/tokajhetszolo.com\\\/#organization\"},\"potentialAction\":[{\"@type\":\"SearchAction\",\"target\":{\"@type\":\"EntryPoint\",\"urlTemplate\":\"https:\\\/\\\/tokajhetszolo.com\\\/?s={search_term_string}\"},\"query-input\":{\"@type\":\"PropertyValueSpecification\",\"valueRequired\":true,\"valueName\":\"search_term_string\"}}],\"inLanguage\":\"hu\"},{\"@type\":\"Organization\",\"@id\":\"https:\\\/\\\/tokajhetszolo.com\\\/#organization\",\"name\":\"Tokaj\",\"url\":\"https:\\\/\\\/tokajhetszolo.com\\\/\",\"logo\":{\"@type\":\"ImageObject\",\"inLanguage\":\"hu\",\"@id\":\"https:\\\/\\\/tokajhetszolo.com\\\/#\\\/schema\\\/logo\\\/image\\\/\",\"url\":\"https:\\\/\\\/tokajhetszolo.com\\\/wp-content\\\/uploads\\\/2020\\\/12\\\/Logo-Hetszolo_Organic_White-2.png\",\"contentUrl\":\"https:\\\/\\\/tokajhetszolo.com\\\/wp-content\\\/uploads\\\/2020\\\/12\\\/Logo-Hetszolo_Organic_White-2.png\",\"width\":600,\"height\":371,\"caption\":\"Tokaj\"},\"image\":{\"@id\":\"https:\\\/\\\/tokajhetszolo.com\\\/#\\\/schema\\\/logo\\\/image\\\/\"}}]}<\/script>\n<!-- \/ Yoast SEO plugin. -->","yoast_head_json":{"title":"Private Wine Storage - Tokaj","robots":{"index":"index","follow":"follow","max-snippet":"max-snippet:-1","max-image-preview":"max-image-preview:large","max-video-preview":"max-video-preview:-1"},"canonical":"https:\/\/tokajhetszolo.com\/hu\/private-wine-storage\/","og_locale":"hu_HU","og_type":"article","og_title":"Private Wine Storage - Tokaj","og_description":"Private Wine Storage Our 600-year old traditional vaulted cellar is ideal for aging wines.\u00a0 For our guests wishing to age their H\u00e9tsz\u0151l\u0151 wine in an...","og_url":"https:\/\/tokajhetszolo.com\/hu\/private-wine-storage\/","og_site_name":"Tokaj","article_modified_time":"2022-08-11T14:05:48+00:00","twitter_card":"summary_large_image","schema":{"@context":"https:\/\/schema.org","@graph":[{"@type":"WebPage","@id":"https:\/\/tokajhetszolo.com\/private-wine-storage\/","url":"https:\/\/tokajhetszolo.com\/private-wine-storage\/","name":"Private Wine Storage - Tokaj","isPartOf":{"@id":"https:\/\/tokajhetszolo.com\/#website"},"datePublished":"2022-08-11T14:02:04+00:00","dateModified":"2022-08-11T14:05:48+00:00","breadcrumb":{"@id":"https:\/\/tokajhetszolo.com\/private-wine-storage\/#breadcrumb"},"inLanguage":"hu","potentialAction":[{"@type":"ReadAction","target":["https:\/\/tokajhetszolo.com\/private-wine-storage\/"]}]},{"@type":"BreadcrumbList","@id":"https:\/\/tokajhetszolo.com\/private-wine-storage\/#breadcrumb","itemListElement":[{"@type":"ListItem","position":1,"name":"Home","item":"https:\/\/tokajhetszolo.com\/"},{"@type":"ListItem","position":2,"name":"Private Wine Storage"}]},{"@type":"WebSite","@id":"https:\/\/tokajhetszolo.com\/#website","url":"https:\/\/tokajhetszolo.com\/","name":"Tokaj","description":"A Taste full of Secrets","publisher":{"@id":"https:\/\/tokajhetszolo.com\/#organization"},"potentialAction":[{"@type":"SearchAction","target":{"@type":"EntryPoint","urlTemplate":"https:\/\/tokajhetszolo.com\/?s={search_term_string}"},"query-input":{"@type":"PropertyValueSpecification","valueRequired":true,"valueName":"search_term_string"}}],"inLanguage":"hu"},{"@type":"Organization","@id":"https:\/\/tokajhetszolo.com\/#organization","name":"Tokaj","url":"https:\/\/tokajhetszolo.com\/","logo":{"@type":"ImageObject","inLanguage":"hu","@id":"https:\/\/tokajhetszolo.com\/#\/schema\/logo\/image\/","url":"https:\/\/tokajhetszolo.com\/wp-content\/uploads\/2020\/12\/Logo-Hetszolo_Organic_White-2.png","contentUrl":"https:\/\/tokajhetszolo.com\/wp-content\/uploads\/2020\/12\/Logo-Hetszolo_Organic_White-2.png","width":600,"height":371,"caption":"Tokaj"},"image":{"@id":"https:\/\/tokajhetszolo.com\/#\/schema\/logo\/image\/"}}]}},"_links":{"self":[{"href":"https:\/\/tokajhetszolo.com\/hu\/wp-json\/wp\/v2\/pages\/2654","targetHints":{"allow":["GET"]}}],"collection":[{"href":"https:\/\/tokajhetszolo.com\/hu\/wp-json\/wp\/v2\/pages"}],"about":[{"href":"https:\/\/tokajhetszolo.com\/hu\/wp-json\/wp\/v2\/types\/page"}],"author":[{"embeddable":true,"href":"https:\/\/tokajhetszolo.com\/hu\/wp-json\/wp\/v2\/users\/1"}],"replies":[{"embeddable":true,"href":"https:\/\/tokajhetszolo.com\/hu\/wp-json\/wp\/v2\/comments?post=2654"}],"version-history":[{"count":4,"href":"https:\/\/tokajhetszolo.com\/hu\/wp-json\/wp\/v2\/pages\/2654\/revisions"}],"predecessor-version":[{"id":2658,"href":"https:\/\/tokajhetszolo.com\/hu\/wp-json\/wp\/v2\/pages\/2654\/revisions\/2658"}],"wp:attachment":[{"href":"https:\/\/tokajhetszolo.com\/hu\/wp-json\/wp\/v2\/media?parent=2654"}],"curies":[{"name":"wp","href":"https:\/\/api.w.org\/{rel}","templated":true}]}}