{"id":2578,"date":"2022-08-10T14:19:28","date_gmt":"2022-08-10T14:19:28","guid":{"rendered":"https:\/\/tokajhetszolo.com\/?page_id=2578"},"modified":"2026-04-07T09:31:52","modified_gmt":"2026-04-07T09:31:52","slug":"tasting-and-events","status":"publish","type":"page","link":"https:\/\/tokajhetszolo.com\/hu\/tasting-and-events\/","title":{"rendered":"Tasting &#038; Events"},"content":{"rendered":"<div data-elementor-type=\"wp-page\" data-elementor-id=\"2578\" class=\"elementor elementor-2578\" data-elementor-post-type=\"page\">\n\t\t\t\t\t\t<section class=\"elementor-section elementor-top-section elementor-element elementor-element-0a5cea3 elementor-section-height-min-height elementor-section-boxed elementor-section-height-default elementor-section-items-middle\" data-id=\"0a5cea3\" data-element_type=\"section\" data-e-type=\"section\" data-settings=\"{&quot;background_background&quot;:&quot;classic&quot;}\">\n\t\t\t\t\t\t\t<div class=\"elementor-background-overlay\"><\/div>\n\t\t\t\t\t\t\t<div class=\"elementor-container elementor-column-gap-default\">\n\t\t\t\t\t<div class=\"elementor-column elementor-col-100 elementor-top-column elementor-element elementor-element-1a67981\" data-id=\"1a67981\" data-element_type=\"column\" data-e-type=\"column\">\n\t\t\t<div class=\"elementor-widget-wrap elementor-element-populated\">\n\t\t\t\t\t\t<div class=\"elementor-element elementor-element-50b66cf elementor-widget elementor-widget-heading\" data-id=\"50b66cf\" data-element_type=\"widget\" data-e-type=\"widget\" data-widget_type=\"heading.default\">\n\t\t\t\t<div class=\"elementor-widget-container\">\n\t\t\t\t\t<h2 class=\"elementor-heading-title elementor-size-default\">K\u00f3stol\u00f3k \u00e9s rendezv\u00e9nyek<\/h2>\t\t\t\t<\/div>\n\t\t\t\t<\/div>\n\t\t\t\t\t<\/div>\n\t\t<\/div>\n\t\t\t\t\t<\/div>\n\t\t<\/section>\n\t\t\t\t<section class=\"elementor-section elementor-top-section elementor-element elementor-element-8af7b7b elementor-section-boxed elementor-section-height-default elementor-section-height-default\" data-id=\"8af7b7b\" data-element_type=\"section\" data-e-type=\"section\" data-settings=\"{&quot;background_background&quot;:&quot;gradient&quot;}\">\n\t\t\t\t\t\t<div class=\"elementor-container elementor-column-gap-default\">\n\t\t\t\t\t<div class=\"elementor-column elementor-col-100 elementor-top-column elementor-element elementor-element-12cc1dd\" data-id=\"12cc1dd\" data-element_type=\"column\" data-e-type=\"column\">\n\t\t\t<div class=\"elementor-widget-wrap elementor-element-populated\">\n\t\t\t\t\t\t<div class=\"elementor-element elementor-element-f0c62a1 elementor-widget elementor-widget-heading\" data-id=\"f0c62a1\" data-element_type=\"widget\" data-e-type=\"widget\" data-widget_type=\"heading.default\">\n\t\t\t\t<div class=\"elementor-widget-container\">\n\t\t\t\t\t<h2 class=\"elementor-heading-title elementor-size-default\">\nKapcsolat k\u00f3stol\u00f3k \u00e9s rendezv\u00e9nyek \u00fcgy\u00e9ben:\n<\/h2>\t\t\t\t<\/div>\n\t\t\t\t<\/div>\n\t\t\t\t<div class=\"elementor-element elementor-element-5fb1d52 elementor-widget elementor-widget-text-editor\" data-id=\"5fb1d52\" data-element_type=\"widget\" data-e-type=\"widget\" data-widget_type=\"text-editor.default\">\n\t\t\t\t<div class=\"elementor-widget-container\">\n\t\t\t\t\t\t\t\t\t<p>+36 30 436 5767 &nbsp; &nbsp; &nbsp; +36 30 218 4267 &nbsp; &nbsp; &nbsp; info@rakoczipince.hu<\/p>\n<p>Hungary, Tokaj-3910, Kossuth square 15.<\/p>\t\t\t\t\t\t\t\t<\/div>\n\t\t\t\t<\/div>\n\t\t\t\t\t<\/div>\n\t\t<\/div>\n\t\t\t\t\t<\/div>\n\t\t<\/section>\n\t\t\t\t<section class=\"elementor-section elementor-top-section elementor-element elementor-element-072133b elementor-section-boxed elementor-section-height-default elementor-section-height-default\" data-id=\"072133b\" data-element_type=\"section\" data-e-type=\"section\" data-settings=\"{&quot;background_background&quot;:&quot;gradient&quot;}\">\n\t\t\t\t\t\t<div class=\"elementor-container elementor-column-gap-default\">\n\t\t\t\t\t<div class=\"elementor-column elementor-col-33 elementor-top-column elementor-element elementor-element-11f0973\" data-id=\"11f0973\" data-element_type=\"column\" data-e-type=\"column\">\n\t\t\t<div class=\"elementor-widget-wrap elementor-element-populated\">\n\t\t\t\t\t\t<div class=\"elementor-element elementor-element-e44ecd2 elementor-widget elementor-widget-image\" data-id=\"e44ecd2\" data-element_type=\"widget\" data-e-type=\"widget\" data-widget_type=\"image.default\">\n\t\t\t\t<div class=\"elementor-widget-container\">\n\t\t\t\t\t\t\t\t\t\t\t\t<figure class=\"wp-caption\">\n\t\t\t\t\t\t\t\t\t\t\t<a href=\"\/hu\/history-of-the-rakoczi-cellar\/\">\n\t\t\t\t\t\t\t<img decoding=\"async\" src=\"https:\/\/tokajhetszolo.com\/wp-content\/uploads\/elementor\/thumbs\/DSC_2924-rl451zgfz8yqmhl8uzxhq0k0gf6apav09w7ip8pbl0.jpg\" title=\"DSC_2924\" alt=\"DSC_2924\" loading=\"lazy\" \/>\t\t\t\t\t\t\t\t<\/a>\n\t\t\t\t\t\t\t\t\t\t\t<figcaption class=\"widget-image-caption wp-caption-text\">T\u00f6rt\u00e9nelem<\/figcaption>\n\t\t\t\t\t\t\t\t\t\t<\/figure>\n\t\t\t\t\t\t\t\t\t<\/div>\n\t\t\t\t<\/div>\n\t\t\t\t<div class=\"elementor-element elementor-element-77ddb87 elementor-widget elementor-widget-image\" data-id=\"77ddb87\" data-element_type=\"widget\" data-e-type=\"widget\" data-widget_type=\"image.default\">\n\t\t\t\t<div class=\"elementor-widget-container\">\n\t\t\t\t\t\t\t\t\t\t\t\t<figure class=\"wp-caption\">\n\t\t\t\t\t\t\t\t\t\t\t<a href=\"\/hu\/team-building\/\">\n\t\t\t\t\t\t\t<img decoding=\"async\" src=\"https:\/\/tokajhetszolo.com\/wp-content\/uploads\/elementor\/thumbs\/Management-of-Tokaj-Hetszolo-June-2021-left-to-right_Tamas-Oroszlan-Commercial-Director-Raphael-Reybier-Owner-Gergely-Makai-General-Manager-Chief-Winemaker-scaled-ps3lgwf76k7zeckfnwai12xsv2zw5j51dojwajp2as.jpg\" title=\"Management of Tokaj-Hetszolo &#8211; June 2021 &#8211; left to right_Tamas Oroszlan Commercial Director + Raphael Reybier Owner + Gergely Makai General Manager &#038; Chief Winemaker\" alt=\"Management of Tokaj-Hetszolo - June 2021 - left to right_Tamas Oroszlan Commercial Director + Raphael Reybier Owner + Gergely Makai General Manager &amp; Chief Winemaker\" loading=\"lazy\" \/>\t\t\t\t\t\t\t\t<\/a>\n\t\t\t\t\t\t\t\t\t\t\t<figcaption class=\"widget-image-caption wp-caption-text\">Csapat\u00e9p\u00edt\u0151<\/figcaption>\n\t\t\t\t\t\t\t\t\t\t<\/figure>\n\t\t\t\t\t\t\t\t\t<\/div>\n\t\t\t\t<\/div>\n\t\t\t\t\t<\/div>\n\t\t<\/div>\n\t\t\t\t<div class=\"elementor-column elementor-col-33 elementor-top-column elementor-element elementor-element-2f3e775\" data-id=\"2f3e775\" data-element_type=\"column\" data-e-type=\"column\">\n\t\t\t<div class=\"elementor-widget-wrap elementor-element-populated\">\n\t\t\t\t\t\t<div class=\"elementor-element elementor-element-4ae45a6 elementor-widget elementor-widget-image\" data-id=\"4ae45a6\" data-element_type=\"widget\" data-e-type=\"widget\" data-widget_type=\"image.default\">\n\t\t\t\t<div class=\"elementor-widget-container\">\n\t\t\t\t\t\t\t\t\t\t\t\t<figure class=\"wp-caption\">\n\t\t\t\t\t\t\t\t\t\t\t<a href=\"\/hu\/wine-tasting\/\">\n\t\t\t\t\t\t\t<img decoding=\"async\" src=\"https:\/\/tokajhetszolo.com\/wp-content\/uploads\/elementor\/thumbs\/DSC_2907-rl451svknepqd7usxf33qk7saq2q7f4vwzn4caz2sk.jpg\" title=\"DSC_2907\" alt=\"DSC_2907\" loading=\"lazy\" \/>\t\t\t\t\t\t\t\t<\/a>\n\t\t\t\t\t\t\t\t\t\t\t<figcaption class=\"widget-image-caption wp-caption-text\">Bork\u00f3stol\u00e1s<\/figcaption>\n\t\t\t\t\t\t\t\t\t\t<\/figure>\n\t\t\t\t\t\t\t\t\t<\/div>\n\t\t\t\t<\/div>\n\t\t\t\t<div class=\"elementor-element elementor-element-fd9e506 elementor-widget elementor-widget-image\" data-id=\"fd9e506\" data-element_type=\"widget\" data-e-type=\"widget\" data-widget_type=\"image.default\">\n\t\t\t\t<div class=\"elementor-widget-container\">\n\t\t\t\t\t\t\t\t\t\t\t\t<figure class=\"wp-caption\">\n\t\t\t\t\t\t\t\t\t\t\t<a href=\"\/hu\/private-wine-storage\/\">\n\t\t\t\t\t\t\t<img decoding=\"async\" src=\"https:\/\/tokajhetszolo.com\/wp-content\/uploads\/elementor\/thumbs\/DSC_2804-rl450kp5q7197jmz3dzmzdd4dm4h5n9i2wzasaskx0.jpg\" title=\"DSC_2804\" alt=\"DSC_2804\" loading=\"lazy\" \/>\t\t\t\t\t\t\t\t<\/a>\n\t\t\t\t\t\t\t\t\t\t\t<figcaption class=\"widget-image-caption wp-caption-text\">Priv\u00e1t borbolt<\/figcaption>\n\t\t\t\t\t\t\t\t\t\t<\/figure>\n\t\t\t\t\t\t\t\t\t<\/div>\n\t\t\t\t<\/div>\n\t\t\t\t\t<\/div>\n\t\t<\/div>\n\t\t\t\t<div class=\"elementor-column elementor-col-33 elementor-top-column elementor-element elementor-element-bd0a2b6\" data-id=\"bd0a2b6\" data-element_type=\"column\" data-e-type=\"column\">\n\t\t\t<div class=\"elementor-widget-wrap elementor-element-populated\">\n\t\t\t\t\t\t<div class=\"elementor-element elementor-element-9a6541e elementor-widget elementor-widget-image\" data-id=\"9a6541e\" data-element_type=\"widget\" data-e-type=\"widget\" data-widget_type=\"image.default\">\n\t\t\t\t<div class=\"elementor-widget-container\">\n\t\t\t\t\t\t\t\t\t\t\t\t<figure class=\"wp-caption\">\n\t\t\t\t\t\t\t\t\t\t\t<a href=\"\/hu\/vineyard-tour\/\">\n\t\t\t\t\t\t\t<img decoding=\"async\" src=\"https:\/\/tokajhetszolo.com\/wp-content\/uploads\/elementor\/thumbs\/Single-Vineyards-et-Tokaj-Hetszolo-Organic-Vineyards-pe2vlvov0k2kat4oykwne888vao8p2umkxbwh8k1yc.jpeg\" title=\"Single-Vineyards-et-Tokaj-Hetszolo-Organic-Vineyards\" alt=\"Single-Vineyards-et-Tokaj-Hetszolo-Organic-Vineyards\" loading=\"lazy\" \/>\t\t\t\t\t\t\t\t<\/a>\n\t\t\t\t\t\t\t\t\t\t\t<figcaption class=\"widget-image-caption wp-caption-text\">D\u0171l\u0151t\u00fara<\/figcaption>\n\t\t\t\t\t\t\t\t\t\t<\/figure>\n\t\t\t\t\t\t\t\t\t<\/div>\n\t\t\t\t<\/div>\n\t\t\t\t<div class=\"elementor-element elementor-element-9bf9903 elementor-widget elementor-widget-image\" data-id=\"9bf9903\" data-element_type=\"widget\" data-e-type=\"widget\" data-widget_type=\"image.default\">\n\t\t\t\t<div class=\"elementor-widget-container\">\n\t\t\t\t\t\t\t\t\t\t\t\t<figure class=\"wp-caption\">\n\t\t\t\t\t\t\t\t\t\t\t<a href=\"https:\/\/tokajhetszolo.com\/hu\/weddings\/\">\n\t\t\t\t\t\t\t<img decoding=\"async\" src=\"https:\/\/tokajhetszolo.com\/wp-content\/uploads\/elementor\/thumbs\/DSC_2805-scaled-pt4jm9gowlo7umens3wbsvkxpk53efpio7wv51lbl0.jpg\" title=\"DSC_2805\" alt=\"DSC_2805\" loading=\"lazy\" \/>\t\t\t\t\t\t\t\t<\/a>\n\t\t\t\t\t\t\t\t\t\t\t<figcaption class=\"widget-image-caption wp-caption-text\">Esk\u00fcv\u0151k<\/figcaption>\n\t\t\t\t\t\t\t\t\t\t<\/figure>\n\t\t\t\t\t\t\t\t\t<\/div>\n\t\t\t\t<\/div>\n\t\t\t\t\t<\/div>\n\t\t<\/div>\n\t\t\t\t\t<\/div>\n\t\t<\/section>\n\t\t\t\t<section class=\"elementor-section elementor-top-section elementor-element elementor-element-395da255 elementor-section-full_width elementor-section-height-default elementor-section-height-default\" data-id=\"395da255\" data-element_type=\"section\" data-e-type=\"section\">\n\t\t\t\t\t\t<div class=\"elementor-container elementor-column-gap-default\">\n\t\t\t\t\t<div class=\"elementor-column elementor-col-100 elementor-top-column elementor-element elementor-element-23cc1095\" data-id=\"23cc1095\" data-element_type=\"column\" data-e-type=\"column\">\n\t\t\t<div class=\"elementor-widget-wrap elementor-element-populated\">\n\t\t\t\t\t\t<div class=\"elementor-element elementor-element-7b3a48ef elementor-fixed elementor-widget elementor-widget-image\" data-id=\"7b3a48ef\" data-element_type=\"widget\" data-e-type=\"widget\" data-settings=\"{&quot;_position&quot;:&quot;fixed&quot;}\" data-widget_type=\"image.default\">\n\t\t\t\t<div class=\"elementor-widget-container\">\n\t\t\t\t\t\t\t\t\t\t\t\t\t\t\t\t<a href=\"https:\/\/tokajhetszolo.com\/hu\/palyazat\/\">\n\t\t\t\t\t\t\t<img decoding=\"async\" width=\"258\" height=\"180\" src=\"https:\/\/tokajhetszolo.com\/wp-content\/uploads\/2023\/11\/infoblokk-also.png\" class=\"attachment-full size-full wp-image-2963\" alt=\"\" srcset=\"https:\/\/tokajhetszolo.com\/wp-content\/uploads\/2023\/11\/infoblokk-also.png 258w, https:\/\/tokajhetszolo.com\/wp-content\/uploads\/2023\/11\/infoblokk-also-18x12.png 18w\" sizes=\"(max-width: 258px) 100vw, 258px\" \/>\t\t\t\t\t\t\t\t<\/a>\n\t\t\t\t\t\t\t\t\t\t\t\t\t\t\t<\/div>\n\t\t\t\t<\/div>\n\t\t\t\t<div class=\"elementor-element elementor-element-548a7bef elementor-fixed elementor-widget elementor-widget-image\" data-id=\"548a7bef\" data-element_type=\"widget\" data-e-type=\"widget\" data-settings=\"{&quot;_position&quot;:&quot;fixed&quot;}\" data-widget_type=\"image.default\">\n\t\t\t\t<div class=\"elementor-widget-container\">\n\t\t\t\t\t\t\t\t\t\t\t\t\t\t\t\t<a href=\"https:\/\/tokajhetszolo.com\/hu\/palyazat\/\">\n\t\t\t\t\t\t\t<img fetchpriority=\"high\" decoding=\"async\" width=\"1792\" height=\"400\" src=\"https:\/\/tokajhetszolo.com\/wp-content\/uploads\/2026\/03\/kisfaludy_banner-1792x400-1.png\" class=\"attachment-full size-full wp-image-3286\" alt=\"\" srcset=\"https:\/\/tokajhetszolo.com\/wp-content\/uploads\/2026\/03\/kisfaludy_banner-1792x400-1.png 1792w, https:\/\/tokajhetszolo.com\/wp-content\/uploads\/2026\/03\/kisfaludy_banner-1792x400-1-300x67.png 300w, https:\/\/tokajhetszolo.com\/wp-content\/uploads\/2026\/03\/kisfaludy_banner-1792x400-1-1024x229.png 1024w, https:\/\/tokajhetszolo.com\/wp-content\/uploads\/2026\/03\/kisfaludy_banner-1792x400-1-768x171.png 768w, https:\/\/tokajhetszolo.com\/wp-content\/uploads\/2026\/03\/kisfaludy_banner-1792x400-1-1536x343.png 1536w, https:\/\/tokajhetszolo.com\/wp-content\/uploads\/2026\/03\/kisfaludy_banner-1792x400-1-18x4.png 18w\" sizes=\"(max-width: 1792px) 100vw, 1792px\" \/>\t\t\t\t\t\t\t\t<\/a>\n\t\t\t\t\t\t\t\t\t\t\t\t\t\t\t<\/div>\n\t\t\t\t<\/div>\n\t\t\t\t\t<\/div>\n\t\t<\/div>\n\t\t\t\t\t<\/div>\n\t\t<\/section>\n\t\t\t\t<\/div>","protected":false},"excerpt":{"rendered":"<p>Tasting &amp; Event Contact for tastings and events: +36 30 436 5767 &nbsp; &nbsp; &nbsp; +36 30 218 4267 &nbsp; &nbsp; &nbsp; info@rakoczipince.hu Hungary, Tokaj-3910,&#8230;<\/p>","protected":false},"author":1,"featured_media":0,"parent":0,"menu_order":0,"comment_status":"closed","ping_status":"closed","template":"","meta":{"footnotes":""},"class_list":["post-2578","page","type-page","status-publish"],"acf":[],"yoast_head":"<!-- This site is optimized with the Yoast SEO plugin v27.4 - https:\/\/yoast.com\/product\/yoast-seo-wordpress\/ -->\n<title>Tasting &amp; Events - Tokaj<\/title>\n<meta name=\"robots\" content=\"index, follow, max-snippet:-1, max-image-preview:large, max-video-preview:-1\" \/>\n<link rel=\"canonical\" href=\"https:\/\/tokajhetszolo.com\/hu\/tasting-and-events\/\" \/>\n<meta property=\"og:locale\" content=\"hu_HU\" \/>\n<meta property=\"og:type\" content=\"article\" \/>\n<meta property=\"og:title\" content=\"Tasting &amp; Events - Tokaj\" \/>\n<meta property=\"og:description\" content=\"Tasting &amp; Event Contact for tastings and events: +36 30 436 5767 &nbsp; &nbsp; &nbsp; +36 30 218 4267 &nbsp; &nbsp; &nbsp; info@rakoczipince.hu Hungary, Tokaj-3910,...\" \/>\n<meta property=\"og:url\" content=\"https:\/\/tokajhetszolo.com\/hu\/tasting-and-events\/\" \/>\n<meta property=\"og:site_name\" content=\"Tokaj\" \/>\n<meta property=\"article:modified_time\" content=\"2026-04-07T09:31:52+00:00\" \/>\n<meta property=\"og:image\" content=\"https:\/\/tokajhetszolo.com\/wp-content\/uploads\/elementor\/thumbs\/DSC_2924-rl451zgfz8yqmhl8uzxhq0k0gf6apav09w7ip8pbl0.jpg\" \/>\n<meta name=\"twitter:card\" content=\"summary_large_image\" \/>\n<script type=\"application\/ld+json\" class=\"yoast-schema-graph\">{\"@context\":\"https:\\\/\\\/schema.org\",\"@graph\":[{\"@type\":\"WebPage\",\"@id\":\"https:\\\/\\\/tokajhetszolo.com\\\/tasting-and-events\\\/\",\"url\":\"https:\\\/\\\/tokajhetszolo.com\\\/tasting-and-events\\\/\",\"name\":\"Tasting & Events - Tokaj\",\"isPartOf\":{\"@id\":\"https:\\\/\\\/tokajhetszolo.com\\\/#website\"},\"primaryImageOfPage\":{\"@id\":\"https:\\\/\\\/tokajhetszolo.com\\\/tasting-and-events\\\/#primaryimage\"},\"image\":{\"@id\":\"https:\\\/\\\/tokajhetszolo.com\\\/tasting-and-events\\\/#primaryimage\"},\"thumbnailUrl\":\"https:\\\/\\\/tokajhetszolo.com\\\/wp-content\\\/uploads\\\/elementor\\\/thumbs\\\/DSC_2924-rl451zgfz8yqmhl8uzxhq0k0gf6apav09w7ip8pbl0.jpg\",\"datePublished\":\"2022-08-10T14:19:28+00:00\",\"dateModified\":\"2026-04-07T09:31:52+00:00\",\"breadcrumb\":{\"@id\":\"https:\\\/\\\/tokajhetszolo.com\\\/tasting-and-events\\\/#breadcrumb\"},\"inLanguage\":\"hu\",\"potentialAction\":[{\"@type\":\"ReadAction\",\"target\":[\"https:\\\/\\\/tokajhetszolo.com\\\/tasting-and-events\\\/\"]}]},{\"@type\":\"ImageObject\",\"inLanguage\":\"hu\",\"@id\":\"https:\\\/\\\/tokajhetszolo.com\\\/tasting-and-events\\\/#primaryimage\",\"url\":\"https:\\\/\\\/tokajhetszolo.com\\\/wp-content\\\/uploads\\\/elementor\\\/thumbs\\\/DSC_2924-rl451zgfz8yqmhl8uzxhq0k0gf6apav09w7ip8pbl0.jpg\",\"contentUrl\":\"https:\\\/\\\/tokajhetszolo.com\\\/wp-content\\\/uploads\\\/elementor\\\/thumbs\\\/DSC_2924-rl451zgfz8yqmhl8uzxhq0k0gf6apav09w7ip8pbl0.jpg\"},{\"@type\":\"BreadcrumbList\",\"@id\":\"https:\\\/\\\/tokajhetszolo.com\\\/tasting-and-events\\\/#breadcrumb\",\"itemListElement\":[{\"@type\":\"ListItem\",\"position\":1,\"name\":\"Home\",\"item\":\"https:\\\/\\\/tokajhetszolo.com\\\/\"},{\"@type\":\"ListItem\",\"position\":2,\"name\":\"Tasting &#038; Events\"}]},{\"@type\":\"WebSite\",\"@id\":\"https:\\\/\\\/tokajhetszolo.com\\\/#website\",\"url\":\"https:\\\/\\\/tokajhetszolo.com\\\/\",\"name\":\"Tokaj\",\"description\":\"A Taste full of Secrets\",\"publisher\":{\"@id\":\"https:\\\/\\\/tokajhetszolo.com\\\/#organization\"},\"potentialAction\":[{\"@type\":\"SearchAction\",\"target\":{\"@type\":\"EntryPoint\",\"urlTemplate\":\"https:\\\/\\\/tokajhetszolo.com\\\/?s={search_term_string}\"},\"query-input\":{\"@type\":\"PropertyValueSpecification\",\"valueRequired\":true,\"valueName\":\"search_term_string\"}}],\"inLanguage\":\"hu\"},{\"@type\":\"Organization\",\"@id\":\"https:\\\/\\\/tokajhetszolo.com\\\/#organization\",\"name\":\"Tokaj\",\"url\":\"https:\\\/\\\/tokajhetszolo.com\\\/\",\"logo\":{\"@type\":\"ImageObject\",\"inLanguage\":\"hu\",\"@id\":\"https:\\\/\\\/tokajhetszolo.com\\\/#\\\/schema\\\/logo\\\/image\\\/\",\"url\":\"https:\\\/\\\/tokajhetszolo.com\\\/wp-content\\\/uploads\\\/2020\\\/12\\\/Logo-Hetszolo_Organic_White-2.png\",\"contentUrl\":\"https:\\\/\\\/tokajhetszolo.com\\\/wp-content\\\/uploads\\\/2020\\\/12\\\/Logo-Hetszolo_Organic_White-2.png\",\"width\":600,\"height\":371,\"caption\":\"Tokaj\"},\"image\":{\"@id\":\"https:\\\/\\\/tokajhetszolo.com\\\/#\\\/schema\\\/logo\\\/image\\\/\"}}]}<\/script>\n<!-- \/ Yoast SEO plugin. -->","yoast_head_json":{"title":"Tasting & Events - Tokaj","robots":{"index":"index","follow":"follow","max-snippet":"max-snippet:-1","max-image-preview":"max-image-preview:large","max-video-preview":"max-video-preview:-1"},"canonical":"https:\/\/tokajhetszolo.com\/hu\/tasting-and-events\/","og_locale":"hu_HU","og_type":"article","og_title":"Tasting & Events - Tokaj","og_description":"Tasting &amp; Event Contact for tastings and events: +36 30 436 5767 &nbsp; &nbsp; &nbsp; +36 30 218 4267 &nbsp; &nbsp; &nbsp; info@rakoczipince.hu Hungary, Tokaj-3910,...","og_url":"https:\/\/tokajhetszolo.com\/hu\/tasting-and-events\/","og_site_name":"Tokaj","article_modified_time":"2026-04-07T09:31:52+00:00","og_image":[{"url":"https:\/\/tokajhetszolo.com\/wp-content\/uploads\/elementor\/thumbs\/DSC_2924-rl451zgfz8yqmhl8uzxhq0k0gf6apav09w7ip8pbl0.jpg","type":"","width":"","height":""}],"twitter_card":"summary_large_image","schema":{"@context":"https:\/\/schema.org","@graph":[{"@type":"WebPage","@id":"https:\/\/tokajhetszolo.com\/tasting-and-events\/","url":"https:\/\/tokajhetszolo.com\/tasting-and-events\/","name":"Tasting & Events - Tokaj","isPartOf":{"@id":"https:\/\/tokajhetszolo.com\/#website"},"primaryImageOfPage":{"@id":"https:\/\/tokajhetszolo.com\/tasting-and-events\/#primaryimage"},"image":{"@id":"https:\/\/tokajhetszolo.com\/tasting-and-events\/#primaryimage"},"thumbnailUrl":"https:\/\/tokajhetszolo.com\/wp-content\/uploads\/elementor\/thumbs\/DSC_2924-rl451zgfz8yqmhl8uzxhq0k0gf6apav09w7ip8pbl0.jpg","datePublished":"2022-08-10T14:19:28+00:00","dateModified":"2026-04-07T09:31:52+00:00","breadcrumb":{"@id":"https:\/\/tokajhetszolo.com\/tasting-and-events\/#breadcrumb"},"inLanguage":"hu","potentialAction":[{"@type":"ReadAction","target":["https:\/\/tokajhetszolo.com\/tasting-and-events\/"]}]},{"@type":"ImageObject","inLanguage":"hu","@id":"https:\/\/tokajhetszolo.com\/tasting-and-events\/#primaryimage","url":"https:\/\/tokajhetszolo.com\/wp-content\/uploads\/elementor\/thumbs\/DSC_2924-rl451zgfz8yqmhl8uzxhq0k0gf6apav09w7ip8pbl0.jpg","contentUrl":"https:\/\/tokajhetszolo.com\/wp-content\/uploads\/elementor\/thumbs\/DSC_2924-rl451zgfz8yqmhl8uzxhq0k0gf6apav09w7ip8pbl0.jpg"},{"@type":"BreadcrumbList","@id":"https:\/\/tokajhetszolo.com\/tasting-and-events\/#breadcrumb","itemListElement":[{"@type":"ListItem","position":1,"name":"Home","item":"https:\/\/tokajhetszolo.com\/"},{"@type":"ListItem","position":2,"name":"Tasting &#038; Events"}]},{"@type":"WebSite","@id":"https:\/\/tokajhetszolo.com\/#website","url":"https:\/\/tokajhetszolo.com\/","name":"Tokaj","description":"A Taste full of Secrets","publisher":{"@id":"https:\/\/tokajhetszolo.com\/#organization"},"potentialAction":[{"@type":"SearchAction","target":{"@type":"EntryPoint","urlTemplate":"https:\/\/tokajhetszolo.com\/?s={search_term_string}"},"query-input":{"@type":"PropertyValueSpecification","valueRequired":true,"valueName":"search_term_string"}}],"inLanguage":"hu"},{"@type":"Organization","@id":"https:\/\/tokajhetszolo.com\/#organization","name":"Tokaj","url":"https:\/\/tokajhetszolo.com\/","logo":{"@type":"ImageObject","inLanguage":"hu","@id":"https:\/\/tokajhetszolo.com\/#\/schema\/logo\/image\/","url":"https:\/\/tokajhetszolo.com\/wp-content\/uploads\/2020\/12\/Logo-Hetszolo_Organic_White-2.png","contentUrl":"https:\/\/tokajhetszolo.com\/wp-content\/uploads\/2020\/12\/Logo-Hetszolo_Organic_White-2.png","width":600,"height":371,"caption":"Tokaj"},"image":{"@id":"https:\/\/tokajhetszolo.com\/#\/schema\/logo\/image\/"}}]}},"_links":{"self":[{"href":"https:\/\/tokajhetszolo.com\/hu\/wp-json\/wp\/v2\/pages\/2578","targetHints":{"allow":["GET"]}}],"collection":[{"href":"https:\/\/tokajhetszolo.com\/hu\/wp-json\/wp\/v2\/pages"}],"about":[{"href":"https:\/\/tokajhetszolo.com\/hu\/wp-json\/wp\/v2\/types\/page"}],"author":[{"embeddable":true,"href":"https:\/\/tokajhetszolo.com\/hu\/wp-json\/wp\/v2\/users\/1"}],"replies":[{"embeddable":true,"href":"https:\/\/tokajhetszolo.com\/hu\/wp-json\/wp\/v2\/comments?post=2578"}],"version-history":[{"count":97,"href":"https:\/\/tokajhetszolo.com\/hu\/wp-json\/wp\/v2\/pages\/2578\/revisions"}],"predecessor-version":[{"id":3343,"href":"https:\/\/tokajhetszolo.com\/hu\/wp-json\/wp\/v2\/pages\/2578\/revisions\/3343"}],"wp:attachment":[{"href":"https:\/\/tokajhetszolo.com\/hu\/wp-json\/wp\/v2\/media?parent=2578"}],"curies":[{"name":"wp","href":"https:\/\/api.w.org\/{rel}","templated":true}]}}