{"id":2542,"date":"2022-08-10T13:53:42","date_gmt":"2022-08-10T13:53:42","guid":{"rendered":"https:\/\/tokajhetszolo.com\/?page_id=2542"},"modified":"2022-08-12T09:54:04","modified_gmt":"2022-08-12T09:54:04","slug":"sweet-tokaj","status":"publish","type":"page","link":"https:\/\/tokajhetszolo.com\/hu\/sweet-tokaj\/","title":{"rendered":"\u00c9des tokaj"},"content":{"rendered":"<div class=\"p-0\">\n     <div class=\"banner has-ovrlay bg-image-4 bg-center h-500 bg-fixed\" style=\"background-image: url(https:\/\/tokajhetszolo.com\/wp-content\/uploads\/2022\/07\/Evolution-of-Botrytis-in-Tokaj-Hetszolo-Organic-Vineyards-scaled-e1658401570886.jpg);\">\n       <div class=\"caption pto65\" >\n         <div class=\"title-group\">\n                      <h1 class=\"f-70\">Tokaji \u00c9des <\/h1>\n         \n         <p class=\"line-mix line-single star-group white\">\n         <\/p>\n\n                    <\/div>\n       <\/div>\n     <\/div>\n   <\/div>\n\n\n\r\n    <section class=\"section-product bg-drk style-none\">\r\n        <div class=\"container\">\r\n            <div class=\"row align-items-center\">\r\n                <div class=\"col-xs-12\">\r\n\r\n                    <div class=\"title-group\" data-aos=\"fade-up\">\r\n\r\n                                                                  <\/div>\r\n\r\n                <\/div>\r\n\r\n                                <div class=\"col-xs-12 col-sm-6\">\r\n                    <div class=\"section-product__image img-left\">\r\n\r\n                            <img decoding=\"async\" src=\"https:\/\/tokajhetszolo.com\/wp-content\/uploads\/2022\/08\/tokaj-sweet-1.png\" alt=\"\" class=\"h-400 mr-auto\">\r\n\r\n                    <\/div>\r\n                <\/div>\r\n              \r\n              <div class=\"col-xs-12 col-sm-6 p-sm-0\">\r\n                  <div class=\"section-history__content p-b-0 p-t-sm-0 p-sm-0-left\">\r\n                      <div class=\"title-group m-b-0  max-100 color-d5c7b0 text-left\" data-aos=\"fade-up\">\r\n                                                <h3 class=\"color-d5c7b0\">Late harvest<\/h3>\r\n                                                    <p>A k\u00e9s\u0151i sz\u00fcretel\u00e9s\u0171 borok el\u0151sz\u00f6r az 1990-es \u00e9vek k\u00f6zep\u00e9n jelentek meg. Ezek a borok k\u00e9s\u0151n sz\u00fcretelt, t\u00fal\u00e9rett sz\u0151l\u0151b\u0151l k\u00e9sz\u00fclnek \u2014 amely nem felt\u00e9tlen\u00fcl asz\u00fasodott \u2014, \u00edgy \u00e1ltal\u00e1ban kev\u00e9sb\u00e9 \u00f6sszetettek, mint a Szamorodni borok.\n\nJellemz\u0151en \u00e9l\u00e9nkek \u00e9s frissek, r\u00e1ad\u00e1sul erre a kateg\u00f3ri\u00e1ra nem vonatkozik k\u00f6telez\u0151 \u00e9rlel\u00e9si id\u0151. Ennek megfelel\u0151en t\u00f6bbnyire csup\u00e1n n\u00e9h\u00e1ny h\u00f3napig \u00e9rlelik \u0151k<\/p>\r\n                            \r\n                            <div class=\"btn-call\">\r\n                                                                                      <a href=\"https:\/\/tokajhetszolo.com\/hu\/termek\/late-harvest\/\">\r\n                              <svg class=\"w-25 f-svg m-l-10 m-r-10 vertical-align-middle\" version=\"1.1\" x=\"0px\" y=\"0px\" viewbox=\"0 0 281.488 281.488\" xmlns=\"http:\/\/www.w3.org\/2000\/svg\">\r\n                                                      <g>\r\n                                                         <path d=\"M140.744,0C63.138,0,0,63.138,0,140.744s63.138,140.744,140.744,140.744s140.744-63.138,140.744-140.744                                                            S218.351,0,140.744,0z M140.744,263.488C73.063,263.488,18,208.426,18,140.744S73.063,18,140.744,18                                                            s122.744,55.063,122.744,122.744S208.425,263.488,140.744,263.488z\"><\/path>\r\n                                                         <path d=\"M210.913,131.744h-61.168V70.576c0-4.971-4.029-9-9-9s-9,4.029-9,9v61.168H70.576c-4.971,0-9,4.029-9,9s4.029,9,9,9h61.168                                                            v61.168c0,4.971,4.029,9,9,9s9-4.029,9-9v-61.168h61.168c4.971,0,9-4.029,9-9S215.883,131.744,210.913,131.744z\"><\/path>\r\n                                                      <\/g>\r\n                                                   <\/svg>\r\n\r\n              T\u00f6bb inform\u00e1ci\u00f3                              <\/a>\r\n                                                                              <a href=\"https:\/\/tokajhetszolo.com\/hu\/wine-shop\/\" class=\"has-arrow\">\r\n\r\n                            Megn\u00e9zem a webshopban                           <\/a>\r\n                                                                                <\/div>\r\n                      <\/div>\r\n                  <\/div>\r\n              <\/div>\r\n\r\n            <\/div>\r\n        <\/div>\r\n    <\/section>\r\n\n\n\r\n    <section class=\"section-product bg-drk style-2\">\r\n        <div class=\"container\">\r\n            <div class=\"row align-items-center\">\r\n                <div class=\"col-xs-12\">\r\n\r\n                    <div class=\"title-group\" data-aos=\"fade-up\">\r\n\r\n                                                                  <\/div>\r\n\r\n                <\/div>\r\n\r\n                                <div class=\"col-xs-12 col-sm-6 order-sm-2\">\r\n                    <div class=\"section-product__image img-right\">\r\n\r\n                            <img decoding=\"async\" src=\"https:\/\/tokajhetszolo.com\/wp-content\/uploads\/2022\/08\/tokaj-sweet-3.png\" alt=\"\" class=\"h-400 mr-auto\">\r\n\r\n                    <\/div>\r\n                <\/div>\r\n              \r\n              <div class=\"col-xs-12 col-sm-6 p-sm-0\">\r\n                  <div class=\"section-history__content p-b-0 p-t-sm-0 p-sm-0-right\">\r\n                      <div class=\"title-group m-b-0  max-100 color-d5c7b0 text-right\" data-aos=\"fade-up\">\r\n                                                <h3 class=\"color-d5c7b0\">\u00c9des Szamorodni<\/h3>\r\n                                                    <p>Ez Tokaj egyik legfontosabb \u00e9s leghagyom\u00e1nyosabb bort\u00edpusa. Eredetileg \u201eF\u0151bor\u201d n\u00e9ven ismert\u00e9k, k\u00e9s\u0151bb azonban a Szamorodni elnevez\u00e9s v\u00e1lt \u00e1ltal\u00e1noss\u00e1. A sz\u00f3 lengyel eredet\u0171, jelent\u00e9se: \u201eahogy termett\u201d vagy \u201eterm\u00e9szetesen sz\u00fcletett\u201d, amely j\u00f3l t\u00fckr\u00f6zi a lengyel piac t\u00f6rt\u00e9nelmi jelent\u0151s\u00e9g\u00e9t Tokaj sz\u00e1m\u00e1ra a 18. sz\u00e1zadban. Ez a bort\u00edpus akkoriban az egyik legkeresettebb tokaji bornak sz\u00e1m\u00edtott.\n\nA sz\u0151l\u0151t k\u00e9s\u0151i sz\u00fcrettel, eg\u00e9sz f\u00fcrt\u00f6kben szedik le, amelyekben egyszerre tal\u00e1lhat\u00f3k asz\u00fasodott \u00e9s eg\u00e9szs\u00e9ges szemek is \u2014 az Asz\u00faval ellent\u00e9tben itt nem t\u00f6rt\u00e9nik k\u00fcl\u00f6n szemv\u00e1logat\u00e1s. Az \u00edgy k\u00e9sz\u00fclt bort \u00e1ltal\u00e1ban k\u00f6r\u00fclbel\u00fcl egy \u00e9vig t\u00f6lgyfahord\u00f3ban \u00e9rlelik.<\/p>\r\n                            \r\n                            <div class=\"btn-call\">\r\n                                                                                              <a href=\"https:\/\/tokajhetszolo.com\/hu\/wine-shop\/\" class=\"has-arrow\">\r\n\r\n                                  Megn\u00e9zem a webshopban                                 <\/a>\r\n                                                                                          <a href=\"https:\/\/tokajhetszolo.com\/hu\/termek\/szamorodni\/\">\r\n                                T\u00f6bb inform\u00e1ci\u00f3                                  <svg class=\"w-25 f-svg m-l-10  vertical-align-middle\" version=\"1.1\" x=\"0px\" y=\"0px\" viewbox=\"0 0 281.488 281.488\" xmlns=\"http:\/\/www.w3.org\/2000\/svg\">\r\n                                                        <g>\r\n                                                           <path d=\"M140.744,0C63.138,0,0,63.138,0,140.744s63.138,140.744,140.744,140.744s140.744-63.138,140.744-140.744                                                              S218.351,0,140.744,0z M140.744,263.488C73.063,263.488,18,208.426,18,140.744S73.063,18,140.744,18                                                              s122.744,55.063,122.744,122.744S208.425,263.488,140.744,263.488z\"><\/path>\r\n                                                           <path d=\"M210.913,131.744h-61.168V70.576c0-4.971-4.029-9-9-9s-9,4.029-9,9v61.168H70.576c-4.971,0-9,4.029-9,9s4.029,9,9,9h61.168                                                              v61.168c0,4.971,4.029,9,9,9s9-4.029,9-9v-61.168h61.168c4.971,0,9-4.029,9-9S215.883,131.744,210.913,131.744z\"><\/path>\r\n                                                        <\/g>\r\n                                                     <\/svg>\r\n                              <\/a>\r\n                                                                                    <\/div>\r\n                      <\/div>\r\n                  <\/div>\r\n              <\/div>\r\n\r\n            <\/div>\r\n        <\/div>\r\n    <\/section>\r\n\n\n\r\n    <section class=\"section-product bg-drk style-none\">\r\n        <div class=\"container\">\r\n            <div class=\"row align-items-center\">\r\n                <div class=\"col-xs-12\">\r\n\r\n                    <div class=\"title-group\" data-aos=\"fade-up\">\r\n\r\n                                                                  <\/div>\r\n\r\n                <\/div>\r\n\r\n                                <div class=\"col-xs-12 col-sm-6\">\r\n                    <div class=\"section-product__image img-left\">\r\n\r\n                            <img decoding=\"async\" src=\"https:\/\/tokajhetszolo.com\/wp-content\/uploads\/2022\/08\/tokaj-sweet-4.png\" alt=\"\" class=\"h-400 mr-auto\">\r\n\r\n                    <\/div>\r\n                <\/div>\r\n              \r\n              <div class=\"col-xs-12 col-sm-6 p-sm-0\">\r\n                  <div class=\"section-history__content p-b-0 p-t-sm-0 p-sm-0-left\">\r\n                      <div class=\"title-group m-b-0  max-100 color-d5c7b0 text-left\" data-aos=\"fade-up\">\r\n                                                <h3 class=\"color-d5c7b0\">Asz\u00fa<\/h3>\r\n                                                    <p>Ez a komplex, aranyl\u00f3 sz\u00edn\u0171 bor hozta meg Tokaj vil\u00e1gh\u00edr\u00e9t. Az Asz\u00fa rendk\u00edv\u00fcl koncentr\u00e1lt bort\u00edpus, amely egyszerre gazdag cukorban \u00e9s savakban, \u00edzvil\u00e1ga pedig szinte elk\u00e9pzelhetetlen\u00fcl \u00f6sszetett.\n\nAz Asz\u00fa k\u00e9sz\u00edt\u00e9se a sz\u00fcrettel kezd\u0151dik, amelyre csak akkor ker\u00fclhet sor, amikor a sz\u0151l\u0151szemeket m\u00e1r nemes pen\u00e9sz, vagyis botrytis t\u00e1madta meg. A szemek ilyenkor t\u00f6ppedt, mazsolaszer\u0171 bogy\u00f3kk\u00e1 v\u00e1lnak, amelyekben a cukor- \u00e9s aromaanyagok er\u0151sen koncentr\u00e1l\u00f3dnak. Ezeket a szemeket k\u00e9zzel, egyes\u00e9vel v\u00e1logatj\u00e1k \u00e9s szedik le, gyakran t\u00f6bb menetben.\n\nNapjainkban az Asz\u00fa besorol\u00e1s\u00e1t a marad\u00e9kcukor-tartalom hat\u00e1rozza meg, amelynek minimum 120 gramm\/liter \u00e9rt\u00e9ket kell el\u00e9rnie. Ennek megfelel\u0151en ma m\u00e1r csak azok a borok viselhetik az Asz\u00fa megnevez\u00e9st, amelyek kor\u00e1bban az 5 \u00e9s 6 puttonyos kateg\u00f3ri\u00e1nak feleltek volna meg. <\/p>\r\n                            \r\n                            <div class=\"btn-call\">\r\n                                                                                      <a href=\"https:\/\/tokajhetszolo.com\/hu\/termek\/aszu-6-puttonyos-1er-cru-nagyszolo\/\">\r\n                              <svg class=\"w-25 f-svg m-l-10 m-r-10 vertical-align-middle\" version=\"1.1\" x=\"0px\" y=\"0px\" viewbox=\"0 0 281.488 281.488\" xmlns=\"http:\/\/www.w3.org\/2000\/svg\">\r\n                                                      <g>\r\n                                                         <path d=\"M140.744,0C63.138,0,0,63.138,0,140.744s63.138,140.744,140.744,140.744s140.744-63.138,140.744-140.744                                                            S218.351,0,140.744,0z M140.744,263.488C73.063,263.488,18,208.426,18,140.744S73.063,18,140.744,18                                                            s122.744,55.063,122.744,122.744S208.425,263.488,140.744,263.488z\"><\/path>\r\n                                                         <path d=\"M210.913,131.744h-61.168V70.576c0-4.971-4.029-9-9-9s-9,4.029-9,9v61.168H70.576c-4.971,0-9,4.029-9,9s4.029,9,9,9h61.168                                                            v61.168c0,4.971,4.029,9,9,9s9-4.029,9-9v-61.168h61.168c4.971,0,9-4.029,9-9S215.883,131.744,210.913,131.744z\"><\/path>\r\n                                                      <\/g>\r\n                                                   <\/svg>\r\n\r\n              T\u00f6bb inform\u00e1ci\u00f3                              <\/a>\r\n                                                                              <a href=\"https:\/\/tokajhetszolo.com\/hu\/wine-shop\/\" class=\"has-arrow\">\r\n\r\n                            Megn\u00e9zem a webshopban                           <\/a>\r\n                                                                                <\/div>\r\n                      <\/div>\r\n                  <\/div>\r\n              <\/div>\r\n\r\n            <\/div>\r\n        <\/div>\r\n    <\/section>\r\n\n\n\r\n    <section class=\"section-product bg-drk style-2\">\r\n        <div class=\"container\">\r\n            <div class=\"row align-items-center\">\r\n                <div class=\"col-xs-12\">\r\n\r\n                    <div class=\"title-group\" data-aos=\"fade-up\">\r\n\r\n                                                                  <\/div>\r\n\r\n                <\/div>\r\n\r\n                                <div class=\"col-xs-12 col-sm-6 order-sm-2\">\r\n                    <div class=\"section-product__image img-right\">\r\n\r\n                            <img decoding=\"async\" src=\"https:\/\/tokajhetszolo.com\/wp-content\/uploads\/2022\/08\/tokaj-sweet-2.png\" alt=\"\" class=\"h-400 mr-auto\">\r\n\r\n                    <\/div>\r\n                <\/div>\r\n              \r\n              <div class=\"col-xs-12 col-sm-6 p-sm-0\">\r\n                  <div class=\"section-history__content p-b-0 p-t-sm-0 p-sm-0-right\">\r\n                      <div class=\"title-group m-b-0  max-100 color-d5c7b0 text-right\" data-aos=\"fade-up\">\r\n                                                <h3 class=\"color-d5c7b0\">Eszencia<\/h3>\r\n                                                    <p>Az Eszencia szigor\u00faan v\u00e9ve nem is tekinthet\u0151 bornak, mivel rendk\u00edv\u00fcl magas cukortartalma miatt az erjed\u00e9s rendk\u00edv\u00fcl lassan zajlik, \u00e9s m\u00e9g \u00e9vek m\u00falt\u00e1n sem \u00e9ri el az alkoholtartalma a 4\u20136%-ot.\n\nEszencia csak kiv\u00e9teles \u00e9vj\u00e1ratokban k\u00e9sz\u00fcl, marad\u00e9kcukor-tartalma pedig ak\u00e1r a 800 gramm\/litert is meghaladhatja. Elk\u00e9sz\u00edt\u00e9s\u00e9hez az asz\u00faszemeket egy k\u00e1dba gy\u0171jtik, majd a bogy\u00f3k saj\u00e1t s\u00falya alatt kicsordul\u00f3 sz\u00ednmustb\u00f3l sz\u00fcletik meg az Eszencia. \u00c1llaga s\u0171r\u0171, m\u00e9zszer\u0171 szirupra eml\u00e9keztet, amelyet \u00fcvegballonokban erjesztenek.\n\nAz Eszenci\u00e1t gyakran eleg\u00e1ns, k\u00fcl\u00f6n erre a c\u00e9lra k\u00e9sz\u00edtett \u00fcvegkanalakb\u00f3l k\u00edn\u00e1lj\u00e1k. A legt\u00f6bb ember sz\u00e1m\u00e1ra \u00e9letre sz\u00f3l\u00f3 \u00e9lm\u00e9nyt jelent megk\u00f3stolni ezt a k\u00fcl\u00f6nlegess\u00e9get Tokajban, hiszen a borvid\u00e9ken k\u00edv\u00fcl rendk\u00edv\u00fcl ritk\u00e1n tal\u00e1lkozhatunk vele.<\/p>\r\n                            \r\n                            <div class=\"btn-call\">\r\n                                                                                              <a href=\"https:\/\/tokajhetszolo.com\/hu\/wine-shop\/\" class=\"has-arrow\">\r\n\r\n                                  Megn\u00e9zem a webshopban                                 <\/a>\r\n                                                                                          <a href=\"https:\/\/tokajhetszolo.com\/hu\/termek\/eszencia-estate\/\">\r\n                                T\u00f6bb inform\u00e1ci\u00f3                                  <svg class=\"w-25 f-svg m-l-10  vertical-align-middle\" version=\"1.1\" x=\"0px\" y=\"0px\" viewbox=\"0 0 281.488 281.488\" xmlns=\"http:\/\/www.w3.org\/2000\/svg\">\r\n                                                        <g>\r\n                                                           <path d=\"M140.744,0C63.138,0,0,63.138,0,140.744s63.138,140.744,140.744,140.744s140.744-63.138,140.744-140.744                                                              S218.351,0,140.744,0z M140.744,263.488C73.063,263.488,18,208.426,18,140.744S73.063,18,140.744,18                                                              s122.744,55.063,122.744,122.744S208.425,263.488,140.744,263.488z\"><\/path>\r\n                                                           <path d=\"M210.913,131.744h-61.168V70.576c0-4.971-4.029-9-9-9s-9,4.029-9,9v61.168H70.576c-4.971,0-9,4.029-9,9s4.029,9,9,9h61.168                                                              v61.168c0,4.971,4.029,9,9,9s9-4.029,9-9v-61.168h61.168c4.971,0,9-4.029,9-9S215.883,131.744,210.913,131.744z\"><\/path>\r\n                                                        <\/g>\r\n                                                     <\/svg>\r\n                              <\/a>\r\n                                                                                    <\/div>\r\n                      <\/div>\r\n                  <\/div>\r\n              <\/div>\r\n\r\n            <\/div>\r\n        <\/div>\r\n    <\/section>\r\n\n\n\n<p class=\"gutenberg-paragraph has-text-align-center has-text-color has-background has-small-font-size\" style=\"background-color:#62563b;color:#d5c7b0\"><em>A sz\u00f6veg forr\u00e1sa: tastehungary.com\n \u2013 Carolyn B\u00e1nfalvi<\/em><\/p>\n\n\n\n<section class=\"section-media p-t-20 p-b-20\">\n    <div class=\"container\">\n        <div class=\"row justify-content-center\">\n          <div class=\"col-xs-12 col-sm-7 text-center\">\n                            <h2 class=\"titre-image\">\n\u00c9telek \u00e9s arom\u00e1k            <\/h2>\n                                  <div class=\"image-warrp m-t-30\">\n<img decoding=\"async\" src=\"https:\/\/tokajhetszolo.com\/wp-content\/uploads\/2021\/03\/Food-Aroma.png\" alt=\"\/\" class=\"w-full\">\n            <\/div>\n                    <\/div>\n\n        <\/div>\n    <\/div>\n<\/section>\n\n\n\n<section class=\"section-call  style-call bg-drk\">\n    <div class=\"container\">\n        <div class=\"row text-center justify-content-center\">\n\n<a href=\"https:\/\/tokajhetszolo.com\/hu\/dry-tokaj\/\"> Fedezze fel a sz\u00e1raz tokaji borok vil\u00e1g\u00e1t!<\/a>\n        <\/div>\n    <\/div>\n<\/section>","protected":false},"excerpt":{"rendered":"<p>A sz\u00f6veg forr\u00e1sa: tastehungary.com\n \u2013 Carolyn B\u00e1nfalvi<\/p>","protected":false},"author":1,"featured_media":0,"parent":0,"menu_order":0,"comment_status":"closed","ping_status":"closed","template":"","meta":{"footnotes":""},"class_list":["post-2542","page","type-page","status-publish"],"acf":[],"yoast_head":"<!-- This site is optimized with the Yoast SEO plugin v27.5 - https:\/\/yoast.com\/product\/yoast-seo-wordpress\/ -->\n<title>Sweet tokaj - Tokaj<\/title>\n<meta name=\"robots\" content=\"index, follow, max-snippet:-1, max-image-preview:large, max-video-preview:-1\" \/>\n<link rel=\"canonical\" href=\"https:\/\/tokajhetszolo.com\/hu\/sweet-tokaj\/\" \/>\n<meta property=\"og:locale\" content=\"hu_HU\" \/>\n<meta property=\"og:type\" content=\"article\" \/>\n<meta property=\"og:title\" content=\"Sweet tokaj - Tokaj\" \/>\n<meta property=\"og:description\" content=\"Our source for the text: Carolyn B\u00e1nfalvi, tastehungary.com\" \/>\n<meta property=\"og:url\" content=\"https:\/\/tokajhetszolo.com\/hu\/sweet-tokaj\/\" \/>\n<meta property=\"og:site_name\" content=\"Tokaj\" \/>\n<meta property=\"article:modified_time\" content=\"2022-08-12T09:54:04+00:00\" \/>\n<meta name=\"twitter:card\" content=\"summary_large_image\" \/>\n<script type=\"application\/ld+json\" class=\"yoast-schema-graph\">{\"@context\":\"https:\\\/\\\/schema.org\",\"@graph\":[{\"@type\":\"WebPage\",\"@id\":\"https:\\\/\\\/tokajhetszolo.com\\\/sweet-tokaj\\\/\",\"url\":\"https:\\\/\\\/tokajhetszolo.com\\\/sweet-tokaj\\\/\",\"name\":\"Sweet tokaj - Tokaj\",\"isPartOf\":{\"@id\":\"https:\\\/\\\/tokajhetszolo.com\\\/#website\"},\"datePublished\":\"2022-08-10T13:53:42+00:00\",\"dateModified\":\"2022-08-12T09:54:04+00:00\",\"breadcrumb\":{\"@id\":\"https:\\\/\\\/tokajhetszolo.com\\\/sweet-tokaj\\\/#breadcrumb\"},\"inLanguage\":\"hu\",\"potentialAction\":[{\"@type\":\"ReadAction\",\"target\":[\"https:\\\/\\\/tokajhetszolo.com\\\/sweet-tokaj\\\/\"]}]},{\"@type\":\"BreadcrumbList\",\"@id\":\"https:\\\/\\\/tokajhetszolo.com\\\/sweet-tokaj\\\/#breadcrumb\",\"itemListElement\":[{\"@type\":\"ListItem\",\"position\":1,\"name\":\"Home\",\"item\":\"https:\\\/\\\/tokajhetszolo.com\\\/\"},{\"@type\":\"ListItem\",\"position\":2,\"name\":\"Sweet tokaj\"}]},{\"@type\":\"WebSite\",\"@id\":\"https:\\\/\\\/tokajhetszolo.com\\\/#website\",\"url\":\"https:\\\/\\\/tokajhetszolo.com\\\/\",\"name\":\"Tokaj\",\"description\":\"A Taste full of Secrets\",\"publisher\":{\"@id\":\"https:\\\/\\\/tokajhetszolo.com\\\/#organization\"},\"potentialAction\":[{\"@type\":\"SearchAction\",\"target\":{\"@type\":\"EntryPoint\",\"urlTemplate\":\"https:\\\/\\\/tokajhetszolo.com\\\/?s={search_term_string}\"},\"query-input\":{\"@type\":\"PropertyValueSpecification\",\"valueRequired\":true,\"valueName\":\"search_term_string\"}}],\"inLanguage\":\"hu\"},{\"@type\":\"Organization\",\"@id\":\"https:\\\/\\\/tokajhetszolo.com\\\/#organization\",\"name\":\"Tokaj\",\"url\":\"https:\\\/\\\/tokajhetszolo.com\\\/\",\"logo\":{\"@type\":\"ImageObject\",\"inLanguage\":\"hu\",\"@id\":\"https:\\\/\\\/tokajhetszolo.com\\\/#\\\/schema\\\/logo\\\/image\\\/\",\"url\":\"https:\\\/\\\/tokajhetszolo.com\\\/wp-content\\\/uploads\\\/2020\\\/12\\\/Logo-Hetszolo_Organic_White-2.png\",\"contentUrl\":\"https:\\\/\\\/tokajhetszolo.com\\\/wp-content\\\/uploads\\\/2020\\\/12\\\/Logo-Hetszolo_Organic_White-2.png\",\"width\":600,\"height\":371,\"caption\":\"Tokaj\"},\"image\":{\"@id\":\"https:\\\/\\\/tokajhetszolo.com\\\/#\\\/schema\\\/logo\\\/image\\\/\"}}]}<\/script>\n<!-- \/ Yoast SEO plugin. -->","yoast_head_json":{"title":"Sweet tokaj - Tokaj","robots":{"index":"index","follow":"follow","max-snippet":"max-snippet:-1","max-image-preview":"max-image-preview:large","max-video-preview":"max-video-preview:-1"},"canonical":"https:\/\/tokajhetszolo.com\/hu\/sweet-tokaj\/","og_locale":"hu_HU","og_type":"article","og_title":"Sweet tokaj - Tokaj","og_description":"Our source for the text: Carolyn B\u00e1nfalvi, tastehungary.com","og_url":"https:\/\/tokajhetszolo.com\/hu\/sweet-tokaj\/","og_site_name":"Tokaj","article_modified_time":"2022-08-12T09:54:04+00:00","twitter_card":"summary_large_image","schema":{"@context":"https:\/\/schema.org","@graph":[{"@type":"WebPage","@id":"https:\/\/tokajhetszolo.com\/sweet-tokaj\/","url":"https:\/\/tokajhetszolo.com\/sweet-tokaj\/","name":"Sweet tokaj - Tokaj","isPartOf":{"@id":"https:\/\/tokajhetszolo.com\/#website"},"datePublished":"2022-08-10T13:53:42+00:00","dateModified":"2022-08-12T09:54:04+00:00","breadcrumb":{"@id":"https:\/\/tokajhetszolo.com\/sweet-tokaj\/#breadcrumb"},"inLanguage":"hu","potentialAction":[{"@type":"ReadAction","target":["https:\/\/tokajhetszolo.com\/sweet-tokaj\/"]}]},{"@type":"BreadcrumbList","@id":"https:\/\/tokajhetszolo.com\/sweet-tokaj\/#breadcrumb","itemListElement":[{"@type":"ListItem","position":1,"name":"Home","item":"https:\/\/tokajhetszolo.com\/"},{"@type":"ListItem","position":2,"name":"Sweet tokaj"}]},{"@type":"WebSite","@id":"https:\/\/tokajhetszolo.com\/#website","url":"https:\/\/tokajhetszolo.com\/","name":"Tokaj","description":"A Taste full of Secrets","publisher":{"@id":"https:\/\/tokajhetszolo.com\/#organization"},"potentialAction":[{"@type":"SearchAction","target":{"@type":"EntryPoint","urlTemplate":"https:\/\/tokajhetszolo.com\/?s={search_term_string}"},"query-input":{"@type":"PropertyValueSpecification","valueRequired":true,"valueName":"search_term_string"}}],"inLanguage":"hu"},{"@type":"Organization","@id":"https:\/\/tokajhetszolo.com\/#organization","name":"Tokaj","url":"https:\/\/tokajhetszolo.com\/","logo":{"@type":"ImageObject","inLanguage":"hu","@id":"https:\/\/tokajhetszolo.com\/#\/schema\/logo\/image\/","url":"https:\/\/tokajhetszolo.com\/wp-content\/uploads\/2020\/12\/Logo-Hetszolo_Organic_White-2.png","contentUrl":"https:\/\/tokajhetszolo.com\/wp-content\/uploads\/2020\/12\/Logo-Hetszolo_Organic_White-2.png","width":600,"height":371,"caption":"Tokaj"},"image":{"@id":"https:\/\/tokajhetszolo.com\/#\/schema\/logo\/image\/"}}]}},"_links":{"self":[{"href":"https:\/\/tokajhetszolo.com\/hu\/wp-json\/wp\/v2\/pages\/2542","targetHints":{"allow":["GET"]}}],"collection":[{"href":"https:\/\/tokajhetszolo.com\/hu\/wp-json\/wp\/v2\/pages"}],"about":[{"href":"https:\/\/tokajhetszolo.com\/hu\/wp-json\/wp\/v2\/types\/page"}],"author":[{"embeddable":true,"href":"https:\/\/tokajhetszolo.com\/hu\/wp-json\/wp\/v2\/users\/1"}],"replies":[{"embeddable":true,"href":"https:\/\/tokajhetszolo.com\/hu\/wp-json\/wp\/v2\/comments?post=2542"}],"version-history":[{"count":40,"href":"https:\/\/tokajhetszolo.com\/hu\/wp-json\/wp\/v2\/pages\/2542\/revisions"}],"predecessor-version":[{"id":2816,"href":"https:\/\/tokajhetszolo.com\/hu\/wp-json\/wp\/v2\/pages\/2542\/revisions\/2816"}],"wp:attachment":[{"href":"https:\/\/tokajhetszolo.com\/hu\/wp-json\/wp\/v2\/media?parent=2542"}],"curies":[{"name":"wp","href":"https:\/\/api.w.org\/{rel}","templated":true}]}}