{"id":225,"date":"2020-12-13T09:24:09","date_gmt":"2020-12-13T09:24:09","guid":{"rendered":"https:\/\/tokajhetszolo.com\/?page_id=225"},"modified":"2022-08-11T21:12:42","modified_gmt":"2022-08-11T21:12:42","slug":"dry-tokaj","status":"publish","type":"page","link":"https:\/\/tokajhetszolo.com\/hu\/dry-tokaj\/","title":{"rendered":"Sz\u00e1raz tokaj"},"content":{"rendered":"<div class=\"p-0\">\n     <div class=\"banner has-ovrlay bg-image-4 bg-center h-500 bg-fixed\" style=\"background-image: url(https:\/\/tokajhetszolo.com\/wp-content\/uploads\/2022\/07\/Tokaj-Hetszolo-Selection-Furmint-bottle-photo-2-scaled.jpg);\">\n       <div class=\"caption pto65\" >\n         <div class=\"title-group\">\n                      <h1 class=\"f-70\">Tokaji Sz\u00e1raz <\/h1>\n         \n         <p class=\"line-mix line-single star-group white\">\n         <\/p>\n\n                    <\/div>\n       <\/div>\n     <\/div>\n   <\/div>\n\n\n\r\n    <section class=\"section-product bg-drk style-none\">\r\n        <div class=\"container\">\r\n            <div class=\"row align-items-center\">\r\n                <div class=\"col-xs-12\">\r\n\r\n                    <div class=\"title-group\" data-aos=\"fade-up\">\r\n\r\n                                                                  <\/div>\r\n\r\n                <\/div>\r\n\r\n                                <div class=\"col-xs-12 col-sm-6\">\r\n                    <div class=\"section-product__image img-left\">\r\n\r\n                            <img decoding=\"async\" src=\"https:\/\/tokajhetszolo.com\/wp-content\/uploads\/2022\/08\/tokaj-dry-1.jpg\" alt=\"\" class=\"h-400 mr-auto\">\r\n\r\n                    <\/div>\r\n                <\/div>\r\n              \r\n              <div class=\"col-xs-12 col-sm-6 p-sm-0\">\r\n                  <div class=\"section-history__content p-b-0 p-t-sm-0 p-sm-0-left\">\r\n                      <div class=\"title-group m-b-0  max-100 color-d5c7b0 text-left\" data-aos=\"fade-up\">\r\n                                                <h3 class=\"color-d5c7b0\">Minden, amit a TOKAJI SZ\u00c1RAZ forradalomr\u00f3l tudnunk kell<\/h3>\r\n                                                    <p>Tokaj az elm\u00falt \u00e9vekben nagy hangs\u00falyt fektetett a sz\u00e1raz borok, k\u00fcl\u00f6n\u00f6sen a Furmint k\u00e9sz\u00edt\u00e9s\u00e9re \u00e9s piacra vitel\u00e9re, \u00e9s m\u00e1ra a sz\u00e1raz Furmint vil\u00e1gszerte egyre gyakoribb szerepl\u0151je az \u00e9ttermek k\u00edn\u00e1lat\u00e1nak. A sz\u00e1raz borok eset\u00e9ben a bor\u00e1szok nincsenek annyira kiszolg\u00e1ltatva annak, hogy az adott \u00e9v id\u0151j\u00e1r\u00e1sa kedvez-e a botritisz kialakul\u00e1s\u00e1nak, \u00e9s nem kell \u00e9veket v\u00e1rniuk arra sem, hogy az \u00e9des borok megfelel\u0151en be\u00e9rjenek, miel\u0151tt piacra vihetn\u00e9k \u0151ket. \u00c9ppen ez\u00e9rt a legt\u00f6bb bor\u00e1sz a sz\u00e1razbor-k\u00e9sz\u00edt\u00e9st kulcsfontoss\u00e1g\u00fanak tartja ahhoz, hogy sikeresen fenn tudja tartani m\u0171k\u00f6d\u00e9s\u00e9t \u2013 \u00e9s mellette meg tudja termelni azokat a munkaig\u00e9nyes \u00e9des borokat is, amelyek a r\u00e9gi\u00f3 h\u00edrnev\u00e9t megalapozt\u00e1k. Mivel Tokajr\u00f3l van sz\u00f3, a legt\u00f6bb sz\u00e1raz bor n\u00e9h\u00e1ny gramm marad\u00e9kcukrot is tartalmaz, ami a magas savtartalommal egy\u00fctt rendk\u00edv\u00fcl \u00e9telbar\u00e1t borokk\u00e1 teszi \u0151ket. A sz\u00e1raz borok lehetnek h\u00e1zas\u00edt\u00e1sok vagy fajtaborok.<\/p>\r\n                            \r\n                            <div class=\"btn-call\">\r\n                                                                                                              <a href=\"https:\/\/tokajhetszolo.com\/hu\/termek\/furmint-dry-estate\/\" class=\"has-arrow\">\r\n\r\n                            Megn\u00e9zem a webshopban                           <\/a>\r\n                                                                                <\/div>\r\n                      <\/div>\r\n                  <\/div>\r\n              <\/div>\r\n\r\n            <\/div>\r\n        <\/div>\r\n    <\/section>\r\n\n\n\r\n    <section class=\"section-product bg-drk style-none\">\r\n        <div class=\"container\">\r\n            <div class=\"row align-items-center\">\r\n                <div class=\"col-xs-12\">\r\n\r\n                    <div class=\"title-group\" data-aos=\"fade-up\">\r\n\r\n                                                                  <\/div>\r\n\r\n                <\/div>\r\n\r\n                                <div class=\"col-xs-12 col-sm-6\">\r\n                    <div class=\"section-product__image img-left\">\r\n\r\n                            <img decoding=\"async\" src=\"https:\/\/tokajhetszolo.com\/wp-content\/uploads\/2022\/08\/tokaj-dry-2.jpg\" alt=\"\" class=\"h-400 mr-auto\">\r\n\r\n                    <\/div>\r\n                <\/div>\r\n              \r\n              <div class=\"col-xs-12 col-sm-6 p-sm-0\">\r\n                  <div class=\"section-history__content p-b-0 p-t-sm-0 p-sm-0-left\">\r\n                      <div class=\"title-group m-b-0  max-100 color-d5c7b0 text-left\" data-aos=\"fade-up\">\r\n                                                <h3 class=\"color-d5c7b0\">A sz\u00e1raz Tokaji szintek, hivatalos palack \u00e9s Riedel poh\u00e1r<\/h3>\r\n                                                    <p>A sz\u00e1raz borok k\u00e9t szintje:\n\nAz alap birtokbor, valamint az egy d\u0171l\u0151r\u0151l sz\u00e1rmaz\u00f3 sz\u00e1raz bor, amelyeken kereszt\u00fcl a bor\u00e1szok hangs\u00falyozni tudj\u00e1k a r\u00e9gi\u00f3 gazdag terroirjainak soksz\u00edn\u0171s\u00e9g\u00e9t. Az egy d\u0171l\u0151r\u0151l k\u00e9sz\u00fclt borok c\u00edmk\u00e9j\u00e9n mindig felt\u00fcntetik a d\u0171l\u0151 nev\u00e9t.\n\nFurmint poh\u00e1r:\n\nA Riedel \u2013 az osztr\u00e1k c\u00e9g, amely sz\u00e9les v\u00e1laszt\u00e9kban gy\u00e1rt a borvid\u00e9kekre \u00e9s bort\u00edpusokra specializ\u00e1lt poharakat \u2013 megalkotta a Tokaji Furmint poharat. A poh\u00e1r c\u00e9lja, hogy kiemelje a Furmint jellegzetess\u00e9geit, meg\u0151rizze arom\u00e1it \u00e9s \u00edzeit. Haszn\u00e1lhat\u00f3 minden Furmint t\u00edpushoz, a sz\u00e1raz v\u00e1ltozatokt\u00f3l eg\u00e9szen az \u00e9desekig.\n\nSz\u00e1raz Tokaji palack:\n\nA sz\u00e1raz tokaji borok palackja viszonylag \u00faj eleme a borvid\u00e9k arculat\u00e1nak. A hagyom\u00e1nyos asz\u00fas palack alapj\u00e1n k\u00e9sz\u00fclt, de nagyobb, 750 milliliteres form\u00e1tumban (illetve 375 ml-es \u00e9s magnum m\u00e9retben is). A palack kialak\u00edt\u00e1sa azonnal jelzi a v\u00e1s\u00e1rl\u00f3nak, hogy egy min\u0151s\u00e9gi sz\u00e1raz tokaji borr\u00f3l van sz\u00f3.\n\n(Forr\u00e1s: Carolyn B\u00e1nfalvi, tastehungary.com)<\/p>\r\n                            \r\n                            <div class=\"btn-call\">\r\n                                                                                                              <a href=\"https:\/\/tokajhetszolo.com\/hu\/termek\/furmint-dry-estate\/\" class=\"has-arrow\">\r\n\r\n                            Megn\u00e9zem a webshopban                           <\/a>\r\n                                                                                <\/div>\r\n                      <\/div>\r\n                  <\/div>\r\n              <\/div>\r\n\r\n            <\/div>\r\n        <\/div>\r\n    <\/section>\r\n\n\n\n<section class=\"section-media p-t-20 p-b-20\">\n    <div class=\"container\">\n        <div class=\"row justify-content-center\">\n          <div class=\"col-xs-12 col-sm-7 text-center\">\n                                      <\/div>\n\n        <\/div>\n    <\/div>\n<\/section>\n\n\n\n<section class=\"section-call  style-call bg-drk\">\n    <div class=\"container\">\n        <div class=\"row text-center justify-content-center\">\n\n<a href=\"https:\/\/tokajhetszolo.com\/hu\/sweet-tokaj\/\"> &gt; Fedezze fel az \u00e9des Tokajit<\/a>\n        <\/div>\n    <\/div>\n<\/section>","protected":false},"excerpt":{"rendered":"","protected":false},"author":1,"featured_media":0,"parent":0,"menu_order":0,"comment_status":"closed","ping_status":"closed","template":"","meta":{"footnotes":""},"class_list":["post-225","page","type-page","status-publish"],"acf":[],"yoast_head":"<!-- This site is optimized with the Yoast SEO plugin v27.3 - https:\/\/yoast.com\/product\/yoast-seo-wordpress\/ -->\n<title>Dry tokaj - Tokaj<\/title>\n<meta name=\"robots\" content=\"index, follow, max-snippet:-1, max-image-preview:large, max-video-preview:-1\" \/>\n<link rel=\"canonical\" href=\"https:\/\/tokajhetszolo.com\/hu\/dry-tokaj\/\" \/>\n<meta property=\"og:locale\" content=\"hu_HU\" \/>\n<meta property=\"og:type\" content=\"article\" \/>\n<meta property=\"og:title\" content=\"Dry tokaj - Tokaj\" \/>\n<meta property=\"og:url\" content=\"https:\/\/tokajhetszolo.com\/hu\/dry-tokaj\/\" \/>\n<meta property=\"og:site_name\" content=\"Tokaj\" \/>\n<meta property=\"article:modified_time\" content=\"2022-08-11T21:12:42+00:00\" \/>\n<meta name=\"twitter:card\" content=\"summary_large_image\" \/>\n<script type=\"application\/ld+json\" class=\"yoast-schema-graph\">{\"@context\":\"https:\\\/\\\/schema.org\",\"@graph\":[{\"@type\":\"WebPage\",\"@id\":\"https:\\\/\\\/tokajhetszolo.com\\\/dry-tokaj\\\/\",\"url\":\"https:\\\/\\\/tokajhetszolo.com\\\/dry-tokaj\\\/\",\"name\":\"Dry tokaj - Tokaj\",\"isPartOf\":{\"@id\":\"https:\\\/\\\/tokajhetszolo.com\\\/#website\"},\"datePublished\":\"2020-12-13T09:24:09+00:00\",\"dateModified\":\"2022-08-11T21:12:42+00:00\",\"breadcrumb\":{\"@id\":\"https:\\\/\\\/tokajhetszolo.com\\\/dry-tokaj\\\/#breadcrumb\"},\"inLanguage\":\"hu\",\"potentialAction\":[{\"@type\":\"ReadAction\",\"target\":[\"https:\\\/\\\/tokajhetszolo.com\\\/dry-tokaj\\\/\"]}]},{\"@type\":\"BreadcrumbList\",\"@id\":\"https:\\\/\\\/tokajhetszolo.com\\\/dry-tokaj\\\/#breadcrumb\",\"itemListElement\":[{\"@type\":\"ListItem\",\"position\":1,\"name\":\"Home\",\"item\":\"https:\\\/\\\/tokajhetszolo.com\\\/\"},{\"@type\":\"ListItem\",\"position\":2,\"name\":\"Dry tokaj\"}]},{\"@type\":\"WebSite\",\"@id\":\"https:\\\/\\\/tokajhetszolo.com\\\/#website\",\"url\":\"https:\\\/\\\/tokajhetszolo.com\\\/\",\"name\":\"Tokaj\",\"description\":\"A Taste full of Secrets\",\"publisher\":{\"@id\":\"https:\\\/\\\/tokajhetszolo.com\\\/#organization\"},\"potentialAction\":[{\"@type\":\"SearchAction\",\"target\":{\"@type\":\"EntryPoint\",\"urlTemplate\":\"https:\\\/\\\/tokajhetszolo.com\\\/?s={search_term_string}\"},\"query-input\":{\"@type\":\"PropertyValueSpecification\",\"valueRequired\":true,\"valueName\":\"search_term_string\"}}],\"inLanguage\":\"hu\"},{\"@type\":\"Organization\",\"@id\":\"https:\\\/\\\/tokajhetszolo.com\\\/#organization\",\"name\":\"Tokaj\",\"url\":\"https:\\\/\\\/tokajhetszolo.com\\\/\",\"logo\":{\"@type\":\"ImageObject\",\"inLanguage\":\"hu\",\"@id\":\"https:\\\/\\\/tokajhetszolo.com\\\/#\\\/schema\\\/logo\\\/image\\\/\",\"url\":\"https:\\\/\\\/tokajhetszolo.com\\\/wp-content\\\/uploads\\\/2020\\\/12\\\/Logo-Hetszolo_Organic_White-2.png\",\"contentUrl\":\"https:\\\/\\\/tokajhetszolo.com\\\/wp-content\\\/uploads\\\/2020\\\/12\\\/Logo-Hetszolo_Organic_White-2.png\",\"width\":600,\"height\":371,\"caption\":\"Tokaj\"},\"image\":{\"@id\":\"https:\\\/\\\/tokajhetszolo.com\\\/#\\\/schema\\\/logo\\\/image\\\/\"}}]}<\/script>\n<!-- \/ Yoast SEO plugin. -->","yoast_head_json":{"title":"Dry tokaj - Tokaj","robots":{"index":"index","follow":"follow","max-snippet":"max-snippet:-1","max-image-preview":"max-image-preview:large","max-video-preview":"max-video-preview:-1"},"canonical":"https:\/\/tokajhetszolo.com\/hu\/dry-tokaj\/","og_locale":"hu_HU","og_type":"article","og_title":"Dry tokaj - Tokaj","og_url":"https:\/\/tokajhetszolo.com\/hu\/dry-tokaj\/","og_site_name":"Tokaj","article_modified_time":"2022-08-11T21:12:42+00:00","twitter_card":"summary_large_image","schema":{"@context":"https:\/\/schema.org","@graph":[{"@type":"WebPage","@id":"https:\/\/tokajhetszolo.com\/dry-tokaj\/","url":"https:\/\/tokajhetszolo.com\/dry-tokaj\/","name":"Dry tokaj - Tokaj","isPartOf":{"@id":"https:\/\/tokajhetszolo.com\/#website"},"datePublished":"2020-12-13T09:24:09+00:00","dateModified":"2022-08-11T21:12:42+00:00","breadcrumb":{"@id":"https:\/\/tokajhetszolo.com\/dry-tokaj\/#breadcrumb"},"inLanguage":"hu","potentialAction":[{"@type":"ReadAction","target":["https:\/\/tokajhetszolo.com\/dry-tokaj\/"]}]},{"@type":"BreadcrumbList","@id":"https:\/\/tokajhetszolo.com\/dry-tokaj\/#breadcrumb","itemListElement":[{"@type":"ListItem","position":1,"name":"Home","item":"https:\/\/tokajhetszolo.com\/"},{"@type":"ListItem","position":2,"name":"Dry tokaj"}]},{"@type":"WebSite","@id":"https:\/\/tokajhetszolo.com\/#website","url":"https:\/\/tokajhetszolo.com\/","name":"Tokaj","description":"A Taste full of Secrets","publisher":{"@id":"https:\/\/tokajhetszolo.com\/#organization"},"potentialAction":[{"@type":"SearchAction","target":{"@type":"EntryPoint","urlTemplate":"https:\/\/tokajhetszolo.com\/?s={search_term_string}"},"query-input":{"@type":"PropertyValueSpecification","valueRequired":true,"valueName":"search_term_string"}}],"inLanguage":"hu"},{"@type":"Organization","@id":"https:\/\/tokajhetszolo.com\/#organization","name":"Tokaj","url":"https:\/\/tokajhetszolo.com\/","logo":{"@type":"ImageObject","inLanguage":"hu","@id":"https:\/\/tokajhetszolo.com\/#\/schema\/logo\/image\/","url":"https:\/\/tokajhetszolo.com\/wp-content\/uploads\/2020\/12\/Logo-Hetszolo_Organic_White-2.png","contentUrl":"https:\/\/tokajhetszolo.com\/wp-content\/uploads\/2020\/12\/Logo-Hetszolo_Organic_White-2.png","width":600,"height":371,"caption":"Tokaj"},"image":{"@id":"https:\/\/tokajhetszolo.com\/#\/schema\/logo\/image\/"}}]}},"_links":{"self":[{"href":"https:\/\/tokajhetszolo.com\/hu\/wp-json\/wp\/v2\/pages\/225","targetHints":{"allow":["GET"]}}],"collection":[{"href":"https:\/\/tokajhetszolo.com\/hu\/wp-json\/wp\/v2\/pages"}],"about":[{"href":"https:\/\/tokajhetszolo.com\/hu\/wp-json\/wp\/v2\/types\/page"}],"author":[{"embeddable":true,"href":"https:\/\/tokajhetszolo.com\/hu\/wp-json\/wp\/v2\/users\/1"}],"replies":[{"embeddable":true,"href":"https:\/\/tokajhetszolo.com\/hu\/wp-json\/wp\/v2\/comments?post=225"}],"version-history":[{"count":50,"href":"https:\/\/tokajhetszolo.com\/hu\/wp-json\/wp\/v2\/pages\/225\/revisions"}],"predecessor-version":[{"id":2760,"href":"https:\/\/tokajhetszolo.com\/hu\/wp-json\/wp\/v2\/pages\/225\/revisions\/2760"}],"wp:attachment":[{"href":"https:\/\/tokajhetszolo.com\/hu\/wp-json\/wp\/v2\/media?parent=225"}],"curies":[{"name":"wp","href":"https:\/\/api.w.org\/{rel}","templated":true}]}}