{"id":154,"date":"2020-12-11T16:39:17","date_gmt":"2020-12-11T16:39:17","guid":{"rendered":"https:\/\/tokajhetszolo.com\/?page_id=154"},"modified":"2022-08-10T13:51:30","modified_gmt":"2022-08-10T13:51:30","slug":"contact","status":"publish","type":"page","link":"https:\/\/tokajhetszolo.com\/hu\/contact\/","title":{"rendered":"El\u00e9rhet\u0151s\u00e9gek"},"content":{"rendered":"<div class=\"p-0\">\n     <div class=\"banner has-ovrlay bg-image-4 bg-center h-500 bg-fixed\" style=\"background-image: url(https:\/\/tokajhetszolo.com\/wp-content\/uploads\/2022\/07\/Tokaj-Hetszolo-feeleing-scaled-e1658422911314.jpg);\">\n       <div class=\"caption pto65\" >\n         <div class=\"title-group\">\n                      <h1 class=\"f-70\">El\u00e9rhet\u0151s\u00e9gek <\/h1>\n         \n         <p class=\"line-mix line-single star-group white\">\n         <\/p>\n\n                    <\/div>\n       <\/div>\n     <\/div>\n   <\/div>\n\n\n <section class=\"section-history\">\r\n   <div class=\"container\">\r\n     <div class=\"row\">\r\n       <div class=\"col-sm-12 col-xs-12\" data-aos=\"fade-up\">\r\n          <div class=\"section-contact__content\">\r\n            <div class=\"title-group m-b-0\">\r\n                   <h2 class=\"color-4b4b4b\">El\u00e9rhet\u0151s\u00e9gek<\/h2>\r\n                   <p class=\"line-mix star-group line-mix-f line-single\">\r\n\r\n                   <\/p>\r\n                   <p>Besz\u00e9lgess\u00fcnk a borr\u00f3l !<\/p>\r\n          <\/div>\r\n       <\/div>\r\n     <\/div>\r\n   <\/div>\r\n   <\/div>\r\n   <div class=\"container mt-40\">\r\n     <div class=\"row justify-content-between\">\r\n       <div class=\"col-sm-4 p-0 col-xs-12\" data-aos=\"fade-up\">\r\n<div class=\"contact-info__col\">\r\n   <img decoding=\"async\" src=\"https:\/\/tokajhetszolo.com\/wp-content\/themes\/tokaj\/assets\/images\/pin.svg\" alt=\"\" class=\"w-30\">\r\n   <div class=\"contact-info__content\">\r\n     <p>Iroda: 3910 Magyarorsz\u00e1g<br \/>\nTokaj, Bajcsy-Zs. u. 19-21.<\/p>\n<p>Borturizmus &amp; Rendezv\u00e9ny: 3910 Tokaj, Kossuth t\u00e9r 15.<\/p>\n<\/div>\r\n<\/div>\r\n       <\/div>\r\n       <div class=\"col-sm-4 p-0 col-xs-12\" data-aos=\"fade-up\">\r\n         <div class=\"contact-info__col m-auto\">\r\n       <img decoding=\"async\" src=\"https:\/\/tokajhetszolo.com\/wp-content\/themes\/tokaj\/assets\/images\/call.svg\" alt=\"\" class=\"w-30\">\r\n       <div class=\"contact-info__content\">\r\n         <p>Iroda &amp; Kereskedelem: +36-30-351-8001<\/p>\n<p>Borturizmus &amp; Rendezv\u00e9ny:<br \/>\n+36-30-436-5767<br \/>\n+36-30-218-4267<\/p>\n    <\/div>\r\n         <\/div>\r\n       <\/div>\r\n       <div class=\"col-sm-4 p-0 col-xs-12\" data-aos=\"fade-up\">\r\n         <div class=\"contact-info__col m-left\">\r\n       <img decoding=\"async\" src=\"https:\/\/tokajhetszolo.com\/wp-content\/themes\/tokaj\/assets\/images\/email.svg\" alt=\"\" class=\"w-30\">\r\n       <div class=\"contact-info__content\">\r\n         <p>Iroda &amp; Kereskedelem: <a href=\"mailto:tokaj@hetszolo.hu\">tokaj@hetszolo.hu<\/a><\/p>\n<p>Borturizmus &amp; Rendezv\u00e9ny: <a href=\"mailto:info@rakoczipince.hu\">info@rakoczipince.hu<\/a><\/p>\n    <\/div>\r\n         <\/div>\r\n       <\/div>\r\n     <\/div>\r\n       <\/div>\r\n   <div class=\"container container-contact mt-40\">\r\n     <div class=\"row\">\r\n       <div class=\"col-sm-6 col-xs-12\" data-aos=\"fade-up\">\r\n           <div id=\"map\" class=\"h-650\" data-lat=\"48.119237761411526\" data-lon=\"21.4126092125776\">\r\n\r\n           <\/div>\r\n           <div class=\"map-arrow\">\r\n             <a href=\"javascript:void(0)\" class=\"up-tk\"><img decoding=\"async\" src=\"https:\/\/tokajhetszolo.com\/wp-content\/themes\/tokaj\/assets\/images\/up-tk.svg\" alt=\"\" class=\"w-40\"> <\/a>\r\n               <a href=\"javascript:void(0)\" class=\"down-tk\"><img decoding=\"async\" src=\"https:\/\/tokajhetszolo.com\/wp-content\/themes\/tokaj\/assets\/images\/down-tk.svg\" alt=\"\" class=\"w-40\"> <\/a>\r\n           <\/div>\r\n         <\/div>\r\n \t\t\t\t\t\t<div class=\"col-sm-6 bg-F6F4EE col-xs-12\" data-aos=\"fade-up\">\r\n \t\t\t\t\t\t\t<div class=\"box-item box-item__contact text-left p-50\">\r\n \t\t\t\t\t\t\t\t<h3 class=\"f-25 p-t-0\">\r\n\r\n                   Seg\u00edthet\u00fcnk?<br \/>\r\nK\u00e9rj\u00fck, \u00edrjon nek\u00fcnk!                 <\/h3>\r\n\n<div class=\"wpcf7 no-js\" id=\"wpcf7-f158-o1\" lang=\"en-US\" dir=\"ltr\" data-wpcf7-id=\"158\">\n<div class=\"screen-reader-response\"><p role=\"status\" aria-live=\"polite\" aria-atomic=\"true\"><\/p> <ul><\/ul><\/div>\n<form action=\"\/hu\/wp-json\/wp\/v2\/pages\/154#wpcf7-f158-o1\" method=\"post\" class=\"wpcf7-form init\" aria-label=\"Contact form\" novalidate=\"novalidate\" data-status=\"init\" data-trp-original-action=\"\/hu\/wp-json\/wp\/v2\/pages\/154#wpcf7-f158-o1\">\n<fieldset class=\"hidden-fields-container\"><input type=\"hidden\" name=\"_wpcf7\" value=\"158\" \/><input type=\"hidden\" name=\"_wpcf7_version\" value=\"6.1.5\" \/><input type=\"hidden\" name=\"_wpcf7_locale\" value=\"en_US\" \/><input type=\"hidden\" name=\"_wpcf7_unit_tag\" value=\"wpcf7-f158-o1\" \/><input type=\"hidden\" name=\"_wpcf7_container_post\" value=\"0\" \/><input type=\"hidden\" name=\"_wpcf7_posted_data_hash\" value=\"\" \/><input type=\"hidden\" name=\"_wpcf7_recaptcha_response\" value=\"\" \/>\n<\/fieldset>\n<p><span class=\"wpcf7-form-control-wrap\" data-name=\"text-first-name\"><input size=\"40\" maxlength=\"400\" class=\"wpcf7-form-control wpcf7-text wpcf7-validates-as-required form-item form-item-3x\" aria-required=\"true\" aria-invalid=\"false\" placeholder=\"Keresztn\u00e9v\" value=\"\" type=\"text\" name=\"text-first-name\" \/><\/span><br \/>\n<span class=\"wpcf7-form-control-wrap\" data-name=\"your-name\"><input size=\"40\" maxlength=\"400\" class=\"wpcf7-form-control wpcf7-text wpcf7-validates-as-required form-item form-item-3x\" aria-required=\"true\" aria-invalid=\"false\" placeholder=\"Vezet\u00e9kn\u00e9v\" value=\"\" type=\"text\" name=\"your-name\" \/><\/span><br \/>\n<span class=\"wpcf7-form-control-wrap\" data-name=\"your-email\"><input size=\"40\" maxlength=\"400\" class=\"wpcf7-form-control wpcf7-email wpcf7-validates-as-required wpcf7-text wpcf7-validates-as-email form-item form-item-3x\" aria-required=\"true\" aria-invalid=\"false\" placeholder=\"Email\" value=\"\" type=\"email\" name=\"your-email\" \/><\/span><br \/>\n<span class=\"wpcf7-form-control-wrap\" data-name=\"text-phone\"><input size=\"40\" maxlength=\"400\" class=\"wpcf7-form-control wpcf7-text wpcf7-validates-as-required form-item form-item-3x\" aria-required=\"true\" aria-invalid=\"false\" placeholder=\"Telefonsz\u00e1m\" value=\"\" type=\"text\" name=\"text-phone\" \/><\/span><br \/>\n<span class=\"wpcf7-form-control-wrap\" data-name=\"your-message\"><textarea cols=\"40\" rows=\"10\" maxlength=\"2000\" class=\"wpcf7-form-control wpcf7-textarea wpcf7-validates-as-required form-item form-item-3x\" aria-required=\"true\" aria-invalid=\"false\" placeholder=\"Message\" name=\"your-message\"><\/textarea><\/span><br \/>\n<button class=\"ht-btn\" type=\"submit\">K\u00fcldje el az \u00fczenetet!<\/button>\n<\/p><div class=\"wpcf7-response-output\" aria-hidden=\"true\"><\/div>\n<input type=\"hidden\" name=\"trp-form-language\" value=\"hu\"\/><\/form>\n<\/div>\n\r\n \t\t\t\t\t\t\t<\/div>\r\n \t\t\t\t\t\t<\/div>\r\n\r\n \t\t\t\t\t<\/div>\r\n   <\/div>\r\n <\/section>","protected":false},"excerpt":{"rendered":"","protected":false},"author":1,"featured_media":0,"parent":0,"menu_order":0,"comment_status":"closed","ping_status":"closed","template":"","meta":{"footnotes":""},"class_list":["post-154","page","type-page","status-publish"],"acf":[],"yoast_head":"<!-- This site is optimized with the Yoast SEO plugin v27.4 - https:\/\/yoast.com\/product\/yoast-seo-wordpress\/ -->\n<title>Contact - Tokaj<\/title>\n<meta name=\"robots\" content=\"index, follow, max-snippet:-1, max-image-preview:large, max-video-preview:-1\" \/>\n<link rel=\"canonical\" href=\"https:\/\/tokajhetszolo.com\/hu\/contact\/\" \/>\n<meta property=\"og:locale\" content=\"hu_HU\" \/>\n<meta property=\"og:type\" content=\"article\" \/>\n<meta property=\"og:title\" content=\"Contact - Tokaj\" \/>\n<meta property=\"og:url\" content=\"https:\/\/tokajhetszolo.com\/hu\/contact\/\" \/>\n<meta property=\"og:site_name\" content=\"Tokaj\" \/>\n<meta property=\"article:modified_time\" content=\"2022-08-10T13:51:30+00:00\" \/>\n<meta name=\"twitter:card\" content=\"summary_large_image\" \/>\n<script type=\"application\/ld+json\" class=\"yoast-schema-graph\">{\"@context\":\"https:\\\/\\\/schema.org\",\"@graph\":[{\"@type\":\"WebPage\",\"@id\":\"https:\\\/\\\/tokajhetszolo.com\\\/contact\\\/\",\"url\":\"https:\\\/\\\/tokajhetszolo.com\\\/contact\\\/\",\"name\":\"Contact - Tokaj\",\"isPartOf\":{\"@id\":\"https:\\\/\\\/tokajhetszolo.com\\\/#website\"},\"datePublished\":\"2020-12-11T16:39:17+00:00\",\"dateModified\":\"2022-08-10T13:51:30+00:00\",\"breadcrumb\":{\"@id\":\"https:\\\/\\\/tokajhetszolo.com\\\/contact\\\/#breadcrumb\"},\"inLanguage\":\"hu\",\"potentialAction\":[{\"@type\":\"ReadAction\",\"target\":[\"https:\\\/\\\/tokajhetszolo.com\\\/contact\\\/\"]}]},{\"@type\":\"BreadcrumbList\",\"@id\":\"https:\\\/\\\/tokajhetszolo.com\\\/contact\\\/#breadcrumb\",\"itemListElement\":[{\"@type\":\"ListItem\",\"position\":1,\"name\":\"Home\",\"item\":\"https:\\\/\\\/tokajhetszolo.com\\\/\"},{\"@type\":\"ListItem\",\"position\":2,\"name\":\"Contact\"}]},{\"@type\":\"WebSite\",\"@id\":\"https:\\\/\\\/tokajhetszolo.com\\\/#website\",\"url\":\"https:\\\/\\\/tokajhetszolo.com\\\/\",\"name\":\"Tokaj\",\"description\":\"A Taste full of Secrets\",\"publisher\":{\"@id\":\"https:\\\/\\\/tokajhetszolo.com\\\/#organization\"},\"potentialAction\":[{\"@type\":\"SearchAction\",\"target\":{\"@type\":\"EntryPoint\",\"urlTemplate\":\"https:\\\/\\\/tokajhetszolo.com\\\/?s={search_term_string}\"},\"query-input\":{\"@type\":\"PropertyValueSpecification\",\"valueRequired\":true,\"valueName\":\"search_term_string\"}}],\"inLanguage\":\"hu\"},{\"@type\":\"Organization\",\"@id\":\"https:\\\/\\\/tokajhetszolo.com\\\/#organization\",\"name\":\"Tokaj\",\"url\":\"https:\\\/\\\/tokajhetszolo.com\\\/\",\"logo\":{\"@type\":\"ImageObject\",\"inLanguage\":\"hu\",\"@id\":\"https:\\\/\\\/tokajhetszolo.com\\\/#\\\/schema\\\/logo\\\/image\\\/\",\"url\":\"https:\\\/\\\/tokajhetszolo.com\\\/wp-content\\\/uploads\\\/2020\\\/12\\\/Logo-Hetszolo_Organic_White-2.png\",\"contentUrl\":\"https:\\\/\\\/tokajhetszolo.com\\\/wp-content\\\/uploads\\\/2020\\\/12\\\/Logo-Hetszolo_Organic_White-2.png\",\"width\":600,\"height\":371,\"caption\":\"Tokaj\"},\"image\":{\"@id\":\"https:\\\/\\\/tokajhetszolo.com\\\/#\\\/schema\\\/logo\\\/image\\\/\"}}]}<\/script>\n<!-- \/ Yoast SEO plugin. -->","yoast_head_json":{"title":"Contact - Tokaj","robots":{"index":"index","follow":"follow","max-snippet":"max-snippet:-1","max-image-preview":"max-image-preview:large","max-video-preview":"max-video-preview:-1"},"canonical":"https:\/\/tokajhetszolo.com\/hu\/contact\/","og_locale":"hu_HU","og_type":"article","og_title":"Contact - Tokaj","og_url":"https:\/\/tokajhetszolo.com\/hu\/contact\/","og_site_name":"Tokaj","article_modified_time":"2022-08-10T13:51:30+00:00","twitter_card":"summary_large_image","schema":{"@context":"https:\/\/schema.org","@graph":[{"@type":"WebPage","@id":"https:\/\/tokajhetszolo.com\/contact\/","url":"https:\/\/tokajhetszolo.com\/contact\/","name":"Contact - Tokaj","isPartOf":{"@id":"https:\/\/tokajhetszolo.com\/#website"},"datePublished":"2020-12-11T16:39:17+00:00","dateModified":"2022-08-10T13:51:30+00:00","breadcrumb":{"@id":"https:\/\/tokajhetszolo.com\/contact\/#breadcrumb"},"inLanguage":"hu","potentialAction":[{"@type":"ReadAction","target":["https:\/\/tokajhetszolo.com\/contact\/"]}]},{"@type":"BreadcrumbList","@id":"https:\/\/tokajhetszolo.com\/contact\/#breadcrumb","itemListElement":[{"@type":"ListItem","position":1,"name":"Home","item":"https:\/\/tokajhetszolo.com\/"},{"@type":"ListItem","position":2,"name":"Contact"}]},{"@type":"WebSite","@id":"https:\/\/tokajhetszolo.com\/#website","url":"https:\/\/tokajhetszolo.com\/","name":"Tokaj","description":"A Taste full of Secrets","publisher":{"@id":"https:\/\/tokajhetszolo.com\/#organization"},"potentialAction":[{"@type":"SearchAction","target":{"@type":"EntryPoint","urlTemplate":"https:\/\/tokajhetszolo.com\/?s={search_term_string}"},"query-input":{"@type":"PropertyValueSpecification","valueRequired":true,"valueName":"search_term_string"}}],"inLanguage":"hu"},{"@type":"Organization","@id":"https:\/\/tokajhetszolo.com\/#organization","name":"Tokaj","url":"https:\/\/tokajhetszolo.com\/","logo":{"@type":"ImageObject","inLanguage":"hu","@id":"https:\/\/tokajhetszolo.com\/#\/schema\/logo\/image\/","url":"https:\/\/tokajhetszolo.com\/wp-content\/uploads\/2020\/12\/Logo-Hetszolo_Organic_White-2.png","contentUrl":"https:\/\/tokajhetszolo.com\/wp-content\/uploads\/2020\/12\/Logo-Hetszolo_Organic_White-2.png","width":600,"height":371,"caption":"Tokaj"},"image":{"@id":"https:\/\/tokajhetszolo.com\/#\/schema\/logo\/image\/"}}]}},"_links":{"self":[{"href":"https:\/\/tokajhetszolo.com\/hu\/wp-json\/wp\/v2\/pages\/154","targetHints":{"allow":["GET"]}}],"collection":[{"href":"https:\/\/tokajhetszolo.com\/hu\/wp-json\/wp\/v2\/pages"}],"about":[{"href":"https:\/\/tokajhetszolo.com\/hu\/wp-json\/wp\/v2\/types\/page"}],"author":[{"embeddable":true,"href":"https:\/\/tokajhetszolo.com\/hu\/wp-json\/wp\/v2\/users\/1"}],"replies":[{"embeddable":true,"href":"https:\/\/tokajhetszolo.com\/hu\/wp-json\/wp\/v2\/comments?post=154"}],"version-history":[{"count":41,"href":"https:\/\/tokajhetszolo.com\/hu\/wp-json\/wp\/v2\/pages\/154\/revisions"}],"predecessor-version":[{"id":2541,"href":"https:\/\/tokajhetszolo.com\/hu\/wp-json\/wp\/v2\/pages\/154\/revisions\/2541"}],"wp:attachment":[{"href":"https:\/\/tokajhetszolo.com\/hu\/wp-json\/wp\/v2\/media?parent=154"}],"curies":[{"name":"wp","href":"https:\/\/api.w.org\/{rel}","templated":true}]}}