{"id":108,"date":"2020-12-11T15:05:10","date_gmt":"2020-12-11T15:05:10","guid":{"rendered":"https:\/\/tokajhetszolo.com\/?page_id=108"},"modified":"2022-08-10T14:07:07","modified_gmt":"2022-08-10T14:07:07","slug":"history","status":"publish","type":"page","link":"https:\/\/tokajhetszolo.com\/hu\/history\/","title":{"rendered":"T\u00f6rt\u00e9nelem"},"content":{"rendered":"<div class=\"p-0\">\n     <div class=\"banner has-ovrlay bg-image-4 bg-center h-500 bg-fixed\" style=\"background-image: url(https:\/\/tokajhetszolo.com\/wp-content\/uploads\/2021\/10\/Hetszolo-Vineyard-old-photo.jpeg);\">\n       <div class=\"caption pto65\" >\n         <div class=\"title-group\">\n                      <h1 class=\"f-70\">T\u00f6rt\u00e9nelem \u00e9s st\u00edlus <\/h1>\n         \n         <p class=\"line-mix line-single star-group white\">\n         <\/p>\n\n           \n           <h2 class=\"f-300 f-family-Open-Sans color-d5c7b0\">Vinum Regum Rex Vinorum<\/h2>\n                  <\/div>\n       <\/div>\n     <\/div>\n   <\/div>\n\n\n\r\n    <section class=\"section-txt bg-drk style-none\">\r\n        <div class=\"container\">\r\n            <div class=\"row justify-content-center\">\r\n                <div class=\"col-xs-12 col-sm-10\">\r\n\r\n                    <div class=\"title-group-new text-center m-b-0\" data-aos=\"fade-up\">\r\n                                                                                            <h2 class=\"color-d5c7b0\">5 \u00c9VSZ\u00c1ZADOS T\u00d6RT\u00c9NELEM<\/h2>\r\n                                              <\/div>\r\n\r\n                <\/div>\r\n                                <div class=\"col-xs-12 col-sm-10\">\r\n                    <div class=\"section-history__content  p-l-0 p-r-0\">\r\n                        <div class=\"title-group m-b-0  max-100 color-d5c7b0 text-center text-none\" data-aos=\"fade-up\">\r\n                            <p>A titokzatos Tokaj-hegy... fel\u00fclr\u0151l n\u00e9zve az \u0151szi k\u00f6d\u00f6k f\u00f6l\u00e9 magasodik, lejt\u0151in aranyl\u00f3 sz\u0151l\u0151t\u0151k\u00e9k ragyognak, \u00e9s cs\u00facsa a t\u00e1voli d\u00e9li horizonton a hatalmas magyar s\u00edks\u00e1gra n\u00e9z. Sz\u00e9p id\u0151ben m\u00e9g Szlov\u00e1kia \u00e9s Ukrajna is l\u00e1tszik. A magyar sz\u0151l\u0151hegyek vitathatatlan kir\u00e1lya, a Tokaj-hegy az orsz\u00e1g \u00e9szaki r\u00e9sz\u00e9n, Budapestt\u0151l 230 km-re keletre tal\u00e1lhat\u00f3. Ez a legend\u00e1s hely kiv\u00e9teles borokat termel, XIV. Lajos udvar\u00e1ban is felszolg\u00e1lt\u00e1k, ut\u00f3bbi azt mondta Tokajr\u00f3l, hogy \"a borok kir\u00e1lya \u00e9s a kir\u00e1lyok bora\".<\/p>\n                                                    <\/div>\r\n                    <\/div>\r\n                <\/div>\r\n                          <\/div>\r\n        <\/div>\r\n    <\/section>\r\n\n\n\r\n    <section class=\"section-content-image bg-drk style-2\">\r\n            <div class=\"\">\r\n                            <img decoding=\"async\" src=\"https:\/\/tokajhetszolo.com\/wp-content\/uploads\/2022\/07\/Anno-1502-_-Hetszolo-Single-Vineyard-establishment-document_small-1.png\" alt=\"\" class=\"w-full outside-box-left\">\r\n      <\/div>\r\n            <div class=\"container\">\r\n            <div class=\"row align-items-center\">\r\n\r\n\r\n                \r\n                <div class=\"col-xs-12 col-sm-6\">\r\n                    <div class=\"section-product__image\">\r\n\r\n\r\n\r\n                    <\/div>\r\n                <\/div>\r\n              \r\n              <div class=\"col-xs-12 col-sm-6\">\r\n                  <div class=\"section-history__content mxh-500 d-left\">\r\n                      <div class=\"title-group m-b-0  max-100 color-d5c7b0 text-left italic\" data-aos=\"fade-up\">\r\n                                                <h3 class=\"color-d5c7b0\">\"7 parcella sz\u0151l\u0151\" = H\u00e9t-sz\u0151l\u0151<\/h3>\r\n                                                    <p>Minden koron\u00e1ban van egy \u00e9kszer. A Tokaj-hegy d\u00e9li oldal\u00e1n a Tokaj-H\u00e9tsz\u0151l\u0151 cs\u00e1sz\u00e1ri birtok birtokolja a legterm\u00e9kenyebb f\u00f6ldet \u00e9s a legjobb sz\u0151l\u0151t\u0151k\u00e9ket, 1502 \u00f3ta a term\u00e9szet itt b\u0151kez\u0171bben adta gy\u00fcm\u00f6lcseit, mint b\u00e1rhol m\u00e1shol. 1502 \u00f3ta a birtok l\u00e9trehoz\u00e1sa nem a v\u00e9letlennek k\u00f6sz\u00f6nhet\u0151: a Garai csal\u00e1d egyszer\u0171en kiv\u00e1lasztotta a Tokaj-hegys\u00e9g 7 legjobb parcell\u00e1j\u00e1t, innen a n\u00e9v: H\u00e9t-Sz\u0151l\u0151 jelent\u00e9se magyarul \"7 parcella sz\u0151l\u0151\".\r\n<\/p>\r\n                            \r\n\r\n                      <\/div>\r\n                  <\/div>\r\n              <\/div>\r\n\r\n            <\/div>\r\n        <\/div>\r\n    <\/section>\r\n\n\n\r\n    <section class=\"section-content-image bg-drk style-none\">\r\n            <div class=\"\">\r\n                            <img decoding=\"async\" src=\"https:\/\/tokajhetszolo.com\/wp-content\/uploads\/2021\/10\/Single-Vineyards-et-Tokaj-Hetszolo-Organic-Vineyards.jpeg\" alt=\"\" class=\"w-full outside-box-right\">\r\n      <\/div>\r\n            <div class=\"container\">\r\n            <div class=\"row align-items-center\">\r\n\r\n\r\n                \r\n                <div class=\"col-xs-12 col-sm-6  order-sm-2\">\r\n                    <div class=\"section-product__image\">\r\n\r\n\r\n\r\n                    <\/div>\r\n                <\/div>\r\n              \r\n              <div class=\"col-xs-12 col-sm-6\">\r\n                  <div class=\"section-history__content mxh-500 d-right\">\r\n                      <div class=\"title-group m-b-0  max-100 color-d5c7b0 text-right normal\" data-aos=\"fade-up\">\r\n                                                <h3 class=\"color-d5c7b0\">Egyedi \u00e9s nemes terroir<\/h3>\r\n                                                    <p>A Tokaj-H\u00e9tsz\u0151l\u0151 birtok parcell\u00e1it m\u00e1r 1772-ben, amikor a birtok m\u00e9g az Osztr\u00e1k-Magyar Monarchi\u00e1hoz tartozott, a Tokaj Premier Cru kateg\u00f3ri\u00e1ba sorolt\u00e1k. Ez a kit\u00fcntet\u00e9s tisztelg\u00e9s a kiv\u00e9teles terroir egyedi jellemz\u0151i el\u0151tt.<\/p>\r\n<p class=\"plus\">\r\n  <span> + <\/span>\r\n  <span class=\"hr-plus\"><\/span>\r\n<\/p>\r\n                            \r\n\r\n                      <\/div>\r\n                  <\/div>\r\n              <\/div>\r\n\r\n            <\/div>\r\n        <\/div>\r\n    <\/section>\r\n\n\n\r\n    <section class=\"section-txt bg-drk style-2\">\r\n        <div class=\"container\">\r\n            <div class=\"row justify-content-center\">\r\n                <div class=\"col-xs-12 col-sm-10\">\r\n\r\n                    <div class=\"title-group-new text-center m-b-0\" data-aos=\"fade-up\">\r\n                                                                                            <h2 class=\"color-d5c7b0\">A H\u00e9tsz\u0151l\u0151 borok k\u00fcl\u00f6nleges st\u00edlusa<\/h2>\r\n                                              <\/div>\r\n\r\n                <\/div>\r\n                                <div class=\"col-xs-12 col-sm-10\">\r\n                    <div class=\"section-history__content  p-l-0 p-r-0\">\r\n                        <div class=\"title-group m-b-0  max-100 color-d5c7b0 text-center text-none\" data-aos=\"fade-up\">\r\n                            <p>A term\u00e9szet \u00f6sszeesk\u00fcd\u00f6tt, hogy a Tokaj-H\u00e9tsz\u0151l\u0151 birtokon \u00fajra egyes\u00fclj\u00f6n minden felt\u00e9tel, amely sz\u00fcks\u00e9ges volt ahhoz, hogy a h\u0151n \u00e1h\u00edtott Botrytis cinerea vir\u00e1gozzon - a ter\u00fclet val\u00f3s\u00e1gos kincsesb\u00e1nya. De ha borr\u00f3l van sz\u00f3, soha semmit nem vehet\u00fcnk term\u00e9szetesnek. Az egyetlen hely titokzatos erej\u00e9t\u0151l inspir\u00e1lva az emberek igyekeztek \u00f6sszevonni tud\u00e1sukat, hogy ezt az egyed\u00fcl\u00e1ll\u00f3 adom\u00e1nyt el\u0151mozd\u00edts\u00e1k, kompromisszumok n\u00e9lk\u00fcl hozva d\u00f6nt\u00e9seket \u00e9s ellen\u0151rizve a hozamokat, a v\u00e9gs\u0151 min\u0151s\u00e9g folyamatos keres\u00e9se sor\u00e1n.<\/p>\n<p>Sok\u00e1ig azt hitt\u00e9k, hogy a Tokaj-H\u00e9tsz\u0151l\u0151si Asz\u00fa csillog\u00f3 sz\u00edne az aranyat jelzi... Az alkimist\u00e1k is vizsg\u00e1lt\u00e1k ezt a k\u00fcl\u00f6n\u00f6s jelens\u00e9get, de nem tal\u00e1ltak magyar\u00e1zatot. Egy biztos: a h\u00e9tsz\u0151l\u0151si terroir saj\u00e1toss\u00e1gai nagy harm\u00f3ni\u00e1j\u00fa \u00e9s p\u00e1ratlanul \u00f6sszetett borokat eredm\u00e9nyeznek, melyeket a l\u00f6sz\u00f6s talajokra jellemz\u0151 simas\u00e1g \u00e9s illat jellemez.<\/p>\n                                                    <\/div>\r\n                    <\/div>\r\n                <\/div>\r\n                          <\/div>\r\n        <\/div>\r\n    <\/section>","protected":false},"excerpt":{"rendered":"","protected":false},"author":1,"featured_media":0,"parent":0,"menu_order":0,"comment_status":"closed","ping_status":"closed","template":"","meta":{"footnotes":""},"class_list":["post-108","page","type-page","status-publish"],"acf":[],"yoast_head":"<!-- This site is optimized with the Yoast SEO plugin v27.5 - https:\/\/yoast.com\/product\/yoast-seo-wordpress\/ -->\n<title>5 CENTURIES OF HISTORY<\/title>\n<meta name=\"description\" content=\"Mysterious Mount Tokaj...seen from above, it rises above the autumn mists, its slopes gleaming with golden grapevines, and its summit overlooking the vast Hungarian plain into the distant southern horizon. In fine weather, you can even see Slovakia and Ukraine.\" \/>\n<meta name=\"robots\" content=\"index, follow, max-snippet:-1, max-image-preview:large, max-video-preview:-1\" \/>\n<link rel=\"canonical\" href=\"https:\/\/tokajhetszolo.com\/hu\/history\/\" \/>\n<meta property=\"og:locale\" content=\"hu_HU\" \/>\n<meta property=\"og:type\" content=\"article\" \/>\n<meta property=\"og:title\" content=\"5 CENTURIES OF HISTORY\" \/>\n<meta property=\"og:description\" content=\"Mysterious Mount Tokaj...seen from above, it rises above the autumn mists, its slopes gleaming with golden grapevines, and its summit overlooking the vast Hungarian plain into the distant southern horizon. In fine weather, you can even see Slovakia and Ukraine.\" \/>\n<meta property=\"og:url\" content=\"https:\/\/tokajhetszolo.com\/hu\/history\/\" \/>\n<meta property=\"og:site_name\" content=\"Tokaj\" \/>\n<meta property=\"article:modified_time\" content=\"2022-08-10T14:07:07+00:00\" \/>\n<meta name=\"twitter:card\" content=\"summary_large_image\" \/>\n<script type=\"application\/ld+json\" class=\"yoast-schema-graph\">{\"@context\":\"https:\\\/\\\/schema.org\",\"@graph\":[{\"@type\":\"WebPage\",\"@id\":\"https:\\\/\\\/tokajhetszolo.com\\\/history\\\/\",\"url\":\"https:\\\/\\\/tokajhetszolo.com\\\/history\\\/\",\"name\":\"5 CENTURIES OF HISTORY\",\"isPartOf\":{\"@id\":\"https:\\\/\\\/tokajhetszolo.com\\\/#website\"},\"datePublished\":\"2020-12-11T15:05:10+00:00\",\"dateModified\":\"2022-08-10T14:07:07+00:00\",\"description\":\"Mysterious Mount Tokaj...seen from above, it rises above the autumn mists, its slopes gleaming with golden grapevines, and its summit overlooking the vast Hungarian plain into the distant southern horizon. In fine weather, you can even see Slovakia and Ukraine.\",\"breadcrumb\":{\"@id\":\"https:\\\/\\\/tokajhetszolo.com\\\/history\\\/#breadcrumb\"},\"inLanguage\":\"hu\",\"potentialAction\":[{\"@type\":\"ReadAction\",\"target\":[\"https:\\\/\\\/tokajhetszolo.com\\\/history\\\/\"]}]},{\"@type\":\"BreadcrumbList\",\"@id\":\"https:\\\/\\\/tokajhetszolo.com\\\/history\\\/#breadcrumb\",\"itemListElement\":[{\"@type\":\"ListItem\",\"position\":1,\"name\":\"Home\",\"item\":\"https:\\\/\\\/tokajhetszolo.com\\\/\"},{\"@type\":\"ListItem\",\"position\":2,\"name\":\"History\"}]},{\"@type\":\"WebSite\",\"@id\":\"https:\\\/\\\/tokajhetszolo.com\\\/#website\",\"url\":\"https:\\\/\\\/tokajhetszolo.com\\\/\",\"name\":\"Tokaj\",\"description\":\"A Taste full of Secrets\",\"publisher\":{\"@id\":\"https:\\\/\\\/tokajhetszolo.com\\\/#organization\"},\"potentialAction\":[{\"@type\":\"SearchAction\",\"target\":{\"@type\":\"EntryPoint\",\"urlTemplate\":\"https:\\\/\\\/tokajhetszolo.com\\\/?s={search_term_string}\"},\"query-input\":{\"@type\":\"PropertyValueSpecification\",\"valueRequired\":true,\"valueName\":\"search_term_string\"}}],\"inLanguage\":\"hu\"},{\"@type\":\"Organization\",\"@id\":\"https:\\\/\\\/tokajhetszolo.com\\\/#organization\",\"name\":\"Tokaj\",\"url\":\"https:\\\/\\\/tokajhetszolo.com\\\/\",\"logo\":{\"@type\":\"ImageObject\",\"inLanguage\":\"hu\",\"@id\":\"https:\\\/\\\/tokajhetszolo.com\\\/#\\\/schema\\\/logo\\\/image\\\/\",\"url\":\"https:\\\/\\\/tokajhetszolo.com\\\/wp-content\\\/uploads\\\/2020\\\/12\\\/Logo-Hetszolo_Organic_White-2.png\",\"contentUrl\":\"https:\\\/\\\/tokajhetszolo.com\\\/wp-content\\\/uploads\\\/2020\\\/12\\\/Logo-Hetszolo_Organic_White-2.png\",\"width\":600,\"height\":371,\"caption\":\"Tokaj\"},\"image\":{\"@id\":\"https:\\\/\\\/tokajhetszolo.com\\\/#\\\/schema\\\/logo\\\/image\\\/\"}}]}<\/script>\n<!-- \/ Yoast SEO plugin. -->","yoast_head_json":{"title":"5 \u00c9VSZ\u00c1ZADOS T\u00d6RT\u00c9NELEM","description":"Mysterious Mount Tokaj...seen from above, it rises above the autumn mists, its slopes gleaming with golden grapevines, and its summit overlooking the vast Hungarian plain into the distant southern horizon. In fine weather, you can even see Slovakia and Ukraine.","robots":{"index":"index","follow":"follow","max-snippet":"max-snippet:-1","max-image-preview":"max-image-preview:large","max-video-preview":"max-video-preview:-1"},"canonical":"https:\/\/tokajhetszolo.com\/hu\/history\/","og_locale":"hu_HU","og_type":"article","og_title":"5 CENTURIES OF HISTORY","og_description":"Mysterious Mount Tokaj...seen from above, it rises above the autumn mists, its slopes gleaming with golden grapevines, and its summit overlooking the vast Hungarian plain into the distant southern horizon. In fine weather, you can even see Slovakia and Ukraine.","og_url":"https:\/\/tokajhetszolo.com\/hu\/history\/","og_site_name":"Tokaj","article_modified_time":"2022-08-10T14:07:07+00:00","twitter_card":"summary_large_image","schema":{"@context":"https:\/\/schema.org","@graph":[{"@type":"WebPage","@id":"https:\/\/tokajhetszolo.com\/history\/","url":"https:\/\/tokajhetszolo.com\/history\/","name":"5 \u00c9VSZ\u00c1ZADOS T\u00d6RT\u00c9NELEM","isPartOf":{"@id":"https:\/\/tokajhetszolo.com\/#website"},"datePublished":"2020-12-11T15:05:10+00:00","dateModified":"2022-08-10T14:07:07+00:00","description":"Mysterious Mount Tokaj...seen from above, it rises above the autumn mists, its slopes gleaming with golden grapevines, and its summit overlooking the vast Hungarian plain into the distant southern horizon. In fine weather, you can even see Slovakia and Ukraine.","breadcrumb":{"@id":"https:\/\/tokajhetszolo.com\/history\/#breadcrumb"},"inLanguage":"hu","potentialAction":[{"@type":"ReadAction","target":["https:\/\/tokajhetszolo.com\/history\/"]}]},{"@type":"BreadcrumbList","@id":"https:\/\/tokajhetszolo.com\/history\/#breadcrumb","itemListElement":[{"@type":"ListItem","position":1,"name":"Home","item":"https:\/\/tokajhetszolo.com\/"},{"@type":"ListItem","position":2,"name":"History"}]},{"@type":"WebSite","@id":"https:\/\/tokajhetszolo.com\/#website","url":"https:\/\/tokajhetszolo.com\/","name":"Tokaj","description":"A Taste full of Secrets","publisher":{"@id":"https:\/\/tokajhetszolo.com\/#organization"},"potentialAction":[{"@type":"SearchAction","target":{"@type":"EntryPoint","urlTemplate":"https:\/\/tokajhetszolo.com\/?s={search_term_string}"},"query-input":{"@type":"PropertyValueSpecification","valueRequired":true,"valueName":"search_term_string"}}],"inLanguage":"hu"},{"@type":"Organization","@id":"https:\/\/tokajhetszolo.com\/#organization","name":"Tokaj","url":"https:\/\/tokajhetszolo.com\/","logo":{"@type":"ImageObject","inLanguage":"hu","@id":"https:\/\/tokajhetszolo.com\/#\/schema\/logo\/image\/","url":"https:\/\/tokajhetszolo.com\/wp-content\/uploads\/2020\/12\/Logo-Hetszolo_Organic_White-2.png","contentUrl":"https:\/\/tokajhetszolo.com\/wp-content\/uploads\/2020\/12\/Logo-Hetszolo_Organic_White-2.png","width":600,"height":371,"caption":"Tokaj"},"image":{"@id":"https:\/\/tokajhetszolo.com\/#\/schema\/logo\/image\/"}}]}},"_links":{"self":[{"href":"https:\/\/tokajhetszolo.com\/hu\/wp-json\/wp\/v2\/pages\/108","targetHints":{"allow":["GET"]}}],"collection":[{"href":"https:\/\/tokajhetszolo.com\/hu\/wp-json\/wp\/v2\/pages"}],"about":[{"href":"https:\/\/tokajhetszolo.com\/hu\/wp-json\/wp\/v2\/types\/page"}],"author":[{"embeddable":true,"href":"https:\/\/tokajhetszolo.com\/hu\/wp-json\/wp\/v2\/users\/1"}],"replies":[{"embeddable":true,"href":"https:\/\/tokajhetszolo.com\/hu\/wp-json\/wp\/v2\/comments?post=108"}],"version-history":[{"count":78,"href":"https:\/\/tokajhetszolo.com\/hu\/wp-json\/wp\/v2\/pages\/108\/revisions"}],"predecessor-version":[{"id":2576,"href":"https:\/\/tokajhetszolo.com\/hu\/wp-json\/wp\/v2\/pages\/108\/revisions\/2576"}],"wp:attachment":[{"href":"https:\/\/tokajhetszolo.com\/hu\/wp-json\/wp\/v2\/media?parent=108"}],"curies":[{"name":"wp","href":"https:\/\/api.w.org\/{rel}","templated":true}]}}