{"id":2877,"date":"2023-07-13T08:38:02","date_gmt":"2023-07-13T08:38:02","guid":{"rendered":"https:\/\/tokajhetszolo.com\/?page_id=2877"},"modified":"2025-09-09T09:37:24","modified_gmt":"2025-09-09T09:37:24","slug":"commitments","status":"publish","type":"page","link":"https:\/\/tokajhetszolo.com\/fr\/commitments\/","title":{"rendered":"Engagements"},"content":{"rendered":"<div data-elementor-type=\"wp-page\" data-elementor-id=\"2877\" class=\"elementor elementor-2877\" data-elementor-post-type=\"page\">\n\t\t\t\t\t\t<section class=\"elementor-section elementor-top-section elementor-element elementor-element-1a36b02 elementor-section-height-min-height elementor-section-boxed elementor-section-height-default elementor-section-items-middle\" data-id=\"1a36b02\" data-element_type=\"section\" data-e-type=\"section\" data-settings=\"{&quot;background_background&quot;:&quot;classic&quot;}\">\n\t\t\t\t\t\t<div class=\"elementor-container elementor-column-gap-default\">\n\t\t\t\t\t<div class=\"elementor-column elementor-col-100 elementor-top-column elementor-element elementor-element-daffc83\" data-id=\"daffc83\" data-element_type=\"column\" data-e-type=\"column\">\n\t\t\t<div class=\"elementor-widget-wrap elementor-element-populated\">\n\t\t\t\t\t\t<div class=\"elementor-element elementor-element-de205cc elementor-widget elementor-widget-heading\" data-id=\"de205cc\" data-element_type=\"widget\" data-e-type=\"widget\" data-widget_type=\"heading.default\">\n\t\t\t\t<div class=\"elementor-widget-container\">\n\t\t\t\t\t<h2 class=\"elementor-heading-title elementor-size-default\">Engagements<\/h2>\t\t\t\t<\/div>\n\t\t\t\t<\/div>\n\t\t\t\t\t<\/div>\n\t\t<\/div>\n\t\t\t\t\t<\/div>\n\t\t<\/section>\n\t\t\t\t<section class=\"elementor-section elementor-top-section elementor-element elementor-element-13c267a elementor-section-boxed elementor-section-height-default elementor-section-height-default\" data-id=\"13c267a\" data-element_type=\"section\" data-e-type=\"section\" data-settings=\"{&quot;background_background&quot;:&quot;gradient&quot;}\">\n\t\t\t\t\t\t<div class=\"elementor-container elementor-column-gap-default\">\n\t\t\t\t\t<div class=\"elementor-column elementor-col-100 elementor-top-column elementor-element elementor-element-4b2324e\" data-id=\"4b2324e\" data-element_type=\"column\" data-e-type=\"column\">\n\t\t\t<div class=\"elementor-widget-wrap elementor-element-populated\">\n\t\t\t\t\t\t<div class=\"elementor-element elementor-element-530314d elementor-widget elementor-widget-heading\" data-id=\"530314d\" data-element_type=\"widget\" data-e-type=\"widget\" data-widget_type=\"heading.default\">\n\t\t\t\t<div class=\"elementor-widget-container\">\n\t\t\t\t\t<h2 class=\"elementor-heading-title elementor-size-default\">Environment and sustainability commitment of Tokaj-H\u00e9tsz\u0151l\u0151<\/h2>\t\t\t\t<\/div>\n\t\t\t\t<\/div>\n\t\t\t\t<div class=\"elementor-element elementor-element-bdb1efb elementor-widget elementor-widget-text-editor\" data-id=\"bdb1efb\" data-element_type=\"widget\" data-e-type=\"widget\" data-widget_type=\"text-editor.default\">\n\t\t\t\t<div class=\"elementor-widget-container\">\n\t\t\t\t\t\t\t\t\t<p>Tokaj-H\u00e9tsz\u0151l\u0151 Estate, founded in 1502, produces outstanding wines on a vineyard embeded in a marvelous landscape. It is our mission to preserve this land for the future generations so they can enjoy the high quality\u00a0 Tokaj wines like our ancestors did centuries ago.<\/p><p>\u00a0<\/p><p><strong>Our commitment in viticulture<\/strong><\/p><p>Organic certification for the whole 55 ha of the estate since 2013 to improve the environment of the vineyard, our employees and our community we set the goal to abandon copper use in a few years, which is actually lower than 2,5 kg\/ha\/year as low as possible carbon emission by the purchase of machinery which meets highest eco standards increasing biodiversity by the use of covercrops and the establishement of ecological islands for the local flora and fauna on the estate.<\/p><p>\u00a0<\/p><p><strong>Sustainability in the winery<\/strong><\/p><p>The organic certified wine making processes ensure the use of natural technologies and materials which are sustainable. Introduction of a constant monitoring system for carbon footprint supply of material from partners with a strong and reliable environmental commitment and certifications ( FSC certificates, sustainability reports from the suppliers of cork, barrels and packaging). Special importance for the reduction of bottle weights.<\/p><ul><li><strong style=\"background-color: transparent;\">Power, waste and water management<\/strong><\/li><\/ul><p>Our philosophy is to consume only what is needed and to follow the 4R rule:<\/p><ul><li>Reuse: reuse what is reuseable ( packaging, palletts, cardboard, etc)<\/li><li>Recycle: cardboard, paper and plastic with contracted partners<\/li><li>Reject: refraining from the use of raw materials unnecessarily in order to avoid generating waste.<\/li><li>Reduce: reducing the volume and quantity of waste by improving technologies and the use of clean practices<\/li><\/ul><p>\u00a0<\/p><p>Specific waste management partners treat all our hazardous and non hazardous waste which is not recyclable in compliance with EU and national rules.\u00a0<span style=\"background-color: transparent;\">Water is a necessary resource of appreciable environmental impact which is used in some of the activities of all wineries, especially cleaning.<\/span><\/p><p>\u00a0<\/p><p>Our measures to reduce water consumption :<\/p><ul><li>All the rainwater is collected from the roofs of our buildings and is used for cleaning and phytosanitary treatments<\/li><li>constant monitoring of the water network to avoid the loss due to leakage<\/li><li>use of high pressure cleaning system to reduce water consumption<\/li><li>All waste water is treated by a local waste water managing plant close to the estate<\/li><\/ul><p>In order to reduce our carbon foot print, only electricity is used during the wine making process. Solar panels will be set up and all the lighting was recently changed to LED technology.<\/p><p><strong>General practices for sustainability at our estate<\/strong><\/p><ul><li>rules for less paper consumption during office and communication activity<\/li><li>exclusive use of recycled or FSC certified paper and cardboard<\/li><li>evaluation of carbon footprint during business trips<\/li><li><em>commitment to improving the social, economic and environmental well being of the community.<\/em><\/li><li><em>preference of local suppliers and resources to reduce carbon footprint because of transport<\/em><\/li><li><em>Support of sustainability objectives in our society<\/em><\/li><li><em>maintenance of healthy and fair employment<\/em><\/li><\/ul><p><em>Gergely MAKAI<\/em><\/p><p><em>General Manager and Chief Wine Maker<\/em><\/p>\t\t\t\t\t\t\t\t<\/div>\n\t\t\t\t<\/div>\n\t\t\t\t\t<\/div>\n\t\t<\/div>\n\t\t\t\t\t<\/div>\n\t\t<\/section>\n\t\t\t\t<\/div>","protected":false},"excerpt":{"rendered":"<p>Commitments Environment and sustainability commitment of Tokaj-H\u00e9tsz\u0151l\u0151 Tokaj-H\u00e9tsz\u0151l\u0151 Estate, founded in 1502, produces outstanding wines on a vineyard embeded in a marvelous landscape. It is&#8230;<\/p>","protected":false},"author":1,"featured_media":0,"parent":0,"menu_order":0,"comment_status":"closed","ping_status":"closed","template":"","meta":{"footnotes":""},"class_list":["post-2877","page","type-page","status-publish"],"acf":[],"yoast_head":"<!-- This site is optimized with the Yoast SEO plugin v27.4 - https:\/\/yoast.com\/product\/yoast-seo-wordpress\/ -->\n<title>Commitments - Tokaj<\/title>\n<meta name=\"robots\" content=\"index, follow, max-snippet:-1, max-image-preview:large, max-video-preview:-1\" \/>\n<link rel=\"canonical\" href=\"https:\/\/tokajhetszolo.com\/fr\/commitments\/\" \/>\n<meta property=\"og:locale\" content=\"fr_FR\" \/>\n<meta property=\"og:type\" content=\"article\" \/>\n<meta property=\"og:title\" content=\"Commitments - Tokaj\" \/>\n<meta property=\"og:description\" content=\"Commitments Environment and sustainability commitment of Tokaj-H\u00e9tsz\u0151l\u0151 Tokaj-H\u00e9tsz\u0151l\u0151 Estate, founded in 1502, produces outstanding wines on a vineyard embeded in a marvelous landscape. It is...\" \/>\n<meta property=\"og:url\" content=\"https:\/\/tokajhetszolo.com\/fr\/commitments\/\" \/>\n<meta property=\"og:site_name\" content=\"Tokaj\" \/>\n<meta property=\"article:modified_time\" content=\"2025-09-09T09:37:24+00:00\" \/>\n<meta name=\"twitter:card\" content=\"summary_large_image\" \/>\n<meta name=\"twitter:label1\" content=\"Dur\u00e9e de lecture estim\u00e9e\" \/>\n\t<meta name=\"twitter:data1\" content=\"2 minutes\" \/>\n<script type=\"application\/ld+json\" class=\"yoast-schema-graph\">{\"@context\":\"https:\\\/\\\/schema.org\",\"@graph\":[{\"@type\":\"WebPage\",\"@id\":\"https:\\\/\\\/tokajhetszolo.com\\\/commitments\\\/\",\"url\":\"https:\\\/\\\/tokajhetszolo.com\\\/commitments\\\/\",\"name\":\"Commitments - Tokaj\",\"isPartOf\":{\"@id\":\"https:\\\/\\\/tokajhetszolo.com\\\/#website\"},\"datePublished\":\"2023-07-13T08:38:02+00:00\",\"dateModified\":\"2025-09-09T09:37:24+00:00\",\"breadcrumb\":{\"@id\":\"https:\\\/\\\/tokajhetszolo.com\\\/commitments\\\/#breadcrumb\"},\"inLanguage\":\"fr-FR\",\"potentialAction\":[{\"@type\":\"ReadAction\",\"target\":[\"https:\\\/\\\/tokajhetszolo.com\\\/commitments\\\/\"]}]},{\"@type\":\"BreadcrumbList\",\"@id\":\"https:\\\/\\\/tokajhetszolo.com\\\/commitments\\\/#breadcrumb\",\"itemListElement\":[{\"@type\":\"ListItem\",\"position\":1,\"name\":\"Home\",\"item\":\"https:\\\/\\\/tokajhetszolo.com\\\/\"},{\"@type\":\"ListItem\",\"position\":2,\"name\":\"Commitments\"}]},{\"@type\":\"WebSite\",\"@id\":\"https:\\\/\\\/tokajhetszolo.com\\\/#website\",\"url\":\"https:\\\/\\\/tokajhetszolo.com\\\/\",\"name\":\"Tokaj\",\"description\":\"A Taste full of Secrets\",\"publisher\":{\"@id\":\"https:\\\/\\\/tokajhetszolo.com\\\/#organization\"},\"potentialAction\":[{\"@type\":\"SearchAction\",\"target\":{\"@type\":\"EntryPoint\",\"urlTemplate\":\"https:\\\/\\\/tokajhetszolo.com\\\/?s={search_term_string}\"},\"query-input\":{\"@type\":\"PropertyValueSpecification\",\"valueRequired\":true,\"valueName\":\"search_term_string\"}}],\"inLanguage\":\"fr-FR\"},{\"@type\":\"Organization\",\"@id\":\"https:\\\/\\\/tokajhetszolo.com\\\/#organization\",\"name\":\"Tokaj\",\"url\":\"https:\\\/\\\/tokajhetszolo.com\\\/\",\"logo\":{\"@type\":\"ImageObject\",\"inLanguage\":\"fr-FR\",\"@id\":\"https:\\\/\\\/tokajhetszolo.com\\\/#\\\/schema\\\/logo\\\/image\\\/\",\"url\":\"https:\\\/\\\/tokajhetszolo.com\\\/wp-content\\\/uploads\\\/2020\\\/12\\\/Logo-Hetszolo_Organic_White-2.png\",\"contentUrl\":\"https:\\\/\\\/tokajhetszolo.com\\\/wp-content\\\/uploads\\\/2020\\\/12\\\/Logo-Hetszolo_Organic_White-2.png\",\"width\":600,\"height\":371,\"caption\":\"Tokaj\"},\"image\":{\"@id\":\"https:\\\/\\\/tokajhetszolo.com\\\/#\\\/schema\\\/logo\\\/image\\\/\"}}]}<\/script>\n<!-- \/ Yoast SEO plugin. -->","yoast_head_json":{"title":"Commitments - Tokaj","robots":{"index":"index","follow":"follow","max-snippet":"max-snippet:-1","max-image-preview":"max-image-preview:large","max-video-preview":"max-video-preview:-1"},"canonical":"https:\/\/tokajhetszolo.com\/fr\/commitments\/","og_locale":"fr_FR","og_type":"article","og_title":"Commitments - Tokaj","og_description":"Commitments Environment and sustainability commitment of Tokaj-H\u00e9tsz\u0151l\u0151 Tokaj-H\u00e9tsz\u0151l\u0151 Estate, founded in 1502, produces outstanding wines on a vineyard embeded in a marvelous landscape. It is...","og_url":"https:\/\/tokajhetszolo.com\/fr\/commitments\/","og_site_name":"Tokaj","article_modified_time":"2025-09-09T09:37:24+00:00","twitter_card":"summary_large_image","twitter_misc":{"Dur\u00e9e de lecture estim\u00e9e":"2 minutes"},"schema":{"@context":"https:\/\/schema.org","@graph":[{"@type":"WebPage","@id":"https:\/\/tokajhetszolo.com\/commitments\/","url":"https:\/\/tokajhetszolo.com\/commitments\/","name":"Commitments - Tokaj","isPartOf":{"@id":"https:\/\/tokajhetszolo.com\/#website"},"datePublished":"2023-07-13T08:38:02+00:00","dateModified":"2025-09-09T09:37:24+00:00","breadcrumb":{"@id":"https:\/\/tokajhetszolo.com\/commitments\/#breadcrumb"},"inLanguage":"fr-FR","potentialAction":[{"@type":"ReadAction","target":["https:\/\/tokajhetszolo.com\/commitments\/"]}]},{"@type":"BreadcrumbList","@id":"https:\/\/tokajhetszolo.com\/commitments\/#breadcrumb","itemListElement":[{"@type":"ListItem","position":1,"name":"Home","item":"https:\/\/tokajhetszolo.com\/"},{"@type":"ListItem","position":2,"name":"Commitments"}]},{"@type":"WebSite","@id":"https:\/\/tokajhetszolo.com\/#website","url":"https:\/\/tokajhetszolo.com\/","name":"Tokaj","description":"A Taste full of Secrets","publisher":{"@id":"https:\/\/tokajhetszolo.com\/#organization"},"potentialAction":[{"@type":"SearchAction","target":{"@type":"EntryPoint","urlTemplate":"https:\/\/tokajhetszolo.com\/?s={search_term_string}"},"query-input":{"@type":"PropertyValueSpecification","valueRequired":true,"valueName":"search_term_string"}}],"inLanguage":"fr-FR"},{"@type":"Organization","@id":"https:\/\/tokajhetszolo.com\/#organization","name":"Tokaj","url":"https:\/\/tokajhetszolo.com\/","logo":{"@type":"ImageObject","inLanguage":"fr-FR","@id":"https:\/\/tokajhetszolo.com\/#\/schema\/logo\/image\/","url":"https:\/\/tokajhetszolo.com\/wp-content\/uploads\/2020\/12\/Logo-Hetszolo_Organic_White-2.png","contentUrl":"https:\/\/tokajhetszolo.com\/wp-content\/uploads\/2020\/12\/Logo-Hetszolo_Organic_White-2.png","width":600,"height":371,"caption":"Tokaj"},"image":{"@id":"https:\/\/tokajhetszolo.com\/#\/schema\/logo\/image\/"}}]}},"_links":{"self":[{"href":"https:\/\/tokajhetszolo.com\/fr\/wp-json\/wp\/v2\/pages\/2877","targetHints":{"allow":["GET"]}}],"collection":[{"href":"https:\/\/tokajhetszolo.com\/fr\/wp-json\/wp\/v2\/pages"}],"about":[{"href":"https:\/\/tokajhetszolo.com\/fr\/wp-json\/wp\/v2\/types\/page"}],"author":[{"embeddable":true,"href":"https:\/\/tokajhetszolo.com\/fr\/wp-json\/wp\/v2\/users\/1"}],"replies":[{"embeddable":true,"href":"https:\/\/tokajhetszolo.com\/fr\/wp-json\/wp\/v2\/comments?post=2877"}],"version-history":[{"count":17,"href":"https:\/\/tokajhetszolo.com\/fr\/wp-json\/wp\/v2\/pages\/2877\/revisions"}],"predecessor-version":[{"id":3120,"href":"https:\/\/tokajhetszolo.com\/fr\/wp-json\/wp\/v2\/pages\/2877\/revisions\/3120"}],"wp:attachment":[{"href":"https:\/\/tokajhetszolo.com\/fr\/wp-json\/wp\/v2\/media?parent=2877"}],"curies":[{"name":"wp","href":"https:\/\/api.w.org\/{rel}","templated":true}]}}