{"id":108,"date":"2020-12-11T15:05:10","date_gmt":"2020-12-11T15:05:10","guid":{"rendered":"https:\/\/tokajhetszolo.com\/?page_id=108"},"modified":"2022-08-10T14:07:07","modified_gmt":"2022-08-10T14:07:07","slug":"history","status":"publish","type":"page","link":"https:\/\/tokajhetszolo.com\/fr\/history\/","title":{"rendered":"L'histoire"},"content":{"rendered":"<div class=\"p-0\">\n     <div class=\"banner has-ovrlay bg-image-4 bg-center h-500 bg-fixed\" style=\"background-image: url(https:\/\/tokajhetszolo.com\/wp-content\/uploads\/2021\/10\/Hetszolo-Vineyard-old-photo.jpeg);\">\n       <div class=\"caption pto65\" >\n         <div class=\"title-group\">\n                      <h1 class=\"f-70\">Histoire et style <\/h1>\n         \n         <p class=\"line-mix line-single star-group white\">\n         <\/p>\n\n           \n           <h2 class=\"f-300 f-family-Open-Sans color-d5c7b0\">Vinum Regum Rex Vinorum<\/h2>\n                  <\/div>\n       <\/div>\n     <\/div>\n   <\/div>\n\n\n\r\n    <section class=\"section-txt bg-drk style-none\">\r\n        <div class=\"container\">\r\n            <div class=\"row justify-content-center\">\r\n                <div class=\"col-xs-12 col-sm-10\">\r\n\r\n                    <div class=\"title-group-new text-center m-b-0\" data-aos=\"fade-up\">\r\n                                                                                            <h2 class=\"color-d5c7b0\">5 SI\u00c8CLES D'HISTOIRE<\/h2>\r\n                                              <\/div>\r\n\r\n                <\/div>\r\n                                <div class=\"col-xs-12 col-sm-10\">\r\n                    <div class=\"section-history__content  p-l-0 p-r-0\">\r\n                        <div class=\"title-group m-b-0  max-100 color-d5c7b0 text-center text-none\" data-aos=\"fade-up\">\r\n                            <p>Myst\u00e9rieux mont Tokaj... vu d'en haut, il s'\u00e9l\u00e8ve au-dessus des brumes d'automne, ses pentes brillent de vignes dor\u00e9es et son sommet domine la vaste plaine hongroise jusqu'\u00e0 l'horizon lointain du sud. Par beau temps, on peut m\u00eame apercevoir la Slovaquie et l'Ukraine. Roi incontest\u00e9 des vignobles hongrois, le mont Tokaj est situ\u00e9 au nord du pays, \u00e0 230 km \u00e0 l'est de Budapest. Ce lieu l\u00e9gendaire produit des vins exceptionnels, servis \u00e0 la cour de Louis XIV, ce dernier disait de Tokaj qu'il \u00e9tait le \"Roi des Vins et le Vin des Rois\".<\/p>\n                                                    <\/div>\r\n                    <\/div>\r\n                <\/div>\r\n                          <\/div>\r\n        <\/div>\r\n    <\/section>\r\n\n\n\r\n    <section class=\"section-content-image bg-drk style-2\">\r\n            <div class=\"\">\r\n                            <img decoding=\"async\" src=\"https:\/\/tokajhetszolo.com\/wp-content\/uploads\/2022\/07\/Anno-1502-_-Hetszolo-Single-Vineyard-establishment-document_small-1.png\" alt=\"\" class=\"w-full outside-box-left\">\r\n      <\/div>\r\n            <div class=\"container\">\r\n            <div class=\"row align-items-center\">\r\n\r\n\r\n                \r\n                <div class=\"col-xs-12 col-sm-6\">\r\n                    <div class=\"section-product__image\">\r\n\r\n\r\n\r\n                    <\/div>\r\n                <\/div>\r\n              \r\n              <div class=\"col-xs-12 col-sm-6\">\r\n                  <div class=\"section-history__content mxh-500 d-left\">\r\n                      <div class=\"title-group m-b-0  max-100 color-d5c7b0 text-left italic\" data-aos=\"fade-up\">\r\n                                                <h3 class=\"color-d5c7b0\">\"7 parcelles de vignes\" = H\u00e9t-sz\u0151l\u0151<\/h3>\r\n                                                    <p>Il y a un joyau dans chaque couronne. Au sud du Mont Tokaj, le Domaine Imp\u00e9rial de Tokaj-H\u00e9tsz\u0151l\u0151 poss\u00e8de les terres les plus fertiles et les meilleures vignes, et depuis 1502, la nature y donne plus g\u00e9n\u00e9reusement ses fruits que partout ailleurs.La cr\u00e9ation du Domaine ne doit rien au hasard : la famille Garai a tout simplement s\u00e9lectionn\u00e9 les 7 meilleures parcelles du Mont Tokaj, d'o\u00f9 le nom : H\u00e9t-Sz\u0151l\u0151 signifie \"7 parcelles de vigne\" en hongrois.\r\n<\/p>\r\n                            \r\n\r\n                      <\/div>\r\n                  <\/div>\r\n              <\/div>\r\n\r\n            <\/div>\r\n        <\/div>\r\n    <\/section>\r\n\n\n\r\n    <section class=\"section-content-image bg-drk style-none\">\r\n            <div class=\"\">\r\n                            <img decoding=\"async\" src=\"https:\/\/tokajhetszolo.com\/wp-content\/uploads\/2021\/10\/Single-Vineyards-et-Tokaj-Hetszolo-Organic-Vineyards.jpeg\" alt=\"\" class=\"w-full outside-box-right\">\r\n      <\/div>\r\n            <div class=\"container\">\r\n            <div class=\"row align-items-center\">\r\n\r\n\r\n                \r\n                <div class=\"col-xs-12 col-sm-6  order-sm-2\">\r\n                    <div class=\"section-product__image\">\r\n\r\n\r\n\r\n                    <\/div>\r\n                <\/div>\r\n              \r\n              <div class=\"col-xs-12 col-sm-6\">\r\n                  <div class=\"section-history__content mxh-500 d-right\">\r\n                      <div class=\"title-group m-b-0  max-100 color-d5c7b0 text-right normal\" data-aos=\"fade-up\">\r\n                                                <h3 class=\"color-d5c7b0\">Un terroir unique et noble<\/h3>\r\n                                                    <p>Des vins, aussi admirables, n'allaient pas rester secrets tr\u00e8s longtemps... les parcelles du domaine Tokaj-H\u00e9tsz\u0151l\u0151 ont \u00e9t\u00e9 class\u00e9es Tokaj Premier Cru d\u00e8s 1772, alors que le domaine appartenait encore \u00e0 l'Empire austro-hongrois. Cette distinction rend hommage aux caract\u00e9ristiques uniques d'un terroir exceptionnel.<\/p>\r\n<p class=\"plus\">\r\n  <span> + <\/span>\r\n  <span class=\"hr-plus\"><\/span>\r\n<\/p>\r\n                            \r\n\r\n                      <\/div>\r\n                  <\/div>\r\n              <\/div>\r\n\r\n            <\/div>\r\n        <\/div>\r\n    <\/section>\r\n\n\n\r\n    <section class=\"section-txt bg-drk style-2\">\r\n        <div class=\"container\">\r\n            <div class=\"row justify-content-center\">\r\n                <div class=\"col-xs-12 col-sm-10\">\r\n\r\n                    <div class=\"title-group-new text-center m-b-0\" data-aos=\"fade-up\">\r\n                                                                                            <h2 class=\"color-d5c7b0\">Le style particulier des vins H\u00e9tsz\u0151l\u0151<\/h2>\r\n                                              <\/div>\r\n\r\n                <\/div>\r\n                                <div class=\"col-xs-12 col-sm-10\">\r\n                    <div class=\"section-history__content  p-l-0 p-r-0\">\r\n                        <div class=\"title-group m-b-0  max-100 color-d5c7b0 text-center text-none\" data-aos=\"fade-up\">\r\n                            <p>Sur le domaine Tokaj-H\u00e9tsz\u0151l\u0151, la nature a r\u00e9uni toutes les conditions n\u00e9cessaires \u00e0 l'\u00e9panouissement de la tr\u00e8s recherch\u00e9e Botrytis cinerea - la terre est un v\u00e9ritable tr\u00e9sor. Mais en mati\u00e8re de vin, rien n'est jamais acquis. Inspir\u00e9s par les pouvoirs myst\u00e9rieux d'un lieu unique, des hommes ont cherch\u00e9 \u00e0 rassembler leur savoir-faire pour promouvoir ce don unique, en prenant des d\u00e9cisions sans compromis et en contr\u00f4lant les rendements dans une recherche constante de la qualit\u00e9 ultime.<\/p>\n<p>Pendant longtemps, on a cru que la couleur chatoyante des Asz\u00fas de Tokaj-H\u00e9tsz\u0151l\u0151 \u00e9tait un signe d'or... Les alchimistes se sont m\u00eame pench\u00e9s sur cet \u00e9trange ph\u00e9nom\u00e8ne, sans trouver d'explication. Une chose est s\u00fbre : les particularit\u00e9s du terroir de H\u00e9tsz\u0151l\u0151 produisent des vins d'une grande harmonie et d'une complexit\u00e9 incomparable, impr\u00e9gn\u00e9s de la douceur et du nez caract\u00e9ristiques des sols de l\u0153ss.<\/p>\n                                                    <\/div>\r\n                    <\/div>\r\n                <\/div>\r\n                          <\/div>\r\n        <\/div>\r\n    <\/section>","protected":false},"excerpt":{"rendered":"","protected":false},"author":1,"featured_media":0,"parent":0,"menu_order":0,"comment_status":"closed","ping_status":"closed","template":"","meta":{"footnotes":""},"class_list":["post-108","page","type-page","status-publish"],"acf":[],"yoast_head":"<!-- This site is optimized with the Yoast SEO plugin v27.5 - https:\/\/yoast.com\/product\/yoast-seo-wordpress\/ -->\n<title>5 CENTURIES OF HISTORY<\/title>\n<meta name=\"description\" content=\"Mysterious Mount Tokaj...seen from above, it rises above the autumn mists, its slopes gleaming with golden grapevines, and its summit overlooking the vast Hungarian plain into the distant southern horizon. In fine weather, you can even see Slovakia and Ukraine.\" \/>\n<meta name=\"robots\" content=\"index, follow, max-snippet:-1, max-image-preview:large, max-video-preview:-1\" \/>\n<link rel=\"canonical\" href=\"https:\/\/tokajhetszolo.com\/fr\/history\/\" \/>\n<meta property=\"og:locale\" content=\"fr_FR\" \/>\n<meta property=\"og:type\" content=\"article\" \/>\n<meta property=\"og:title\" content=\"5 CENTURIES OF HISTORY\" \/>\n<meta property=\"og:description\" content=\"Mysterious Mount Tokaj...seen from above, it rises above the autumn mists, its slopes gleaming with golden grapevines, and its summit overlooking the vast Hungarian plain into the distant southern horizon. In fine weather, you can even see Slovakia and Ukraine.\" \/>\n<meta property=\"og:url\" content=\"https:\/\/tokajhetszolo.com\/fr\/history\/\" \/>\n<meta property=\"og:site_name\" content=\"Tokaj\" \/>\n<meta property=\"article:modified_time\" content=\"2022-08-10T14:07:07+00:00\" \/>\n<meta name=\"twitter:card\" content=\"summary_large_image\" \/>\n<script type=\"application\/ld+json\" class=\"yoast-schema-graph\">{\"@context\":\"https:\\\/\\\/schema.org\",\"@graph\":[{\"@type\":\"WebPage\",\"@id\":\"https:\\\/\\\/tokajhetszolo.com\\\/history\\\/\",\"url\":\"https:\\\/\\\/tokajhetszolo.com\\\/history\\\/\",\"name\":\"5 CENTURIES OF HISTORY\",\"isPartOf\":{\"@id\":\"https:\\\/\\\/tokajhetszolo.com\\\/#website\"},\"datePublished\":\"2020-12-11T15:05:10+00:00\",\"dateModified\":\"2022-08-10T14:07:07+00:00\",\"description\":\"Mysterious Mount Tokaj...seen from above, it rises above the autumn mists, its slopes gleaming with golden grapevines, and its summit overlooking the vast Hungarian plain into the distant southern horizon. In fine weather, you can even see Slovakia and Ukraine.\",\"breadcrumb\":{\"@id\":\"https:\\\/\\\/tokajhetszolo.com\\\/history\\\/#breadcrumb\"},\"inLanguage\":\"fr-FR\",\"potentialAction\":[{\"@type\":\"ReadAction\",\"target\":[\"https:\\\/\\\/tokajhetszolo.com\\\/history\\\/\"]}]},{\"@type\":\"BreadcrumbList\",\"@id\":\"https:\\\/\\\/tokajhetszolo.com\\\/history\\\/#breadcrumb\",\"itemListElement\":[{\"@type\":\"ListItem\",\"position\":1,\"name\":\"Home\",\"item\":\"https:\\\/\\\/tokajhetszolo.com\\\/\"},{\"@type\":\"ListItem\",\"position\":2,\"name\":\"History\"}]},{\"@type\":\"WebSite\",\"@id\":\"https:\\\/\\\/tokajhetszolo.com\\\/#website\",\"url\":\"https:\\\/\\\/tokajhetszolo.com\\\/\",\"name\":\"Tokaj\",\"description\":\"A Taste full of Secrets\",\"publisher\":{\"@id\":\"https:\\\/\\\/tokajhetszolo.com\\\/#organization\"},\"potentialAction\":[{\"@type\":\"SearchAction\",\"target\":{\"@type\":\"EntryPoint\",\"urlTemplate\":\"https:\\\/\\\/tokajhetszolo.com\\\/?s={search_term_string}\"},\"query-input\":{\"@type\":\"PropertyValueSpecification\",\"valueRequired\":true,\"valueName\":\"search_term_string\"}}],\"inLanguage\":\"fr-FR\"},{\"@type\":\"Organization\",\"@id\":\"https:\\\/\\\/tokajhetszolo.com\\\/#organization\",\"name\":\"Tokaj\",\"url\":\"https:\\\/\\\/tokajhetszolo.com\\\/\",\"logo\":{\"@type\":\"ImageObject\",\"inLanguage\":\"fr-FR\",\"@id\":\"https:\\\/\\\/tokajhetszolo.com\\\/#\\\/schema\\\/logo\\\/image\\\/\",\"url\":\"https:\\\/\\\/tokajhetszolo.com\\\/wp-content\\\/uploads\\\/2020\\\/12\\\/Logo-Hetszolo_Organic_White-2.png\",\"contentUrl\":\"https:\\\/\\\/tokajhetszolo.com\\\/wp-content\\\/uploads\\\/2020\\\/12\\\/Logo-Hetszolo_Organic_White-2.png\",\"width\":600,\"height\":371,\"caption\":\"Tokaj\"},\"image\":{\"@id\":\"https:\\\/\\\/tokajhetszolo.com\\\/#\\\/schema\\\/logo\\\/image\\\/\"}}]}<\/script>\n<!-- \/ Yoast SEO plugin. -->","yoast_head_json":{"title":"5 SI\u00c8CLES D'HISTOIRE","description":"Mysterious Mount Tokaj...seen from above, it rises above the autumn mists, its slopes gleaming with golden grapevines, and its summit overlooking the vast Hungarian plain into the distant southern horizon. In fine weather, you can even see Slovakia and Ukraine.","robots":{"index":"index","follow":"follow","max-snippet":"max-snippet:-1","max-image-preview":"max-image-preview:large","max-video-preview":"max-video-preview:-1"},"canonical":"https:\/\/tokajhetszolo.com\/fr\/history\/","og_locale":"fr_FR","og_type":"article","og_title":"5 CENTURIES OF HISTORY","og_description":"Mysterious Mount Tokaj...seen from above, it rises above the autumn mists, its slopes gleaming with golden grapevines, and its summit overlooking the vast Hungarian plain into the distant southern horizon. In fine weather, you can even see Slovakia and Ukraine.","og_url":"https:\/\/tokajhetszolo.com\/fr\/history\/","og_site_name":"Tokaj","article_modified_time":"2022-08-10T14:07:07+00:00","twitter_card":"summary_large_image","schema":{"@context":"https:\/\/schema.org","@graph":[{"@type":"WebPage","@id":"https:\/\/tokajhetszolo.com\/history\/","url":"https:\/\/tokajhetszolo.com\/history\/","name":"5 SI\u00c8CLES D'HISTOIRE","isPartOf":{"@id":"https:\/\/tokajhetszolo.com\/#website"},"datePublished":"2020-12-11T15:05:10+00:00","dateModified":"2022-08-10T14:07:07+00:00","description":"Mysterious Mount Tokaj...seen from above, it rises above the autumn mists, its slopes gleaming with golden grapevines, and its summit overlooking the vast Hungarian plain into the distant southern horizon. In fine weather, you can even see Slovakia and Ukraine.","breadcrumb":{"@id":"https:\/\/tokajhetszolo.com\/history\/#breadcrumb"},"inLanguage":"fr-FR","potentialAction":[{"@type":"ReadAction","target":["https:\/\/tokajhetszolo.com\/history\/"]}]},{"@type":"BreadcrumbList","@id":"https:\/\/tokajhetszolo.com\/history\/#breadcrumb","itemListElement":[{"@type":"ListItem","position":1,"name":"Home","item":"https:\/\/tokajhetszolo.com\/"},{"@type":"ListItem","position":2,"name":"History"}]},{"@type":"WebSite","@id":"https:\/\/tokajhetszolo.com\/#website","url":"https:\/\/tokajhetszolo.com\/","name":"Tokaj","description":"A Taste full of Secrets","publisher":{"@id":"https:\/\/tokajhetszolo.com\/#organization"},"potentialAction":[{"@type":"SearchAction","target":{"@type":"EntryPoint","urlTemplate":"https:\/\/tokajhetszolo.com\/?s={search_term_string}"},"query-input":{"@type":"PropertyValueSpecification","valueRequired":true,"valueName":"search_term_string"}}],"inLanguage":"fr-FR"},{"@type":"Organization","@id":"https:\/\/tokajhetszolo.com\/#organization","name":"Tokaj","url":"https:\/\/tokajhetszolo.com\/","logo":{"@type":"ImageObject","inLanguage":"fr-FR","@id":"https:\/\/tokajhetszolo.com\/#\/schema\/logo\/image\/","url":"https:\/\/tokajhetszolo.com\/wp-content\/uploads\/2020\/12\/Logo-Hetszolo_Organic_White-2.png","contentUrl":"https:\/\/tokajhetszolo.com\/wp-content\/uploads\/2020\/12\/Logo-Hetszolo_Organic_White-2.png","width":600,"height":371,"caption":"Tokaj"},"image":{"@id":"https:\/\/tokajhetszolo.com\/#\/schema\/logo\/image\/"}}]}},"_links":{"self":[{"href":"https:\/\/tokajhetszolo.com\/fr\/wp-json\/wp\/v2\/pages\/108","targetHints":{"allow":["GET"]}}],"collection":[{"href":"https:\/\/tokajhetszolo.com\/fr\/wp-json\/wp\/v2\/pages"}],"about":[{"href":"https:\/\/tokajhetszolo.com\/fr\/wp-json\/wp\/v2\/types\/page"}],"author":[{"embeddable":true,"href":"https:\/\/tokajhetszolo.com\/fr\/wp-json\/wp\/v2\/users\/1"}],"replies":[{"embeddable":true,"href":"https:\/\/tokajhetszolo.com\/fr\/wp-json\/wp\/v2\/comments?post=108"}],"version-history":[{"count":78,"href":"https:\/\/tokajhetszolo.com\/fr\/wp-json\/wp\/v2\/pages\/108\/revisions"}],"predecessor-version":[{"id":2576,"href":"https:\/\/tokajhetszolo.com\/fr\/wp-json\/wp\/v2\/pages\/108\/revisions\/2576"}],"wp:attachment":[{"href":"https:\/\/tokajhetszolo.com\/fr\/wp-json\/wp\/v2\/media?parent=108"}],"curies":[{"name":"wp","href":"https:\/\/api.w.org\/{rel}","templated":true}]}}