{"id":535,"date":"2020-12-18T14:39:27","date_gmt":"2020-12-18T14:39:27","guid":{"rendered":"https:\/\/tokajhetszolo.com\/?post_type=product&#038;p=535"},"modified":"2024-04-25T08:47:53","modified_gmt":"2024-04-25T08:47:53","slug":"aszu-5-puttonyos-1er-cru-hetszolo","status":"publish","type":"product","link":"https:\/\/tokajhetszolo.com\/de\/produkt\/aszu-5-puttonyos-1er-cru-hetszolo\/","title":{"rendered":"Asz\u00fa 5 Puttonyos 1er Cru H\u00e9tsz\u0151l\u0151 2013"},"content":{"rendered":"<p>The H\u00e9tsz\u0151l\u0151 singe vineyard was classified in 1772 as premier cru. This was the world\u2019s first vineyard classification. Shiny golden color, rich and oily texture. Fresh complex nose with apricots, citrus and some cantaloupe. Rich, full bodied palate with dried fruits, followed by a hint of orange peel and vanilla.<\/p>","protected":false},"excerpt":{"rendered":"<p>The H\u00e9tsz\u0151l\u0151 singe vineyard was classified in 1772 as premier cru. This was the world\u2019s first vineyard classification. Shiny golden color, rich and oily texture&#8230;.<\/p>","protected":false},"featured_media":1524,"template":"","meta":[],"product_brand":[],"product_cat":[18],"product_tag":[],"event_cat":[],"class_list":{"0":"post-535","1":"product","2":"type-product","3":"status-publish","4":"has-post-thumbnail","6":"product_cat-botrytised-sweet","8":"first","9":"instock","10":"taxable","11":"shipping-taxable","12":"purchasable","13":"product-type-simple"},"acf":[],"yoast_head":"<!-- This site is optimized with the Yoast SEO plugin v27.4 - https:\/\/yoast.com\/product\/yoast-seo-wordpress\/ -->\n<title>Asz\u00fa 5 Puttonyos 1er Cru H\u00e9tsz\u0151l\u0151 2013 - Tokaj<\/title>\n<meta name=\"robots\" content=\"index, follow, max-snippet:-1, max-image-preview:large, max-video-preview:-1\" \/>\n<link rel=\"canonical\" href=\"https:\/\/tokajhetszolo.com\/de\/produkt\/aszu-5-puttonyos-1er-cru-hetszolo\/\" \/>\n<meta property=\"og:locale\" content=\"de_DE\" \/>\n<meta property=\"og:type\" content=\"article\" \/>\n<meta property=\"og:title\" content=\"Asz\u00fa 5 Puttonyos 1er Cru H\u00e9tsz\u0151l\u0151 2013 - Tokaj\" \/>\n<meta property=\"og:description\" content=\"The H\u00e9tsz\u0151l\u0151 singe vineyard was classified in 1772 as premier cru. This was the world\u2019s first vineyard classification. Shiny golden color, rich and oily texture....\" \/>\n<meta property=\"og:url\" content=\"https:\/\/tokajhetszolo.com\/de\/produkt\/aszu-5-puttonyos-1er-cru-hetszolo\/\" \/>\n<meta property=\"og:site_name\" content=\"Tokaj\" \/>\n<meta property=\"article:modified_time\" content=\"2024-04-25T08:47:53+00:00\" \/>\n<meta property=\"og:image\" content=\"https:\/\/tokajhetszolo.com\/wp-content\/uploads\/2020\/12\/2013-5p-aszu-hetszolo-sv-tokaj-he\u0301tszolo.png\" \/>\n\t<meta property=\"og:image:width\" content=\"651\" \/>\n\t<meta property=\"og:image:height\" content=\"2000\" \/>\n\t<meta property=\"og:image:type\" content=\"image\/png\" \/>\n<meta name=\"twitter:card\" content=\"summary_large_image\" \/>\n<meta name=\"twitter:label1\" content=\"Gesch\u00e4tzte Lesezeit\" \/>\n\t<meta name=\"twitter:data1\" content=\"1\u00a0Minute\" \/>\n<script type=\"application\/ld+json\" class=\"yoast-schema-graph\">{\"@context\":\"https:\\\/\\\/schema.org\",\"@graph\":[{\"@type\":\"WebPage\",\"@id\":\"https:\\\/\\\/tokajhetszolo.com\\\/product\\\/aszu-5-puttonyos-1er-cru-hetszolo\\\/\",\"url\":\"https:\\\/\\\/tokajhetszolo.com\\\/product\\\/aszu-5-puttonyos-1er-cru-hetszolo\\\/\",\"name\":\"Asz\u00fa 5 Puttonyos 1er Cru H\u00e9tsz\u0151l\u0151 2013 - Tokaj\",\"isPartOf\":{\"@id\":\"https:\\\/\\\/tokajhetszolo.com\\\/#website\"},\"primaryImageOfPage\":{\"@id\":\"https:\\\/\\\/tokajhetszolo.com\\\/product\\\/aszu-5-puttonyos-1er-cru-hetszolo\\\/#primaryimage\"},\"image\":{\"@id\":\"https:\\\/\\\/tokajhetszolo.com\\\/product\\\/aszu-5-puttonyos-1er-cru-hetszolo\\\/#primaryimage\"},\"thumbnailUrl\":\"https:\\\/\\\/tokajhetszolo.com\\\/wp-content\\\/uploads\\\/2020\\\/12\\\/2013-5p-aszu-hetszolo-sv-tokaj-he\u0301tszolo.png\",\"datePublished\":\"2020-12-18T14:39:27+00:00\",\"dateModified\":\"2024-04-25T08:47:53+00:00\",\"breadcrumb\":{\"@id\":\"https:\\\/\\\/tokajhetszolo.com\\\/product\\\/aszu-5-puttonyos-1er-cru-hetszolo\\\/#breadcrumb\"},\"inLanguage\":\"de\",\"potentialAction\":[{\"@type\":\"ReadAction\",\"target\":[\"https:\\\/\\\/tokajhetszolo.com\\\/product\\\/aszu-5-puttonyos-1er-cru-hetszolo\\\/\"]}]},{\"@type\":\"ImageObject\",\"inLanguage\":\"de\",\"@id\":\"https:\\\/\\\/tokajhetszolo.com\\\/product\\\/aszu-5-puttonyos-1er-cru-hetszolo\\\/#primaryimage\",\"url\":\"https:\\\/\\\/tokajhetszolo.com\\\/wp-content\\\/uploads\\\/2020\\\/12\\\/2013-5p-aszu-hetszolo-sv-tokaj-he\u0301tszolo.png\",\"contentUrl\":\"https:\\\/\\\/tokajhetszolo.com\\\/wp-content\\\/uploads\\\/2020\\\/12\\\/2013-5p-aszu-hetszolo-sv-tokaj-he\u0301tszolo.png\",\"width\":651,\"height\":2000},{\"@type\":\"BreadcrumbList\",\"@id\":\"https:\\\/\\\/tokajhetszolo.com\\\/product\\\/aszu-5-puttonyos-1er-cru-hetszolo\\\/#breadcrumb\",\"itemListElement\":[{\"@type\":\"ListItem\",\"position\":1,\"name\":\"Home\",\"item\":\"https:\\\/\\\/tokajhetszolo.com\\\/\"},{\"@type\":\"ListItem\",\"position\":2,\"name\":\"Wine shop\",\"item\":\"https:\\\/\\\/tokajhetszolo.com\\\/wine-shop\\\/\"},{\"@type\":\"ListItem\",\"position\":3,\"name\":\"Asz\u00fa 5 Puttonyos 1er Cru H\u00e9tsz\u0151l\u0151 2013\"}]},{\"@type\":\"WebSite\",\"@id\":\"https:\\\/\\\/tokajhetszolo.com\\\/#website\",\"url\":\"https:\\\/\\\/tokajhetszolo.com\\\/\",\"name\":\"Tokaj\",\"description\":\"A Taste full of Secrets\",\"publisher\":{\"@id\":\"https:\\\/\\\/tokajhetszolo.com\\\/#organization\"},\"potentialAction\":[{\"@type\":\"SearchAction\",\"target\":{\"@type\":\"EntryPoint\",\"urlTemplate\":\"https:\\\/\\\/tokajhetszolo.com\\\/?s={search_term_string}\"},\"query-input\":{\"@type\":\"PropertyValueSpecification\",\"valueRequired\":true,\"valueName\":\"search_term_string\"}}],\"inLanguage\":\"de\"},{\"@type\":\"Organization\",\"@id\":\"https:\\\/\\\/tokajhetszolo.com\\\/#organization\",\"name\":\"Tokaj\",\"url\":\"https:\\\/\\\/tokajhetszolo.com\\\/\",\"logo\":{\"@type\":\"ImageObject\",\"inLanguage\":\"de\",\"@id\":\"https:\\\/\\\/tokajhetszolo.com\\\/#\\\/schema\\\/logo\\\/image\\\/\",\"url\":\"https:\\\/\\\/tokajhetszolo.com\\\/wp-content\\\/uploads\\\/2020\\\/12\\\/Logo-Hetszolo_Organic_White-2.png\",\"contentUrl\":\"https:\\\/\\\/tokajhetszolo.com\\\/wp-content\\\/uploads\\\/2020\\\/12\\\/Logo-Hetszolo_Organic_White-2.png\",\"width\":600,\"height\":371,\"caption\":\"Tokaj\"},\"image\":{\"@id\":\"https:\\\/\\\/tokajhetszolo.com\\\/#\\\/schema\\\/logo\\\/image\\\/\"}}]}<\/script>\n<!-- \/ Yoast SEO plugin. -->","yoast_head_json":{"title":"Asz\u00fa 5 Puttonyos 1er Cru H\u00e9tsz\u0151l\u0151 2013 - Tokaj","robots":{"index":"index","follow":"follow","max-snippet":"max-snippet:-1","max-image-preview":"max-image-preview:large","max-video-preview":"max-video-preview:-1"},"canonical":"https:\/\/tokajhetszolo.com\/de\/produkt\/aszu-5-puttonyos-1er-cru-hetszolo\/","og_locale":"de_DE","og_type":"article","og_title":"Asz\u00fa 5 Puttonyos 1er Cru H\u00e9tsz\u0151l\u0151 2013 - Tokaj","og_description":"The H\u00e9tsz\u0151l\u0151 singe vineyard was classified in 1772 as premier cru. This was the world\u2019s first vineyard classification. Shiny golden color, rich and oily texture....","og_url":"https:\/\/tokajhetszolo.com\/de\/produkt\/aszu-5-puttonyos-1er-cru-hetszolo\/","og_site_name":"Tokaj","article_modified_time":"2024-04-25T08:47:53+00:00","og_image":[{"width":651,"height":2000,"url":"https:\/\/tokajhetszolo.com\/wp-content\/uploads\/2020\/12\/2013-5p-aszu-hetszolo-sv-tokaj-he\u0301tszolo.png","type":"image\/png"}],"twitter_card":"summary_large_image","twitter_misc":{"Gesch\u00e4tzte Lesezeit":"1\u00a0Minute"},"schema":{"@context":"https:\/\/schema.org","@graph":[{"@type":"WebPage","@id":"https:\/\/tokajhetszolo.com\/product\/aszu-5-puttonyos-1er-cru-hetszolo\/","url":"https:\/\/tokajhetszolo.com\/product\/aszu-5-puttonyos-1er-cru-hetszolo\/","name":"Asz\u00fa 5 Puttonyos 1er Cru H\u00e9tsz\u0151l\u0151 2013 - Tokaj","isPartOf":{"@id":"https:\/\/tokajhetszolo.com\/#website"},"primaryImageOfPage":{"@id":"https:\/\/tokajhetszolo.com\/product\/aszu-5-puttonyos-1er-cru-hetszolo\/#primaryimage"},"image":{"@id":"https:\/\/tokajhetszolo.com\/product\/aszu-5-puttonyos-1er-cru-hetszolo\/#primaryimage"},"thumbnailUrl":"https:\/\/tokajhetszolo.com\/wp-content\/uploads\/2020\/12\/2013-5p-aszu-hetszolo-sv-tokaj-he\u0301tszolo.png","datePublished":"2020-12-18T14:39:27+00:00","dateModified":"2024-04-25T08:47:53+00:00","breadcrumb":{"@id":"https:\/\/tokajhetszolo.com\/product\/aszu-5-puttonyos-1er-cru-hetszolo\/#breadcrumb"},"inLanguage":"de","potentialAction":[{"@type":"ReadAction","target":["https:\/\/tokajhetszolo.com\/product\/aszu-5-puttonyos-1er-cru-hetszolo\/"]}]},{"@type":"ImageObject","inLanguage":"de","@id":"https:\/\/tokajhetszolo.com\/product\/aszu-5-puttonyos-1er-cru-hetszolo\/#primaryimage","url":"https:\/\/tokajhetszolo.com\/wp-content\/uploads\/2020\/12\/2013-5p-aszu-hetszolo-sv-tokaj-he\u0301tszolo.png","contentUrl":"https:\/\/tokajhetszolo.com\/wp-content\/uploads\/2020\/12\/2013-5p-aszu-hetszolo-sv-tokaj-he\u0301tszolo.png","width":651,"height":2000},{"@type":"BreadcrumbList","@id":"https:\/\/tokajhetszolo.com\/product\/aszu-5-puttonyos-1er-cru-hetszolo\/#breadcrumb","itemListElement":[{"@type":"ListItem","position":1,"name":"Home","item":"https:\/\/tokajhetszolo.com\/"},{"@type":"ListItem","position":2,"name":"Wine shop","item":"https:\/\/tokajhetszolo.com\/wine-shop\/"},{"@type":"ListItem","position":3,"name":"Asz\u00fa 5 Puttonyos 1er Cru H\u00e9tsz\u0151l\u0151 2013"}]},{"@type":"WebSite","@id":"https:\/\/tokajhetszolo.com\/#website","url":"https:\/\/tokajhetszolo.com\/","name":"Tokaj","description":"A Taste full of Secrets","publisher":{"@id":"https:\/\/tokajhetszolo.com\/#organization"},"potentialAction":[{"@type":"SearchAction","target":{"@type":"EntryPoint","urlTemplate":"https:\/\/tokajhetszolo.com\/?s={search_term_string}"},"query-input":{"@type":"PropertyValueSpecification","valueRequired":true,"valueName":"search_term_string"}}],"inLanguage":"de"},{"@type":"Organization","@id":"https:\/\/tokajhetszolo.com\/#organization","name":"Tokaj","url":"https:\/\/tokajhetszolo.com\/","logo":{"@type":"ImageObject","inLanguage":"de","@id":"https:\/\/tokajhetszolo.com\/#\/schema\/logo\/image\/","url":"https:\/\/tokajhetszolo.com\/wp-content\/uploads\/2020\/12\/Logo-Hetszolo_Organic_White-2.png","contentUrl":"https:\/\/tokajhetszolo.com\/wp-content\/uploads\/2020\/12\/Logo-Hetszolo_Organic_White-2.png","width":600,"height":371,"caption":"Tokaj"},"image":{"@id":"https:\/\/tokajhetszolo.com\/#\/schema\/logo\/image\/"}}]}},"_links":{"self":[{"href":"https:\/\/tokajhetszolo.com\/de\/wp-json\/wp\/v2\/product\/535","targetHints":{"allow":["GET"]}}],"collection":[{"href":"https:\/\/tokajhetszolo.com\/de\/wp-json\/wp\/v2\/product"}],"about":[{"href":"https:\/\/tokajhetszolo.com\/de\/wp-json\/wp\/v2\/types\/product"}],"wp:featuredmedia":[{"embeddable":true,"href":"https:\/\/tokajhetszolo.com\/de\/wp-json\/wp\/v2\/media\/1524"}],"wp:attachment":[{"href":"https:\/\/tokajhetszolo.com\/de\/wp-json\/wp\/v2\/media?parent=535"}],"wp:term":[{"taxonomy":"product_brand","embeddable":true,"href":"https:\/\/tokajhetszolo.com\/de\/wp-json\/wp\/v2\/product_brand?post=535"},{"taxonomy":"product_cat","embeddable":true,"href":"https:\/\/tokajhetszolo.com\/de\/wp-json\/wp\/v2\/product_cat?post=535"},{"taxonomy":"product_tag","embeddable":true,"href":"https:\/\/tokajhetszolo.com\/de\/wp-json\/wp\/v2\/product_tag?post=535"},{"taxonomy":"event_cat","embeddable":true,"href":"https:\/\/tokajhetszolo.com\/de\/wp-json\/wp\/v2\/event_cat?post=535"}],"curies":[{"name":"wp","href":"https:\/\/api.w.org\/{rel}","templated":true}]}}