{"id":521,"date":"2020-12-18T11:47:27","date_gmt":"2020-12-18T11:47:27","guid":{"rendered":"https:\/\/tokajhetszolo.com\/?post_type=product&#038;p=521"},"modified":"2025-09-03T07:03:43","modified_gmt":"2025-09-03T07:03:43","slug":"harslevelu-dry-selection","status":"publish","type":"product","link":"https:\/\/tokajhetszolo.com\/de\/produkt\/harslevelu-dry-selection\/","title":{"rendered":"H\u00e1rslevel\u0171 Dry Selection 2022"},"content":{"rendered":"<p>Quickly becoming a favorite of dry wine lovers, this h\u00e1rs has aromas of pear and lemongrass, and lavender. Aged in the barrel for 7 months adds a light toasted flavor<\/p>","protected":false},"excerpt":{"rendered":"<p>Quickly becoming a favorite of dry wine lovers, this h\u00e1rs has aromas of pear and lemongrass, and lavender. Aged in the barrel for 7 months&#8230;<\/p>","protected":false},"featured_media":1515,"template":"","meta":[],"product_brand":[],"product_cat":[17],"product_tag":[],"event_cat":[],"class_list":{"0":"post-521","1":"product","2":"type-product","3":"status-publish","4":"has-post-thumbnail","6":"product_cat-dry","8":"first","9":"outofstock","10":"taxable","11":"shipping-taxable","12":"purchasable","13":"product-type-simple"},"acf":[],"yoast_head":"<!-- This site is optimized with the Yoast SEO plugin v27.4 - https:\/\/yoast.com\/product\/yoast-seo-wordpress\/ -->\n<title>H\u00e1rslevel\u0171 Dry Selection 2022 - Tokaj<\/title>\n<meta name=\"robots\" content=\"index, follow, max-snippet:-1, max-image-preview:large, max-video-preview:-1\" \/>\n<link rel=\"canonical\" href=\"https:\/\/tokajhetszolo.com\/de\/produkt\/harslevelu-dry-selection\/\" \/>\n<meta property=\"og:locale\" content=\"de_DE\" \/>\n<meta property=\"og:type\" content=\"article\" \/>\n<meta property=\"og:title\" content=\"H\u00e1rslevel\u0171 Dry Selection 2022 - Tokaj\" \/>\n<meta property=\"og:description\" content=\"Quickly becoming a favorite of dry wine lovers, this h\u00e1rs has aromas of pear and lemongrass, and lavender. Aged in the barrel for 7 months...\" \/>\n<meta property=\"og:url\" content=\"https:\/\/tokajhetszolo.com\/de\/produkt\/harslevelu-dry-selection\/\" \/>\n<meta property=\"og:site_name\" content=\"Tokaj\" \/>\n<meta property=\"article:modified_time\" content=\"2025-09-03T07:03:43+00:00\" \/>\n<meta property=\"og:image\" content=\"https:\/\/tokajhetszolo.com\/wp-content\/uploads\/2020\/12\/harslevelu-dry-selection.png\" \/>\n\t<meta property=\"og:image:width\" content=\"651\" \/>\n\t<meta property=\"og:image:height\" content=\"2000\" \/>\n\t<meta property=\"og:image:type\" content=\"image\/png\" \/>\n<meta name=\"twitter:card\" content=\"summary_large_image\" \/>\n<meta name=\"twitter:label1\" content=\"Gesch\u00e4tzte Lesezeit\" \/>\n\t<meta name=\"twitter:data1\" content=\"1\u00a0Minute\" \/>\n<script type=\"application\/ld+json\" class=\"yoast-schema-graph\">{\"@context\":\"https:\\\/\\\/schema.org\",\"@graph\":[{\"@type\":\"WebPage\",\"@id\":\"https:\\\/\\\/tokajhetszolo.com\\\/product\\\/harslevelu-dry-selection\\\/\",\"url\":\"https:\\\/\\\/tokajhetszolo.com\\\/product\\\/harslevelu-dry-selection\\\/\",\"name\":\"H\u00e1rslevel\u0171 Dry Selection 2022 - Tokaj\",\"isPartOf\":{\"@id\":\"https:\\\/\\\/tokajhetszolo.com\\\/#website\"},\"primaryImageOfPage\":{\"@id\":\"https:\\\/\\\/tokajhetszolo.com\\\/product\\\/harslevelu-dry-selection\\\/#primaryimage\"},\"image\":{\"@id\":\"https:\\\/\\\/tokajhetszolo.com\\\/product\\\/harslevelu-dry-selection\\\/#primaryimage\"},\"thumbnailUrl\":\"https:\\\/\\\/tokajhetszolo.com\\\/wp-content\\\/uploads\\\/2020\\\/12\\\/harslevelu-dry-selection.png\",\"datePublished\":\"2020-12-18T11:47:27+00:00\",\"dateModified\":\"2025-09-03T07:03:43+00:00\",\"breadcrumb\":{\"@id\":\"https:\\\/\\\/tokajhetszolo.com\\\/product\\\/harslevelu-dry-selection\\\/#breadcrumb\"},\"inLanguage\":\"de\",\"potentialAction\":[{\"@type\":\"ReadAction\",\"target\":[\"https:\\\/\\\/tokajhetszolo.com\\\/product\\\/harslevelu-dry-selection\\\/\"]}]},{\"@type\":\"ImageObject\",\"inLanguage\":\"de\",\"@id\":\"https:\\\/\\\/tokajhetszolo.com\\\/product\\\/harslevelu-dry-selection\\\/#primaryimage\",\"url\":\"https:\\\/\\\/tokajhetszolo.com\\\/wp-content\\\/uploads\\\/2020\\\/12\\\/harslevelu-dry-selection.png\",\"contentUrl\":\"https:\\\/\\\/tokajhetszolo.com\\\/wp-content\\\/uploads\\\/2020\\\/12\\\/harslevelu-dry-selection.png\",\"width\":651,\"height\":2000},{\"@type\":\"BreadcrumbList\",\"@id\":\"https:\\\/\\\/tokajhetszolo.com\\\/product\\\/harslevelu-dry-selection\\\/#breadcrumb\",\"itemListElement\":[{\"@type\":\"ListItem\",\"position\":1,\"name\":\"Home\",\"item\":\"https:\\\/\\\/tokajhetszolo.com\\\/\"},{\"@type\":\"ListItem\",\"position\":2,\"name\":\"Wine shop\",\"item\":\"https:\\\/\\\/tokajhetszolo.com\\\/wine-shop\\\/\"},{\"@type\":\"ListItem\",\"position\":3,\"name\":\"H\u00e1rslevel\u0171 Dry Selection 2022\"}]},{\"@type\":\"WebSite\",\"@id\":\"https:\\\/\\\/tokajhetszolo.com\\\/#website\",\"url\":\"https:\\\/\\\/tokajhetszolo.com\\\/\",\"name\":\"Tokaj\",\"description\":\"A Taste full of Secrets\",\"publisher\":{\"@id\":\"https:\\\/\\\/tokajhetszolo.com\\\/#organization\"},\"potentialAction\":[{\"@type\":\"SearchAction\",\"target\":{\"@type\":\"EntryPoint\",\"urlTemplate\":\"https:\\\/\\\/tokajhetszolo.com\\\/?s={search_term_string}\"},\"query-input\":{\"@type\":\"PropertyValueSpecification\",\"valueRequired\":true,\"valueName\":\"search_term_string\"}}],\"inLanguage\":\"de\"},{\"@type\":\"Organization\",\"@id\":\"https:\\\/\\\/tokajhetszolo.com\\\/#organization\",\"name\":\"Tokaj\",\"url\":\"https:\\\/\\\/tokajhetszolo.com\\\/\",\"logo\":{\"@type\":\"ImageObject\",\"inLanguage\":\"de\",\"@id\":\"https:\\\/\\\/tokajhetszolo.com\\\/#\\\/schema\\\/logo\\\/image\\\/\",\"url\":\"https:\\\/\\\/tokajhetszolo.com\\\/wp-content\\\/uploads\\\/2020\\\/12\\\/Logo-Hetszolo_Organic_White-2.png\",\"contentUrl\":\"https:\\\/\\\/tokajhetszolo.com\\\/wp-content\\\/uploads\\\/2020\\\/12\\\/Logo-Hetszolo_Organic_White-2.png\",\"width\":600,\"height\":371,\"caption\":\"Tokaj\"},\"image\":{\"@id\":\"https:\\\/\\\/tokajhetszolo.com\\\/#\\\/schema\\\/logo\\\/image\\\/\"}}]}<\/script>\n<!-- \/ Yoast SEO plugin. -->","yoast_head_json":{"title":"H\u00e1rslevel\u0171 Dry Selection 2022 - Tokaj","robots":{"index":"index","follow":"follow","max-snippet":"max-snippet:-1","max-image-preview":"max-image-preview:large","max-video-preview":"max-video-preview:-1"},"canonical":"https:\/\/tokajhetszolo.com\/de\/produkt\/harslevelu-dry-selection\/","og_locale":"de_DE","og_type":"article","og_title":"H\u00e1rslevel\u0171 Dry Selection 2022 - Tokaj","og_description":"Quickly becoming a favorite of dry wine lovers, this h\u00e1rs has aromas of pear and lemongrass, and lavender. Aged in the barrel for 7 months...","og_url":"https:\/\/tokajhetszolo.com\/de\/produkt\/harslevelu-dry-selection\/","og_site_name":"Tokaj","article_modified_time":"2025-09-03T07:03:43+00:00","og_image":[{"width":651,"height":2000,"url":"https:\/\/tokajhetszolo.com\/wp-content\/uploads\/2020\/12\/harslevelu-dry-selection.png","type":"image\/png"}],"twitter_card":"summary_large_image","twitter_misc":{"Gesch\u00e4tzte Lesezeit":"1\u00a0Minute"},"schema":{"@context":"https:\/\/schema.org","@graph":[{"@type":"WebPage","@id":"https:\/\/tokajhetszolo.com\/product\/harslevelu-dry-selection\/","url":"https:\/\/tokajhetszolo.com\/product\/harslevelu-dry-selection\/","name":"H\u00e1rslevel\u0171 Dry Selection 2022 - Tokaj","isPartOf":{"@id":"https:\/\/tokajhetszolo.com\/#website"},"primaryImageOfPage":{"@id":"https:\/\/tokajhetszolo.com\/product\/harslevelu-dry-selection\/#primaryimage"},"image":{"@id":"https:\/\/tokajhetszolo.com\/product\/harslevelu-dry-selection\/#primaryimage"},"thumbnailUrl":"https:\/\/tokajhetszolo.com\/wp-content\/uploads\/2020\/12\/harslevelu-dry-selection.png","datePublished":"2020-12-18T11:47:27+00:00","dateModified":"2025-09-03T07:03:43+00:00","breadcrumb":{"@id":"https:\/\/tokajhetszolo.com\/product\/harslevelu-dry-selection\/#breadcrumb"},"inLanguage":"de","potentialAction":[{"@type":"ReadAction","target":["https:\/\/tokajhetszolo.com\/product\/harslevelu-dry-selection\/"]}]},{"@type":"ImageObject","inLanguage":"de","@id":"https:\/\/tokajhetszolo.com\/product\/harslevelu-dry-selection\/#primaryimage","url":"https:\/\/tokajhetszolo.com\/wp-content\/uploads\/2020\/12\/harslevelu-dry-selection.png","contentUrl":"https:\/\/tokajhetszolo.com\/wp-content\/uploads\/2020\/12\/harslevelu-dry-selection.png","width":651,"height":2000},{"@type":"BreadcrumbList","@id":"https:\/\/tokajhetszolo.com\/product\/harslevelu-dry-selection\/#breadcrumb","itemListElement":[{"@type":"ListItem","position":1,"name":"Home","item":"https:\/\/tokajhetszolo.com\/"},{"@type":"ListItem","position":2,"name":"Wine shop","item":"https:\/\/tokajhetszolo.com\/wine-shop\/"},{"@type":"ListItem","position":3,"name":"H\u00e1rslevel\u0171 Dry Selection 2022"}]},{"@type":"WebSite","@id":"https:\/\/tokajhetszolo.com\/#website","url":"https:\/\/tokajhetszolo.com\/","name":"Tokaj","description":"A Taste full of Secrets","publisher":{"@id":"https:\/\/tokajhetszolo.com\/#organization"},"potentialAction":[{"@type":"SearchAction","target":{"@type":"EntryPoint","urlTemplate":"https:\/\/tokajhetszolo.com\/?s={search_term_string}"},"query-input":{"@type":"PropertyValueSpecification","valueRequired":true,"valueName":"search_term_string"}}],"inLanguage":"de"},{"@type":"Organization","@id":"https:\/\/tokajhetszolo.com\/#organization","name":"Tokaj","url":"https:\/\/tokajhetszolo.com\/","logo":{"@type":"ImageObject","inLanguage":"de","@id":"https:\/\/tokajhetszolo.com\/#\/schema\/logo\/image\/","url":"https:\/\/tokajhetszolo.com\/wp-content\/uploads\/2020\/12\/Logo-Hetszolo_Organic_White-2.png","contentUrl":"https:\/\/tokajhetszolo.com\/wp-content\/uploads\/2020\/12\/Logo-Hetszolo_Organic_White-2.png","width":600,"height":371,"caption":"Tokaj"},"image":{"@id":"https:\/\/tokajhetszolo.com\/#\/schema\/logo\/image\/"}}]}},"_links":{"self":[{"href":"https:\/\/tokajhetszolo.com\/de\/wp-json\/wp\/v2\/product\/521","targetHints":{"allow":["GET"]}}],"collection":[{"href":"https:\/\/tokajhetszolo.com\/de\/wp-json\/wp\/v2\/product"}],"about":[{"href":"https:\/\/tokajhetszolo.com\/de\/wp-json\/wp\/v2\/types\/product"}],"wp:featuredmedia":[{"embeddable":true,"href":"https:\/\/tokajhetszolo.com\/de\/wp-json\/wp\/v2\/media\/1515"}],"wp:attachment":[{"href":"https:\/\/tokajhetszolo.com\/de\/wp-json\/wp\/v2\/media?parent=521"}],"wp:term":[{"taxonomy":"product_brand","embeddable":true,"href":"https:\/\/tokajhetszolo.com\/de\/wp-json\/wp\/v2\/product_brand?post=521"},{"taxonomy":"product_cat","embeddable":true,"href":"https:\/\/tokajhetszolo.com\/de\/wp-json\/wp\/v2\/product_cat?post=521"},{"taxonomy":"product_tag","embeddable":true,"href":"https:\/\/tokajhetszolo.com\/de\/wp-json\/wp\/v2\/product_tag?post=521"},{"taxonomy":"event_cat","embeddable":true,"href":"https:\/\/tokajhetszolo.com\/de\/wp-json\/wp\/v2\/event_cat?post=521"}],"curies":[{"name":"wp","href":"https:\/\/api.w.org\/{rel}","templated":true}]}}