{"id":484,"date":"2020-12-15T13:32:09","date_gmt":"2020-12-15T13:32:09","guid":{"rendered":"https:\/\/tokajhetszolo.com\/?page_id=484"},"modified":"2022-07-25T14:13:05","modified_gmt":"2022-07-25T14:13:05","slug":"films","status":"publish","type":"page","link":"https:\/\/tokajhetszolo.com\/de\/films\/","title":{"rendered":"Films"},"content":{"rendered":"<div class=\"p-0\">\n     <div class=\"banner has-ovrlay bg-image-4 bg-center h-500 bg-fixed\" style=\"background-image: url(https:\/\/tokajhetszolo.com\/wp-content\/uploads\/2022\/07\/Hetszolo-Kofal-Zold-scaled-e1658400041261.jpg);\">\n       <div class=\"caption pto65\" >\n         <div class=\"title-group\">\n                      <h1 class=\"f-70\">Galerie <\/h1>\n         \n         <p class=\"line-mix line-single star-group white\">\n         <\/p>\n\n                    <\/div>\n       <\/div>\n     <\/div>\n   <\/div>\n\n\n <section class=\"section-history\">\r\n   <div class=\"container\">\r\n     <div class=\"row\">\r\n       <div class=\"col-xs-12\">\r\n            <div class=\"title-group m-b-0\">\r\n                    <h2 class=\"color-4b4b4b\">Videos and Panorama 360<\/h2>\r\n                   <p class=\"line-mix star-group line-mix-f line-single\">\r\n\r\n                   <\/p>\r\n\r\n          <\/div>\r\n\r\n     <\/div>\r\n<div class=\"col-xs-12\">\r\n  <span class=\"d-block mt50\"><\/span>\r\n<\/div>\r\n    <div class=\"col-xs-12 col-sm-6\">\r\n    <h2 class=\"text-center text-uppercase min-h-100\">Replanting &#038; Renaissance of H\u00e9tsz\u0151l\u0151 in the 90&#8217;s<\/h2>\r\n    <div class=\"video-warp\">\r\n      <div class=\"video-warp__icon-play\" >\r\n\r\n           <img decoding=\"async\" src=\"https:\/\/tokajhetszolo.com\/wp-content\/themes\/tokaj\/assets\/images\/play-tokaj.svg\" alt=\"\" class=\"w-60\"  >\r\n\r\n      <\/div>\r\n<div class=\"img-placeholder\">\r\n  <a href=\"https:\/\/tokajhetszolo.com\/wp-content\/uploads\/2021\/06\/He\u0301tszo\u030blo\u030b-Telepi\u0301te\u0301s-re\u0301gi-film-megva\u0301gva-Tama\u0301s-nov2018-2.mp4\" data-fancybox>\r\n  <img decoding=\"async\" src=\"https:\/\/tokajhetszolo.com\/wp-content\/uploads\/2021\/06\/image-2.jpeg\" alt=\"Replanting &#038; Renaissance of H\u00e9tsz\u0151l\u0151 in the 90's\" class=\"img-fuid\"><\/a>\r\n    <\/div>\r\n    <\/div>\r\n  <\/div>\r\n    <div class=\"col-xs-12 col-sm-6\">\r\n    <h2 class=\"text-center text-uppercase min-h-100\">H\u00e9tsz\u0151l\u0151 Picnic in the vineyard<\/h2>\r\n    <div class=\"video-warp\">\r\n      <div class=\"video-warp__icon-play\" >\r\n\r\n           <img decoding=\"async\" src=\"https:\/\/tokajhetszolo.com\/wp-content\/themes\/tokaj\/assets\/images\/play-tokaj.svg\" alt=\"\" class=\"w-60\"  >\r\n\r\n      <\/div>\r\n<div class=\"img-placeholder\">\r\n  <a href=\"https:\/\/tokajhetszolo.com\/wp-content\/uploads\/2021\/06\/Ga\u0301bor-dro\u0301n-felve\u0301tel-ma\u0301jus-2017_Tokaj-He\u0301tszo\u030blo\u030b.mp4\" data-fancybox>\r\n  <img decoding=\"async\" src=\"https:\/\/tokajhetszolo.com\/wp-content\/uploads\/2021\/06\/image-1.jpeg\" alt=\"H\u00e9tsz\u0151l\u0151 Picnic in the vineyard\" class=\"img-fuid\"><\/a>\r\n    <\/div>\r\n    <\/div>\r\n  <\/div>\r\n    <div class=\"col-xs-12 col-sm-6\">\r\n    <h2 class=\"text-center text-uppercase min-h-100\">H\u00e9tsz\u0151l\u0151 by drone<\/h2>\r\n    <div class=\"video-warp\">\r\n      <div class=\"video-warp__icon-play\" >\r\n\r\n           <img decoding=\"async\" src=\"https:\/\/tokajhetszolo.com\/wp-content\/themes\/tokaj\/assets\/images\/play-tokaj.svg\" alt=\"\" class=\"w-60\"  >\r\n\r\n      <\/div>\r\n<div class=\"img-placeholder\">\r\n  <a href=\"https:\/\/www.youtube.com\/watch?v=UGFDAqH2Gxk&amp;autoplay=1&amp;rel=0&amp;controls=0&amp;showinfo=0\" data-fancybox>\r\n  <img decoding=\"async\" src=\"https:\/\/tokajhetszolo.com\/wp-content\/uploads\/2021\/04\/DJI00266.jpg\" alt=\"H\u00e9tsz\u0151l\u0151 by drone\" class=\"img-fuid\"><\/a>\r\n    <\/div>\r\n    <\/div>\r\n  <\/div>\r\n    <div class=\"col-xs-12 col-sm-6\">\r\n    <h2 class=\"text-center text-uppercase min-h-100\">R\u00e1k\u00f3czi Cellar 360 panorama<\/h2>\r\n    <div class=\"video-warp\">\r\n      <div class=\"video-warp__icon-play\" >\r\n\r\n           <img decoding=\"async\" src=\"https:\/\/tokajhetszolo.com\/wp-content\/themes\/tokaj\/assets\/images\/play-tokaj.svg\" alt=\"\" class=\"w-60\"  >\r\n\r\n      <\/div>\r\n<div class=\"img-placeholder\">\r\n  <a href=\"https:\/\/guideathand.com\/hu\/panorama\/tokaj-hetszolo-rakoczi-wine-cellar?auto=1&#038;noframe=1\" data-fancybox data-type=\"iframe\" >\r\n  <img decoding=\"async\" src=\"https:\/\/tokajhetszolo.com\/wp-content\/uploads\/2021\/10\/The-historical-meeting-point-of-Tokaji-Rakoczi-Cellar-called-.jpg\" alt=\"R\u00e1k\u00f3czi Cellar 360 panorama\" class=\"img-fuid\"><\/a>\r\n    <\/div>\r\n    <\/div>\r\n  <\/div>\r\n  \r\n   <\/div>\r\n <\/div>\r\n <\/section>\r\n\n\n\n<h2 class=\"gutenberg-heading gutenberg-heading-undefined alignwide has-text-align-center wp-block-heading\" id=\"we-re-a-studio-in-berlin-with-an-international-practice-in-architecture-urban-planning-and-interior-design-we-believe-in-sharing-knowledge-and-promoting-dialogue-to-increase-the-creative-potential-of-collaboration\" style=\"font-size:18px;line-height:1.1\"><strong>Follow us on youtube<\/strong><\/h2>\n\n\n\n<ul class=\"wp-block-social-links has-large-icon-size is-style-logos-only is-content-justification-center is-layout-flex wp-container-core-social-links-is-layout-64b26803 wp-block-social-links-is-layout-flex\"><li class=\"wp-social-link wp-social-link-youtube  wp-block-social-link\"><a href=\"https:\/\/%20%20https:\/\/www.youtube.com\/channel\/UCE4wijx1y0RdhpT244CTopg\" class=\"wp-block-social-link-anchor\"><svg width=\"24\" height=\"24\" viewbox=\"0 0 24 24\" version=\"1.1\" xmlns=\"http:\/\/www.w3.org\/2000\/svg\" aria-hidden=\"true\" focusable=\"false\"><path d=\"M21.8,8.001c0,0-0.195-1.378-0.795-1.985c-0.76-0.797-1.613-0.801-2.004-0.847c-2.799-0.202-6.997-0.202-6.997-0.202 h-0.009c0,0-4.198,0-6.997,0.202C4.608,5.216,3.756,5.22,2.995,6.016C2.395,6.623,2.2,8.001,2.2,8.001S2,9.62,2,11.238v1.517 c0,1.618,0.2,3.237,0.2,3.237s0.195,1.378,0.795,1.985c0.761,0.797,1.76,0.771,2.205,0.855c1.6,0.153,6.8,0.201,6.8,0.201 s4.203-0.006,7.001-0.209c0.391-0.047,1.243-0.051,2.004-0.847c0.6-0.607,0.795-1.985,0.795-1.985s0.2-1.618,0.2-3.237v-1.517 C22,9.62,21.8,8.001,21.8,8.001z M9.935,14.594l-0.001-5.62l5.404,2.82L9.935,14.594z\"><\/path><\/svg><span class=\"wp-block-social-link-label screen-reader-text\">YouTube<\/span><\/a><\/li><\/ul>\n\n\n\n<hr class=\"wp-block-separator is-style-dots\"\/>","protected":false},"excerpt":{"rendered":"<p>Follow us on youtube<\/p>","protected":false},"author":1,"featured_media":0,"parent":0,"menu_order":0,"comment_status":"closed","ping_status":"closed","template":"","meta":{"footnotes":""},"class_list":["post-484","page","type-page","status-publish"],"acf":[],"yoast_head":"<!-- This site is optimized with the Yoast SEO plugin v27.4 - https:\/\/yoast.com\/product\/yoast-seo-wordpress\/ -->\n<title>Films - Tokaj<\/title>\n<meta name=\"robots\" content=\"index, follow, max-snippet:-1, max-image-preview:large, max-video-preview:-1\" \/>\n<link rel=\"canonical\" href=\"https:\/\/tokajhetszolo.com\/de\/films\/\" \/>\n<meta property=\"og:locale\" content=\"de_DE\" \/>\n<meta property=\"og:type\" content=\"article\" \/>\n<meta property=\"og:title\" content=\"Films - Tokaj\" \/>\n<meta property=\"og:description\" content=\"Follow us on youtube\" \/>\n<meta property=\"og:url\" content=\"https:\/\/tokajhetszolo.com\/de\/films\/\" \/>\n<meta property=\"og:site_name\" content=\"Tokaj\" \/>\n<meta property=\"article:modified_time\" content=\"2022-07-25T14:13:05+00:00\" \/>\n<meta name=\"twitter:card\" content=\"summary_large_image\" \/>\n<script type=\"application\/ld+json\" class=\"yoast-schema-graph\">{\"@context\":\"https:\\\/\\\/schema.org\",\"@graph\":[{\"@type\":\"WebPage\",\"@id\":\"https:\\\/\\\/tokajhetszolo.com\\\/films\\\/\",\"url\":\"https:\\\/\\\/tokajhetszolo.com\\\/films\\\/\",\"name\":\"Films - Tokaj\",\"isPartOf\":{\"@id\":\"https:\\\/\\\/tokajhetszolo.com\\\/#website\"},\"datePublished\":\"2020-12-15T13:32:09+00:00\",\"dateModified\":\"2022-07-25T14:13:05+00:00\",\"breadcrumb\":{\"@id\":\"https:\\\/\\\/tokajhetszolo.com\\\/films\\\/#breadcrumb\"},\"inLanguage\":\"de\",\"potentialAction\":[{\"@type\":\"ReadAction\",\"target\":[\"https:\\\/\\\/tokajhetszolo.com\\\/films\\\/\"]}]},{\"@type\":\"BreadcrumbList\",\"@id\":\"https:\\\/\\\/tokajhetszolo.com\\\/films\\\/#breadcrumb\",\"itemListElement\":[{\"@type\":\"ListItem\",\"position\":1,\"name\":\"Home\",\"item\":\"https:\\\/\\\/tokajhetszolo.com\\\/\"},{\"@type\":\"ListItem\",\"position\":2,\"name\":\"Films\"}]},{\"@type\":\"WebSite\",\"@id\":\"https:\\\/\\\/tokajhetszolo.com\\\/#website\",\"url\":\"https:\\\/\\\/tokajhetszolo.com\\\/\",\"name\":\"Tokaj\",\"description\":\"A Taste full of Secrets\",\"publisher\":{\"@id\":\"https:\\\/\\\/tokajhetszolo.com\\\/#organization\"},\"potentialAction\":[{\"@type\":\"SearchAction\",\"target\":{\"@type\":\"EntryPoint\",\"urlTemplate\":\"https:\\\/\\\/tokajhetszolo.com\\\/?s={search_term_string}\"},\"query-input\":{\"@type\":\"PropertyValueSpecification\",\"valueRequired\":true,\"valueName\":\"search_term_string\"}}],\"inLanguage\":\"de\"},{\"@type\":\"Organization\",\"@id\":\"https:\\\/\\\/tokajhetszolo.com\\\/#organization\",\"name\":\"Tokaj\",\"url\":\"https:\\\/\\\/tokajhetszolo.com\\\/\",\"logo\":{\"@type\":\"ImageObject\",\"inLanguage\":\"de\",\"@id\":\"https:\\\/\\\/tokajhetszolo.com\\\/#\\\/schema\\\/logo\\\/image\\\/\",\"url\":\"https:\\\/\\\/tokajhetszolo.com\\\/wp-content\\\/uploads\\\/2020\\\/12\\\/Logo-Hetszolo_Organic_White-2.png\",\"contentUrl\":\"https:\\\/\\\/tokajhetszolo.com\\\/wp-content\\\/uploads\\\/2020\\\/12\\\/Logo-Hetszolo_Organic_White-2.png\",\"width\":600,\"height\":371,\"caption\":\"Tokaj\"},\"image\":{\"@id\":\"https:\\\/\\\/tokajhetszolo.com\\\/#\\\/schema\\\/logo\\\/image\\\/\"}}]}<\/script>\n<!-- \/ Yoast SEO plugin. -->","yoast_head_json":{"title":"Films - Tokaj","robots":{"index":"index","follow":"follow","max-snippet":"max-snippet:-1","max-image-preview":"max-image-preview:large","max-video-preview":"max-video-preview:-1"},"canonical":"https:\/\/tokajhetszolo.com\/de\/films\/","og_locale":"de_DE","og_type":"article","og_title":"Films - Tokaj","og_description":"Follow us on youtube","og_url":"https:\/\/tokajhetszolo.com\/de\/films\/","og_site_name":"Tokaj","article_modified_time":"2022-07-25T14:13:05+00:00","twitter_card":"summary_large_image","schema":{"@context":"https:\/\/schema.org","@graph":[{"@type":"WebPage","@id":"https:\/\/tokajhetszolo.com\/films\/","url":"https:\/\/tokajhetszolo.com\/films\/","name":"Films - Tokaj","isPartOf":{"@id":"https:\/\/tokajhetszolo.com\/#website"},"datePublished":"2020-12-15T13:32:09+00:00","dateModified":"2022-07-25T14:13:05+00:00","breadcrumb":{"@id":"https:\/\/tokajhetszolo.com\/films\/#breadcrumb"},"inLanguage":"de","potentialAction":[{"@type":"ReadAction","target":["https:\/\/tokajhetszolo.com\/films\/"]}]},{"@type":"BreadcrumbList","@id":"https:\/\/tokajhetszolo.com\/films\/#breadcrumb","itemListElement":[{"@type":"ListItem","position":1,"name":"Home","item":"https:\/\/tokajhetszolo.com\/"},{"@type":"ListItem","position":2,"name":"Films"}]},{"@type":"WebSite","@id":"https:\/\/tokajhetszolo.com\/#website","url":"https:\/\/tokajhetszolo.com\/","name":"Tokaj","description":"A Taste full of Secrets","publisher":{"@id":"https:\/\/tokajhetszolo.com\/#organization"},"potentialAction":[{"@type":"SearchAction","target":{"@type":"EntryPoint","urlTemplate":"https:\/\/tokajhetszolo.com\/?s={search_term_string}"},"query-input":{"@type":"PropertyValueSpecification","valueRequired":true,"valueName":"search_term_string"}}],"inLanguage":"de"},{"@type":"Organization","@id":"https:\/\/tokajhetszolo.com\/#organization","name":"Tokaj","url":"https:\/\/tokajhetszolo.com\/","logo":{"@type":"ImageObject","inLanguage":"de","@id":"https:\/\/tokajhetszolo.com\/#\/schema\/logo\/image\/","url":"https:\/\/tokajhetszolo.com\/wp-content\/uploads\/2020\/12\/Logo-Hetszolo_Organic_White-2.png","contentUrl":"https:\/\/tokajhetszolo.com\/wp-content\/uploads\/2020\/12\/Logo-Hetszolo_Organic_White-2.png","width":600,"height":371,"caption":"Tokaj"},"image":{"@id":"https:\/\/tokajhetszolo.com\/#\/schema\/logo\/image\/"}}]}},"_links":{"self":[{"href":"https:\/\/tokajhetszolo.com\/de\/wp-json\/wp\/v2\/pages\/484","targetHints":{"allow":["GET"]}}],"collection":[{"href":"https:\/\/tokajhetszolo.com\/de\/wp-json\/wp\/v2\/pages"}],"about":[{"href":"https:\/\/tokajhetszolo.com\/de\/wp-json\/wp\/v2\/types\/page"}],"author":[{"embeddable":true,"href":"https:\/\/tokajhetszolo.com\/de\/wp-json\/wp\/v2\/users\/1"}],"replies":[{"embeddable":true,"href":"https:\/\/tokajhetszolo.com\/de\/wp-json\/wp\/v2\/comments?post=484"}],"version-history":[{"count":59,"href":"https:\/\/tokajhetszolo.com\/de\/wp-json\/wp\/v2\/pages\/484\/revisions"}],"predecessor-version":[{"id":2410,"href":"https:\/\/tokajhetszolo.com\/de\/wp-json\/wp\/v2\/pages\/484\/revisions\/2410"}],"wp:attachment":[{"href":"https:\/\/tokajhetszolo.com\/de\/wp-json\/wp\/v2\/media?parent=484"}],"curies":[{"name":"wp","href":"https:\/\/api.w.org\/{rel}","templated":true}]}}