{"id":2685,"date":"2022-08-11T14:16:05","date_gmt":"2022-08-11T14:16:05","guid":{"rendered":"https:\/\/tokajhetszolo.com\/?page_id=2685"},"modified":"2022-08-11T14:17:13","modified_gmt":"2022-08-11T14:17:13","slug":"history-of-the-rakoczi-cellar","status":"publish","type":"page","link":"https:\/\/tokajhetszolo.com\/de\/history-of-the-rakoczi-cellar\/","title":{"rendered":"History of the R\u00e1k\u00f3czi Cellar"},"content":{"rendered":"<div data-elementor-type=\"wp-page\" data-elementor-id=\"2685\" class=\"elementor elementor-2685\" data-elementor-post-type=\"page\">\n\t\t\t\t\t\t<section class=\"elementor-section elementor-top-section elementor-element elementor-element-3a88c309 elementor-section-height-min-height elementor-section-boxed elementor-section-height-default elementor-section-items-middle\" data-id=\"3a88c309\" data-element_type=\"section\" data-e-type=\"section\" data-settings=\"{&quot;background_background&quot;:&quot;classic&quot;}\">\n\t\t\t\t\t\t\t<div class=\"elementor-background-overlay\"><\/div>\n\t\t\t\t\t\t\t<div class=\"elementor-container elementor-column-gap-default\">\n\t\t\t\t\t<div class=\"elementor-column elementor-col-100 elementor-top-column elementor-element elementor-element-603f10e0\" data-id=\"603f10e0\" data-element_type=\"column\" data-e-type=\"column\">\n\t\t\t<div class=\"elementor-widget-wrap elementor-element-populated\">\n\t\t\t\t\t\t<div class=\"elementor-element elementor-element-553152af elementor-widget elementor-widget-heading\" data-id=\"553152af\" data-element_type=\"widget\" data-e-type=\"widget\" data-widget_type=\"heading.default\">\n\t\t\t\t<div class=\"elementor-widget-container\">\n\t\t\t\t\t<h2 class=\"elementor-heading-title elementor-size-default\">History of the R\u00e1k\u00f3czi Cellar<\/h2>\t\t\t\t<\/div>\n\t\t\t\t<\/div>\n\t\t\t\t\t<\/div>\n\t\t<\/div>\n\t\t\t\t\t<\/div>\n\t\t<\/section>\n\t\t\t\t<section class=\"elementor-section elementor-top-section elementor-element elementor-element-1aa44eb elementor-section-boxed elementor-section-height-default elementor-section-height-default\" data-id=\"1aa44eb\" data-element_type=\"section\" data-e-type=\"section\" data-settings=\"{&quot;background_background&quot;:&quot;classic&quot;}\">\n\t\t\t\t\t\t<div class=\"elementor-container elementor-column-gap-default\">\n\t\t\t\t\t<div class=\"elementor-column elementor-col-100 elementor-top-column elementor-element elementor-element-01eeb73\" data-id=\"01eeb73\" data-element_type=\"column\" data-e-type=\"column\">\n\t\t\t<div class=\"elementor-widget-wrap elementor-element-populated\">\n\t\t\t\t\t\t<div class=\"elementor-element elementor-element-6505243 elementor-widget elementor-widget-text-editor\" data-id=\"6505243\" data-element_type=\"widget\" data-e-type=\"widget\" data-widget_type=\"text-editor.default\">\n\t\t\t\t<div class=\"elementor-widget-container\">\n\t\t\t\t\t\t\t\t\t<p>Vinum Regum \u2013 Rex Vinorum; or the Wine of Kings \u2013 the King of Wines! Catapulted to world fame by Louis XIV of France, the Sun King, this sentence has probably been uttered hundreds of times in the most famous wine cellar of Tokaj-Hegyalja, the R\u00e1k\u00f3czi Cellar. Throughout its long and glamorous history, the cellar has offered the best wine of the country, the Tokaji Asz\u00fa, to several male members of the princely R\u00e1k\u00f3czi dynasty as well as to Hungarian kings, Transylvanian princes and their high-ranking guests.<\/p><p>\u00a0<\/p><p>The cellar was named after the R\u00e1k\u00f3czi family in remembrance of their rule over the town of Tokaj in the 17th century, when the cellar was first mentioned in writing. Referenced as the &#8220;Palace&#8221;, the complex of buildings occupied a well defendable and operable economic and administrative unit delimited by three streets, ideally located in the core of the medieval town, in the immediate vicinity of the main square. The Arpadian church, adorned first with Gothic elements and then reconstructed in neo-Romanesque style in 1910, also lies within a few steps of the estate. The Palace, comprised of the cellar itself and the manor above it, served as the centre of Tokaj&#8217;s wine trade in the 16th and 17th century, as attested by a number of diplomas and contemporary works of art. It is thus befitting that the cellar has the largest underground knight&#8217;s hall in Tokaj-Hegyalja. With its length of thirty meters, width of ten meters and height of five meters, the hall has a markedly medieval character. As we step in, the past seems to come alive, and the vaults resound with the chiming of golden goblets held high by legendary kings, princes and noblemen.<\/p><p>\u00a0<\/p><p>Indeed, the history of the cellar and the manor goes back to far earlier times than the R\u00e1k\u00f3czi rule. As the Roman Catholic church in the vicinity was built in the 13th century, we can reasonably suppose that the manor and the cellar itself were also built in medieval times, especially its older, narrower and deeper corridors. For example, it has been established that Matthias Corvinus mobilized his army against the Hussites under Tokaj and John Z\u00e1polya was proclaimed king here \u2014 an event that was surely celebrated in the largest wine cellar of Hegyalja, the Palace. Furthermore, the first grape seeds reliably dated to the 17th century ever found in Tokaj-Hegyalja were excavated here in the cellar. Archaeological research has demonstrated that the medieval and Arpadian layer is one and a half meters thick, suggesting that the area of the R\u00e1k\u00f3czi Cellar and the manor has been at the heart of Tokaj for at least one thousand years, where the most important matters were addressed and the most precious things were stored. In Tokaj-Hegyalja, nothing is more important than wine and wine trade.<\/p><p>\u00a0<\/p><p>The golden treasure of Tokaj has been guarded in this cellar for centuries. The lucky few, who have the honour to taste their wine, are certainly treading in the footsteps of kings, princes and high noblemen, who would surely exclaim while savouring the Tokaji Asz\u00fa, &#8216;This is the Wine of Kings \u2013 the King of Wines indeed!&#8221; (Written by Archaeologist Mikl\u00f3s Makoldi)<\/p>\t\t\t\t\t\t\t\t<\/div>\n\t\t\t\t<\/div>\n\t\t\t\t\t<\/div>\n\t\t<\/div>\n\t\t\t\t\t<\/div>\n\t\t<\/section>\n\t\t\t\t<\/div>","protected":false},"excerpt":{"rendered":"<p>History of the R\u00e1k\u00f3czi Cellar Vinum Regum \u2013 Rex Vinorum; or the Wine of Kings \u2013 the King of Wines! Catapulted to world fame by&#8230;<\/p>","protected":false},"author":1,"featured_media":0,"parent":0,"menu_order":0,"comment_status":"closed","ping_status":"closed","template":"","meta":{"footnotes":""},"class_list":["post-2685","page","type-page","status-publish"],"acf":[],"yoast_head":"<!-- This site is optimized with the Yoast SEO plugin v27.4 - https:\/\/yoast.com\/product\/yoast-seo-wordpress\/ -->\n<title>History of the R\u00e1k\u00f3czi Cellar - Tokaj<\/title>\n<meta name=\"robots\" content=\"index, follow, max-snippet:-1, max-image-preview:large, max-video-preview:-1\" \/>\n<link rel=\"canonical\" href=\"https:\/\/tokajhetszolo.com\/de\/history-of-the-rakoczi-cellar\/\" \/>\n<meta property=\"og:locale\" content=\"de_DE\" \/>\n<meta property=\"og:type\" content=\"article\" \/>\n<meta property=\"og:title\" content=\"History of the R\u00e1k\u00f3czi Cellar - Tokaj\" \/>\n<meta property=\"og:description\" content=\"History of the R\u00e1k\u00f3czi Cellar Vinum Regum \u2013 Rex Vinorum; or the Wine of Kings \u2013 the King of Wines! Catapulted to world fame by...\" \/>\n<meta property=\"og:url\" content=\"https:\/\/tokajhetszolo.com\/de\/history-of-the-rakoczi-cellar\/\" \/>\n<meta property=\"og:site_name\" content=\"Tokaj\" \/>\n<meta property=\"article:modified_time\" content=\"2022-08-11T14:17:13+00:00\" \/>\n<meta name=\"twitter:card\" content=\"summary_large_image\" \/>\n<script type=\"application\/ld+json\" class=\"yoast-schema-graph\">{\"@context\":\"https:\\\/\\\/schema.org\",\"@graph\":[{\"@type\":\"WebPage\",\"@id\":\"https:\\\/\\\/tokajhetszolo.com\\\/history-of-the-rakoczi-cellar\\\/\",\"url\":\"https:\\\/\\\/tokajhetszolo.com\\\/history-of-the-rakoczi-cellar\\\/\",\"name\":\"History of the R\u00e1k\u00f3czi Cellar - Tokaj\",\"isPartOf\":{\"@id\":\"https:\\\/\\\/tokajhetszolo.com\\\/#website\"},\"datePublished\":\"2022-08-11T14:16:05+00:00\",\"dateModified\":\"2022-08-11T14:17:13+00:00\",\"breadcrumb\":{\"@id\":\"https:\\\/\\\/tokajhetszolo.com\\\/history-of-the-rakoczi-cellar\\\/#breadcrumb\"},\"inLanguage\":\"de\",\"potentialAction\":[{\"@type\":\"ReadAction\",\"target\":[\"https:\\\/\\\/tokajhetszolo.com\\\/history-of-the-rakoczi-cellar\\\/\"]}]},{\"@type\":\"BreadcrumbList\",\"@id\":\"https:\\\/\\\/tokajhetszolo.com\\\/history-of-the-rakoczi-cellar\\\/#breadcrumb\",\"itemListElement\":[{\"@type\":\"ListItem\",\"position\":1,\"name\":\"Home\",\"item\":\"https:\\\/\\\/tokajhetszolo.com\\\/\"},{\"@type\":\"ListItem\",\"position\":2,\"name\":\"History of the R\u00e1k\u00f3czi Cellar\"}]},{\"@type\":\"WebSite\",\"@id\":\"https:\\\/\\\/tokajhetszolo.com\\\/#website\",\"url\":\"https:\\\/\\\/tokajhetszolo.com\\\/\",\"name\":\"Tokaj\",\"description\":\"A Taste full of Secrets\",\"publisher\":{\"@id\":\"https:\\\/\\\/tokajhetszolo.com\\\/#organization\"},\"potentialAction\":[{\"@type\":\"SearchAction\",\"target\":{\"@type\":\"EntryPoint\",\"urlTemplate\":\"https:\\\/\\\/tokajhetszolo.com\\\/?s={search_term_string}\"},\"query-input\":{\"@type\":\"PropertyValueSpecification\",\"valueRequired\":true,\"valueName\":\"search_term_string\"}}],\"inLanguage\":\"de\"},{\"@type\":\"Organization\",\"@id\":\"https:\\\/\\\/tokajhetszolo.com\\\/#organization\",\"name\":\"Tokaj\",\"url\":\"https:\\\/\\\/tokajhetszolo.com\\\/\",\"logo\":{\"@type\":\"ImageObject\",\"inLanguage\":\"de\",\"@id\":\"https:\\\/\\\/tokajhetszolo.com\\\/#\\\/schema\\\/logo\\\/image\\\/\",\"url\":\"https:\\\/\\\/tokajhetszolo.com\\\/wp-content\\\/uploads\\\/2020\\\/12\\\/Logo-Hetszolo_Organic_White-2.png\",\"contentUrl\":\"https:\\\/\\\/tokajhetszolo.com\\\/wp-content\\\/uploads\\\/2020\\\/12\\\/Logo-Hetszolo_Organic_White-2.png\",\"width\":600,\"height\":371,\"caption\":\"Tokaj\"},\"image\":{\"@id\":\"https:\\\/\\\/tokajhetszolo.com\\\/#\\\/schema\\\/logo\\\/image\\\/\"}}]}<\/script>\n<!-- \/ Yoast SEO plugin. -->","yoast_head_json":{"title":"History of the R\u00e1k\u00f3czi Cellar - Tokaj","robots":{"index":"index","follow":"follow","max-snippet":"max-snippet:-1","max-image-preview":"max-image-preview:large","max-video-preview":"max-video-preview:-1"},"canonical":"https:\/\/tokajhetszolo.com\/de\/history-of-the-rakoczi-cellar\/","og_locale":"de_DE","og_type":"article","og_title":"History of the R\u00e1k\u00f3czi Cellar - Tokaj","og_description":"History of the R\u00e1k\u00f3czi Cellar Vinum Regum \u2013 Rex Vinorum; or the Wine of Kings \u2013 the King of Wines! Catapulted to world fame by...","og_url":"https:\/\/tokajhetszolo.com\/de\/history-of-the-rakoczi-cellar\/","og_site_name":"Tokaj","article_modified_time":"2022-08-11T14:17:13+00:00","twitter_card":"summary_large_image","schema":{"@context":"https:\/\/schema.org","@graph":[{"@type":"WebPage","@id":"https:\/\/tokajhetszolo.com\/history-of-the-rakoczi-cellar\/","url":"https:\/\/tokajhetszolo.com\/history-of-the-rakoczi-cellar\/","name":"History of the R\u00e1k\u00f3czi Cellar - Tokaj","isPartOf":{"@id":"https:\/\/tokajhetszolo.com\/#website"},"datePublished":"2022-08-11T14:16:05+00:00","dateModified":"2022-08-11T14:17:13+00:00","breadcrumb":{"@id":"https:\/\/tokajhetszolo.com\/history-of-the-rakoczi-cellar\/#breadcrumb"},"inLanguage":"de","potentialAction":[{"@type":"ReadAction","target":["https:\/\/tokajhetszolo.com\/history-of-the-rakoczi-cellar\/"]}]},{"@type":"BreadcrumbList","@id":"https:\/\/tokajhetszolo.com\/history-of-the-rakoczi-cellar\/#breadcrumb","itemListElement":[{"@type":"ListItem","position":1,"name":"Home","item":"https:\/\/tokajhetszolo.com\/"},{"@type":"ListItem","position":2,"name":"History of the R\u00e1k\u00f3czi Cellar"}]},{"@type":"WebSite","@id":"https:\/\/tokajhetszolo.com\/#website","url":"https:\/\/tokajhetszolo.com\/","name":"Tokaj","description":"A Taste full of Secrets","publisher":{"@id":"https:\/\/tokajhetszolo.com\/#organization"},"potentialAction":[{"@type":"SearchAction","target":{"@type":"EntryPoint","urlTemplate":"https:\/\/tokajhetszolo.com\/?s={search_term_string}"},"query-input":{"@type":"PropertyValueSpecification","valueRequired":true,"valueName":"search_term_string"}}],"inLanguage":"de"},{"@type":"Organization","@id":"https:\/\/tokajhetszolo.com\/#organization","name":"Tokaj","url":"https:\/\/tokajhetszolo.com\/","logo":{"@type":"ImageObject","inLanguage":"de","@id":"https:\/\/tokajhetszolo.com\/#\/schema\/logo\/image\/","url":"https:\/\/tokajhetszolo.com\/wp-content\/uploads\/2020\/12\/Logo-Hetszolo_Organic_White-2.png","contentUrl":"https:\/\/tokajhetszolo.com\/wp-content\/uploads\/2020\/12\/Logo-Hetszolo_Organic_White-2.png","width":600,"height":371,"caption":"Tokaj"},"image":{"@id":"https:\/\/tokajhetszolo.com\/#\/schema\/logo\/image\/"}}]}},"_links":{"self":[{"href":"https:\/\/tokajhetszolo.com\/de\/wp-json\/wp\/v2\/pages\/2685","targetHints":{"allow":["GET"]}}],"collection":[{"href":"https:\/\/tokajhetszolo.com\/de\/wp-json\/wp\/v2\/pages"}],"about":[{"href":"https:\/\/tokajhetszolo.com\/de\/wp-json\/wp\/v2\/types\/page"}],"author":[{"embeddable":true,"href":"https:\/\/tokajhetszolo.com\/de\/wp-json\/wp\/v2\/users\/1"}],"replies":[{"embeddable":true,"href":"https:\/\/tokajhetszolo.com\/de\/wp-json\/wp\/v2\/comments?post=2685"}],"version-history":[{"count":7,"href":"https:\/\/tokajhetszolo.com\/de\/wp-json\/wp\/v2\/pages\/2685\/revisions"}],"predecessor-version":[{"id":2692,"href":"https:\/\/tokajhetszolo.com\/de\/wp-json\/wp\/v2\/pages\/2685\/revisions\/2692"}],"wp:attachment":[{"href":"https:\/\/tokajhetszolo.com\/de\/wp-json\/wp\/v2\/media?parent=2685"}],"curies":[{"name":"wp","href":"https:\/\/api.w.org\/{rel}","templated":true}]}}