{"id":230,"date":"2020-12-13T09:28:34","date_gmt":"2020-12-13T09:28:34","guid":{"rendered":"https:\/\/tokajhetszolo.com\/?page_id=230"},"modified":"2022-08-10T14:03:45","modified_gmt":"2022-08-10T14:03:45","slug":"sweet-tokaj-old","status":"publish","type":"page","link":"https:\/\/tokajhetszolo.com\/de\/sweet-tokaj-old\/","title":{"rendered":"S\u00fc\u00dfer Tokajer"},"content":{"rendered":"<div class=\"p-0\">\n     <div class=\"banner has-ovrlay bg-image-4 bg-center h-600 bg-fixed\" style=\"background-image: url(https:\/\/tokajhetszolo.com\/wp-content\/uploads\/2021\/10\/Hetszolo-Vineyard-old-photo.jpeg);\">\n       <div class=\"caption\" >\n         <div class=\"title-group\">\n                      <h1 class=\"f-70\">Premier Cru since 1772 <\/h1>\n         \n         <p class=\"line-mix line-single star-group white\">\n         <\/p>\n\n                    <\/div>\n       <\/div>\n     <\/div>\n   <\/div>\n\n\n\r\n    <section class=\"section-product bg-drk style-none\">\r\n        <div class=\"container\">\r\n            <div class=\"row align-items-center\">\r\n                <div class=\"col-xs-12\">\r\n\r\n                    <div class=\"title-group\" data-aos=\"fade-up\">\r\n\r\n                                                                  <\/div>\r\n\r\n                <\/div>\r\n\r\n                                <div class=\"col-xs-12 col-sm-6\">\r\n                    <div class=\"section-product__image img-left\">\r\n\r\n                            <img decoding=\"async\" src=\"https:\/\/tokajhetszolo.com\/wp-content\/uploads\/2021\/10\/1571-first-written-document-about-aszu-at-Hetszolo_small.png-ma\u0301solata-e1658414089805.jpg\" alt=\"\" class=\"h-400 mr-auto\">\r\n\r\n                    <\/div>\r\n                <\/div>\r\n              \r\n              <div class=\"col-xs-12 col-sm-6 p-sm-0\">\r\n                  <div class=\"section-history__content p-b-0 p-t-sm-0 p-sm-0-left\">\r\n                      <div class=\"title-group m-b-0  max-100 color-d5c7b0 text-left\" data-aos=\"fade-up\">\r\n                                                <h3 class=\"color-d5c7b0\">The World\u2019s first classification<\/h3>\r\n                                                    <p>Wines this admirable were never going to remain a secret for very long&#8230; the parcels of the Tokaj-H\u00e9tsz\u0151l\u0151 Estate were classed as Tokaj 1er Cru as early as 1772, when the Estate still belonged to the Austro-Hungarian Empire. This distinction pays homage to the unique characteristics of what is an exceptional terroir.\r\n<\/p>\r\n                            \r\n                            <div class=\"btn-call\">\r\n                                                                                                                                            <\/div>\r\n                      <\/div>\r\n                  <\/div>\r\n              <\/div>\r\n\r\n            <\/div>\r\n        <\/div>\r\n    <\/section>\r\n\n\n\r\n    <section class=\"section-product bg-drk style-2\">\r\n        <div class=\"container\">\r\n            <div class=\"row align-items-center\">\r\n                <div class=\"col-xs-12\">\r\n\r\n                    <div class=\"title-group\" data-aos=\"fade-up\">\r\n\r\n                                                                  <\/div>\r\n\r\n                <\/div>\r\n\r\n                                <div class=\"col-xs-12 col-sm-6 order-sm-2\">\r\n                    <div class=\"section-product__image img-right\">\r\n\r\n                            <img decoding=\"async\" src=\"https:\/\/tokajhetszolo.com\/wp-content\/uploads\/2020\/12\/aszu-6-puttonyos.png\" alt=\"\" class=\"h-400 mr-auto\">\r\n\r\n                    <\/div>\r\n                <\/div>\r\n              \r\n              <div class=\"col-xs-12 col-sm-6 p-sm-0\">\r\n                  <div class=\"section-history__content p-b-0 p-t-sm-0 p-sm-0-right\">\r\n                      <div class=\"title-group m-b-0  max-100 color-d5c7b0 text-right\" data-aos=\"fade-up\">\r\n                                                  <p>Although Nature never reveals all its secrets, the superior qualities of the Estate can be explained in part by the atypical location of its 55 hectares of land. The volcanic rock here is covered by a particularly thick layer of loess, and the directly South-facing side of the hill benefits from optimum levels of sunshine. The parcels overlook the mists where the Rivers Tisza and Bodrog meet, and enjoy the perfect microclimate for Botrytis cinerea, which produces the much-prized noble rot.<\/p>\r\n                            \r\n                            <div class=\"btn-call\">\r\n                                                                                                                                                    <\/div>\r\n                      <\/div>\r\n                  <\/div>\r\n              <\/div>\r\n\r\n            <\/div>\r\n        <\/div>\r\n    <\/section>\r\n\n\n\r\n    <section class=\"section-product bg-drk style-none\">\r\n        <div class=\"container\">\r\n            <div class=\"row align-items-center\">\r\n                <div class=\"col-xs-12\">\r\n\r\n                    <div class=\"title-group\" data-aos=\"fade-up\">\r\n\r\n                                                                  <\/div>\r\n\r\n                <\/div>\r\n\r\n                                <div class=\"col-xs-12 col-sm-6\">\r\n                    <div class=\"section-product__image img-left\">\r\n\r\n                            <img decoding=\"async\" src=\"https:\/\/tokajhetszolo.com\/wp-content\/uploads\/2022\/07\/Map-of-the-Domain-Tokaj-Hetszolo-and-its-single-vineyards-1-1.jpg\" alt=\"\" class=\"h-400 mr-auto\">\r\n\r\n                    <\/div>\r\n                <\/div>\r\n              \r\n              <div class=\"col-xs-12 col-sm-6 p-sm-0\">\r\n                  <div class=\"section-history__content p-b-0 p-t-sm-0 p-sm-0-left\">\r\n                      <div class=\"title-group m-b-0  max-100 color-d5c7b0 text-left\" data-aos=\"fade-up\">\r\n                                                  <p>Nowhere outside Tokaj do so many favourable conditions come together in one place \u2013 a gift from Nature that gives Tokaj-H\u00e9tsz\u0151l\u0151 its outstanding character. As a gesture of thanks to Nature for its generosity, a tradition has evolved of passing down the exceptional know-how of Hungarian winemaking from generation to generation.\r\n\r\n<\/p>\r\n                            \r\n                            <div class=\"btn-call\">\r\n                                                                                                                                            <\/div>\r\n                      <\/div>\r\n                  <\/div>\r\n              <\/div>\r\n\r\n            <\/div>\r\n        <\/div>\r\n    <\/section>\r\n\n\n\n<section class=\"section-media p-t-20 p-b-20\">\n    <div class=\"container\">\n        <div class=\"row justify-content-center\">\n          <div class=\"col-xs-12 col-sm-7 text-center\">\n                                      <\/div>\n\n        <\/div>\n    <\/div>\n<\/section>\n\n\n\n<section class=\"section-call  style-call bg-drk\">\n    <div class=\"container\">\n        <div class=\"row text-center justify-content-center\">\n\n<a href=\"https:\/\/tokajhetszolo.com\/de\/dry-tokaj\/\"> > Discover the Dry Tokaj too!<\/a>\n        <\/div>\n    <\/div>\n<\/section>","protected":false},"excerpt":{"rendered":"","protected":false},"author":1,"featured_media":0,"parent":0,"menu_order":0,"comment_status":"closed","ping_status":"closed","template":"","meta":{"footnotes":""},"class_list":["post-230","page","type-page","status-publish"],"acf":[],"yoast_head":"<!-- This site is optimized with the Yoast SEO plugin v27.4 - https:\/\/yoast.com\/product\/yoast-seo-wordpress\/ -->\n<title>Sweet tokaj - Tokaj<\/title>\n<meta name=\"robots\" content=\"index, follow, max-snippet:-1, max-image-preview:large, max-video-preview:-1\" \/>\n<link rel=\"canonical\" href=\"https:\/\/tokajhetszolo.com\/de\/sweet-tokaj-old\/\" \/>\n<meta property=\"og:locale\" content=\"de_DE\" \/>\n<meta property=\"og:type\" content=\"article\" \/>\n<meta property=\"og:title\" content=\"Sweet tokaj - Tokaj\" \/>\n<meta property=\"og:url\" content=\"https:\/\/tokajhetszolo.com\/de\/sweet-tokaj-old\/\" \/>\n<meta property=\"og:site_name\" content=\"Tokaj\" \/>\n<meta property=\"article:modified_time\" content=\"2022-08-10T14:03:45+00:00\" \/>\n<meta name=\"twitter:card\" content=\"summary_large_image\" \/>\n<script type=\"application\/ld+json\" class=\"yoast-schema-graph\">{\"@context\":\"https:\\\/\\\/schema.org\",\"@graph\":[{\"@type\":\"WebPage\",\"@id\":\"https:\\\/\\\/tokajhetszolo.com\\\/sweet-tokaj-old\\\/\",\"url\":\"https:\\\/\\\/tokajhetszolo.com\\\/sweet-tokaj-old\\\/\",\"name\":\"Sweet tokaj - Tokaj\",\"isPartOf\":{\"@id\":\"https:\\\/\\\/tokajhetszolo.com\\\/#website\"},\"datePublished\":\"2020-12-13T09:28:34+00:00\",\"dateModified\":\"2022-08-10T14:03:45+00:00\",\"breadcrumb\":{\"@id\":\"https:\\\/\\\/tokajhetszolo.com\\\/sweet-tokaj-old\\\/#breadcrumb\"},\"inLanguage\":\"de\",\"potentialAction\":[{\"@type\":\"ReadAction\",\"target\":[\"https:\\\/\\\/tokajhetszolo.com\\\/sweet-tokaj-old\\\/\"]}]},{\"@type\":\"BreadcrumbList\",\"@id\":\"https:\\\/\\\/tokajhetszolo.com\\\/sweet-tokaj-old\\\/#breadcrumb\",\"itemListElement\":[{\"@type\":\"ListItem\",\"position\":1,\"name\":\"Home\",\"item\":\"https:\\\/\\\/tokajhetszolo.com\\\/\"},{\"@type\":\"ListItem\",\"position\":2,\"name\":\"Sweet tokaj\"}]},{\"@type\":\"WebSite\",\"@id\":\"https:\\\/\\\/tokajhetszolo.com\\\/#website\",\"url\":\"https:\\\/\\\/tokajhetszolo.com\\\/\",\"name\":\"Tokaj\",\"description\":\"A Taste full of Secrets\",\"publisher\":{\"@id\":\"https:\\\/\\\/tokajhetszolo.com\\\/#organization\"},\"potentialAction\":[{\"@type\":\"SearchAction\",\"target\":{\"@type\":\"EntryPoint\",\"urlTemplate\":\"https:\\\/\\\/tokajhetszolo.com\\\/?s={search_term_string}\"},\"query-input\":{\"@type\":\"PropertyValueSpecification\",\"valueRequired\":true,\"valueName\":\"search_term_string\"}}],\"inLanguage\":\"de\"},{\"@type\":\"Organization\",\"@id\":\"https:\\\/\\\/tokajhetszolo.com\\\/#organization\",\"name\":\"Tokaj\",\"url\":\"https:\\\/\\\/tokajhetszolo.com\\\/\",\"logo\":{\"@type\":\"ImageObject\",\"inLanguage\":\"de\",\"@id\":\"https:\\\/\\\/tokajhetszolo.com\\\/#\\\/schema\\\/logo\\\/image\\\/\",\"url\":\"https:\\\/\\\/tokajhetszolo.com\\\/wp-content\\\/uploads\\\/2020\\\/12\\\/Logo-Hetszolo_Organic_White-2.png\",\"contentUrl\":\"https:\\\/\\\/tokajhetszolo.com\\\/wp-content\\\/uploads\\\/2020\\\/12\\\/Logo-Hetszolo_Organic_White-2.png\",\"width\":600,\"height\":371,\"caption\":\"Tokaj\"},\"image\":{\"@id\":\"https:\\\/\\\/tokajhetszolo.com\\\/#\\\/schema\\\/logo\\\/image\\\/\"}}]}<\/script>\n<!-- \/ Yoast SEO plugin. -->","yoast_head_json":{"title":"Sweet tokaj - Tokaj","robots":{"index":"index","follow":"follow","max-snippet":"max-snippet:-1","max-image-preview":"max-image-preview:large","max-video-preview":"max-video-preview:-1"},"canonical":"https:\/\/tokajhetszolo.com\/de\/sweet-tokaj-old\/","og_locale":"de_DE","og_type":"article","og_title":"Sweet tokaj - Tokaj","og_url":"https:\/\/tokajhetszolo.com\/de\/sweet-tokaj-old\/","og_site_name":"Tokaj","article_modified_time":"2022-08-10T14:03:45+00:00","twitter_card":"summary_large_image","schema":{"@context":"https:\/\/schema.org","@graph":[{"@type":"WebPage","@id":"https:\/\/tokajhetszolo.com\/sweet-tokaj-old\/","url":"https:\/\/tokajhetszolo.com\/sweet-tokaj-old\/","name":"Sweet tokaj - Tokaj","isPartOf":{"@id":"https:\/\/tokajhetszolo.com\/#website"},"datePublished":"2020-12-13T09:28:34+00:00","dateModified":"2022-08-10T14:03:45+00:00","breadcrumb":{"@id":"https:\/\/tokajhetszolo.com\/sweet-tokaj-old\/#breadcrumb"},"inLanguage":"de","potentialAction":[{"@type":"ReadAction","target":["https:\/\/tokajhetszolo.com\/sweet-tokaj-old\/"]}]},{"@type":"BreadcrumbList","@id":"https:\/\/tokajhetszolo.com\/sweet-tokaj-old\/#breadcrumb","itemListElement":[{"@type":"ListItem","position":1,"name":"Home","item":"https:\/\/tokajhetszolo.com\/"},{"@type":"ListItem","position":2,"name":"Sweet tokaj"}]},{"@type":"WebSite","@id":"https:\/\/tokajhetszolo.com\/#website","url":"https:\/\/tokajhetszolo.com\/","name":"Tokaj","description":"A Taste full of Secrets","publisher":{"@id":"https:\/\/tokajhetszolo.com\/#organization"},"potentialAction":[{"@type":"SearchAction","target":{"@type":"EntryPoint","urlTemplate":"https:\/\/tokajhetszolo.com\/?s={search_term_string}"},"query-input":{"@type":"PropertyValueSpecification","valueRequired":true,"valueName":"search_term_string"}}],"inLanguage":"de"},{"@type":"Organization","@id":"https:\/\/tokajhetszolo.com\/#organization","name":"Tokaj","url":"https:\/\/tokajhetszolo.com\/","logo":{"@type":"ImageObject","inLanguage":"de","@id":"https:\/\/tokajhetszolo.com\/#\/schema\/logo\/image\/","url":"https:\/\/tokajhetszolo.com\/wp-content\/uploads\/2020\/12\/Logo-Hetszolo_Organic_White-2.png","contentUrl":"https:\/\/tokajhetszolo.com\/wp-content\/uploads\/2020\/12\/Logo-Hetszolo_Organic_White-2.png","width":600,"height":371,"caption":"Tokaj"},"image":{"@id":"https:\/\/tokajhetszolo.com\/#\/schema\/logo\/image\/"}}]}},"_links":{"self":[{"href":"https:\/\/tokajhetszolo.com\/de\/wp-json\/wp\/v2\/pages\/230","targetHints":{"allow":["GET"]}}],"collection":[{"href":"https:\/\/tokajhetszolo.com\/de\/wp-json\/wp\/v2\/pages"}],"about":[{"href":"https:\/\/tokajhetszolo.com\/de\/wp-json\/wp\/v2\/types\/page"}],"author":[{"embeddable":true,"href":"https:\/\/tokajhetszolo.com\/de\/wp-json\/wp\/v2\/users\/1"}],"replies":[{"embeddable":true,"href":"https:\/\/tokajhetszolo.com\/de\/wp-json\/wp\/v2\/comments?post=230"}],"version-history":[{"count":90,"href":"https:\/\/tokajhetszolo.com\/de\/wp-json\/wp\/v2\/pages\/230\/revisions"}],"predecessor-version":[{"id":2329,"href":"https:\/\/tokajhetszolo.com\/de\/wp-json\/wp\/v2\/pages\/230\/revisions\/2329"}],"wp:attachment":[{"href":"https:\/\/tokajhetszolo.com\/de\/wp-json\/wp\/v2\/media?parent=230"}],"curies":[{"name":"wp","href":"https:\/\/api.w.org\/{rel}","templated":true}]}}