{"id":194,"date":"2020-12-13T08:26:07","date_gmt":"2020-12-13T08:26:07","guid":{"rendered":"https:\/\/tokajhetszolo.com\/?page_id=194"},"modified":"2022-08-10T14:19:46","modified_gmt":"2022-08-10T14:19:46","slug":"tasting-and-events-old","status":"publish","type":"page","link":"https:\/\/tokajhetszolo.com\/de\/tasting-and-events-old\/","title":{"rendered":"Verkostungen und Veranstaltungen"},"content":{"rendered":"<div class=\"p-0\">\n     <div class=\"banner has-ovrlay bg-image-4 bg-center h-600 bg-fixed\" style=\"background-image: url(https:\/\/tokajhetszolo.com\/wp-content\/uploads\/2021\/02\/history-banner.jpg);\">\n       <div class=\"caption\" >\n         <div class=\"title-group\">\n                      <h1 class=\"f-70\">Tasting &#038; Events <\/h1>\n         \n         <p class=\"line-mix line-single star-group white\">\n         <\/p>\n\n                    <\/div>\n       <\/div>\n     <\/div>\n   <\/div>\n\n\n\r\n    <section class=\"section-txt bg-drk style-2\">\r\n        <div class=\"container\">\r\n            <div class=\"row justify-content-center\">\r\n                <div class=\"col-xs-12 col-sm-10\">\r\n\r\n                    <div class=\"title-group-new text-center m-b-0\" data-aos=\"fade-up\">\r\n                                                                                            <h2 class=\"color-d5c7b0\">Contact for tastings and events:<\/h2>\r\n                                              <\/div>\r\n\r\n                <\/div>\r\n                                <div class=\"col-xs-12 col-sm-10\">\r\n                    <div class=\"section-history__content  p-l-0 p-r-0\">\r\n                        <div class=\"title-group m-b-0  max-100 color-d5c7b0 text-center text-none\" data-aos=\"fade-up\">\r\n                            <p>+36 30 436-5767\u00a0\u00a0\u00a0\u00a0 +36 30 218-4267\u00a0\u00a0\u00a0\u00a0 info@rakoczipince.hu<\/p>\n<p>          Hungary, Tokaj-3910, Kossuth square 15.<\/p>\n                                                    <\/div>\r\n                    <\/div>\r\n                <\/div>\r\n                          <\/div>\r\n        <\/div>\r\n    <\/section>\r\n\n\n\r\n    <section class=\"section-txt bg-drk style-none\">\r\n        <div class=\"container\">\r\n            <div class=\"row justify-content-center\">\r\n                <div class=\"col-xs-12 col-sm-10\">\r\n\r\n                    <div class=\"title-group-new text-center m-b-0\" data-aos=\"fade-up\">\r\n                                                                                            <h2 class=\"color-d5c7b0\">R\u00c1K\u00d3CZI CELLAR &#038; EVENTS<\/h2>\r\n                                              <\/div>\r\n\r\n                <\/div>\r\n                                <div class=\"col-xs-12 col-sm-10\">\r\n                    <div class=\"section-history__content  p-l-0 p-r-0\">\r\n                        <div class=\"title-group m-b-0  max-100 color-d5c7b0 text-left text-none\" data-aos=\"fade-up\">\r\n                            <p>Vinum Regum \u2013 Rex Vinorum; or the Wine of Kings \u2013 the King of Wines! Catapulted to world fame by Louis XIV of France, the Sun King, this sentence has probably been uttered hundreds of times in the most famous wine cellar of Tokaj-Hegyalja, the R\u00e1k\u00f3czi Cellar. Throughout its long and glamorous history, the cellar has offered the best wine of the country, the Tokaji Asz\u00fa, to several male members of the princely R\u00e1k\u00f3czi dynasty as well as to Hungarian kings, Transylvanian princes and their high-ranking guests.<\/p>\n<p>The cellar was named after the R\u00e1k\u00f3czi family in remembrance of their rule over the town of Tokaj in the 17th century, when the cellar was first mentioned in writing. Referenced as the &#8220;Palace&#8221;, the complex of buildings occupied a well defendable and operable economic and administrative unit delimited by three streets, ideally located in the core of the medieval town, in the immediate vicinity of the main square. The Arpadian church, adorned first with Gothic elements and then reconstructed in neo-Romanesque style in 1910, also lies within a few steps of the estate. The Palace, comprised of the cellar itself and the manor above it, served as the centre of Tokaj&#8217;s wine trade in the 16th and 17th century, as attested by a number of diplomas and contemporary works of art. It is thus befitting that the cellar has the largest underground knight&#8217;s hall in Tokaj-Hegyalja. With its length of thirty meters, width of ten meters and height of five meters, the hall has a markedly medieval character. As we step in, the past seems to come alive, and the vaults resound with the chiming of golden goblets held high by legendary kings, princes and noblemen.<\/p>\n<p>Indeed, the history of the cellar and the manor goes back to far earlier times than the R\u00e1k\u00f3czi rule. As the Roman Catholic church in the vicinity was built in the 13th century, we can reasonably suppose that the manor and the cellar itself were also built in medieval times, especially its older, narrower and deeper corridors. For example, it has been established that Matthias Corvinus mobilized his army against the Hussites under Tokaj and John Z\u00e1polya was proclaimed king here \u2014 an event that was surely celebrated in the largest wine cellar of Hegyalja, the Palace. Furthermore, the first grape seeds reliably dated to the 17th century ever found in Tokaj-Hegyalja were excavated here in the cellar. Archaeological research has demonstrated that the medieval and Arpadian layer is one and a half meters thick, suggesting that the area of the R\u00e1k\u00f3czi Cellar and the manor has been at the heart of Tokaj for at least one thousand years, where the most important matters were addressed and the most precious things were stored. In Tokaj-Hegyalja, nothing is more important than wine and wine trade.<\/p>\n<p>The golden treasure of Tokaj has been guarded in this cellar for centuries. The lucky few, who have the honour to taste their wine, are certainly treading in the footsteps of kings, princes and high noblemen, who would surely exclaim while savouring the Tokaji Asz\u00fa, &#8216;This is the Wine of Kings \u2013 the King of Wines indeed!&#8221; (Written by Archaeologist Mikl\u00f3s Makoldi)<\/p>\n                                                    <\/div>\r\n                    <\/div>\r\n                <\/div>\r\n                          <\/div>\r\n        <\/div>\r\n    <\/section>\r\n\n\n\n<section class=\"section-media p-0\">\n    <div class=\"container-fluid\">\n        <div class=\"row\">\n                      <div class=\"p-0 col-xs-12\">\n\n            <img decoding=\"async\" src=\"https:\/\/tokajhetszolo.com\/wp-content\/uploads\/2021\/10\/Tokaji-Rakoczi-Pince-on-the-main-square-of-Tokaj-Town-2.jpeg\" alt=\"\/\" class=\"w100\">\n\n\n          <\/div>\n                    <div class=\"p-0 col-xs-12\">\n\n            <img decoding=\"async\" src=\"https:\/\/tokajhetszolo.com\/wp-content\/uploads\/2021\/04\/1-11.jpg\" alt=\"\/\" class=\"w100\">\n\n\n          <\/div>\n                    <div class=\"p-0 col-xs-12\">\n\n            <img decoding=\"async\" src=\"https:\/\/tokajhetszolo.com\/wp-content\/uploads\/2022\/07\/Tokaj-Rakoczi-Cellar-Court-I-love-Tokaj-scaled.jpg\" alt=\"\/\" class=\"w100\">\n\n\n          <\/div>\n                    <div class=\"p-0 col-xs-12\">\n\n            <img decoding=\"async\" src=\"https:\/\/tokajhetszolo.com\/wp-content\/uploads\/2022\/07\/Wine-terrace-of-Tokaj-Hetszolo-e1660253195645.jpg\" alt=\"\/\" class=\"w100\">\n\n\n          <\/div>\n          \n        <\/div>\n    <\/div>\n<\/section>","protected":false},"excerpt":{"rendered":"","protected":false},"author":1,"featured_media":0,"parent":0,"menu_order":0,"comment_status":"closed","ping_status":"closed","template":"","meta":{"footnotes":""},"class_list":["post-194","page","type-page","status-publish"],"acf":[],"yoast_head":"<!-- This site is optimized with the Yoast SEO plugin v27.4 - https:\/\/yoast.com\/product\/yoast-seo-wordpress\/ -->\n<title>Tasting and events - Tokaj<\/title>\n<meta name=\"robots\" content=\"index, follow, max-snippet:-1, max-image-preview:large, max-video-preview:-1\" \/>\n<link rel=\"canonical\" href=\"https:\/\/tokajhetszolo.com\/de\/tasting-and-events-old\/\" \/>\n<meta property=\"og:locale\" content=\"de_DE\" \/>\n<meta property=\"og:type\" content=\"article\" \/>\n<meta property=\"og:title\" content=\"Tasting and events - Tokaj\" \/>\n<meta property=\"og:url\" content=\"https:\/\/tokajhetszolo.com\/de\/tasting-and-events-old\/\" \/>\n<meta property=\"og:site_name\" content=\"Tokaj\" \/>\n<meta property=\"article:modified_time\" content=\"2022-08-10T14:19:46+00:00\" \/>\n<meta name=\"twitter:card\" content=\"summary_large_image\" \/>\n<script type=\"application\/ld+json\" class=\"yoast-schema-graph\">{\"@context\":\"https:\\\/\\\/schema.org\",\"@graph\":[{\"@type\":\"WebPage\",\"@id\":\"https:\\\/\\\/tokajhetszolo.com\\\/tasting-and-events-old\\\/\",\"url\":\"https:\\\/\\\/tokajhetszolo.com\\\/tasting-and-events-old\\\/\",\"name\":\"Tasting and events - Tokaj\",\"isPartOf\":{\"@id\":\"https:\\\/\\\/tokajhetszolo.com\\\/#website\"},\"datePublished\":\"2020-12-13T08:26:07+00:00\",\"dateModified\":\"2022-08-10T14:19:46+00:00\",\"breadcrumb\":{\"@id\":\"https:\\\/\\\/tokajhetszolo.com\\\/tasting-and-events-old\\\/#breadcrumb\"},\"inLanguage\":\"de\",\"potentialAction\":[{\"@type\":\"ReadAction\",\"target\":[\"https:\\\/\\\/tokajhetszolo.com\\\/tasting-and-events-old\\\/\"]}]},{\"@type\":\"BreadcrumbList\",\"@id\":\"https:\\\/\\\/tokajhetszolo.com\\\/tasting-and-events-old\\\/#breadcrumb\",\"itemListElement\":[{\"@type\":\"ListItem\",\"position\":1,\"name\":\"Home\",\"item\":\"https:\\\/\\\/tokajhetszolo.com\\\/\"},{\"@type\":\"ListItem\",\"position\":2,\"name\":\"Tasting and events\"}]},{\"@type\":\"WebSite\",\"@id\":\"https:\\\/\\\/tokajhetszolo.com\\\/#website\",\"url\":\"https:\\\/\\\/tokajhetszolo.com\\\/\",\"name\":\"Tokaj\",\"description\":\"A Taste full of Secrets\",\"publisher\":{\"@id\":\"https:\\\/\\\/tokajhetszolo.com\\\/#organization\"},\"potentialAction\":[{\"@type\":\"SearchAction\",\"target\":{\"@type\":\"EntryPoint\",\"urlTemplate\":\"https:\\\/\\\/tokajhetszolo.com\\\/?s={search_term_string}\"},\"query-input\":{\"@type\":\"PropertyValueSpecification\",\"valueRequired\":true,\"valueName\":\"search_term_string\"}}],\"inLanguage\":\"de\"},{\"@type\":\"Organization\",\"@id\":\"https:\\\/\\\/tokajhetszolo.com\\\/#organization\",\"name\":\"Tokaj\",\"url\":\"https:\\\/\\\/tokajhetszolo.com\\\/\",\"logo\":{\"@type\":\"ImageObject\",\"inLanguage\":\"de\",\"@id\":\"https:\\\/\\\/tokajhetszolo.com\\\/#\\\/schema\\\/logo\\\/image\\\/\",\"url\":\"https:\\\/\\\/tokajhetszolo.com\\\/wp-content\\\/uploads\\\/2020\\\/12\\\/Logo-Hetszolo_Organic_White-2.png\",\"contentUrl\":\"https:\\\/\\\/tokajhetszolo.com\\\/wp-content\\\/uploads\\\/2020\\\/12\\\/Logo-Hetszolo_Organic_White-2.png\",\"width\":600,\"height\":371,\"caption\":\"Tokaj\"},\"image\":{\"@id\":\"https:\\\/\\\/tokajhetszolo.com\\\/#\\\/schema\\\/logo\\\/image\\\/\"}}]}<\/script>\n<!-- \/ Yoast SEO plugin. -->","yoast_head_json":{"title":"Tasting and events - Tokaj","robots":{"index":"index","follow":"follow","max-snippet":"max-snippet:-1","max-image-preview":"max-image-preview:large","max-video-preview":"max-video-preview:-1"},"canonical":"https:\/\/tokajhetszolo.com\/de\/tasting-and-events-old\/","og_locale":"de_DE","og_type":"article","og_title":"Tasting and events - Tokaj","og_url":"https:\/\/tokajhetszolo.com\/de\/tasting-and-events-old\/","og_site_name":"Tokaj","article_modified_time":"2022-08-10T14:19:46+00:00","twitter_card":"summary_large_image","schema":{"@context":"https:\/\/schema.org","@graph":[{"@type":"WebPage","@id":"https:\/\/tokajhetszolo.com\/tasting-and-events-old\/","url":"https:\/\/tokajhetszolo.com\/tasting-and-events-old\/","name":"Tasting and events - Tokaj","isPartOf":{"@id":"https:\/\/tokajhetszolo.com\/#website"},"datePublished":"2020-12-13T08:26:07+00:00","dateModified":"2022-08-10T14:19:46+00:00","breadcrumb":{"@id":"https:\/\/tokajhetszolo.com\/tasting-and-events-old\/#breadcrumb"},"inLanguage":"de","potentialAction":[{"@type":"ReadAction","target":["https:\/\/tokajhetszolo.com\/tasting-and-events-old\/"]}]},{"@type":"BreadcrumbList","@id":"https:\/\/tokajhetszolo.com\/tasting-and-events-old\/#breadcrumb","itemListElement":[{"@type":"ListItem","position":1,"name":"Home","item":"https:\/\/tokajhetszolo.com\/"},{"@type":"ListItem","position":2,"name":"Tasting and events"}]},{"@type":"WebSite","@id":"https:\/\/tokajhetszolo.com\/#website","url":"https:\/\/tokajhetszolo.com\/","name":"Tokaj","description":"A Taste full of Secrets","publisher":{"@id":"https:\/\/tokajhetszolo.com\/#organization"},"potentialAction":[{"@type":"SearchAction","target":{"@type":"EntryPoint","urlTemplate":"https:\/\/tokajhetszolo.com\/?s={search_term_string}"},"query-input":{"@type":"PropertyValueSpecification","valueRequired":true,"valueName":"search_term_string"}}],"inLanguage":"de"},{"@type":"Organization","@id":"https:\/\/tokajhetszolo.com\/#organization","name":"Tokaj","url":"https:\/\/tokajhetszolo.com\/","logo":{"@type":"ImageObject","inLanguage":"de","@id":"https:\/\/tokajhetszolo.com\/#\/schema\/logo\/image\/","url":"https:\/\/tokajhetszolo.com\/wp-content\/uploads\/2020\/12\/Logo-Hetszolo_Organic_White-2.png","contentUrl":"https:\/\/tokajhetszolo.com\/wp-content\/uploads\/2020\/12\/Logo-Hetszolo_Organic_White-2.png","width":600,"height":371,"caption":"Tokaj"},"image":{"@id":"https:\/\/tokajhetszolo.com\/#\/schema\/logo\/image\/"}}]}},"_links":{"self":[{"href":"https:\/\/tokajhetszolo.com\/de\/wp-json\/wp\/v2\/pages\/194","targetHints":{"allow":["GET"]}}],"collection":[{"href":"https:\/\/tokajhetszolo.com\/de\/wp-json\/wp\/v2\/pages"}],"about":[{"href":"https:\/\/tokajhetszolo.com\/de\/wp-json\/wp\/v2\/types\/page"}],"author":[{"embeddable":true,"href":"https:\/\/tokajhetszolo.com\/de\/wp-json\/wp\/v2\/users\/1"}],"replies":[{"embeddable":true,"href":"https:\/\/tokajhetszolo.com\/de\/wp-json\/wp\/v2\/comments?post=194"}],"version-history":[{"count":49,"href":"https:\/\/tokajhetszolo.com\/de\/wp-json\/wp\/v2\/pages\/194\/revisions"}],"predecessor-version":[{"id":2390,"href":"https:\/\/tokajhetszolo.com\/de\/wp-json\/wp\/v2\/pages\/194\/revisions\/2390"}],"wp:attachment":[{"href":"https:\/\/tokajhetszolo.com\/de\/wp-json\/wp\/v2\/media?parent=194"}],"curies":[{"name":"wp","href":"https:\/\/api.w.org\/{rel}","templated":true}]}}