{"id":108,"date":"2020-12-11T15:05:10","date_gmt":"2020-12-11T15:05:10","guid":{"rendered":"https:\/\/tokajhetszolo.com\/?page_id=108"},"modified":"2022-08-10T14:07:07","modified_gmt":"2022-08-10T14:07:07","slug":"history","status":"publish","type":"page","link":"https:\/\/tokajhetszolo.com\/de\/history\/","title":{"rendered":"Geschichte"},"content":{"rendered":"<div class=\"p-0\">\n     <div class=\"banner has-ovrlay bg-image-4 bg-center h-500 bg-fixed\" style=\"background-image: url(https:\/\/tokajhetszolo.com\/wp-content\/uploads\/2021\/10\/Hetszolo-Vineyard-old-photo.jpeg);\">\n       <div class=\"caption pto65\" >\n         <div class=\"title-group\">\n                      <h1 class=\"f-70\">Geschichte &amp; Stil <\/h1>\n         \n         <p class=\"line-mix line-single star-group white\">\n         <\/p>\n\n           \n           <h2 class=\"f-300 f-family-Open-Sans color-d5c7b0\">Vinum Regum Rex Vinorum<\/h2>\n                  <\/div>\n       <\/div>\n     <\/div>\n   <\/div>\n\n\n\r\n    <section class=\"section-txt bg-drk style-none\">\r\n        <div class=\"container\">\r\n            <div class=\"row justify-content-center\">\r\n                <div class=\"col-xs-12 col-sm-10\">\r\n\r\n                    <div class=\"title-group-new text-center m-b-0\" data-aos=\"fade-up\">\r\n                                                                                            <h2 class=\"color-d5c7b0\">5 JAHRHUNDERTE GESCHICHTE<\/h2>\r\n                                              <\/div>\r\n\r\n                <\/div>\r\n                                <div class=\"col-xs-12 col-sm-10\">\r\n                    <div class=\"section-history__content  p-l-0 p-r-0\">\r\n                        <div class=\"title-group m-b-0  max-100 color-d5c7b0 text-center text-none\" data-aos=\"fade-up\">\r\n                            <p>Der geheimnisvolle Berg Tokaj... von oben betrachtet, erhebt er sich \u00fcber den Herbstnebel, seine H\u00e4nge schimmern goldgelb, und sein Gipfel \u00fcberblickt die weite ungarische Ebene bis zum fernen s\u00fcdlichen Horizont. Bei sch\u00f6nem Wetter kann man sogar die Slowakei und die Ukraine sehen. Der unbestrittene K\u00f6nig der ungarischen Weinberge, der Tokajer Berg, liegt im Norden des Landes, 230 km \u00f6stlich von Budapest. An diesem legend\u00e4ren Ort werden au\u00dfergew\u00f6hnliche Weine produziert, die am Hof von Ludwig XIV. serviert wurden, der \u00fcber Tokaj sagte, es sei der \"K\u00f6nig der Weine und der Wein der K\u00f6nige\".<\/p>\n                                                    <\/div>\r\n                    <\/div>\r\n                <\/div>\r\n                          <\/div>\r\n        <\/div>\r\n    <\/section>\r\n\n\n\r\n    <section class=\"section-content-image bg-drk style-2\">\r\n            <div class=\"\">\r\n                            <img decoding=\"async\" src=\"https:\/\/tokajhetszolo.com\/wp-content\/uploads\/2022\/07\/Anno-1502-_-Hetszolo-Single-Vineyard-establishment-document_small-1.png\" alt=\"\" class=\"w-full outside-box-left\">\r\n      <\/div>\r\n            <div class=\"container\">\r\n            <div class=\"row align-items-center\">\r\n\r\n\r\n                \r\n                <div class=\"col-xs-12 col-sm-6\">\r\n                    <div class=\"section-product__image\">\r\n\r\n\r\n\r\n                    <\/div>\r\n                <\/div>\r\n              \r\n              <div class=\"col-xs-12 col-sm-6\">\r\n                  <div class=\"section-history__content mxh-500 d-left\">\r\n                      <div class=\"title-group m-b-0  max-100 color-d5c7b0 text-left italic\" data-aos=\"fade-up\">\r\n                                                <h3 class=\"color-d5c7b0\">\"7 Weinbergsparzellen\" = H\u00e9t-sz\u0151l\u0151<\/h3>\r\n                                                    <p>In jeder Krone gibt es ein Juwel. An der S\u00fcdseite des Tokajer Berges besitzt das kaiserliche Weingut Tokaj-H\u00e9tsz\u0151l\u0151 die fruchtbarsten B\u00f6den und die besten Reben, und seit 1502 hat die Natur hier ihre Fr\u00fcchte gro\u00dfz\u00fcgiger verteilt als anderswo.Die Gr\u00fcndung des Weinguts ist kein Zufall: Die Familie Garai w\u00e4hlte einfach die besten 7 Parzellen des Tokajer Berges aus, daher der Name: H\u00e9t-Sz\u0151l\u0151 bedeutet auf Ungarisch \"7 Parzellen Weinberg\".\r\n<\/p>\r\n                            \r\n\r\n                      <\/div>\r\n                  <\/div>\r\n              <\/div>\r\n\r\n            <\/div>\r\n        <\/div>\r\n    <\/section>\r\n\n\n\r\n    <section class=\"section-content-image bg-drk style-none\">\r\n            <div class=\"\">\r\n                            <img decoding=\"async\" src=\"https:\/\/tokajhetszolo.com\/wp-content\/uploads\/2021\/10\/Single-Vineyards-et-Tokaj-Hetszolo-Organic-Vineyards.jpeg\" alt=\"\" class=\"w-full outside-box-right\">\r\n      <\/div>\r\n            <div class=\"container\">\r\n            <div class=\"row align-items-center\">\r\n\r\n\r\n                \r\n                <div class=\"col-xs-12 col-sm-6  order-sm-2\">\r\n                    <div class=\"section-product__image\">\r\n\r\n\r\n\r\n                    <\/div>\r\n                <\/div>\r\n              \r\n              <div class=\"col-xs-12 col-sm-6\">\r\n                  <div class=\"section-history__content mxh-500 d-right\">\r\n                      <div class=\"title-group m-b-0  max-100 color-d5c7b0 text-right normal\" data-aos=\"fade-up\">\r\n                                                <h3 class=\"color-d5c7b0\">Einzigartiges und edles Terroir<\/h3>\r\n                                                    <p>Weine, die so bewundernswert sind, konnten nie lange ein Geheimnis bleiben... die Parzellen des Weinguts Tokaj-H\u00e9tsz\u0151l\u0151 wurden bereits 1772 als Tokaj Premier Cru klassifiziert, als das Weingut noch zum \u00f6sterreichisch-ungarischen Reich geh\u00f6rte. Diese Auszeichnung ist eine Hommage an die einzigartigen Eigenschaften dieses au\u00dfergew\u00f6hnlichen Terroirs.<\/p>\r\n<p class=\"plus\">\r\n  <span> + <\/span>\r\n  <span class=\"hr-plus\"><\/span>\r\n<\/p>\r\n                            \r\n\r\n                      <\/div>\r\n                  <\/div>\r\n              <\/div>\r\n\r\n            <\/div>\r\n        <\/div>\r\n    <\/section>\r\n\n\n\r\n    <section class=\"section-txt bg-drk style-2\">\r\n        <div class=\"container\">\r\n            <div class=\"row justify-content-center\">\r\n                <div class=\"col-xs-12 col-sm-10\">\r\n\r\n                    <div class=\"title-group-new text-center m-b-0\" data-aos=\"fade-up\">\r\n                                                                                            <h2 class=\"color-d5c7b0\">Der besondere Stil der H\u00e9tsz\u0151l\u0151-Weine<\/h2>\r\n                                              <\/div>\r\n\r\n                <\/div>\r\n                                <div class=\"col-xs-12 col-sm-10\">\r\n                    <div class=\"section-history__content  p-l-0 p-r-0\">\r\n                        <div class=\"title-group m-b-0  max-100 color-d5c7b0 text-center text-none\" data-aos=\"fade-up\">\r\n                            <p>Die Natur hat auf dem Gut Tokaj-H\u00e9tsz\u0151l\u0151 alle Voraussetzungen f\u00fcr das Gedeihen der begehrten Botrytis cinerea geschaffen - das Land ist eine wahre Fundgrube. Aber wenn es um Wein geht, darf man nichts als selbstverst\u00e4ndlich ansehen. Inspiriert von den geheimnisvollen Kr\u00e4ften eines einzigen Ortes haben die Menschen versucht, ihr Know-how zu b\u00fcndeln, um dieses einzigartige Geschenk zu f\u00f6rdern, indem sie kompromisslose Entscheidungen trafen und die Ertr\u00e4ge kontrollierten, immer auf der Suche nach h\u00f6chster Qualit\u00e4t.<\/p>\n<p>Lange Zeit glaubte man, dass die schimmernde Farbe des Asz\u00fas von Tokaj-H\u00e9tsz\u0151l\u0151 ein Zeichen f\u00fcr Gold sei... Sogar Alchemisten untersuchten dieses seltsame Ph\u00e4nomen, konnten aber keine Erkl\u00e4rung finden. Eines ist sicher: Die Besonderheiten des Terroirs von H\u00e9tsz\u0151l\u0151 bringen Weine von gro\u00dfer Harmonie und unvergleichlicher Komplexit\u00e4t hervor, die von der f\u00fcr L\u00f6ssb\u00f6den charakteristischen Geschmeidigkeit und Nase gepr\u00e4gt sind.<\/p>\n                                                    <\/div>\r\n                    <\/div>\r\n                <\/div>\r\n                          <\/div>\r\n        <\/div>\r\n    <\/section>","protected":false},"excerpt":{"rendered":"","protected":false},"author":1,"featured_media":0,"parent":0,"menu_order":0,"comment_status":"closed","ping_status":"closed","template":"","meta":{"footnotes":""},"class_list":["post-108","page","type-page","status-publish"],"acf":[],"yoast_head":"<!-- This site is optimized with the Yoast SEO plugin v27.5 - https:\/\/yoast.com\/product\/yoast-seo-wordpress\/ -->\n<title>5 CENTURIES OF HISTORY<\/title>\n<meta name=\"description\" content=\"Mysterious Mount Tokaj...seen from above, it rises above the autumn mists, its slopes gleaming with golden grapevines, and its summit overlooking the vast Hungarian plain into the distant southern horizon. In fine weather, you can even see Slovakia and Ukraine.\" \/>\n<meta name=\"robots\" content=\"index, follow, max-snippet:-1, max-image-preview:large, max-video-preview:-1\" \/>\n<link rel=\"canonical\" href=\"https:\/\/tokajhetszolo.com\/de\/history\/\" \/>\n<meta property=\"og:locale\" content=\"de_DE\" \/>\n<meta property=\"og:type\" content=\"article\" \/>\n<meta property=\"og:title\" content=\"5 CENTURIES OF HISTORY\" \/>\n<meta property=\"og:description\" content=\"Mysterious Mount Tokaj...seen from above, it rises above the autumn mists, its slopes gleaming with golden grapevines, and its summit overlooking the vast Hungarian plain into the distant southern horizon. In fine weather, you can even see Slovakia and Ukraine.\" \/>\n<meta property=\"og:url\" content=\"https:\/\/tokajhetszolo.com\/de\/history\/\" \/>\n<meta property=\"og:site_name\" content=\"Tokaj\" \/>\n<meta property=\"article:modified_time\" content=\"2022-08-10T14:07:07+00:00\" \/>\n<meta name=\"twitter:card\" content=\"summary_large_image\" \/>\n<script type=\"application\/ld+json\" class=\"yoast-schema-graph\">{\"@context\":\"https:\\\/\\\/schema.org\",\"@graph\":[{\"@type\":\"WebPage\",\"@id\":\"https:\\\/\\\/tokajhetszolo.com\\\/history\\\/\",\"url\":\"https:\\\/\\\/tokajhetszolo.com\\\/history\\\/\",\"name\":\"5 CENTURIES OF HISTORY\",\"isPartOf\":{\"@id\":\"https:\\\/\\\/tokajhetszolo.com\\\/#website\"},\"datePublished\":\"2020-12-11T15:05:10+00:00\",\"dateModified\":\"2022-08-10T14:07:07+00:00\",\"description\":\"Mysterious Mount Tokaj...seen from above, it rises above the autumn mists, its slopes gleaming with golden grapevines, and its summit overlooking the vast Hungarian plain into the distant southern horizon. In fine weather, you can even see Slovakia and Ukraine.\",\"breadcrumb\":{\"@id\":\"https:\\\/\\\/tokajhetszolo.com\\\/history\\\/#breadcrumb\"},\"inLanguage\":\"de\",\"potentialAction\":[{\"@type\":\"ReadAction\",\"target\":[\"https:\\\/\\\/tokajhetszolo.com\\\/history\\\/\"]}]},{\"@type\":\"BreadcrumbList\",\"@id\":\"https:\\\/\\\/tokajhetszolo.com\\\/history\\\/#breadcrumb\",\"itemListElement\":[{\"@type\":\"ListItem\",\"position\":1,\"name\":\"Home\",\"item\":\"https:\\\/\\\/tokajhetszolo.com\\\/\"},{\"@type\":\"ListItem\",\"position\":2,\"name\":\"History\"}]},{\"@type\":\"WebSite\",\"@id\":\"https:\\\/\\\/tokajhetszolo.com\\\/#website\",\"url\":\"https:\\\/\\\/tokajhetszolo.com\\\/\",\"name\":\"Tokaj\",\"description\":\"A Taste full of Secrets\",\"publisher\":{\"@id\":\"https:\\\/\\\/tokajhetszolo.com\\\/#organization\"},\"potentialAction\":[{\"@type\":\"SearchAction\",\"target\":{\"@type\":\"EntryPoint\",\"urlTemplate\":\"https:\\\/\\\/tokajhetszolo.com\\\/?s={search_term_string}\"},\"query-input\":{\"@type\":\"PropertyValueSpecification\",\"valueRequired\":true,\"valueName\":\"search_term_string\"}}],\"inLanguage\":\"de\"},{\"@type\":\"Organization\",\"@id\":\"https:\\\/\\\/tokajhetszolo.com\\\/#organization\",\"name\":\"Tokaj\",\"url\":\"https:\\\/\\\/tokajhetszolo.com\\\/\",\"logo\":{\"@type\":\"ImageObject\",\"inLanguage\":\"de\",\"@id\":\"https:\\\/\\\/tokajhetszolo.com\\\/#\\\/schema\\\/logo\\\/image\\\/\",\"url\":\"https:\\\/\\\/tokajhetszolo.com\\\/wp-content\\\/uploads\\\/2020\\\/12\\\/Logo-Hetszolo_Organic_White-2.png\",\"contentUrl\":\"https:\\\/\\\/tokajhetszolo.com\\\/wp-content\\\/uploads\\\/2020\\\/12\\\/Logo-Hetszolo_Organic_White-2.png\",\"width\":600,\"height\":371,\"caption\":\"Tokaj\"},\"image\":{\"@id\":\"https:\\\/\\\/tokajhetszolo.com\\\/#\\\/schema\\\/logo\\\/image\\\/\"}}]}<\/script>\n<!-- \/ Yoast SEO plugin. -->","yoast_head_json":{"title":"5 JAHRHUNDERTE GESCHICHTE","description":"Mysterious Mount Tokaj...seen from above, it rises above the autumn mists, its slopes gleaming with golden grapevines, and its summit overlooking the vast Hungarian plain into the distant southern horizon. In fine weather, you can even see Slovakia and Ukraine.","robots":{"index":"index","follow":"follow","max-snippet":"max-snippet:-1","max-image-preview":"max-image-preview:large","max-video-preview":"max-video-preview:-1"},"canonical":"https:\/\/tokajhetszolo.com\/de\/history\/","og_locale":"de_DE","og_type":"article","og_title":"5 CENTURIES OF HISTORY","og_description":"Mysterious Mount Tokaj...seen from above, it rises above the autumn mists, its slopes gleaming with golden grapevines, and its summit overlooking the vast Hungarian plain into the distant southern horizon. In fine weather, you can even see Slovakia and Ukraine.","og_url":"https:\/\/tokajhetszolo.com\/de\/history\/","og_site_name":"Tokaj","article_modified_time":"2022-08-10T14:07:07+00:00","twitter_card":"summary_large_image","schema":{"@context":"https:\/\/schema.org","@graph":[{"@type":"WebPage","@id":"https:\/\/tokajhetszolo.com\/history\/","url":"https:\/\/tokajhetszolo.com\/history\/","name":"5 JAHRHUNDERTE GESCHICHTE","isPartOf":{"@id":"https:\/\/tokajhetszolo.com\/#website"},"datePublished":"2020-12-11T15:05:10+00:00","dateModified":"2022-08-10T14:07:07+00:00","description":"Mysterious Mount Tokaj...seen from above, it rises above the autumn mists, its slopes gleaming with golden grapevines, and its summit overlooking the vast Hungarian plain into the distant southern horizon. In fine weather, you can even see Slovakia and Ukraine.","breadcrumb":{"@id":"https:\/\/tokajhetszolo.com\/history\/#breadcrumb"},"inLanguage":"de","potentialAction":[{"@type":"ReadAction","target":["https:\/\/tokajhetszolo.com\/history\/"]}]},{"@type":"BreadcrumbList","@id":"https:\/\/tokajhetszolo.com\/history\/#breadcrumb","itemListElement":[{"@type":"ListItem","position":1,"name":"Home","item":"https:\/\/tokajhetszolo.com\/"},{"@type":"ListItem","position":2,"name":"History"}]},{"@type":"WebSite","@id":"https:\/\/tokajhetszolo.com\/#website","url":"https:\/\/tokajhetszolo.com\/","name":"Tokaj","description":"A Taste full of Secrets","publisher":{"@id":"https:\/\/tokajhetszolo.com\/#organization"},"potentialAction":[{"@type":"SearchAction","target":{"@type":"EntryPoint","urlTemplate":"https:\/\/tokajhetszolo.com\/?s={search_term_string}"},"query-input":{"@type":"PropertyValueSpecification","valueRequired":true,"valueName":"search_term_string"}}],"inLanguage":"de"},{"@type":"Organization","@id":"https:\/\/tokajhetszolo.com\/#organization","name":"Tokaj","url":"https:\/\/tokajhetszolo.com\/","logo":{"@type":"ImageObject","inLanguage":"de","@id":"https:\/\/tokajhetszolo.com\/#\/schema\/logo\/image\/","url":"https:\/\/tokajhetszolo.com\/wp-content\/uploads\/2020\/12\/Logo-Hetszolo_Organic_White-2.png","contentUrl":"https:\/\/tokajhetszolo.com\/wp-content\/uploads\/2020\/12\/Logo-Hetszolo_Organic_White-2.png","width":600,"height":371,"caption":"Tokaj"},"image":{"@id":"https:\/\/tokajhetszolo.com\/#\/schema\/logo\/image\/"}}]}},"_links":{"self":[{"href":"https:\/\/tokajhetszolo.com\/de\/wp-json\/wp\/v2\/pages\/108","targetHints":{"allow":["GET"]}}],"collection":[{"href":"https:\/\/tokajhetszolo.com\/de\/wp-json\/wp\/v2\/pages"}],"about":[{"href":"https:\/\/tokajhetszolo.com\/de\/wp-json\/wp\/v2\/types\/page"}],"author":[{"embeddable":true,"href":"https:\/\/tokajhetszolo.com\/de\/wp-json\/wp\/v2\/users\/1"}],"replies":[{"embeddable":true,"href":"https:\/\/tokajhetszolo.com\/de\/wp-json\/wp\/v2\/comments?post=108"}],"version-history":[{"count":78,"href":"https:\/\/tokajhetszolo.com\/de\/wp-json\/wp\/v2\/pages\/108\/revisions"}],"predecessor-version":[{"id":2576,"href":"https:\/\/tokajhetszolo.com\/de\/wp-json\/wp\/v2\/pages\/108\/revisions\/2576"}],"wp:attachment":[{"href":"https:\/\/tokajhetszolo.com\/de\/wp-json\/wp\/v2\/media?parent=108"}],"curies":[{"name":"wp","href":"https:\/\/api.w.org\/{rel}","templated":true}]}}