{"id":2,"date":"2020-12-11T09:44:24","date_gmt":"2020-12-11T09:44:24","guid":{"rendered":"http:\/\/tokaj.theastro.co\/?page_id=2"},"modified":"2022-07-21T11:21:35","modified_gmt":"2022-07-21T11:21:35","slug":"homepage","status":"publish","type":"page","link":"http:\/\/tokajhetszolo.com\/hu\/","title":{"rendered":"Nyit\u00f3lap"},"content":{"rendered":"<div class=\"p-0\">\n     <div class=\"banner has-ovrlay bg-image-4 bg-center h-700 bg-fixed\" style=\"background-image: url(https:\/\/tokajhetszolo.com\/wp-content\/uploads\/2021\/10\/Hetszolo-Birtok-Panorama.jpg);\">\n       <div class=\"caption\" >\n         <div class=\"title-group\">\n                      <h1 class=\"f-70\">Anno 1502 <\/h1>\n         \n         <p class=\"line-mix line-single star-group default\">\n         <\/p>\n\n           \n           <h2 class=\"f-300 f-family-Open-Sans color-d5c7b0\">\u201eHisz\u00fcnk abban, hogy az organikus m\u0171vel\u00e9ssel a term\u0151talaj \u00e9s a t\u0151k\u00e9k vitalit\u00e1s\u00e1t meg\u0151rizhetj\u00fck, \u00e9s annak \u00e9rdek\u00e9ben, hogy minden H\u00e9tsz\u0151l\u0151 palack k\u00f6zvet\u00edtse ezt a filoz\u00f3fi\u00e1t, kiz\u00e1r\u00f3lag saj\u00e1t termeszt\u00e9s\u0171 sz\u0151l\u0151t \u00e9s asz\u00faszemet haszn\u00e1lunk borainkhoz.\u201d (Makai Gergely, birtokigazgat\u00f3)<\/h2>\n                  <\/div>\n       <\/div>\n     <\/div>\n   <\/div>\n\n\n<section class=\"p-0 bg-gold\">\r\n  <div class=\"bg-left-mix\">\r\n\r\n  <\/div>\r\n  <div class=\"bg-right-mix\">\r\n\r\n  <\/div>\r\n   <div class=\"container\">\r\n      <div class=\"row row-m-0 justify-content-center\" >\r\n         <div class=\"col-md-5 col-sm-6 bg-left col-xs-12\" data-aos=\"fade\">\r\n            <div class=\"p-special m-t-30\">\r\n               <div class=\"has-borders\">\r\n                  <img decoding=\"async\" src=\"https:\/\/tokajhetszolo.com\/wp-content\/uploads\/2020\/12\/2008-5p-aszu-decanter-gold-medal-tokaj-hetszolo.png\" alt=\"\" class=\"h-250 w-auto -mg-zoom\">\r\n               <\/div>\r\n               <div class=\"title-group\">\r\n                  <div class=\"title-group_content\">\r\n                     <h2 class=\"color-d5c7b0 f-normal f-family-Playfair\">E-shop<\/h2>\r\n                     <p class=\"color-d5c7b0\">\r\n                        Egyed\u00fcl\u00e1ll\u00f3 terroirj\u00e1nak \u00e9s a term\u00e9szet ir\u00e1nti \u00e9vsz\u00e1zados tiszteletnek k\u00f6sz\u00f6nhet\u0151en a Tokaj-H\u00e9tsz\u0151l\u0151 legend\u00e1v\u00e1 v\u00e1lt. Tal\u00e1lja meg a megfelel\u0151 bort az alkalomhoz \u00e9s a hangulat\u00e1hoz.                     <\/p>\r\n                  <\/div>\r\n                  <a href=\"http:\/\/tokajhetszolo.com\/hu\/wine-shop\/\" class=\"btn btn-shop color-f\">\r\n                     <svg class=\"w-25 f-d5c7b0\" version=\"1.1\" x=\"0px\" y=\"0px\" viewbox=\"0 0 281.488 281.488\" xmlns=\"http:\/\/www.w3.org\/2000\/svg\">\r\n                        <g>\r\n                           <path d=\"M140.744,0C63.138,0,0,63.138,0,140.744s63.138,140.744,140.744,140.744s140.744-63.138,140.744-140.744                              S218.351,0,140.744,0z M140.744,263.488C73.063,263.488,18,208.426,18,140.744S73.063,18,140.744,18                              s122.744,55.063,122.744,122.744S208.425,263.488,140.744,263.488z\"><\/path>\r\n                           <path d=\"M210.913,131.744h-61.168V70.576c0-4.971-4.029-9-9-9s-9,4.029-9,9v61.168H70.576c-4.971,0-9,4.029-9,9s4.029,9,9,9h61.168                              v61.168c0,4.971,4.029,9,9,9s9-4.029,9-9v-61.168h61.168c4.971,0,9-4.029,9-9S215.883,131.744,210.913,131.744z\"><\/path>\r\n                        <\/g>\r\n                     <\/svg>\r\n                                       <\/a>\r\n               <\/div>\r\n               <br>\r\n            <\/div>\r\n         <\/div>\r\n         <div class=\"col-md-5 col-sm-6 col-xs-12 bg-right\" data-aos=\"fade\">\r\n            <div class=\"p-special m-t-30\">\r\n               <div class=\"has-borders\">\r\n                  <img decoding=\"async\" src=\"https:\/\/tokajhetszolo.com\/wp-content\/uploads\/2021\/04\/Our-seasonal-offers_.png\" alt=\"\" class=\"h-250 w-auto -mg-zoom\">\r\n               <\/div>\r\n               <div class=\"title-group\">\r\n                  <div class=\"title-group-content\">\r\n                     <h2 class=\"f-normal f-family-Playfair color-d5c7b0\">Id\u0151szakos aj\u00e1nlataink <\/h2>\r\n                     <p class=\"color-d5c7b0\">  Fedezze fel leg\u00fajabb akci\u00f3inkat \u00e9s k\u00fcl\u00f6nleges aj\u00e1nlatainkat szezon\u00e1lis borainkhoz \u00e9s rendezv\u00e9nyeinkhez.<\/p>\r\n                  <\/div>\r\n                  <a href=\"http:\/\/tokajhetszolo.com\/hu\/termek\/szamorodni\/\" class=\"btn btn-shop color-d5c7b0\">\r\n                     <svg class=\"w-25 f-d5c7b0\" version=\"1.1\" x=\"0px\" y=\"0px\" viewbox=\"0 0 281.488 281.488\" xmlns=\"http:\/\/www.w3.org\/2000\/svg\">\r\n                        <g>\r\n                           <path d=\"M140.744,0C63.138,0,0,63.138,0,140.744s63.138,140.744,140.744,140.744s140.744-63.138,140.744-140.744                              S218.351,0,140.744,0z M140.744,263.488C73.063,263.488,18,208.426,18,140.744S73.063,18,140.744,18                              s122.744,55.063,122.744,122.744S208.425,263.488,140.744,263.488z\"><\/path>\r\n                           <path d=\"M210.913,131.744h-61.168V70.576c0-4.971-4.029-9-9-9s-9,4.029-9,9v61.168H70.576c-4.971,0-9,4.029-9,9s4.029,9,9,9h61.168                              v61.168c0,4.971,4.029,9,9,9s9-4.029,9-9v-61.168h61.168c4.971,0,9-4.029,9-9S215.883,131.744,210.913,131.744z\"><\/path>\r\n                        <\/g>\r\n                     <\/svg>\r\n                                       <\/a>\r\n               <\/div>\r\n               <br>\r\n            <\/div>\r\n         <\/div>\r\n      <\/div>\r\n   <\/div>\r\n<\/section>\r\n\n\n<section class=\"bg-gold p-0\">\r\n   <div class=\"row-1-style bg-cover bg-center\" style=\"background-image: url(https:\/\/tokajhetszolo.com\/wp-content\/uploads\/2021\/10\/Hetszolo-Vineyard-old-photo-1.jpeg);\">\r\n      <div class=\"container\">\r\n         <div class=\"row align-items-center justify-content-center text-center\" data-aos=\"fade-up\">\r\n            <div class=\"col-sm-6 col-xs-11 p-0\" >\r\n               <div class=\"p-bn p-custom-row1\">\r\n                  <div class=\"title-group m-b-0 text-center m-center\">\r\n                     <h2 class=\"color-0\">A H\u00c9TSZ\u0150L\u0150 ST\u00cdLUSA \u00c9S T\u00d6RT\u00c9NETE<\/h2>\r\n                     <p class=\"color-0\"> A H\u00e9tsz\u0151l\u0151 terroir saj\u00e1toss\u00e1gai olyan borokat eredm\u00e9nyeznek, amelyek nagyfok\u00fa harm\u00f3ni\u00e1t \u00e9s p\u00e1ratlan komplexit\u00e1st hordoznak, a l\u00f6sz\u00f6s talajokra jellemz\u0151 selymess\u00e9ggel \u00e9s egyedi illatvil\u00e1ggal \u00e1titatva. <\/p>\r\n                                          <a href=\"http:\/\/tokajhetszolo.com\/hu\/history\/\" class=\"btn btn-shop color-T m-t-10\">\r\n                       <svg class=\"w-25 f-black\" version=\"1.1\" x=\"0px\" y=\"0px\" viewbox=\"0 0 281.488 281.488\"  xmlns=\"http:\/\/www.w3.org\/2000\/svg\">\r\n                       <g>\r\n                       \t<path d=\"M140.744,0C63.138,0,0,63.138,0,140.744s63.138,140.744,140.744,140.744s140.744-63.138,140.744-140.744                       \t\tS218.351,0,140.744,0z M140.744,263.488C73.063,263.488,18,208.426,18,140.744S73.063,18,140.744,18                       \t\ts122.744,55.063,122.744,122.744S208.425,263.488,140.744,263.488z\"\/>\r\n                       \t<path d=\"M210.913,131.744h-61.168V70.576c0-4.971-4.029-9-9-9s-9,4.029-9,9v61.168H70.576c-4.971,0-9,4.029-9,9s4.029,9,9,9h61.168                       \t\tv61.168c0,4.971,4.029,9,9,9s9-4.029,9-9v-61.168h61.168c4.971,0,9-4.029,9-9S215.883,131.744,210.913,131.744z\"\/>\r\n                       <\/g>\r\n\r\n                       <\/svg>\r\n                     <\/a>\r\n                                       <\/div>\r\n               <\/div>\r\n            <\/div>\r\n         <\/div>\r\n      <\/div>\r\n   <\/div>\r\n<div class=\"row-2-style p-t-40 p-b-40\">\r\n  <div class=\"container\" >\r\n     <div class=\"row align-items-center\" >\r\n        <div class=\"col-sm-6 col-xs-12 p-0 or-2\" >\r\n           <img decoding=\"async\" src=\"https:\/\/tokajhetszolo.com\/wp-content\/uploads\/2022\/07\/Horse-bio-leaf-Tokaj-Hetszolo-Organic-Vineyards-1-scaled.jpg\" alt=\"\" class=\"w100\">\r\n        <\/div>\r\n        <div class=\"col-sm-6 col-xs-12 p-0\" >\r\n           <div class=\"p-bn ptb-0\">\r\n              <div class=\"title-group m-b-0 text-center m-center\">\r\n                 <h2 class=\"color-d5c7b0\">ORGANIKUS BORK\u00c9SZ\u00cdT\u00c9S<\/h2>\r\n                 <p class=\"color-d5c7b0\"> Alapfiloz\u00f3fi\u00e1nk azon a tudatoss\u00e1gon alapul, hogy tev\u00e9kenys\u00e9g\u00fcnk hat\u00e1ssal van a k\u00f6rnyezet\u00fcnkre. 2015-ben 55 hekt\u00e1runk nyerte el az \u00f6kol\u00f3giai min\u0151s\u00edt\u00e9st, \u00e9s a legmagasabb min\u0151s\u00e9g biztos\u00edt\u00e1sa \u00e9rdek\u00e9ben kiz\u00e1r\u00f3lag saj\u00e1t sz\u0151l\u0151inkkel dolgozunk.<\/p>\r\n                                  <a href=\"http:\/\/tokajhetszolo.com\/hu\/organic-wine-making\/\" class=\"btn btn-shop color-T m-t-20\">\r\n\r\n\r\n<svg class=\"w-25 f-d5c7b0\" version=\"1.1\" x=\"0px\" y=\"0px\" viewbox=\"0 0 281.488 281.488\"  xmlns=\"http:\/\/www.w3.org\/2000\/svg\">\r\n<g>\r\n\t<path d=\"M140.744,0C63.138,0,0,63.138,0,140.744s63.138,140.744,140.744,140.744s140.744-63.138,140.744-140.744\t\tS218.351,0,140.744,0z M140.744,263.488C73.063,263.488,18,208.426,18,140.744S73.063,18,140.744,18\t\ts122.744,55.063,122.744,122.744S208.425,263.488,140.744,263.488z\"\/>\r\n\t<path d=\"M210.913,131.744h-61.168V70.576c0-4.971-4.029-9-9-9s-9,4.029-9,9v61.168H70.576c-4.971,0-9,4.029-9,9s4.029,9,9,9h61.168\t\tv61.168c0,4.971,4.029,9,9,9s9-4.029,9-9v-61.168h61.168c4.971,0,9-4.029,9-9S215.883,131.744,210.913,131.744z\"\/>\r\n<\/g>\r\n\r\n<\/svg>\r\n                                     <\/a>\r\n                               <\/div>\r\n           <\/div>\r\n        <\/div>\r\n     <\/div>\r\n  <\/div>\r\n<\/div>\r\n<\/section>\r\n\n\n\r\n <section class=\"p-0 bg-drk\" data-aos=\"fade-up\">\r\n   <div class=\"info-left\">\r\n\r\n   <\/div>\r\n   <div class=\"info-right\">\r\n\r\n   <\/div>\r\n   <div class=\"container\">\r\n     <div class=\"p-0\" >\r\n       <div class=\"row row-info\" >\r\n                  <div class=\"col-xs-12 col-sm-4 col-md-3\">\r\n           <div class=\"box-item\" >\r\n             <div class=\"row\">\r\n               <div class=\"col-xs-12\" >\r\n                 <div class=\"caption text-center\">\r\n                   <h3 class=\"color-d5c7b0\">Kapcsolat \u00e9s elhelyezked\u00e9s\u00a0<\/h3>\r\n                <div class=\"content-items\">\r\n                  <p class=\"color-d5c7b0\">Tudja meg, hogyan \u00e9rhet el minket! <\/p>\r\n                                    <a href=\"http:\/\/tokajhetszolo.com\/hu\/contact\/\" class=\"btn btn-shop color-T  m-t-20\">\r\n                    <svg class=\"w-25 f-d5c7b0\" version=\"1.1\" x=\"0px\" y=\"0px\" viewbox=\"0 0 281.488 281.488\" xmlns=\"http:\/\/www.w3.org\/2000\/svg\">\r\n    <g>\r\n    \t<path d=\"M140.744,0C63.138,0,0,63.138,0,140.744s63.138,140.744,140.744,140.744s140.744-63.138,140.744-140.744    \t\tS218.351,0,140.744,0z M140.744,263.488C73.063,263.488,18,208.426,18,140.744S73.063,18,140.744,18    \t\ts122.744,55.063,122.744,122.744S208.425,263.488,140.744,263.488z\"><\/path>\r\n    \t<path d=\"M210.913,131.744h-61.168V70.576c0-4.971-4.029-9-9-9s-9,4.029-9,9v61.168H70.576c-4.971,0-9,4.029-9,9s4.029,9,9,9h61.168    \t\tv61.168c0,4.971,4.029,9,9,9s9-4.029,9-9v-61.168h61.168c4.971,0,9-4.029,9-9S215.883,131.744,210.913,131.744z\"><\/path>\r\n    <\/g>\r\n\r\n    <\/svg>\r\n                    <\/a>\r\n                                <\/div>\r\n                 <\/div>\r\n               <\/div>\r\n             <\/div>\r\n           <\/div>\r\n         <\/div>\r\n         <div class=\"col-xs-12 col-sm-4 col-md-3\">\r\n           <div class=\"box-item\" >\r\n             <div class=\"row\">\r\n               <div class=\"col-xs-12\" >\r\n                 <div class=\"caption text-center\">\r\n                   <h3 class=\"color-d5c7b0\">Emberek a bor m\u00f6g\u00f6tt<\/h3>\r\n                <div class=\"content-items\">\r\n                  <p class=\"color-d5c7b0\">Ismerje meg a borok m\u00f6g\u00f6tt \u00e1ll\u00f3 embereket!\r\n<\/p>\r\n                                    <a href=\"http:\/\/tokajhetszolo.com\/hu\/people-behind-the-wine\/\" class=\"btn btn-shop color-T  m-t-20\">\r\n                    <svg class=\"w-25 f-d5c7b0\" version=\"1.1\" x=\"0px\" y=\"0px\" viewbox=\"0 0 281.488 281.488\" xmlns=\"http:\/\/www.w3.org\/2000\/svg\">\r\n    <g>\r\n    \t<path d=\"M140.744,0C63.138,0,0,63.138,0,140.744s63.138,140.744,140.744,140.744s140.744-63.138,140.744-140.744    \t\tS218.351,0,140.744,0z M140.744,263.488C73.063,263.488,18,208.426,18,140.744S73.063,18,140.744,18    \t\ts122.744,55.063,122.744,122.744S208.425,263.488,140.744,263.488z\"><\/path>\r\n    \t<path d=\"M210.913,131.744h-61.168V70.576c0-4.971-4.029-9-9-9s-9,4.029-9,9v61.168H70.576c-4.971,0-9,4.029-9,9s4.029,9,9,9h61.168    \t\tv61.168c0,4.971,4.029,9,9,9s9-4.029,9-9v-61.168h61.168c4.971,0,9-4.029,9-9S215.883,131.744,210.913,131.744z\"><\/path>\r\n    <\/g>\r\n\r\n    <\/svg>\r\n                    <\/a>\r\n                                <\/div>\r\n                 <\/div>\r\n               <\/div>\r\n             <\/div>\r\n           <\/div>\r\n         <\/div>\r\n         <div class=\"col-xs-12 col-sm-4 col-md-3\">\r\n           <div class=\"box-item\" >\r\n             <div class=\"row\">\r\n               <div class=\"col-xs-12\" >\r\n                 <div class=\"caption text-center\">\r\n                   <h3 class=\"color-d5c7b0\">Sz\u00e1munkra az organikus m\u0171vel\u00e9s egyfajta filoz\u00f3fia! <\/h3>\r\n                <div class=\"content-items\">\r\n                  <p class=\"color-d5c7b0\">Watch the movies<\/p>\r\n                                    <a href=\"http:\/\/tokajhetszolo.com\/hu\/films\/\" class=\"btn btn-shop color-T  m-t-20\">\r\n                    <svg class=\"w-25 f-d5c7b0\" version=\"1.1\" x=\"0px\" y=\"0px\" viewbox=\"0 0 281.488 281.488\" xmlns=\"http:\/\/www.w3.org\/2000\/svg\">\r\n    <g>\r\n    \t<path d=\"M140.744,0C63.138,0,0,63.138,0,140.744s63.138,140.744,140.744,140.744s140.744-63.138,140.744-140.744    \t\tS218.351,0,140.744,0z M140.744,263.488C73.063,263.488,18,208.426,18,140.744S73.063,18,140.744,18    \t\ts122.744,55.063,122.744,122.744S208.425,263.488,140.744,263.488z\"><\/path>\r\n    \t<path d=\"M210.913,131.744h-61.168V70.576c0-4.971-4.029-9-9-9s-9,4.029-9,9v61.168H70.576c-4.971,0-9,4.029-9,9s4.029,9,9,9h61.168    \t\tv61.168c0,4.971,4.029,9,9,9s9-4.029,9-9v-61.168h61.168c4.971,0,9-4.029,9-9S215.883,131.744,210.913,131.744z\"><\/path>\r\n    <\/g>\r\n\r\n    <\/svg>\r\n                    <\/a>\r\n                                <\/div>\r\n                 <\/div>\r\n               <\/div>\r\n             <\/div>\r\n           <\/div>\r\n         <\/div>\r\n\r\n\r\n     <\/div>\r\n     <\/div>\r\n   <\/div>\r\n <\/section>","protected":false},"excerpt":{"rendered":"","protected":false},"author":1,"featured_media":0,"parent":0,"menu_order":0,"comment_status":"closed","ping_status":"open","template":"","meta":{"footnotes":""},"class_list":["post-2","page","type-page","status-publish"],"acf":[],"yoast_head":"<!-- This site is optimized with the Yoast SEO plugin v27.3 - https:\/\/yoast.com\/product\/yoast-seo-wordpress\/ -->\n<title>Tokaj - A Taste full of Secrets<\/title>\n<meta name=\"description\" content=\"Tokaj A Taste full of Secrets\" \/>\n<meta name=\"robots\" content=\"index, follow, max-snippet:-1, max-image-preview:large, max-video-preview:-1\" \/>\n<link rel=\"canonical\" href=\"https:\/\/tokajhetszolo.com\/hu\/\" \/>\n<meta property=\"og:locale\" content=\"hu_HU\" \/>\n<meta property=\"og:type\" content=\"article\" \/>\n<meta property=\"og:title\" content=\"Tokaj - A Taste full of Secrets\" \/>\n<meta property=\"og:description\" content=\"Tokaj A Taste full of Secrets\" \/>\n<meta property=\"og:url\" content=\"https:\/\/tokajhetszolo.com\/hu\/\" \/>\n<meta property=\"og:site_name\" content=\"Tokaj\" \/>\n<meta property=\"article:modified_time\" content=\"2022-07-21T11:21:35+00:00\" \/>\n<meta name=\"twitter:card\" content=\"summary_large_image\" \/>\n<script type=\"application\/ld+json\" class=\"yoast-schema-graph\">{\"@context\":\"https:\\\/\\\/schema.org\",\"@graph\":[{\"@type\":\"WebPage\",\"@id\":\"https:\\\/\\\/tokajhetszolo.com\\\/\",\"url\":\"https:\\\/\\\/tokajhetszolo.com\\\/\",\"name\":\"Tokaj - A Taste full of Secrets\",\"isPartOf\":{\"@id\":\"https:\\\/\\\/tokajhetszolo.com\\\/#website\"},\"datePublished\":\"2020-12-11T09:44:24+00:00\",\"dateModified\":\"2022-07-21T11:21:35+00:00\",\"description\":\"Tokaj A Taste full of Secrets\",\"breadcrumb\":{\"@id\":\"https:\\\/\\\/tokajhetszolo.com\\\/#breadcrumb\"},\"inLanguage\":\"hu\",\"potentialAction\":[{\"@type\":\"ReadAction\",\"target\":[\"https:\\\/\\\/tokajhetszolo.com\\\/\"]}]},{\"@type\":\"BreadcrumbList\",\"@id\":\"https:\\\/\\\/tokajhetszolo.com\\\/#breadcrumb\",\"itemListElement\":[{\"@type\":\"ListItem\",\"position\":1,\"name\":\"Home\",\"item\":\"https:\\\/\\\/tokajhetszolo.com\\\/\"},{\"@type\":\"ListItem\",\"position\":2,\"name\":\"HomePage\"}]},{\"@type\":\"WebSite\",\"@id\":\"https:\\\/\\\/tokajhetszolo.com\\\/#website\",\"url\":\"https:\\\/\\\/tokajhetszolo.com\\\/\",\"name\":\"Tokaj\",\"description\":\"A Taste full of Secrets\",\"publisher\":{\"@id\":\"https:\\\/\\\/tokajhetszolo.com\\\/#organization\"},\"potentialAction\":[{\"@type\":\"SearchAction\",\"target\":{\"@type\":\"EntryPoint\",\"urlTemplate\":\"https:\\\/\\\/tokajhetszolo.com\\\/?s={search_term_string}\"},\"query-input\":{\"@type\":\"PropertyValueSpecification\",\"valueRequired\":true,\"valueName\":\"search_term_string\"}}],\"inLanguage\":\"hu\"},{\"@type\":\"Organization\",\"@id\":\"https:\\\/\\\/tokajhetszolo.com\\\/#organization\",\"name\":\"Tokaj\",\"url\":\"https:\\\/\\\/tokajhetszolo.com\\\/\",\"logo\":{\"@type\":\"ImageObject\",\"inLanguage\":\"hu\",\"@id\":\"https:\\\/\\\/tokajhetszolo.com\\\/#\\\/schema\\\/logo\\\/image\\\/\",\"url\":\"https:\\\/\\\/tokajhetszolo.com\\\/wp-content\\\/uploads\\\/2020\\\/12\\\/Logo-Hetszolo_Organic_White-2.png\",\"contentUrl\":\"https:\\\/\\\/tokajhetszolo.com\\\/wp-content\\\/uploads\\\/2020\\\/12\\\/Logo-Hetszolo_Organic_White-2.png\",\"width\":600,\"height\":371,\"caption\":\"Tokaj\"},\"image\":{\"@id\":\"https:\\\/\\\/tokajhetszolo.com\\\/#\\\/schema\\\/logo\\\/image\\\/\"}}]}<\/script>\n<!-- \/ Yoast SEO plugin. -->","yoast_head_json":{"title":"Tokaj - A Taste full of Secrets","description":"Tokaj A Taste full of Secrets","robots":{"index":"index","follow":"follow","max-snippet":"max-snippet:-1","max-image-preview":"max-image-preview:large","max-video-preview":"max-video-preview:-1"},"canonical":"https:\/\/tokajhetszolo.com\/hu\/","og_locale":"hu_HU","og_type":"article","og_title":"Tokaj - A Taste full of Secrets","og_description":"Tokaj A Taste full of Secrets","og_url":"https:\/\/tokajhetszolo.com\/hu\/","og_site_name":"Tokaj","article_modified_time":"2022-07-21T11:21:35+00:00","twitter_card":"summary_large_image","schema":{"@context":"https:\/\/schema.org","@graph":[{"@type":"WebPage","@id":"https:\/\/tokajhetszolo.com\/","url":"https:\/\/tokajhetszolo.com\/","name":"Tokaj - A Taste full of Secrets","isPartOf":{"@id":"https:\/\/tokajhetszolo.com\/#website"},"datePublished":"2020-12-11T09:44:24+00:00","dateModified":"2022-07-21T11:21:35+00:00","description":"Tokaj A Taste full of Secrets","breadcrumb":{"@id":"https:\/\/tokajhetszolo.com\/#breadcrumb"},"inLanguage":"hu","potentialAction":[{"@type":"ReadAction","target":["https:\/\/tokajhetszolo.com\/"]}]},{"@type":"BreadcrumbList","@id":"https:\/\/tokajhetszolo.com\/#breadcrumb","itemListElement":[{"@type":"ListItem","position":1,"name":"Home","item":"https:\/\/tokajhetszolo.com\/"},{"@type":"ListItem","position":2,"name":"HomePage"}]},{"@type":"WebSite","@id":"https:\/\/tokajhetszolo.com\/#website","url":"https:\/\/tokajhetszolo.com\/","name":"Tokaj","description":"A Taste full of Secrets","publisher":{"@id":"https:\/\/tokajhetszolo.com\/#organization"},"potentialAction":[{"@type":"SearchAction","target":{"@type":"EntryPoint","urlTemplate":"https:\/\/tokajhetszolo.com\/?s={search_term_string}"},"query-input":{"@type":"PropertyValueSpecification","valueRequired":true,"valueName":"search_term_string"}}],"inLanguage":"hu"},{"@type":"Organization","@id":"https:\/\/tokajhetszolo.com\/#organization","name":"Tokaj","url":"https:\/\/tokajhetszolo.com\/","logo":{"@type":"ImageObject","inLanguage":"hu","@id":"https:\/\/tokajhetszolo.com\/#\/schema\/logo\/image\/","url":"https:\/\/tokajhetszolo.com\/wp-content\/uploads\/2020\/12\/Logo-Hetszolo_Organic_White-2.png","contentUrl":"https:\/\/tokajhetszolo.com\/wp-content\/uploads\/2020\/12\/Logo-Hetszolo_Organic_White-2.png","width":600,"height":371,"caption":"Tokaj"},"image":{"@id":"https:\/\/tokajhetszolo.com\/#\/schema\/logo\/image\/"}}]}},"_links":{"self":[{"href":"http:\/\/tokajhetszolo.com\/hu\/wp-json\/wp\/v2\/pages\/2","targetHints":{"allow":["GET"]}}],"collection":[{"href":"http:\/\/tokajhetszolo.com\/hu\/wp-json\/wp\/v2\/pages"}],"about":[{"href":"http:\/\/tokajhetszolo.com\/hu\/wp-json\/wp\/v2\/types\/page"}],"author":[{"embeddable":true,"href":"http:\/\/tokajhetszolo.com\/hu\/wp-json\/wp\/v2\/users\/1"}],"replies":[{"embeddable":true,"href":"http:\/\/tokajhetszolo.com\/hu\/wp-json\/wp\/v2\/comments?post=2"}],"version-history":[{"count":139,"href":"http:\/\/tokajhetszolo.com\/hu\/wp-json\/wp\/v2\/pages\/2\/revisions"}],"predecessor-version":[{"id":2241,"href":"http:\/\/tokajhetszolo.com\/hu\/wp-json\/wp\/v2\/pages\/2\/revisions\/2241"}],"wp:attachment":[{"href":"http:\/\/tokajhetszolo.com\/hu\/wp-json\/wp\/v2\/media?parent=2"}],"curies":[{"name":"wp","href":"https:\/\/api.w.org\/{rel}","templated":true}]}}